{"id":24855,"date":"2025-07-18T23:17:00","date_gmt":"2025-07-18T22:17:00","guid":{"rendered":"https:\/\/babylove.se\/produkt\/woodluck-vit-byra-babushka\/"},"modified":"2026-04-08T11:07:23","modified_gmt":"2026-04-08T10:07:23","slug":"woodluck-hvit-byra-babushka","status":"publish","type":"product","link":"https:\/\/babylove.se\/no\/produkt\/woodluck-hvit-byra-babushka\/","title":{"rendered":"Woodluck, hvit kommode Babushka"},"content":{"rendered":"<p>En fantastisk fin kommode eller fint skap til barnerommet, med dette underfulle m\u00f8belet i romantisk stil kommer du &nbsp;l\u00f8fte barneroms-innredningen din til himmelsk h\u00f8yder.&nbsp;<\/p>\n<p>Skapet er h\u00e5ndlaget i gammeldags stil av et lite familiebedrift. De vakre dekorative trebenene skaper en ekstra sjarm og magi, og sammen med det fine m\u00f8nsteret p\u00e5 skuffen og runde knoppene skaper den et helhetsinntrykk som er vanskelig \u00e5 ikke elske.<\/p>\n<p>De tre hylleplankene er praktiske og fine, perfekt n\u00e5r du vil oppbevare kl\u00e6r eller spill og b\u00f8ker. Fire sm\u00e5 skuffer samt en stor vil gj\u00f8re det lettere \u00e5 organisere og oppbevare mindre gjenstander og saker.<\/p>\n<p><strong>M\u00e5l<\/strong>:<\/p>\n<ul>\n<li>H\u00f8yde 140 cm<\/li>\n<li>Bredde 84 cm<\/li>\n<li>Dybde 50 cm<\/li>\n<\/ul>\n<p><strong>Materiale<\/strong>: MDF<\/p>\n<p><strong>Farge<\/strong>: Hvit<\/p>\n<p>M\u00f8belet kommer umontert men settes enkelt sammen i hjemmet.<\/p>\n<p>Designer: <a href=\"https:\/\/babylove.se\/varumarken\/woodluck\">Woodluck<\/a><\/p>\n","protected":false},"excerpt":{"rendered":"<p>En fantastisk fin kommode eller fint skap til barnerommet, med dette underfulle m\u00f8belet i romantisk stil kommer du &nbsp;l\u00f8fte barneroms-innredningen din til himmelsk h\u00f8yder.&nbsp; Skapet er h\u00e5ndlaget i gammeldags stil av et lite familiebedrift. De vakre dekorative trebenene skaper en ekstra sjarm og magi, og sammen med det fine m\u00f8nsteret p\u00e5 skuffen og runde knoppene [&hellip;]<\/p>\n","protected":false},"featured_media":24857,"comment_status":"closed","ping_status":"open","template":"","meta":{"_acf_changed":false},"product_brand":[596],"product_cat":[595,367,597],"product_tag":[1689],"class_list":{"0":"post-24855","1":"product","2":"type-product","3":"status-publish","4":"has-post-thumbnail","6":"product_brand-woodluck","7":"product_cat-garderobe","8":"product_cat-byra","9":"product_cat-woodluck","10":"product_tag-bestillingsvaror","12":"first","13":"instock","14":"taxable","15":"shipping-taxable","16":"purchasable","17":"product-type-simple"},"acf":[],"yoast_head":"<!-- This site is optimized with the Yoast SEO Premium plugin v25.8 (Yoast SEO v27.2) - https:\/\/yoast.com\/product\/yoast-seo-premium-wordpress\/ -->\n<title>Woodluck, hvit kommode Babushka - Babylove Norska<\/title>\n<meta name=\"robots\" content=\"noindex, follow, max-snippet:-1, max-image-preview:large, max-video-preview:-1\" \/>\n<meta property=\"og:locale\" content=\"nb_NO\" \/>\n<meta property=\"og:type\" content=\"article\" \/>\n<meta property=\"og:title\" content=\"Woodluck, hvit kommode Babushka\" \/>\n<meta property=\"og:description\" content=\"En fantastisk fin kommode eller fint skap til barnerommet, med dette underfulle m\u00f8belet i romantisk stil kommer du &nbsp;l\u00f8fte barneroms-innredningen din til himmelsk h\u00f8yder.&nbsp; Skapet er h\u00e5ndlaget i gammeldags stil av et lite familiebedrift. De vakre dekorative trebenene skaper en ekstra sjarm og magi, og sammen med det fine m\u00f8nsteret p\u00e5 skuffen og runde knoppene [&hellip;]\" \/>\n<meta property=\"og:url\" content=\"https:\/\/babylove.se\/no\/produkt\/woodluck-hvit-byra-babushka\/\" \/>\n<meta property=\"og:site_name\" content=\"Babylove Norska\" \/>\n<meta property=\"article:modified_time\" content=\"2026-04-08T10:07:23+00:00\" \/>\n<meta property=\"og:image\" content=\"https:\/\/babylove.se\/no\/wp-content\/uploads\/sites\/3\/2025\/07\/609ab1df29b89.png\" \/>\n\t<meta property=\"og:image:width\" content=\"750\" \/>\n\t<meta property=\"og:image:height\" content=\"750\" \/>\n\t<meta property=\"og:image:type\" content=\"image\/png\" \/>\n<meta name=\"twitter:card\" content=\"summary_large_image\" \/>\n<meta name=\"twitter:label1\" content=\"Price\" \/>\n\t<meta name=\"twitter:data1\" content=\"9 699,00&nbsp;&#107;&#114;\" \/>\n\t<meta name=\"twitter:label2\" content=\"Availability\" \/>\n\t<meta name=\"twitter:data2\" content=\"In stock\" \/>\n<script type=\"application\/ld+json\" class=\"yoast-schema-graph\">{\"@context\":\"https:\/\/schema.org\",\"@graph\":[{\"@type\":\"WebPage\",\"@id\":\"https:\/\/babylove.se\/no\/produkt\/woodluck-hvit-byra-babushka\/\",\"url\":\"https:\/\/babylove.se\/no\/produkt\/woodluck-hvit-byra-babushka\/\",\"name\":\"Woodluck, hvit kommode Babushka - Babylove Norska\",\"isPartOf\":{\"@id\":\"https:\/\/babylove.se\/no\/#website\"},\"primaryImageOfPage\":{\"@id\":\"https:\/\/babylove.se\/no\/produkt\/woodluck-hvit-byra-babushka\/#primaryimage\"},\"image\":{\"@id\":\"https:\/\/babylove.se\/no\/produkt\/woodluck-hvit-byra-babushka\/#primaryimage\"},\"thumbnailUrl\":\"https:\/\/babylove.se\/no\/wp-content\/uploads\/sites\/3\/2025\/07\/609ab1df29b89.png\",\"datePublished\":\"2025-07-18T22:17:00+00:00\",\"dateModified\":\"2026-04-08T10:07:23+00:00\",\"breadcrumb\":{\"@id\":\"https:\/\/babylove.se\/no\/produkt\/woodluck-hvit-byra-babushka\/#breadcrumb\"},\"inLanguage\":\"nb-NO\",\"potentialAction\":[{\"@type\":\"ReadAction\",\"target\":[\"https:\/\/babylove.se\/no\/produkt\/woodluck-hvit-byra-babushka\/\"]}]},{\"@type\":\"ImageObject\",\"inLanguage\":\"nb-NO\",\"@id\":\"https:\/\/babylove.se\/no\/produkt\/woodluck-hvit-byra-babushka\/#primaryimage\",\"url\":\"https:\/\/babylove.se\/no\/wp-content\/uploads\/sites\/3\/2025\/07\/609ab1df29b89.png\",\"contentUrl\":\"https:\/\/babylove.se\/no\/wp-content\/uploads\/sites\/3\/2025\/07\/609ab1df29b89.png\",\"width\":750,\"height\":750},{\"@type\":\"BreadcrumbList\",\"@id\":\"https:\/\/babylove.se\/no\/produkt\/woodluck-hvit-byra-babushka\/#breadcrumb\",\"itemListElement\":[{\"@type\":\"ListItem\",\"position\":1,\"name\":\"Hem\",\"item\":\"https:\/\/babylove.se\/no\/\"},{\"@type\":\"ListItem\",\"position\":2,\"name\":\"Butik\",\"item\":\"https:\/\/babylove.se\/no\/butik\/\"},{\"@type\":\"ListItem\",\"position\":3,\"name\":\"Woodluck, hvit kommode Babushka\"}]},{\"@type\":\"WebSite\",\"@id\":\"https:\/\/babylove.se\/no\/#website\",\"url\":\"https:\/\/babylove.se\/no\/\",\"name\":\"Babylove Norska\",\"description\":\"\",\"potentialAction\":[{\"@type\":\"SearchAction\",\"target\":{\"@type\":\"EntryPoint\",\"urlTemplate\":\"https:\/\/babylove.se\/no\/?s={search_term_string}\"},\"query-input\":{\"@type\":\"PropertyValueSpecification\",\"valueRequired\":true,\"valueName\":\"search_term_string\"}}],\"inLanguage\":\"nb-NO\"}]}<\/script>\n<meta property=\"product:brand\" content=\"Woodluck\" \/>\n<meta property=\"product:price:amount\" content=\"9699.00\" \/>\n<meta property=\"product:price:currency\" content=\"SEK\" \/>\n<meta property=\"og:availability\" content=\"instock\" \/>\n<meta property=\"product:availability\" content=\"instock\" \/>\n<meta property=\"product:retailer_item_id\" content=\"100.53\" \/>\n<meta property=\"product:condition\" content=\"new\" \/>\n<!-- \/ Yoast SEO Premium plugin. -->","yoast_head_json":{"title":"Woodluck, hvit kommode Babushka - Babylove Norska","robots":{"index":"noindex","follow":"follow","max-snippet":"max-snippet:-1","max-image-preview":"max-image-preview:large","max-video-preview":"max-video-preview:-1"},"og_locale":"nb_NO","og_type":"article","og_title":"Woodluck, hvit kommode Babushka","og_description":"En fantastisk fin kommode eller fint skap til barnerommet, med dette underfulle m\u00f8belet i romantisk stil kommer du &nbsp;l\u00f8fte barneroms-innredningen din til himmelsk h\u00f8yder.&nbsp; Skapet er h\u00e5ndlaget i gammeldags stil av et lite familiebedrift. De vakre dekorative trebenene skaper en ekstra sjarm og magi, og sammen med det fine m\u00f8nsteret p\u00e5 skuffen og runde knoppene [&hellip;]","og_url":"https:\/\/babylove.se\/no\/produkt\/woodluck-hvit-byra-babushka\/","og_site_name":"Babylove Norska","article_modified_time":"2026-04-08T10:07:23+00:00","og_image":[{"width":750,"height":750,"url":"https:\/\/babylove.se\/no\/wp-content\/uploads\/sites\/3\/2025\/07\/609ab1df29b89.png","type":"image\/png"}],"twitter_card":"summary_large_image","twitter_misc":{"Price":"9 699,00&nbsp;&#107;&#114;","Availability":"In stock"},"schema":{"@context":"https:\/\/schema.org","@graph":[{"@type":"WebPage","@id":"https:\/\/babylove.se\/no\/produkt\/woodluck-hvit-byra-babushka\/","url":"https:\/\/babylove.se\/no\/produkt\/woodluck-hvit-byra-babushka\/","name":"Woodluck, hvit kommode Babushka - Babylove Norska","isPartOf":{"@id":"https:\/\/babylove.se\/no\/#website"},"primaryImageOfPage":{"@id":"https:\/\/babylove.se\/no\/produkt\/woodluck-hvit-byra-babushka\/#primaryimage"},"image":{"@id":"https:\/\/babylove.se\/no\/produkt\/woodluck-hvit-byra-babushka\/#primaryimage"},"thumbnailUrl":"https:\/\/babylove.se\/no\/wp-content\/uploads\/sites\/3\/2025\/07\/609ab1df29b89.png","datePublished":"2025-07-18T22:17:00+00:00","dateModified":"2026-04-08T10:07:23+00:00","breadcrumb":{"@id":"https:\/\/babylove.se\/no\/produkt\/woodluck-hvit-byra-babushka\/#breadcrumb"},"inLanguage":"nb-NO","potentialAction":[{"@type":"ReadAction","target":["https:\/\/babylove.se\/no\/produkt\/woodluck-hvit-byra-babushka\/"]}]},{"@type":"ImageObject","inLanguage":"nb-NO","@id":"https:\/\/babylove.se\/no\/produkt\/woodluck-hvit-byra-babushka\/#primaryimage","url":"https:\/\/babylove.se\/no\/wp-content\/uploads\/sites\/3\/2025\/07\/609ab1df29b89.png","contentUrl":"https:\/\/babylove.se\/no\/wp-content\/uploads\/sites\/3\/2025\/07\/609ab1df29b89.png","width":750,"height":750},{"@type":"BreadcrumbList","@id":"https:\/\/babylove.se\/no\/produkt\/woodluck-hvit-byra-babushka\/#breadcrumb","itemListElement":[{"@type":"ListItem","position":1,"name":"Hem","item":"https:\/\/babylove.se\/no\/"},{"@type":"ListItem","position":2,"name":"Butik","item":"https:\/\/babylove.se\/no\/butik\/"},{"@type":"ListItem","position":3,"name":"Woodluck, hvit kommode Babushka"}]},{"@type":"WebSite","@id":"https:\/\/babylove.se\/no\/#website","url":"https:\/\/babylove.se\/no\/","name":"Babylove Norska","description":"","potentialAction":[{"@type":"SearchAction","target":{"@type":"EntryPoint","urlTemplate":"https:\/\/babylove.se\/no\/?s={search_term_string}"},"query-input":{"@type":"PropertyValueSpecification","valueRequired":true,"valueName":"search_term_string"}}],"inLanguage":"nb-NO"}]},"product_brand":"Woodluck","product_price_amount":"9699.00","product_price_currency":"SEK","og_availability":"instock","product_availability":"instock","product_retailer_item_id":"100.53","product_condition":"new"},"_links":{"self":[{"href":"https:\/\/babylove.se\/no\/wp-json\/wp\/v2\/product\/24855","targetHints":{"allow":["GET"]}}],"collection":[{"href":"https:\/\/babylove.se\/no\/wp-json\/wp\/v2\/product"}],"about":[{"href":"https:\/\/babylove.se\/no\/wp-json\/wp\/v2\/types\/product"}],"replies":[{"embeddable":true,"href":"https:\/\/babylove.se\/no\/wp-json\/wp\/v2\/comments?post=24855"}],"wp:featuredmedia":[{"embeddable":true,"href":"https:\/\/babylove.se\/no\/wp-json\/wp\/v2\/media\/24857"}],"wp:attachment":[{"href":"https:\/\/babylove.se\/no\/wp-json\/wp\/v2\/media?parent=24855"}],"wp:term":[{"taxonomy":"product_brand","embeddable":true,"href":"https:\/\/babylove.se\/no\/wp-json\/wp\/v2\/product_brand?post=24855"},{"taxonomy":"product_cat","embeddable":true,"href":"https:\/\/babylove.se\/no\/wp-json\/wp\/v2\/product_cat?post=24855"},{"taxonomy":"product_tag","embeddable":true,"href":"https:\/\/babylove.se\/no\/wp-json\/wp\/v2\/product_tag?post=24855"}],"curies":[{"name":"wp","href":"https:\/\/api.w.org\/{rel}","templated":true}]}}