{"id":24870,"date":"2025-07-18T23:17:00","date_gmt":"2025-07-18T22:17:00","guid":{"rendered":"https:\/\/babylove.se\/produkt\/woodluck-2-in-2-vit-spjalsang-och-juniorsang-babushka\/"},"modified":"2026-04-08T11:07:28","modified_gmt":"2026-04-08T10:07:28","slug":"woodluck-2-in-2-hvit-spjelseng-og-juniorseng-babushka","status":"publish","type":"product","link":"https:\/\/babylove.se\/no\/produkt\/woodluck-2-in-2-hvit-spjelseng-og-juniorseng-babushka\/","title":{"rendered":"Woodluck, 2 in 1, hvit sprinkelseng og juniorseng Babushka"},"content":{"rendered":"<p>Woodluck vidunderlig romantisk sprinkelseng fra samme serie som popul\u00e6re Babushka garderobe og skap. Sengen er helt h\u00e5ndlaget og ingenting overlates til tilfeldighetene. Sengen er utrolig detaljrik med fine ben og vakre m\u00f8nstre som sammen skaper et helt unikt produkt.&nbsp;<\/p>\n<p>Bunnen kan justeres i tre forskjellige h\u00f8yder for babyen og sengen er forberedt for \u00e5 gj\u00f8res om til en juniorseng n\u00e5r barnet vokser.&nbsp;<\/p>\n<p>Alle delene til juniorsengen f\u00f8lger med.&nbsp;<\/p>\n<p>Passer i alle typer barnerom og kan matches med b\u00e5de stilrene dynetrekk i hvitt og med dynetrekk med volanger og tilh\u00f8rende puter. Sengen er s\u00e5 vakker i seg selv at du vil lykkes uansett hvilken stil du har eller velger.<\/p>\n<p>Vi vil heller ikke glemme \u00e5 fortelle at sengen er malt kun med godkjente og sikre farger i henhold til EN71\/3 standard.&nbsp;<\/p>\n<p><strong>M\u00e5l<\/strong>:<\/p>\n<ul>\n<li>Sengeram &nbsp;145 cm x 75 cm. H\u00f8yde: 99 cm .<\/li>\n<li>Sengem\u00e5l: 70&#215;140 cm. Madrass f\u00f8lger ikke med men kan kj\u00f8pes separat hos oss.<\/li>\n<li>Ribbbunn f\u00f8lger med.<\/li>\n<li>Bunnen kan justeres i tre forskjellige h\u00f8yder: (29,5 cm fra gulvet, <span>&nbsp;49,5 cm fra gulvet,&nbsp;<\/span>65,5 cm fra gulvet)<\/li>\n<li>Alle delene til juniorsengen f\u00f8lger med.&nbsp;<\/li>\n<li>Sengen sendes i deler men med enkel montering i hjemmet.<\/li>\n<\/ul>\n<p><strong>Farge<\/strong>: Hvit<\/p>\n<p>Designer: <a href=\"https:\/\/babylove.se\/varumarken\/woodluck\">Woodluck<\/a><\/p>\n<p><em><em><em><em><em>Obs! Sengen leveres umontert og b\u00f8r settes sammen i rommet den skal brukes i.&nbsp;<\/em><\/em><\/em><\/em><\/em><\/p>\n<p><em><em><em><em><em>Stellebordet f\u00f8lger ikke med!<\/em><\/em><\/em><\/em><\/em><\/p>\n","protected":false},"excerpt":{"rendered":"<p>Woodluck vidunderlig romantisk sprinkelseng fra samme serie som popul\u00e6re Babushka garderobe og skap. Sengen er helt h\u00e5ndlaget og ingenting overlates til tilfeldighetene. Sengen er utrolig detaljrik med fine ben og vakre m\u00f8nstre som sammen skaper et helt unikt produkt.&nbsp; Bunnen kan justeres i tre forskjellige h\u00f8yder for babyen og sengen er forberedt for \u00e5 gj\u00f8res [&hellip;]<\/p>\n","protected":false},"featured_media":24872,"comment_status":"closed","ping_status":"open","template":"","meta":{"_acf_changed":false},"product_brand":[596],"product_cat":[279,269,40,597],"product_tag":[1689],"class_list":{"0":"post-24870","1":"product","2":"type-product","3":"status-publish","4":"has-post-thumbnail","6":"product_brand-woodluck","7":"product_cat-spjlsngar","8":"product_cat-juniorsenger","9":"product_cat-soverom-barn","10":"product_cat-woodluck","11":"product_tag-bestillingsvaror","13":"first","14":"instock","15":"taxable","16":"shipping-taxable","17":"purchasable","18":"product-type-simple"},"acf":[],"yoast_head":"<!-- This site is optimized with the Yoast SEO Premium plugin v25.8 (Yoast SEO v27.2) - https:\/\/yoast.com\/product\/yoast-seo-premium-wordpress\/ -->\n<title>Woodluck, 2 in 1, hvit sprinkelseng og juniorseng Babushka - Babylove Norska<\/title>\n<meta name=\"robots\" content=\"noindex, follow, max-snippet:-1, max-image-preview:large, max-video-preview:-1\" \/>\n<meta property=\"og:locale\" content=\"nb_NO\" \/>\n<meta property=\"og:type\" content=\"article\" \/>\n<meta property=\"og:title\" content=\"Woodluck, 2 in 1, hvit sprinkelseng og juniorseng Babushka\" \/>\n<meta property=\"og:description\" content=\"Woodluck vidunderlig romantisk sprinkelseng fra samme serie som popul\u00e6re Babushka garderobe og skap. Sengen er helt h\u00e5ndlaget og ingenting overlates til tilfeldighetene. Sengen er utrolig detaljrik med fine ben og vakre m\u00f8nstre som sammen skaper et helt unikt produkt.&nbsp; Bunnen kan justeres i tre forskjellige h\u00f8yder for babyen og sengen er forberedt for \u00e5 gj\u00f8res [&hellip;]\" \/>\n<meta property=\"og:url\" content=\"https:\/\/babylove.se\/no\/produkt\/woodluck-2-in-2-hvit-spjelseng-og-juniorseng-babushka\/\" \/>\n<meta property=\"og:site_name\" content=\"Babylove Norska\" \/>\n<meta property=\"article:modified_time\" content=\"2026-04-08T10:07:28+00:00\" \/>\n<meta property=\"og:image\" content=\"https:\/\/babylove.se\/no\/wp-content\/uploads\/sites\/3\/2025\/07\/609ac408f1d75.jpeg\" \/>\n\t<meta property=\"og:image:width\" content=\"750\" \/>\n\t<meta property=\"og:image:height\" content=\"750\" \/>\n\t<meta property=\"og:image:type\" content=\"image\/jpeg\" \/>\n<meta name=\"twitter:card\" content=\"summary_large_image\" \/>\n<meta name=\"twitter:label1\" content=\"Price\" \/>\n\t<meta name=\"twitter:data1\" content=\"10 999,00&nbsp;&#107;&#114;\" \/>\n\t<meta name=\"twitter:label2\" content=\"Availability\" \/>\n\t<meta name=\"twitter:data2\" content=\"In stock\" \/>\n<script type=\"application\/ld+json\" class=\"yoast-schema-graph\">{\"@context\":\"https:\/\/schema.org\",\"@graph\":[{\"@type\":\"WebPage\",\"@id\":\"https:\/\/babylove.se\/no\/produkt\/woodluck-2-in-2-hvit-spjelseng-og-juniorseng-babushka\/\",\"url\":\"https:\/\/babylove.se\/no\/produkt\/woodluck-2-in-2-hvit-spjelseng-og-juniorseng-babushka\/\",\"name\":\"Woodluck, 2 in 1, hvit sprinkelseng og juniorseng Babushka - Babylove Norska\",\"isPartOf\":{\"@id\":\"https:\/\/babylove.se\/no\/#website\"},\"primaryImageOfPage\":{\"@id\":\"https:\/\/babylove.se\/no\/produkt\/woodluck-2-in-2-hvit-spjelseng-og-juniorseng-babushka\/#primaryimage\"},\"image\":{\"@id\":\"https:\/\/babylove.se\/no\/produkt\/woodluck-2-in-2-hvit-spjelseng-og-juniorseng-babushka\/#primaryimage\"},\"thumbnailUrl\":\"https:\/\/babylove.se\/no\/wp-content\/uploads\/sites\/3\/2025\/07\/609ac408f1d75.jpeg\",\"datePublished\":\"2025-07-18T22:17:00+00:00\",\"dateModified\":\"2026-04-08T10:07:28+00:00\",\"breadcrumb\":{\"@id\":\"https:\/\/babylove.se\/no\/produkt\/woodluck-2-in-2-hvit-spjelseng-og-juniorseng-babushka\/#breadcrumb\"},\"inLanguage\":\"nb-NO\",\"potentialAction\":[{\"@type\":\"ReadAction\",\"target\":[\"https:\/\/babylove.se\/no\/produkt\/woodluck-2-in-2-hvit-spjelseng-og-juniorseng-babushka\/\"]}]},{\"@type\":\"ImageObject\",\"inLanguage\":\"nb-NO\",\"@id\":\"https:\/\/babylove.se\/no\/produkt\/woodluck-2-in-2-hvit-spjelseng-og-juniorseng-babushka\/#primaryimage\",\"url\":\"https:\/\/babylove.se\/no\/wp-content\/uploads\/sites\/3\/2025\/07\/609ac408f1d75.jpeg\",\"contentUrl\":\"https:\/\/babylove.se\/no\/wp-content\/uploads\/sites\/3\/2025\/07\/609ac408f1d75.jpeg\",\"width\":750,\"height\":750},{\"@type\":\"BreadcrumbList\",\"@id\":\"https:\/\/babylove.se\/no\/produkt\/woodluck-2-in-2-hvit-spjelseng-og-juniorseng-babushka\/#breadcrumb\",\"itemListElement\":[{\"@type\":\"ListItem\",\"position\":1,\"name\":\"Hem\",\"item\":\"https:\/\/babylove.se\/no\/\"},{\"@type\":\"ListItem\",\"position\":2,\"name\":\"Butik\",\"item\":\"https:\/\/babylove.se\/no\/butik\/\"},{\"@type\":\"ListItem\",\"position\":3,\"name\":\"Woodluck, 2 in 1, hvit sprinkelseng og juniorseng Babushka\"}]},{\"@type\":\"WebSite\",\"@id\":\"https:\/\/babylove.se\/no\/#website\",\"url\":\"https:\/\/babylove.se\/no\/\",\"name\":\"Babylove Norska\",\"description\":\"\",\"potentialAction\":[{\"@type\":\"SearchAction\",\"target\":{\"@type\":\"EntryPoint\",\"urlTemplate\":\"https:\/\/babylove.se\/no\/?s={search_term_string}\"},\"query-input\":{\"@type\":\"PropertyValueSpecification\",\"valueRequired\":true,\"valueName\":\"search_term_string\"}}],\"inLanguage\":\"nb-NO\"}]}<\/script>\n<meta property=\"product:brand\" content=\"Woodluck\" \/>\n<meta property=\"product:price:amount\" content=\"10999.00\" \/>\n<meta property=\"product:price:currency\" content=\"SEK\" \/>\n<meta property=\"og:availability\" content=\"instock\" \/>\n<meta property=\"product:availability\" content=\"instock\" \/>\n<meta property=\"product:retailer_item_id\" content=\"100.55\" \/>\n<meta property=\"product:condition\" content=\"new\" \/>\n<!-- \/ Yoast SEO Premium plugin. -->","yoast_head_json":{"title":"Woodluck, 2 in 1, hvit sprinkelseng og juniorseng Babushka - Babylove Norska","robots":{"index":"noindex","follow":"follow","max-snippet":"max-snippet:-1","max-image-preview":"max-image-preview:large","max-video-preview":"max-video-preview:-1"},"og_locale":"nb_NO","og_type":"article","og_title":"Woodluck, 2 in 1, hvit sprinkelseng og juniorseng Babushka","og_description":"Woodluck vidunderlig romantisk sprinkelseng fra samme serie som popul\u00e6re Babushka garderobe og skap. Sengen er helt h\u00e5ndlaget og ingenting overlates til tilfeldighetene. Sengen er utrolig detaljrik med fine ben og vakre m\u00f8nstre som sammen skaper et helt unikt produkt.&nbsp; Bunnen kan justeres i tre forskjellige h\u00f8yder for babyen og sengen er forberedt for \u00e5 gj\u00f8res [&hellip;]","og_url":"https:\/\/babylove.se\/no\/produkt\/woodluck-2-in-2-hvit-spjelseng-og-juniorseng-babushka\/","og_site_name":"Babylove Norska","article_modified_time":"2026-04-08T10:07:28+00:00","og_image":[{"width":750,"height":750,"url":"https:\/\/babylove.se\/no\/wp-content\/uploads\/sites\/3\/2025\/07\/609ac408f1d75.jpeg","type":"image\/jpeg"}],"twitter_card":"summary_large_image","twitter_misc":{"Price":"10 999,00&nbsp;&#107;&#114;","Availability":"In stock"},"schema":{"@context":"https:\/\/schema.org","@graph":[{"@type":"WebPage","@id":"https:\/\/babylove.se\/no\/produkt\/woodluck-2-in-2-hvit-spjelseng-og-juniorseng-babushka\/","url":"https:\/\/babylove.se\/no\/produkt\/woodluck-2-in-2-hvit-spjelseng-og-juniorseng-babushka\/","name":"Woodluck, 2 in 1, hvit sprinkelseng og juniorseng Babushka - Babylove Norska","isPartOf":{"@id":"https:\/\/babylove.se\/no\/#website"},"primaryImageOfPage":{"@id":"https:\/\/babylove.se\/no\/produkt\/woodluck-2-in-2-hvit-spjelseng-og-juniorseng-babushka\/#primaryimage"},"image":{"@id":"https:\/\/babylove.se\/no\/produkt\/woodluck-2-in-2-hvit-spjelseng-og-juniorseng-babushka\/#primaryimage"},"thumbnailUrl":"https:\/\/babylove.se\/no\/wp-content\/uploads\/sites\/3\/2025\/07\/609ac408f1d75.jpeg","datePublished":"2025-07-18T22:17:00+00:00","dateModified":"2026-04-08T10:07:28+00:00","breadcrumb":{"@id":"https:\/\/babylove.se\/no\/produkt\/woodluck-2-in-2-hvit-spjelseng-og-juniorseng-babushka\/#breadcrumb"},"inLanguage":"nb-NO","potentialAction":[{"@type":"ReadAction","target":["https:\/\/babylove.se\/no\/produkt\/woodluck-2-in-2-hvit-spjelseng-og-juniorseng-babushka\/"]}]},{"@type":"ImageObject","inLanguage":"nb-NO","@id":"https:\/\/babylove.se\/no\/produkt\/woodluck-2-in-2-hvit-spjelseng-og-juniorseng-babushka\/#primaryimage","url":"https:\/\/babylove.se\/no\/wp-content\/uploads\/sites\/3\/2025\/07\/609ac408f1d75.jpeg","contentUrl":"https:\/\/babylove.se\/no\/wp-content\/uploads\/sites\/3\/2025\/07\/609ac408f1d75.jpeg","width":750,"height":750},{"@type":"BreadcrumbList","@id":"https:\/\/babylove.se\/no\/produkt\/woodluck-2-in-2-hvit-spjelseng-og-juniorseng-babushka\/#breadcrumb","itemListElement":[{"@type":"ListItem","position":1,"name":"Hem","item":"https:\/\/babylove.se\/no\/"},{"@type":"ListItem","position":2,"name":"Butik","item":"https:\/\/babylove.se\/no\/butik\/"},{"@type":"ListItem","position":3,"name":"Woodluck, 2 in 1, hvit sprinkelseng og juniorseng Babushka"}]},{"@type":"WebSite","@id":"https:\/\/babylove.se\/no\/#website","url":"https:\/\/babylove.se\/no\/","name":"Babylove Norska","description":"","potentialAction":[{"@type":"SearchAction","target":{"@type":"EntryPoint","urlTemplate":"https:\/\/babylove.se\/no\/?s={search_term_string}"},"query-input":{"@type":"PropertyValueSpecification","valueRequired":true,"valueName":"search_term_string"}}],"inLanguage":"nb-NO"}]},"product_brand":"Woodluck","product_price_amount":"10999.00","product_price_currency":"SEK","og_availability":"instock","product_availability":"instock","product_retailer_item_id":"100.55","product_condition":"new"},"_links":{"self":[{"href":"https:\/\/babylove.se\/no\/wp-json\/wp\/v2\/product\/24870","targetHints":{"allow":["GET"]}}],"collection":[{"href":"https:\/\/babylove.se\/no\/wp-json\/wp\/v2\/product"}],"about":[{"href":"https:\/\/babylove.se\/no\/wp-json\/wp\/v2\/types\/product"}],"replies":[{"embeddable":true,"href":"https:\/\/babylove.se\/no\/wp-json\/wp\/v2\/comments?post=24870"}],"wp:featuredmedia":[{"embeddable":true,"href":"https:\/\/babylove.se\/no\/wp-json\/wp\/v2\/media\/24872"}],"wp:attachment":[{"href":"https:\/\/babylove.se\/no\/wp-json\/wp\/v2\/media?parent=24870"}],"wp:term":[{"taxonomy":"product_brand","embeddable":true,"href":"https:\/\/babylove.se\/no\/wp-json\/wp\/v2\/product_brand?post=24870"},{"taxonomy":"product_cat","embeddable":true,"href":"https:\/\/babylove.se\/no\/wp-json\/wp\/v2\/product_cat?post=24870"},{"taxonomy":"product_tag","embeddable":true,"href":"https:\/\/babylove.se\/no\/wp-json\/wp\/v2\/product_tag?post=24870"}],"curies":[{"name":"wp","href":"https:\/\/api.w.org\/{rel}","templated":true}]}}