{"id":24880,"date":"2025-07-18T23:17:00","date_gmt":"2025-07-18T22:17:00","guid":{"rendered":"https:\/\/babylove.se\/produkt\/woodluck-vit-babushka-sang-90x200-cm\/"},"modified":"2026-04-08T11:07:31","modified_gmt":"2026-04-08T10:07:31","slug":"woodluck-hvit-babushka-seng-90x200-cm","status":"publish","type":"product","link":"https:\/\/babylove.se\/no\/produkt\/woodluck-hvit-babushka-seng-90x200-cm\/","title":{"rendered":"Woodluck, hvit babushka seng 90&#215;200 cm"},"content":{"rendered":"<p>Woodluck herlig romantisk seng fra samme serie som popul\u00e6re Babushka garderobe og skap. Sengen er helt h\u00e5ndlaget og ingenting overlates til tilfeldighetene. Sengen er utrolig detaljrik med fine ben og vakre m\u00f8nstre som sammen skaper et helt unikt produkt.&nbsp;<\/p>\n<p>Passer i alle typer barnerom og kan matches med b\u00e5de stilrene senget\u00f8y i hvitt og med senget\u00f8y med volanger og tilh\u00f8rende puter. Sengen er s\u00e5 vakker i seg selv at du vil lykkes uansett hvilken stil du har eller velger.<\/p>\n<p>Vi vil heller ikke glemme \u00e5 fortelle at sengen er malt kun med godkjente og sikre farger i henhold til&nbsp;EN71\/3<span>&nbsp;standard.&nbsp;<\/span><\/p>\n<p><strong>M\u00e5l<\/strong>:<\/p>\n<ul>\n<li>Sengeram 94 cm x 204 cm. H\u00f8yde: 77 cm.<\/li>\n<li>Madrass f\u00f8lger ikke med, men den passer til en 90&#215;200 cm madrass. Vi anbefaler en skummadrass med tykkelse p\u00e5 ca 10-12 cm.<\/li>\n<li>Ribbebunnen f\u00f8lger med til sengen.<\/li>\n<li>Sengen sendes i deler, men med enkel montering i hjemmet.<\/li>\n<\/ul>\n<p><strong>Farge<\/strong>: Hvit<\/p>\n<p>Designer: <a href=\"https:\/\/babylove.se\/varumarken\/woodluck\">Woodluck<\/a><\/p>\n<p><em>Obs!&nbsp;<\/em><em>Sengen leveres umontert og b\u00f8r settes sammen i rommet den skal brukes i.<\/em><\/p>\n","protected":false},"excerpt":{"rendered":"<p>Woodluck herlig romantisk seng fra samme serie som popul\u00e6re Babushka garderobe og skap. Sengen er helt h\u00e5ndlaget og ingenting overlates til tilfeldighetene. Sengen er utrolig detaljrik med fine ben og vakre m\u00f8nstre som sammen skaper et helt unikt produkt.&nbsp; Passer i alle typer barnerom og kan matches med b\u00e5de stilrene senget\u00f8y i hvitt og med [&hellip;]<\/p>\n","protected":false},"featured_media":24882,"comment_status":"closed","ping_status":"open","template":"","meta":{"_acf_changed":false},"product_brand":[596],"product_cat":[269,40,597],"product_tag":[1689],"class_list":{"0":"post-24880","1":"product","2":"type-product","3":"status-publish","4":"has-post-thumbnail","6":"product_brand-woodluck","7":"product_cat-juniorsenger","8":"product_cat-soverom-barn","9":"product_cat-woodluck","10":"product_tag-bestillingsvaror","12":"first","13":"instock","14":"taxable","15":"shipping-taxable","16":"purchasable","17":"product-type-simple"},"acf":[],"yoast_head":"<!-- This site is optimized with the Yoast SEO Premium plugin v25.8 (Yoast SEO v27.2) - https:\/\/yoast.com\/product\/yoast-seo-premium-wordpress\/ -->\n<title>Woodluck, hvit babushka seng 90x200 cm - Babylove Norska<\/title>\n<meta name=\"robots\" content=\"noindex, follow, max-snippet:-1, max-image-preview:large, max-video-preview:-1\" \/>\n<meta property=\"og:locale\" content=\"nb_NO\" \/>\n<meta property=\"og:type\" content=\"article\" \/>\n<meta property=\"og:title\" content=\"Woodluck, hvit babushka seng 90x200 cm\" \/>\n<meta property=\"og:description\" content=\"Woodluck herlig romantisk seng fra samme serie som popul\u00e6re Babushka garderobe og skap. Sengen er helt h\u00e5ndlaget og ingenting overlates til tilfeldighetene. Sengen er utrolig detaljrik med fine ben og vakre m\u00f8nstre som sammen skaper et helt unikt produkt.&nbsp; Passer i alle typer barnerom og kan matches med b\u00e5de stilrene senget\u00f8y i hvitt og med [&hellip;]\" \/>\n<meta property=\"og:url\" content=\"https:\/\/babylove.se\/no\/produkt\/woodluck-hvit-babushka-seng-90x200-cm\/\" \/>\n<meta property=\"og:site_name\" content=\"Babylove Norska\" \/>\n<meta property=\"article:modified_time\" content=\"2026-04-08T10:07:31+00:00\" \/>\n<meta property=\"og:image\" content=\"https:\/\/babylove.se\/no\/wp-content\/uploads\/sites\/3\/2025\/07\/609ac48305eb6.png\" \/>\n\t<meta property=\"og:image:width\" content=\"750\" \/>\n\t<meta property=\"og:image:height\" content=\"750\" \/>\n\t<meta property=\"og:image:type\" content=\"image\/png\" \/>\n<meta name=\"twitter:card\" content=\"summary_large_image\" \/>\n<meta name=\"twitter:label1\" content=\"Price\" \/>\n\t<meta name=\"twitter:data1\" content=\"10 499,00&nbsp;&#107;&#114;\" \/>\n\t<meta name=\"twitter:label2\" content=\"Availability\" \/>\n\t<meta name=\"twitter:data2\" content=\"In stock\" \/>\n<script type=\"application\/ld+json\" class=\"yoast-schema-graph\">{\"@context\":\"https:\/\/schema.org\",\"@graph\":[{\"@type\":\"WebPage\",\"@id\":\"https:\/\/babylove.se\/no\/produkt\/woodluck-hvit-babushka-seng-90x200-cm\/\",\"url\":\"https:\/\/babylove.se\/no\/produkt\/woodluck-hvit-babushka-seng-90x200-cm\/\",\"name\":\"Woodluck, hvit babushka seng 90x200 cm - Babylove Norska\",\"isPartOf\":{\"@id\":\"https:\/\/babylove.se\/no\/#website\"},\"primaryImageOfPage\":{\"@id\":\"https:\/\/babylove.se\/no\/produkt\/woodluck-hvit-babushka-seng-90x200-cm\/#primaryimage\"},\"image\":{\"@id\":\"https:\/\/babylove.se\/no\/produkt\/woodluck-hvit-babushka-seng-90x200-cm\/#primaryimage\"},\"thumbnailUrl\":\"https:\/\/babylove.se\/no\/wp-content\/uploads\/sites\/3\/2025\/07\/609ac48305eb6.png\",\"datePublished\":\"2025-07-18T22:17:00+00:00\",\"dateModified\":\"2026-04-08T10:07:31+00:00\",\"breadcrumb\":{\"@id\":\"https:\/\/babylove.se\/no\/produkt\/woodluck-hvit-babushka-seng-90x200-cm\/#breadcrumb\"},\"inLanguage\":\"nb-NO\",\"potentialAction\":[{\"@type\":\"ReadAction\",\"target\":[\"https:\/\/babylove.se\/no\/produkt\/woodluck-hvit-babushka-seng-90x200-cm\/\"]}]},{\"@type\":\"ImageObject\",\"inLanguage\":\"nb-NO\",\"@id\":\"https:\/\/babylove.se\/no\/produkt\/woodluck-hvit-babushka-seng-90x200-cm\/#primaryimage\",\"url\":\"https:\/\/babylove.se\/no\/wp-content\/uploads\/sites\/3\/2025\/07\/609ac48305eb6.png\",\"contentUrl\":\"https:\/\/babylove.se\/no\/wp-content\/uploads\/sites\/3\/2025\/07\/609ac48305eb6.png\",\"width\":750,\"height\":750},{\"@type\":\"BreadcrumbList\",\"@id\":\"https:\/\/babylove.se\/no\/produkt\/woodluck-hvit-babushka-seng-90x200-cm\/#breadcrumb\",\"itemListElement\":[{\"@type\":\"ListItem\",\"position\":1,\"name\":\"Hem\",\"item\":\"https:\/\/babylove.se\/no\/\"},{\"@type\":\"ListItem\",\"position\":2,\"name\":\"Butik\",\"item\":\"https:\/\/babylove.se\/no\/butik\/\"},{\"@type\":\"ListItem\",\"position\":3,\"name\":\"Woodluck, hvit babushka seng 90&#215;200 cm\"}]},{\"@type\":\"WebSite\",\"@id\":\"https:\/\/babylove.se\/no\/#website\",\"url\":\"https:\/\/babylove.se\/no\/\",\"name\":\"Babylove Norska\",\"description\":\"\",\"potentialAction\":[{\"@type\":\"SearchAction\",\"target\":{\"@type\":\"EntryPoint\",\"urlTemplate\":\"https:\/\/babylove.se\/no\/?s={search_term_string}\"},\"query-input\":{\"@type\":\"PropertyValueSpecification\",\"valueRequired\":true,\"valueName\":\"search_term_string\"}}],\"inLanguage\":\"nb-NO\"}]}<\/script>\n<meta property=\"product:brand\" content=\"Woodluck\" \/>\n<meta property=\"product:price:amount\" content=\"10499.00\" \/>\n<meta property=\"product:price:currency\" content=\"SEK\" \/>\n<meta property=\"og:availability\" content=\"instock\" \/>\n<meta property=\"product:availability\" content=\"instock\" \/>\n<meta property=\"product:retailer_item_id\" content=\"100.56\" \/>\n<meta property=\"product:condition\" content=\"new\" \/>\n<!-- \/ Yoast SEO Premium plugin. -->","yoast_head_json":{"title":"Woodluck, hvit babushka seng 90x200 cm - Babylove Norska","robots":{"index":"noindex","follow":"follow","max-snippet":"max-snippet:-1","max-image-preview":"max-image-preview:large","max-video-preview":"max-video-preview:-1"},"og_locale":"nb_NO","og_type":"article","og_title":"Woodluck, hvit babushka seng 90x200 cm","og_description":"Woodluck herlig romantisk seng fra samme serie som popul\u00e6re Babushka garderobe og skap. Sengen er helt h\u00e5ndlaget og ingenting overlates til tilfeldighetene. Sengen er utrolig detaljrik med fine ben og vakre m\u00f8nstre som sammen skaper et helt unikt produkt.&nbsp; Passer i alle typer barnerom og kan matches med b\u00e5de stilrene senget\u00f8y i hvitt og med [&hellip;]","og_url":"https:\/\/babylove.se\/no\/produkt\/woodluck-hvit-babushka-seng-90x200-cm\/","og_site_name":"Babylove Norska","article_modified_time":"2026-04-08T10:07:31+00:00","og_image":[{"width":750,"height":750,"url":"https:\/\/babylove.se\/no\/wp-content\/uploads\/sites\/3\/2025\/07\/609ac48305eb6.png","type":"image\/png"}],"twitter_card":"summary_large_image","twitter_misc":{"Price":"10 499,00&nbsp;&#107;&#114;","Availability":"In stock"},"schema":{"@context":"https:\/\/schema.org","@graph":[{"@type":"WebPage","@id":"https:\/\/babylove.se\/no\/produkt\/woodluck-hvit-babushka-seng-90x200-cm\/","url":"https:\/\/babylove.se\/no\/produkt\/woodluck-hvit-babushka-seng-90x200-cm\/","name":"Woodluck, hvit babushka seng 90x200 cm - Babylove Norska","isPartOf":{"@id":"https:\/\/babylove.se\/no\/#website"},"primaryImageOfPage":{"@id":"https:\/\/babylove.se\/no\/produkt\/woodluck-hvit-babushka-seng-90x200-cm\/#primaryimage"},"image":{"@id":"https:\/\/babylove.se\/no\/produkt\/woodluck-hvit-babushka-seng-90x200-cm\/#primaryimage"},"thumbnailUrl":"https:\/\/babylove.se\/no\/wp-content\/uploads\/sites\/3\/2025\/07\/609ac48305eb6.png","datePublished":"2025-07-18T22:17:00+00:00","dateModified":"2026-04-08T10:07:31+00:00","breadcrumb":{"@id":"https:\/\/babylove.se\/no\/produkt\/woodluck-hvit-babushka-seng-90x200-cm\/#breadcrumb"},"inLanguage":"nb-NO","potentialAction":[{"@type":"ReadAction","target":["https:\/\/babylove.se\/no\/produkt\/woodluck-hvit-babushka-seng-90x200-cm\/"]}]},{"@type":"ImageObject","inLanguage":"nb-NO","@id":"https:\/\/babylove.se\/no\/produkt\/woodluck-hvit-babushka-seng-90x200-cm\/#primaryimage","url":"https:\/\/babylove.se\/no\/wp-content\/uploads\/sites\/3\/2025\/07\/609ac48305eb6.png","contentUrl":"https:\/\/babylove.se\/no\/wp-content\/uploads\/sites\/3\/2025\/07\/609ac48305eb6.png","width":750,"height":750},{"@type":"BreadcrumbList","@id":"https:\/\/babylove.se\/no\/produkt\/woodluck-hvit-babushka-seng-90x200-cm\/#breadcrumb","itemListElement":[{"@type":"ListItem","position":1,"name":"Hem","item":"https:\/\/babylove.se\/no\/"},{"@type":"ListItem","position":2,"name":"Butik","item":"https:\/\/babylove.se\/no\/butik\/"},{"@type":"ListItem","position":3,"name":"Woodluck, hvit babushka seng 90&#215;200 cm"}]},{"@type":"WebSite","@id":"https:\/\/babylove.se\/no\/#website","url":"https:\/\/babylove.se\/no\/","name":"Babylove Norska","description":"","potentialAction":[{"@type":"SearchAction","target":{"@type":"EntryPoint","urlTemplate":"https:\/\/babylove.se\/no\/?s={search_term_string}"},"query-input":{"@type":"PropertyValueSpecification","valueRequired":true,"valueName":"search_term_string"}}],"inLanguage":"nb-NO"}]},"product_brand":"Woodluck","product_price_amount":"10499.00","product_price_currency":"SEK","og_availability":"instock","product_availability":"instock","product_retailer_item_id":"100.56","product_condition":"new"},"_links":{"self":[{"href":"https:\/\/babylove.se\/no\/wp-json\/wp\/v2\/product\/24880","targetHints":{"allow":["GET"]}}],"collection":[{"href":"https:\/\/babylove.se\/no\/wp-json\/wp\/v2\/product"}],"about":[{"href":"https:\/\/babylove.se\/no\/wp-json\/wp\/v2\/types\/product"}],"replies":[{"embeddable":true,"href":"https:\/\/babylove.se\/no\/wp-json\/wp\/v2\/comments?post=24880"}],"wp:featuredmedia":[{"embeddable":true,"href":"https:\/\/babylove.se\/no\/wp-json\/wp\/v2\/media\/24882"}],"wp:attachment":[{"href":"https:\/\/babylove.se\/no\/wp-json\/wp\/v2\/media?parent=24880"}],"wp:term":[{"taxonomy":"product_brand","embeddable":true,"href":"https:\/\/babylove.se\/no\/wp-json\/wp\/v2\/product_brand?post=24880"},{"taxonomy":"product_cat","embeddable":true,"href":"https:\/\/babylove.se\/no\/wp-json\/wp\/v2\/product_cat?post=24880"},{"taxonomy":"product_tag","embeddable":true,"href":"https:\/\/babylove.se\/no\/wp-json\/wp\/v2\/product_tag?post=24880"}],"curies":[{"name":"wp","href":"https:\/\/api.w.org\/{rel}","templated":true}]}}