{"id":24904,"date":"2025-07-18T23:17:44","date_gmt":"2025-07-18T22:17:44","guid":{"rendered":"https:\/\/babylove.se\/produkt\/liewood-savannah-stor-barnpool-sandy-peach\/"},"modified":"2026-04-08T11:07:39","modified_gmt":"2026-04-08T10:07:39","slug":"liewood-savannah-stort-barnebasseng-sandy-peach","status":"publish","type":"product","link":"https:\/\/babylove.se\/no\/produkt\/liewood-savannah-stort-barnebasseng-sandy-peach\/","title":{"rendered":"Liewood, Savannah stort barnebasseng, sandy peach"},"content":{"rendered":"<p>Gj\u00f8r sommeren morsommere med Liewoods oppbl\u00e5sbare barnebassseng. Et fint motiv som gj\u00f8r at den blir en fin detalj p\u00e5 uteplassen eller gressplenen, samtidig som barna dine kommer til \u00e5 elske \u00e5 avkj\u00f8le seg i den p\u00e5 en varm sommerdag. Vakker design og n\u00f8ye materialvalg skaper dette premiumbasssenget i plast, bare det beste er godt nok! <\/p>\n<p><strong>Materiale<\/strong>: 100% pvc (bpa fri) , CE-merket. Overholder EN71-8, den europeiske standarden for aktivitetsleker. <\/p>\n<p><strong>M\u00e5l<\/strong>: diameter 150 cm, h\u00f8yde 25 cm. Omtrentlig vannvolum ved oppbl\u00e5sing: 230 liter (70% fylt) <\/p>\n<p>Designer: <a href=\"https:\/\/babylove.se\/varumarken\/liewood\"><u>Liewood<\/u><\/a><\/p>\n","protected":false},"excerpt":{"rendered":"<p>Gj\u00f8r sommeren morsommere med Liewoods oppbl\u00e5sbare barnebassseng. Et fint motiv som gj\u00f8r at den blir en fin detalj p\u00e5 uteplassen eller gressplenen, samtidig som barna dine kommer til \u00e5 elske \u00e5 avkj\u00f8le seg i den p\u00e5 en varm sommerdag. Vakker design og n\u00f8ye materialvalg skaper dette premiumbasssenget i plast, bare det beste er godt nok! [&hellip;]<\/p>\n","protected":false},"featured_media":24906,"comment_status":"closed","ping_status":"closed","template":"","meta":{"_acf_changed":false},"product_brand":[282],"product_cat":[68,283,1775,753],"product_tag":[],"class_list":{"0":"post-24904","1":"product","2":"type-product","3":"status-publish","4":"has-post-thumbnail","6":"product_brand-liewood","7":"product_cat-leker","8":"product_cat-liewood","9":"product_cat-uteleker","10":"product_cat-vannleker","12":"first","13":"outofstock","14":"taxable","15":"shipping-taxable","16":"purchasable","17":"product-type-simple"},"acf":[],"yoast_head":"<!-- This site is optimized with the Yoast SEO Premium plugin v25.8 (Yoast SEO v27.2) - https:\/\/yoast.com\/product\/yoast-seo-premium-wordpress\/ -->\n<title>Liewood, Savannah stort barnebasseng, sandy peach - Babylove Norska<\/title>\n<meta name=\"robots\" content=\"noindex, follow, max-snippet:-1, max-image-preview:large, max-video-preview:-1\" \/>\n<meta property=\"og:locale\" content=\"nb_NO\" \/>\n<meta property=\"og:type\" content=\"article\" \/>\n<meta property=\"og:title\" content=\"Liewood, Savannah stort barnebasseng, sandy peach\" \/>\n<meta property=\"og:description\" content=\"Gj\u00f8r sommeren morsommere med Liewoods oppbl\u00e5sbare barnebassseng. Et fint motiv som gj\u00f8r at den blir en fin detalj p\u00e5 uteplassen eller gressplenen, samtidig som barna dine kommer til \u00e5 elske \u00e5 avkj\u00f8le seg i den p\u00e5 en varm sommerdag. Vakker design og n\u00f8ye materialvalg skaper dette premiumbasssenget i plast, bare det beste er godt nok! [&hellip;]\" \/>\n<meta property=\"og:url\" content=\"https:\/\/babylove.se\/no\/produkt\/liewood-savannah-stort-barnebasseng-sandy-peach\/\" \/>\n<meta property=\"og:site_name\" content=\"Babylove Norska\" \/>\n<meta property=\"article:modified_time\" content=\"2026-04-08T10:07:39+00:00\" \/>\n<meta property=\"og:image\" content=\"https:\/\/babylove.se\/no\/wp-content\/uploads\/sites\/3\/2025\/07\/609bec77b66cc.jpeg\" \/>\n\t<meta property=\"og:image:width\" content=\"750\" \/>\n\t<meta property=\"og:image:height\" content=\"750\" \/>\n\t<meta property=\"og:image:type\" content=\"image\/jpeg\" \/>\n<meta name=\"twitter:card\" content=\"summary_large_image\" \/>\n<meta name=\"twitter:label1\" content=\"Price\" \/>\n\t<meta name=\"twitter:data1\" content=\"599,00&nbsp;&#107;&#114;\" \/>\n\t<meta name=\"twitter:label2\" content=\"Availability\" \/>\n\t<meta name=\"twitter:data2\" content=\"Out of stock\" \/>\n<script type=\"application\/ld+json\" class=\"yoast-schema-graph\">{\"@context\":\"https:\/\/schema.org\",\"@graph\":[{\"@type\":\"WebPage\",\"@id\":\"https:\/\/babylove.se\/no\/produkt\/liewood-savannah-stort-barnebasseng-sandy-peach\/\",\"url\":\"https:\/\/babylove.se\/no\/produkt\/liewood-savannah-stort-barnebasseng-sandy-peach\/\",\"name\":\"Liewood, Savannah stort barnebasseng, sandy peach - Babylove Norska\",\"isPartOf\":{\"@id\":\"https:\/\/babylove.se\/no\/#website\"},\"primaryImageOfPage\":{\"@id\":\"https:\/\/babylove.se\/no\/produkt\/liewood-savannah-stort-barnebasseng-sandy-peach\/#primaryimage\"},\"image\":{\"@id\":\"https:\/\/babylove.se\/no\/produkt\/liewood-savannah-stort-barnebasseng-sandy-peach\/#primaryimage\"},\"thumbnailUrl\":\"https:\/\/babylove.se\/no\/wp-content\/uploads\/sites\/3\/2025\/07\/609bec77b66cc.jpeg\",\"datePublished\":\"2025-07-18T22:17:44+00:00\",\"dateModified\":\"2026-04-08T10:07:39+00:00\",\"breadcrumb\":{\"@id\":\"https:\/\/babylove.se\/no\/produkt\/liewood-savannah-stort-barnebasseng-sandy-peach\/#breadcrumb\"},\"inLanguage\":\"nb-NO\",\"potentialAction\":[{\"@type\":\"ReadAction\",\"target\":[\"https:\/\/babylove.se\/no\/produkt\/liewood-savannah-stort-barnebasseng-sandy-peach\/\"]}]},{\"@type\":\"ImageObject\",\"inLanguage\":\"nb-NO\",\"@id\":\"https:\/\/babylove.se\/no\/produkt\/liewood-savannah-stort-barnebasseng-sandy-peach\/#primaryimage\",\"url\":\"https:\/\/babylove.se\/no\/wp-content\/uploads\/sites\/3\/2025\/07\/609bec77b66cc.jpeg\",\"contentUrl\":\"https:\/\/babylove.se\/no\/wp-content\/uploads\/sites\/3\/2025\/07\/609bec77b66cc.jpeg\",\"width\":750,\"height\":750},{\"@type\":\"BreadcrumbList\",\"@id\":\"https:\/\/babylove.se\/no\/produkt\/liewood-savannah-stort-barnebasseng-sandy-peach\/#breadcrumb\",\"itemListElement\":[{\"@type\":\"ListItem\",\"position\":1,\"name\":\"Hem\",\"item\":\"https:\/\/babylove.se\/no\/\"},{\"@type\":\"ListItem\",\"position\":2,\"name\":\"Butik\",\"item\":\"https:\/\/babylove.se\/no\/butik\/\"},{\"@type\":\"ListItem\",\"position\":3,\"name\":\"Liewood, Savannah stort barnebasseng, sandy peach\"}]},{\"@type\":\"WebSite\",\"@id\":\"https:\/\/babylove.se\/no\/#website\",\"url\":\"https:\/\/babylove.se\/no\/\",\"name\":\"Babylove Norska\",\"description\":\"\",\"potentialAction\":[{\"@type\":\"SearchAction\",\"target\":{\"@type\":\"EntryPoint\",\"urlTemplate\":\"https:\/\/babylove.se\/no\/?s={search_term_string}\"},\"query-input\":{\"@type\":\"PropertyValueSpecification\",\"valueRequired\":true,\"valueName\":\"search_term_string\"}}],\"inLanguage\":\"nb-NO\"}]}<\/script>\n<meta property=\"product:brand\" content=\"Liewood\" \/>\n<meta property=\"product:price:amount\" content=\"599.00\" \/>\n<meta property=\"product:price:currency\" content=\"SEK\" \/>\n<meta property=\"og:availability\" content=\"out of stock\" \/>\n<meta property=\"product:availability\" content=\"out of stock\" \/>\n<meta property=\"product:retailer_item_id\" content=\"LW141652205\" \/>\n<meta property=\"product:condition\" content=\"new\" \/>\n<!-- \/ Yoast SEO Premium plugin. -->","yoast_head_json":{"title":"Liewood, Savannah stort barnebasseng, sandy peach - Babylove Norska","robots":{"index":"noindex","follow":"follow","max-snippet":"max-snippet:-1","max-image-preview":"max-image-preview:large","max-video-preview":"max-video-preview:-1"},"og_locale":"nb_NO","og_type":"article","og_title":"Liewood, Savannah stort barnebasseng, sandy peach","og_description":"Gj\u00f8r sommeren morsommere med Liewoods oppbl\u00e5sbare barnebassseng. Et fint motiv som gj\u00f8r at den blir en fin detalj p\u00e5 uteplassen eller gressplenen, samtidig som barna dine kommer til \u00e5 elske \u00e5 avkj\u00f8le seg i den p\u00e5 en varm sommerdag. Vakker design og n\u00f8ye materialvalg skaper dette premiumbasssenget i plast, bare det beste er godt nok! [&hellip;]","og_url":"https:\/\/babylove.se\/no\/produkt\/liewood-savannah-stort-barnebasseng-sandy-peach\/","og_site_name":"Babylove Norska","article_modified_time":"2026-04-08T10:07:39+00:00","og_image":[{"width":750,"height":750,"url":"https:\/\/babylove.se\/no\/wp-content\/uploads\/sites\/3\/2025\/07\/609bec77b66cc.jpeg","type":"image\/jpeg"}],"twitter_card":"summary_large_image","twitter_misc":{"Price":"599,00&nbsp;&#107;&#114;","Availability":"Out of stock"},"schema":{"@context":"https:\/\/schema.org","@graph":[{"@type":"WebPage","@id":"https:\/\/babylove.se\/no\/produkt\/liewood-savannah-stort-barnebasseng-sandy-peach\/","url":"https:\/\/babylove.se\/no\/produkt\/liewood-savannah-stort-barnebasseng-sandy-peach\/","name":"Liewood, Savannah stort barnebasseng, sandy peach - Babylove Norska","isPartOf":{"@id":"https:\/\/babylove.se\/no\/#website"},"primaryImageOfPage":{"@id":"https:\/\/babylove.se\/no\/produkt\/liewood-savannah-stort-barnebasseng-sandy-peach\/#primaryimage"},"image":{"@id":"https:\/\/babylove.se\/no\/produkt\/liewood-savannah-stort-barnebasseng-sandy-peach\/#primaryimage"},"thumbnailUrl":"https:\/\/babylove.se\/no\/wp-content\/uploads\/sites\/3\/2025\/07\/609bec77b66cc.jpeg","datePublished":"2025-07-18T22:17:44+00:00","dateModified":"2026-04-08T10:07:39+00:00","breadcrumb":{"@id":"https:\/\/babylove.se\/no\/produkt\/liewood-savannah-stort-barnebasseng-sandy-peach\/#breadcrumb"},"inLanguage":"nb-NO","potentialAction":[{"@type":"ReadAction","target":["https:\/\/babylove.se\/no\/produkt\/liewood-savannah-stort-barnebasseng-sandy-peach\/"]}]},{"@type":"ImageObject","inLanguage":"nb-NO","@id":"https:\/\/babylove.se\/no\/produkt\/liewood-savannah-stort-barnebasseng-sandy-peach\/#primaryimage","url":"https:\/\/babylove.se\/no\/wp-content\/uploads\/sites\/3\/2025\/07\/609bec77b66cc.jpeg","contentUrl":"https:\/\/babylove.se\/no\/wp-content\/uploads\/sites\/3\/2025\/07\/609bec77b66cc.jpeg","width":750,"height":750},{"@type":"BreadcrumbList","@id":"https:\/\/babylove.se\/no\/produkt\/liewood-savannah-stort-barnebasseng-sandy-peach\/#breadcrumb","itemListElement":[{"@type":"ListItem","position":1,"name":"Hem","item":"https:\/\/babylove.se\/no\/"},{"@type":"ListItem","position":2,"name":"Butik","item":"https:\/\/babylove.se\/no\/butik\/"},{"@type":"ListItem","position":3,"name":"Liewood, Savannah stort barnebasseng, sandy peach"}]},{"@type":"WebSite","@id":"https:\/\/babylove.se\/no\/#website","url":"https:\/\/babylove.se\/no\/","name":"Babylove Norska","description":"","potentialAction":[{"@type":"SearchAction","target":{"@type":"EntryPoint","urlTemplate":"https:\/\/babylove.se\/no\/?s={search_term_string}"},"query-input":{"@type":"PropertyValueSpecification","valueRequired":true,"valueName":"search_term_string"}}],"inLanguage":"nb-NO"}]},"product_brand":"Liewood","product_price_amount":"599.00","product_price_currency":"SEK","og_availability":"out of stock","product_availability":"out of stock","product_retailer_item_id":"LW141652205","product_condition":"new"},"_links":{"self":[{"href":"https:\/\/babylove.se\/no\/wp-json\/wp\/v2\/product\/24904","targetHints":{"allow":["GET"]}}],"collection":[{"href":"https:\/\/babylove.se\/no\/wp-json\/wp\/v2\/product"}],"about":[{"href":"https:\/\/babylove.se\/no\/wp-json\/wp\/v2\/types\/product"}],"replies":[{"embeddable":true,"href":"https:\/\/babylove.se\/no\/wp-json\/wp\/v2\/comments?post=24904"}],"wp:featuredmedia":[{"embeddable":true,"href":"https:\/\/babylove.se\/no\/wp-json\/wp\/v2\/media\/24906"}],"wp:attachment":[{"href":"https:\/\/babylove.se\/no\/wp-json\/wp\/v2\/media?parent=24904"}],"wp:term":[{"taxonomy":"product_brand","embeddable":true,"href":"https:\/\/babylove.se\/no\/wp-json\/wp\/v2\/product_brand?post=24904"},{"taxonomy":"product_cat","embeddable":true,"href":"https:\/\/babylove.se\/no\/wp-json\/wp\/v2\/product_cat?post=24904"},{"taxonomy":"product_tag","embeddable":true,"href":"https:\/\/babylove.se\/no\/wp-json\/wp\/v2\/product_tag?post=24904"}],"curies":[{"name":"wp","href":"https:\/\/api.w.org\/{rel}","templated":true}]}}