{"id":25010,"date":"2025-07-18T23:18:28","date_gmt":"2025-07-18T22:18:28","guid":{"rendered":"https:\/\/babylove.se\/produkt\/dekornik-vaggklistermarken-meadow-flowers-pastel\/"},"modified":"2026-04-08T11:08:46","modified_gmt":"2026-04-08T10:08:46","slug":"dekornik-veggklistremerker-eng-blomster-pastell","status":"publish","type":"product","link":"https:\/\/babylove.se\/no\/produkt\/dekornik-veggklistremerker-eng-blomster-pastell\/","title":{"rendered":"Dekornik, veggklistremerker Meadow Flowers Pastel"},"content":{"rendered":"<p>En vakker veggdekorasjon som passer perfekt p\u00e5 veggen ved siden av eller rett bak sengen, uansett om det er en sprinkelseng eller en juniorseng s\u00e5 vil disse l\u00f8fte barnerommets innredning til himmelsk niv\u00e5. \\n \\nVi vet at blomster er sv\u00e6rt popul\u00e6re blant barn, og denne veggdekorasjonen er b\u00e5de levende og unik. \\n \\nSelvklebende klistremerker dekket med et ekstra beskyttende lag, for \u00e5 holde smuss og falming fra sollys unna. Det gj\u00f8r ogs\u00e5 at du enkelt kan t\u00f8rke av dem med en lett fuktet klut. \\n \\nLimet er meget sterkt og ikke noe som barnet ditt vil kunne rive ned. \\n \\n<strong><u>L-settet best\u00e5r av:<\/u><\/strong> \\n<\/p>\n<ul> \\n \\t<\/p>\n<li>Store blomster: 94&#215;60 cm<\/li>\n<p> \\n \\t<\/p>\n<li>2 sm\u00e5 blomster : 36&#215;36 cm<\/li>\n<p> \\n \\t<\/p>\n<li>Kvister: 7-22 cm h\u00f8ye<\/li>\n<p> \\n<\/ul>\n<p> \\n<strong><u>S-settet: best\u00e5r av:<\/u><\/strong> \\n<\/p>\n<ul> \\n \\t<\/p>\n<li>Store blomster: 65&#215;42 cm<\/li>\n<p> \\n \\t<\/p>\n<li>2 sm\u00e5 blomster : 25&#215;25 cm<\/li>\n<p> \\n \\t<\/p>\n<li>Kvister: 5-12 cm h\u00f8ye<\/li>\n<p> \\n<\/ul>\n<p> \\nDesigner: <a href=\"https:\/\/babylove.se\/varumarken\/dekornik\"><u>Dekornik<\/u><\/a> \\n \\n<u><u>Obs! Klistremerkene er ikke egnet for vegger med en grov overflate eller hvis de er malt med lateksmaling eller tapetsert.<\/u><\/u><\/p>\n","protected":false},"excerpt":{"rendered":"<p>En vakker veggdekorasjon som passer perfekt p\u00e5 veggen ved siden av eller rett bak sengen, uansett om det er en sprinkelseng eller en juniorseng s\u00e5 vil disse l\u00f8fte barnerommets innredning til himmelsk niv\u00e5. \\n \\nVi vet at blomster er sv\u00e6rt popul\u00e6re blant barn, og denne veggdekorasjonen er b\u00e5de levende og unik. \\n \\nSelvklebende klistremerker dekket [&hellip;]<\/p>\n","protected":false},"featured_media":25012,"comment_status":"open","ping_status":"closed","template":"","meta":{"_acf_changed":false},"product_brand":[190],"product_cat":[199,191,29,24],"product_tag":[],"class_list":{"0":"post-25010","1":"product","2":"type-product","3":"status-publish","4":"has-post-thumbnail","6":"product_brand-dekornik","7":"product_cat-blomstrete","8":"product_cat-dekornik","9":"product_cat-veggdekorasjoner","10":"product_cat-veggklistremerker","11":"pa_storlek-l","12":"pa_storlek-s","14":"first","15":"instock","16":"taxable","17":"shipping-taxable","18":"purchasable","19":"product-type-variable"},"acf":[],"yoast_head":"<!-- This site is optimized with the Yoast SEO Premium plugin v25.8 (Yoast SEO v27.2) - https:\/\/yoast.com\/product\/yoast-seo-premium-wordpress\/ -->\n<title>Dekornik, veggklistremerker Meadow Flowers Pastel - Babylove Norska<\/title>\n<meta name=\"robots\" content=\"noindex, follow, max-snippet:-1, max-image-preview:large, max-video-preview:-1\" \/>\n<meta property=\"og:locale\" content=\"nb_NO\" \/>\n<meta property=\"og:type\" content=\"article\" \/>\n<meta property=\"og:title\" content=\"Dekornik, veggklistremerker Meadow Flowers Pastel\" \/>\n<meta property=\"og:description\" content=\"En vakker veggdekorasjon som passer perfekt p\u00e5 veggen ved siden av eller rett bak sengen, uansett om det er en sprinkelseng eller en juniorseng s\u00e5 vil disse l\u00f8fte barnerommets innredning til himmelsk niv\u00e5. n nVi vet at blomster er sv\u00e6rt popul\u00e6re blant barn, og denne veggdekorasjonen er b\u00e5de levende og unik. n nSelvklebende klistremerker dekket [&hellip;]\" \/>\n<meta property=\"og:url\" content=\"https:\/\/babylove.se\/no\/produkt\/dekornik-veggklistremerker-eng-blomster-pastell\/\" \/>\n<meta property=\"og:site_name\" content=\"Babylove Norska\" \/>\n<meta property=\"article:modified_time\" content=\"2026-04-08T10:08:46+00:00\" \/>\n<meta property=\"og:image\" content=\"https:\/\/babylove.se\/no\/wp-content\/uploads\/sites\/3\/2025\/07\/609c10287c20a.jpeg\" \/>\n\t<meta property=\"og:image:width\" content=\"750\" \/>\n\t<meta property=\"og:image:height\" content=\"750\" \/>\n\t<meta property=\"og:image:type\" content=\"image\/jpeg\" \/>\n<meta name=\"twitter:card\" content=\"summary_large_image\" \/>\n<meta name=\"twitter:label1\" content=\"Availability\" \/>\n\t<meta name=\"twitter:data1\" content=\"In stock\" \/>\n<script type=\"application\/ld+json\" class=\"yoast-schema-graph\">{\"@context\":\"https:\/\/schema.org\",\"@graph\":[{\"@type\":\"WebPage\",\"@id\":\"https:\/\/babylove.se\/no\/produkt\/dekornik-veggklistremerker-eng-blomster-pastell\/\",\"url\":\"https:\/\/babylove.se\/no\/produkt\/dekornik-veggklistremerker-eng-blomster-pastell\/\",\"name\":\"Dekornik, veggklistremerker Meadow Flowers Pastel - Babylove Norska\",\"isPartOf\":{\"@id\":\"https:\/\/babylove.se\/no\/#website\"},\"primaryImageOfPage\":{\"@id\":\"https:\/\/babylove.se\/no\/produkt\/dekornik-veggklistremerker-eng-blomster-pastell\/#primaryimage\"},\"image\":{\"@id\":\"https:\/\/babylove.se\/no\/produkt\/dekornik-veggklistremerker-eng-blomster-pastell\/#primaryimage\"},\"thumbnailUrl\":\"https:\/\/babylove.se\/no\/wp-content\/uploads\/sites\/3\/2025\/07\/609c10287c20a.jpeg\",\"datePublished\":\"2025-07-18T22:18:28+00:00\",\"dateModified\":\"2026-04-08T10:08:46+00:00\",\"breadcrumb\":{\"@id\":\"https:\/\/babylove.se\/no\/produkt\/dekornik-veggklistremerker-eng-blomster-pastell\/#breadcrumb\"},\"inLanguage\":\"nb-NO\",\"potentialAction\":[{\"@type\":\"ReadAction\",\"target\":[\"https:\/\/babylove.se\/no\/produkt\/dekornik-veggklistremerker-eng-blomster-pastell\/\"]}]},{\"@type\":\"ImageObject\",\"inLanguage\":\"nb-NO\",\"@id\":\"https:\/\/babylove.se\/no\/produkt\/dekornik-veggklistremerker-eng-blomster-pastell\/#primaryimage\",\"url\":\"https:\/\/babylove.se\/no\/wp-content\/uploads\/sites\/3\/2025\/07\/609c10287c20a.jpeg\",\"contentUrl\":\"https:\/\/babylove.se\/no\/wp-content\/uploads\/sites\/3\/2025\/07\/609c10287c20a.jpeg\",\"width\":750,\"height\":750},{\"@type\":\"BreadcrumbList\",\"@id\":\"https:\/\/babylove.se\/no\/produkt\/dekornik-veggklistremerker-eng-blomster-pastell\/#breadcrumb\",\"itemListElement\":[{\"@type\":\"ListItem\",\"position\":1,\"name\":\"Hem\",\"item\":\"https:\/\/babylove.se\/no\/\"},{\"@type\":\"ListItem\",\"position\":2,\"name\":\"Butik\",\"item\":\"https:\/\/babylove.se\/no\/butik\/\"},{\"@type\":\"ListItem\",\"position\":3,\"name\":\"Dekornik, veggklistremerker Meadow Flowers Pastel\"}]},{\"@type\":\"WebSite\",\"@id\":\"https:\/\/babylove.se\/no\/#website\",\"url\":\"https:\/\/babylove.se\/no\/\",\"name\":\"Babylove Norska\",\"description\":\"\",\"potentialAction\":[{\"@type\":\"SearchAction\",\"target\":{\"@type\":\"EntryPoint\",\"urlTemplate\":\"https:\/\/babylove.se\/no\/?s={search_term_string}\"},\"query-input\":{\"@type\":\"PropertyValueSpecification\",\"valueRequired\":true,\"valueName\":\"search_term_string\"}}],\"inLanguage\":\"nb-NO\"}]}<\/script>\n<meta property=\"product:brand\" content=\"Dekornik\" \/>\n<meta property=\"og:availability\" content=\"instock\" \/>\n<meta property=\"product:availability\" content=\"instock\" \/>\n<meta property=\"product:retailer_item_id\" content=\"DEKO.N.NNM.091\" \/>\n<meta property=\"product:condition\" content=\"new\" \/>\n<!-- \/ Yoast SEO Premium plugin. -->","yoast_head_json":{"title":"Dekornik, veggklistremerker Meadow Flowers Pastel - Babylove Norska","robots":{"index":"noindex","follow":"follow","max-snippet":"max-snippet:-1","max-image-preview":"max-image-preview:large","max-video-preview":"max-video-preview:-1"},"og_locale":"nb_NO","og_type":"article","og_title":"Dekornik, veggklistremerker Meadow Flowers Pastel","og_description":"En vakker veggdekorasjon som passer perfekt p\u00e5 veggen ved siden av eller rett bak sengen, uansett om det er en sprinkelseng eller en juniorseng s\u00e5 vil disse l\u00f8fte barnerommets innredning til himmelsk niv\u00e5. n nVi vet at blomster er sv\u00e6rt popul\u00e6re blant barn, og denne veggdekorasjonen er b\u00e5de levende og unik. n nSelvklebende klistremerker dekket [&hellip;]","og_url":"https:\/\/babylove.se\/no\/produkt\/dekornik-veggklistremerker-eng-blomster-pastell\/","og_site_name":"Babylove Norska","article_modified_time":"2026-04-08T10:08:46+00:00","og_image":[{"width":750,"height":750,"url":"https:\/\/babylove.se\/no\/wp-content\/uploads\/sites\/3\/2025\/07\/609c10287c20a.jpeg","type":"image\/jpeg"}],"twitter_card":"summary_large_image","twitter_misc":{"Availability":"In stock"},"schema":{"@context":"https:\/\/schema.org","@graph":[{"@type":"WebPage","@id":"https:\/\/babylove.se\/no\/produkt\/dekornik-veggklistremerker-eng-blomster-pastell\/","url":"https:\/\/babylove.se\/no\/produkt\/dekornik-veggklistremerker-eng-blomster-pastell\/","name":"Dekornik, veggklistremerker Meadow Flowers Pastel - Babylove Norska","isPartOf":{"@id":"https:\/\/babylove.se\/no\/#website"},"primaryImageOfPage":{"@id":"https:\/\/babylove.se\/no\/produkt\/dekornik-veggklistremerker-eng-blomster-pastell\/#primaryimage"},"image":{"@id":"https:\/\/babylove.se\/no\/produkt\/dekornik-veggklistremerker-eng-blomster-pastell\/#primaryimage"},"thumbnailUrl":"https:\/\/babylove.se\/no\/wp-content\/uploads\/sites\/3\/2025\/07\/609c10287c20a.jpeg","datePublished":"2025-07-18T22:18:28+00:00","dateModified":"2026-04-08T10:08:46+00:00","breadcrumb":{"@id":"https:\/\/babylove.se\/no\/produkt\/dekornik-veggklistremerker-eng-blomster-pastell\/#breadcrumb"},"inLanguage":"nb-NO","potentialAction":[{"@type":"ReadAction","target":["https:\/\/babylove.se\/no\/produkt\/dekornik-veggklistremerker-eng-blomster-pastell\/"]}]},{"@type":"ImageObject","inLanguage":"nb-NO","@id":"https:\/\/babylove.se\/no\/produkt\/dekornik-veggklistremerker-eng-blomster-pastell\/#primaryimage","url":"https:\/\/babylove.se\/no\/wp-content\/uploads\/sites\/3\/2025\/07\/609c10287c20a.jpeg","contentUrl":"https:\/\/babylove.se\/no\/wp-content\/uploads\/sites\/3\/2025\/07\/609c10287c20a.jpeg","width":750,"height":750},{"@type":"BreadcrumbList","@id":"https:\/\/babylove.se\/no\/produkt\/dekornik-veggklistremerker-eng-blomster-pastell\/#breadcrumb","itemListElement":[{"@type":"ListItem","position":1,"name":"Hem","item":"https:\/\/babylove.se\/no\/"},{"@type":"ListItem","position":2,"name":"Butik","item":"https:\/\/babylove.se\/no\/butik\/"},{"@type":"ListItem","position":3,"name":"Dekornik, veggklistremerker Meadow Flowers Pastel"}]},{"@type":"WebSite","@id":"https:\/\/babylove.se\/no\/#website","url":"https:\/\/babylove.se\/no\/","name":"Babylove Norska","description":"","potentialAction":[{"@type":"SearchAction","target":{"@type":"EntryPoint","urlTemplate":"https:\/\/babylove.se\/no\/?s={search_term_string}"},"query-input":{"@type":"PropertyValueSpecification","valueRequired":true,"valueName":"search_term_string"}}],"inLanguage":"nb-NO"}]},"product_brand":"Dekornik","og_availability":"instock","product_availability":"instock","product_retailer_item_id":"DEKO.N.NNM.091","product_condition":"new"},"_links":{"self":[{"href":"https:\/\/babylove.se\/no\/wp-json\/wp\/v2\/product\/25010","targetHints":{"allow":["GET"]}}],"collection":[{"href":"https:\/\/babylove.se\/no\/wp-json\/wp\/v2\/product"}],"about":[{"href":"https:\/\/babylove.se\/no\/wp-json\/wp\/v2\/types\/product"}],"replies":[{"embeddable":true,"href":"https:\/\/babylove.se\/no\/wp-json\/wp\/v2\/comments?post=25010"}],"wp:featuredmedia":[{"embeddable":true,"href":"https:\/\/babylove.se\/no\/wp-json\/wp\/v2\/media\/25012"}],"wp:attachment":[{"href":"https:\/\/babylove.se\/no\/wp-json\/wp\/v2\/media?parent=25010"}],"wp:term":[{"taxonomy":"product_brand","embeddable":true,"href":"https:\/\/babylove.se\/no\/wp-json\/wp\/v2\/product_brand?post=25010"},{"taxonomy":"product_cat","embeddable":true,"href":"https:\/\/babylove.se\/no\/wp-json\/wp\/v2\/product_cat?post=25010"},{"taxonomy":"product_tag","embeddable":true,"href":"https:\/\/babylove.se\/no\/wp-json\/wp\/v2\/product_tag?post=25010"}],"curies":[{"name":"wp","href":"https:\/\/api.w.org\/{rel}","templated":true}]}}