{"id":25027,"date":"2025-07-18T23:18:28","date_gmt":"2025-07-18T22:18:28","guid":{"rendered":"https:\/\/babylove.se\/produkt\/dekornik-vaggklistermarken-meadow-flowers-miniset\/"},"modified":"2026-04-08T11:08:52","modified_gmt":"2026-04-08T10:08:52","slug":"dekornik-veggklistremerker-meadow-flowers-miniset","status":"publish","type":"product","link":"https:\/\/babylove.se\/no\/produkt\/dekornik-veggklistremerker-meadow-flowers-miniset\/","title":{"rendered":"Dekornik, veggklistremerker Meadow Flowers Miniset"},"content":{"rendered":"<p>En vakker veggdekorasjon som passer perfekt p\u00e5 veggen ved siden av eller direkte bak sengen, uansett om det er en spilseng eller en juniorseng s\u00e5 vil disse l\u00f8fte barneroms-innredningen din til himmelske niv\u00e5er. \\n \\nVi vet at blomster er sv\u00e6rt verdsatt av barn, og denne veggdekorasjonen er b\u00e5de levende som unik. \\n \\nSelvklebende klistremerker dekket med et ekstra beskyttelse, for \u00e5 holde skitt og bleking fra sollys unna. Det gj\u00f8r ogs\u00e5 at du enkelt kan t\u00f8rke av dem med en lett fuktet klut. \\n \\n<strong>M\u00e5l<\/strong>: \\n<\/p>\n<ul> \\n \\t<\/p>\n<li>Hele arket er 50 x 50 cm men alle elementene kan settes opp etter dine egne \u00f8nsker<\/li>\n<p> \\n \\t<\/p>\n<li>De store blomstene er 26 x 26 cm og 30&#215;30 cm<\/li>\n<p> \\n \\t<\/p>\n<li>De sm\u00e5 blomstene er mellom 4 og 10 cm<\/li>\n<p> \\n<\/ul>\n<p> \\nDesigner: <a href=\"https:\/\/babylove.se\/varumarken\/dekornik\"><u>Dekornik<\/u><\/a> \\n \\n<u><u>Obs! Klistremerkene er ikke egnet for vegger med en grov overflate eller hvis de er malt med lateksfarger eller tapetsert.<\/u><\/u><\/p>\n","protected":false},"excerpt":{"rendered":"<p>En vakker veggdekorasjon som passer perfekt p\u00e5 veggen ved siden av eller direkte bak sengen, uansett om det er en spilseng eller en juniorseng s\u00e5 vil disse l\u00f8fte barneroms-innredningen din til himmelske niv\u00e5er. \\n \\nVi vet at blomster er sv\u00e6rt verdsatt av barn, og denne veggdekorasjonen er b\u00e5de levende som unik. \\n \\nSelvklebende klistremerker dekket [&hellip;]<\/p>\n","protected":false},"featured_media":25029,"comment_status":"closed","ping_status":"closed","template":"","meta":{"_acf_changed":false},"product_brand":[190],"product_cat":[199,191,29,24],"product_tag":[1709],"class_list":{"0":"post-25027","1":"product","2":"type-product","3":"status-publish","4":"has-post-thumbnail","6":"product_brand-dekornik","7":"product_cat-blomstrete","8":"product_cat-dekornik","9":"product_cat-veggdekorasjoner","10":"product_cat-veggklistremerker","11":"product_tag-utforsalg","13":"first","14":"outofstock","15":"taxable","16":"shipping-taxable","17":"purchasable","18":"product-type-simple"},"acf":[],"yoast_head":"<!-- This site is optimized with the Yoast SEO Premium plugin v25.8 (Yoast SEO v27.2) - https:\/\/yoast.com\/product\/yoast-seo-premium-wordpress\/ -->\n<title>Dekornik, veggklistremerker Meadow Flowers Miniset - Babylove Norska<\/title>\n<meta name=\"robots\" content=\"noindex, follow, max-snippet:-1, max-image-preview:large, max-video-preview:-1\" \/>\n<meta property=\"og:locale\" content=\"nb_NO\" \/>\n<meta property=\"og:type\" content=\"article\" \/>\n<meta property=\"og:title\" content=\"Dekornik, veggklistremerker Meadow Flowers Miniset\" \/>\n<meta property=\"og:description\" content=\"En vakker veggdekorasjon som passer perfekt p\u00e5 veggen ved siden av eller direkte bak sengen, uansett om det er en spilseng eller en juniorseng s\u00e5 vil disse l\u00f8fte barneroms-innredningen din til himmelske niv\u00e5er. n nVi vet at blomster er sv\u00e6rt verdsatt av barn, og denne veggdekorasjonen er b\u00e5de levende som unik. n nSelvklebende klistremerker dekket [&hellip;]\" \/>\n<meta property=\"og:url\" content=\"https:\/\/babylove.se\/no\/produkt\/dekornik-veggklistremerker-meadow-flowers-miniset\/\" \/>\n<meta property=\"og:site_name\" content=\"Babylove Norska\" \/>\n<meta property=\"article:modified_time\" content=\"2026-04-08T10:08:52+00:00\" \/>\n<meta property=\"og:image\" content=\"https:\/\/babylove.se\/no\/wp-content\/uploads\/sites\/3\/2025\/07\/609c1284dbec1.jpeg\" \/>\n\t<meta property=\"og:image:width\" content=\"750\" \/>\n\t<meta property=\"og:image:height\" content=\"750\" \/>\n\t<meta property=\"og:image:type\" content=\"image\/jpeg\" \/>\n<meta name=\"twitter:card\" content=\"summary_large_image\" \/>\n<meta name=\"twitter:label1\" content=\"Price\" \/>\n\t<meta name=\"twitter:data1\" content=\"339,00&nbsp;&#107;&#114;\" \/>\n\t<meta name=\"twitter:label2\" content=\"Availability\" \/>\n\t<meta name=\"twitter:data2\" content=\"Out of stock\" \/>\n<script type=\"application\/ld+json\" class=\"yoast-schema-graph\">{\"@context\":\"https:\/\/schema.org\",\"@graph\":[{\"@type\":\"WebPage\",\"@id\":\"https:\/\/babylove.se\/no\/produkt\/dekornik-veggklistremerker-meadow-flowers-miniset\/\",\"url\":\"https:\/\/babylove.se\/no\/produkt\/dekornik-veggklistremerker-meadow-flowers-miniset\/\",\"name\":\"Dekornik, veggklistremerker Meadow Flowers Miniset - Babylove Norska\",\"isPartOf\":{\"@id\":\"https:\/\/babylove.se\/no\/#website\"},\"primaryImageOfPage\":{\"@id\":\"https:\/\/babylove.se\/no\/produkt\/dekornik-veggklistremerker-meadow-flowers-miniset\/#primaryimage\"},\"image\":{\"@id\":\"https:\/\/babylove.se\/no\/produkt\/dekornik-veggklistremerker-meadow-flowers-miniset\/#primaryimage\"},\"thumbnailUrl\":\"https:\/\/babylove.se\/no\/wp-content\/uploads\/sites\/3\/2025\/07\/609c1284dbec1.jpeg\",\"datePublished\":\"2025-07-18T22:18:28+00:00\",\"dateModified\":\"2026-04-08T10:08:52+00:00\",\"breadcrumb\":{\"@id\":\"https:\/\/babylove.se\/no\/produkt\/dekornik-veggklistremerker-meadow-flowers-miniset\/#breadcrumb\"},\"inLanguage\":\"nb-NO\",\"potentialAction\":[{\"@type\":\"ReadAction\",\"target\":[\"https:\/\/babylove.se\/no\/produkt\/dekornik-veggklistremerker-meadow-flowers-miniset\/\"]}]},{\"@type\":\"ImageObject\",\"inLanguage\":\"nb-NO\",\"@id\":\"https:\/\/babylove.se\/no\/produkt\/dekornik-veggklistremerker-meadow-flowers-miniset\/#primaryimage\",\"url\":\"https:\/\/babylove.se\/no\/wp-content\/uploads\/sites\/3\/2025\/07\/609c1284dbec1.jpeg\",\"contentUrl\":\"https:\/\/babylove.se\/no\/wp-content\/uploads\/sites\/3\/2025\/07\/609c1284dbec1.jpeg\",\"width\":750,\"height\":750},{\"@type\":\"BreadcrumbList\",\"@id\":\"https:\/\/babylove.se\/no\/produkt\/dekornik-veggklistremerker-meadow-flowers-miniset\/#breadcrumb\",\"itemListElement\":[{\"@type\":\"ListItem\",\"position\":1,\"name\":\"Hem\",\"item\":\"https:\/\/babylove.se\/no\/\"},{\"@type\":\"ListItem\",\"position\":2,\"name\":\"Butik\",\"item\":\"https:\/\/babylove.se\/no\/butik\/\"},{\"@type\":\"ListItem\",\"position\":3,\"name\":\"Dekornik, veggklistremerker Meadow Flowers Miniset\"}]},{\"@type\":\"WebSite\",\"@id\":\"https:\/\/babylove.se\/no\/#website\",\"url\":\"https:\/\/babylove.se\/no\/\",\"name\":\"Babylove Norska\",\"description\":\"\",\"potentialAction\":[{\"@type\":\"SearchAction\",\"target\":{\"@type\":\"EntryPoint\",\"urlTemplate\":\"https:\/\/babylove.se\/no\/?s={search_term_string}\"},\"query-input\":{\"@type\":\"PropertyValueSpecification\",\"valueRequired\":true,\"valueName\":\"search_term_string\"}}],\"inLanguage\":\"nb-NO\"}]}<\/script>\n<meta property=\"product:brand\" content=\"Dekornik\" \/>\n<meta property=\"product:price:amount\" content=\"339.00\" \/>\n<meta property=\"product:price:currency\" content=\"SEK\" \/>\n<meta property=\"og:availability\" content=\"out of stock\" \/>\n<meta property=\"product:availability\" content=\"out of stock\" \/>\n<meta property=\"product:retailer_item_id\" content=\"DEKO.N.NNM.092_S\" \/>\n<meta property=\"product:condition\" content=\"new\" \/>\n<!-- \/ Yoast SEO Premium plugin. -->","yoast_head_json":{"title":"Dekornik, veggklistremerker Meadow Flowers Miniset - Babylove Norska","robots":{"index":"noindex","follow":"follow","max-snippet":"max-snippet:-1","max-image-preview":"max-image-preview:large","max-video-preview":"max-video-preview:-1"},"og_locale":"nb_NO","og_type":"article","og_title":"Dekornik, veggklistremerker Meadow Flowers Miniset","og_description":"En vakker veggdekorasjon som passer perfekt p\u00e5 veggen ved siden av eller direkte bak sengen, uansett om det er en spilseng eller en juniorseng s\u00e5 vil disse l\u00f8fte barneroms-innredningen din til himmelske niv\u00e5er. n nVi vet at blomster er sv\u00e6rt verdsatt av barn, og denne veggdekorasjonen er b\u00e5de levende som unik. n nSelvklebende klistremerker dekket [&hellip;]","og_url":"https:\/\/babylove.se\/no\/produkt\/dekornik-veggklistremerker-meadow-flowers-miniset\/","og_site_name":"Babylove Norska","article_modified_time":"2026-04-08T10:08:52+00:00","og_image":[{"width":750,"height":750,"url":"https:\/\/babylove.se\/no\/wp-content\/uploads\/sites\/3\/2025\/07\/609c1284dbec1.jpeg","type":"image\/jpeg"}],"twitter_card":"summary_large_image","twitter_misc":{"Price":"339,00&nbsp;&#107;&#114;","Availability":"Out of stock"},"schema":{"@context":"https:\/\/schema.org","@graph":[{"@type":"WebPage","@id":"https:\/\/babylove.se\/no\/produkt\/dekornik-veggklistremerker-meadow-flowers-miniset\/","url":"https:\/\/babylove.se\/no\/produkt\/dekornik-veggklistremerker-meadow-flowers-miniset\/","name":"Dekornik, veggklistremerker Meadow Flowers Miniset - Babylove Norska","isPartOf":{"@id":"https:\/\/babylove.se\/no\/#website"},"primaryImageOfPage":{"@id":"https:\/\/babylove.se\/no\/produkt\/dekornik-veggklistremerker-meadow-flowers-miniset\/#primaryimage"},"image":{"@id":"https:\/\/babylove.se\/no\/produkt\/dekornik-veggklistremerker-meadow-flowers-miniset\/#primaryimage"},"thumbnailUrl":"https:\/\/babylove.se\/no\/wp-content\/uploads\/sites\/3\/2025\/07\/609c1284dbec1.jpeg","datePublished":"2025-07-18T22:18:28+00:00","dateModified":"2026-04-08T10:08:52+00:00","breadcrumb":{"@id":"https:\/\/babylove.se\/no\/produkt\/dekornik-veggklistremerker-meadow-flowers-miniset\/#breadcrumb"},"inLanguage":"nb-NO","potentialAction":[{"@type":"ReadAction","target":["https:\/\/babylove.se\/no\/produkt\/dekornik-veggklistremerker-meadow-flowers-miniset\/"]}]},{"@type":"ImageObject","inLanguage":"nb-NO","@id":"https:\/\/babylove.se\/no\/produkt\/dekornik-veggklistremerker-meadow-flowers-miniset\/#primaryimage","url":"https:\/\/babylove.se\/no\/wp-content\/uploads\/sites\/3\/2025\/07\/609c1284dbec1.jpeg","contentUrl":"https:\/\/babylove.se\/no\/wp-content\/uploads\/sites\/3\/2025\/07\/609c1284dbec1.jpeg","width":750,"height":750},{"@type":"BreadcrumbList","@id":"https:\/\/babylove.se\/no\/produkt\/dekornik-veggklistremerker-meadow-flowers-miniset\/#breadcrumb","itemListElement":[{"@type":"ListItem","position":1,"name":"Hem","item":"https:\/\/babylove.se\/no\/"},{"@type":"ListItem","position":2,"name":"Butik","item":"https:\/\/babylove.se\/no\/butik\/"},{"@type":"ListItem","position":3,"name":"Dekornik, veggklistremerker Meadow Flowers Miniset"}]},{"@type":"WebSite","@id":"https:\/\/babylove.se\/no\/#website","url":"https:\/\/babylove.se\/no\/","name":"Babylove Norska","description":"","potentialAction":[{"@type":"SearchAction","target":{"@type":"EntryPoint","urlTemplate":"https:\/\/babylove.se\/no\/?s={search_term_string}"},"query-input":{"@type":"PropertyValueSpecification","valueRequired":true,"valueName":"search_term_string"}}],"inLanguage":"nb-NO"}]},"product_brand":"Dekornik","product_price_amount":"339.00","product_price_currency":"SEK","og_availability":"out of stock","product_availability":"out of stock","product_retailer_item_id":"DEKO.N.NNM.092_S","product_condition":"new"},"_links":{"self":[{"href":"https:\/\/babylove.se\/no\/wp-json\/wp\/v2\/product\/25027","targetHints":{"allow":["GET"]}}],"collection":[{"href":"https:\/\/babylove.se\/no\/wp-json\/wp\/v2\/product"}],"about":[{"href":"https:\/\/babylove.se\/no\/wp-json\/wp\/v2\/types\/product"}],"replies":[{"embeddable":true,"href":"https:\/\/babylove.se\/no\/wp-json\/wp\/v2\/comments?post=25027"}],"wp:featuredmedia":[{"embeddable":true,"href":"https:\/\/babylove.se\/no\/wp-json\/wp\/v2\/media\/25029"}],"wp:attachment":[{"href":"https:\/\/babylove.se\/no\/wp-json\/wp\/v2\/media?parent=25027"}],"wp:term":[{"taxonomy":"product_brand","embeddable":true,"href":"https:\/\/babylove.se\/no\/wp-json\/wp\/v2\/product_brand?post=25027"},{"taxonomy":"product_cat","embeddable":true,"href":"https:\/\/babylove.se\/no\/wp-json\/wp\/v2\/product_cat?post=25027"},{"taxonomy":"product_tag","embeddable":true,"href":"https:\/\/babylove.se\/no\/wp-json\/wp\/v2\/product_tag?post=25027"}],"curies":[{"name":"wp","href":"https:\/\/api.w.org\/{rel}","templated":true}]}}