{"id":25050,"date":"2025-07-18T23:18:49","date_gmt":"2025-07-18T22:18:49","guid":{"rendered":"https:\/\/babylove.se\/produkt\/dekornik-vaggklistermarken-ducks-on-the-lake\/"},"modified":"2026-04-08T11:09:04","modified_gmt":"2026-04-08T10:09:04","slug":"dekornik-veggklistremerker-ducks-on-the-lake","status":"publish","type":"product","link":"https:\/\/babylove.se\/no\/produkt\/dekornik-veggklistremerker-ducks-on-the-lake\/","title":{"rendered":"Dekornik, veggklistremerker Ducks on the Lake"},"content":{"rendered":"<p>Et fantastisk motiv som du har mulighet til \u00e5 innrede barnerommet ditt med for \u00e5 skape et deilig og vakkert milj\u00f8. \\n \\n7 s\u00f8te ender med tilh\u00f8rende kvister og siv som skaper en egen magisk verden og som barnet ditt kommer til \u00e5 elske og f\u00f8le seg trygt med. \\n \\nDu monterer dem enkelt hver for seg. \\n \\n<strong>M\u00e5l<\/strong>: Finnes i to st\u00f8rrelser \\n<\/p>\n<ul> \\n \\t<\/p>\n<li>S- Store ender cirka 30&#215;30 cm, siv 35&#215;37 cm, \u00f8vrige elementer mellom 6-12 cm<\/li>\n<p> \\n \\t<\/p>\n<li>L- Store ender cirka 41&#215;42 cm, siv 51&#215;53 cm, \u00f8vrige elementer mellom 6-23 cm<\/li>\n<p> \\n<\/ul>\n<p> \\nDesigner: <a href=\"https:\/\/babylove.se\/varumarken\/dekornik\">Dekornik<\/a> \\n \\n<u>Obs! Klistremerkene er ikke egnet for vegger med en grov overflate eller hvis de er malt med lateksmaling eller tapetsert.<\/u><\/p>\n","protected":false},"excerpt":{"rendered":"<p>Et fantastisk motiv som du har mulighet til \u00e5 innrede barnerommet ditt med for \u00e5 skape et deilig og vakkert milj\u00f8. \\n \\n7 s\u00f8te ender med tilh\u00f8rende kvister og siv som skaper en egen magisk verden og som barnet ditt kommer til \u00e5 elske og f\u00f8le seg trygt med. \\n \\nDu monterer dem enkelt hver [&hellip;]<\/p>\n","protected":false},"featured_media":25052,"comment_status":"closed","ping_status":"closed","template":"","meta":{"_acf_changed":false},"product_brand":[190],"product_cat":[191,90,29,24],"product_tag":[],"class_list":{"0":"post-25050","1":"product","2":"type-product","3":"status-publish","4":"has-post-thumbnail","6":"product_brand-dekornik","7":"product_cat-dekornik","8":"product_cat-dyr","9":"product_cat-veggdekorasjoner","10":"product_cat-veggklistremerker","11":"pa_storlek-l","12":"pa_storlek-s","14":"first","15":"instock","16":"taxable","17":"shipping-taxable","18":"purchasable","19":"product-type-variable"},"acf":[],"yoast_head":"<!-- This site is optimized with the Yoast SEO Premium plugin v25.8 (Yoast SEO v27.2) - https:\/\/yoast.com\/product\/yoast-seo-premium-wordpress\/ -->\n<title>Dekornik, veggklistremerker Ducks on the Lake - Babylove Norska<\/title>\n<meta name=\"robots\" content=\"noindex, follow, max-snippet:-1, max-image-preview:large, max-video-preview:-1\" \/>\n<meta property=\"og:locale\" content=\"nb_NO\" \/>\n<meta property=\"og:type\" content=\"article\" \/>\n<meta property=\"og:title\" content=\"Dekornik, veggklistremerker Ducks on the Lake\" \/>\n<meta property=\"og:description\" content=\"Et fantastisk motiv som du har mulighet til \u00e5 innrede barnerommet ditt med for \u00e5 skape et deilig og vakkert milj\u00f8. n n7 s\u00f8te ender med tilh\u00f8rende kvister og siv som skaper en egen magisk verden og som barnet ditt kommer til \u00e5 elske og f\u00f8le seg trygt med. n nDu monterer dem enkelt hver [&hellip;]\" \/>\n<meta property=\"og:url\" content=\"https:\/\/babylove.se\/no\/produkt\/dekornik-veggklistremerker-ducks-on-the-lake\/\" \/>\n<meta property=\"og:site_name\" content=\"Babylove Norska\" \/>\n<meta property=\"article:modified_time\" content=\"2026-04-08T10:09:04+00:00\" \/>\n<meta property=\"og:image\" content=\"https:\/\/babylove.se\/no\/wp-content\/uploads\/sites\/3\/2025\/07\/609c16f32959e.jpeg\" \/>\n\t<meta property=\"og:image:width\" content=\"750\" \/>\n\t<meta property=\"og:image:height\" content=\"750\" \/>\n\t<meta property=\"og:image:type\" content=\"image\/jpeg\" \/>\n<meta name=\"twitter:card\" content=\"summary_large_image\" \/>\n<meta name=\"twitter:label1\" content=\"Availability\" \/>\n\t<meta name=\"twitter:data1\" content=\"In stock\" \/>\n<script type=\"application\/ld+json\" class=\"yoast-schema-graph\">{\"@context\":\"https:\/\/schema.org\",\"@graph\":[{\"@type\":\"WebPage\",\"@id\":\"https:\/\/babylove.se\/no\/produkt\/dekornik-veggklistremerker-ducks-on-the-lake\/\",\"url\":\"https:\/\/babylove.se\/no\/produkt\/dekornik-veggklistremerker-ducks-on-the-lake\/\",\"name\":\"Dekornik, veggklistremerker Ducks on the Lake - Babylove Norska\",\"isPartOf\":{\"@id\":\"https:\/\/babylove.se\/no\/#website\"},\"primaryImageOfPage\":{\"@id\":\"https:\/\/babylove.se\/no\/produkt\/dekornik-veggklistremerker-ducks-on-the-lake\/#primaryimage\"},\"image\":{\"@id\":\"https:\/\/babylove.se\/no\/produkt\/dekornik-veggklistremerker-ducks-on-the-lake\/#primaryimage\"},\"thumbnailUrl\":\"https:\/\/babylove.se\/no\/wp-content\/uploads\/sites\/3\/2025\/07\/609c16f32959e.jpeg\",\"datePublished\":\"2025-07-18T22:18:49+00:00\",\"dateModified\":\"2026-04-08T10:09:04+00:00\",\"breadcrumb\":{\"@id\":\"https:\/\/babylove.se\/no\/produkt\/dekornik-veggklistremerker-ducks-on-the-lake\/#breadcrumb\"},\"inLanguage\":\"nb-NO\",\"potentialAction\":[{\"@type\":\"ReadAction\",\"target\":[\"https:\/\/babylove.se\/no\/produkt\/dekornik-veggklistremerker-ducks-on-the-lake\/\"]}]},{\"@type\":\"ImageObject\",\"inLanguage\":\"nb-NO\",\"@id\":\"https:\/\/babylove.se\/no\/produkt\/dekornik-veggklistremerker-ducks-on-the-lake\/#primaryimage\",\"url\":\"https:\/\/babylove.se\/no\/wp-content\/uploads\/sites\/3\/2025\/07\/609c16f32959e.jpeg\",\"contentUrl\":\"https:\/\/babylove.se\/no\/wp-content\/uploads\/sites\/3\/2025\/07\/609c16f32959e.jpeg\",\"width\":750,\"height\":750},{\"@type\":\"BreadcrumbList\",\"@id\":\"https:\/\/babylove.se\/no\/produkt\/dekornik-veggklistremerker-ducks-on-the-lake\/#breadcrumb\",\"itemListElement\":[{\"@type\":\"ListItem\",\"position\":1,\"name\":\"Hem\",\"item\":\"https:\/\/babylove.se\/no\/\"},{\"@type\":\"ListItem\",\"position\":2,\"name\":\"Butik\",\"item\":\"https:\/\/babylove.se\/no\/butik\/\"},{\"@type\":\"ListItem\",\"position\":3,\"name\":\"Dekornik, veggklistremerker Ducks on the Lake\"}]},{\"@type\":\"WebSite\",\"@id\":\"https:\/\/babylove.se\/no\/#website\",\"url\":\"https:\/\/babylove.se\/no\/\",\"name\":\"Babylove Norska\",\"description\":\"\",\"potentialAction\":[{\"@type\":\"SearchAction\",\"target\":{\"@type\":\"EntryPoint\",\"urlTemplate\":\"https:\/\/babylove.se\/no\/?s={search_term_string}\"},\"query-input\":{\"@type\":\"PropertyValueSpecification\",\"valueRequired\":true,\"valueName\":\"search_term_string\"}}],\"inLanguage\":\"nb-NO\"}]}<\/script>\n<meta property=\"product:brand\" content=\"Dekornik\" \/>\n<meta property=\"og:availability\" content=\"instock\" \/>\n<meta property=\"product:availability\" content=\"instock\" \/>\n<meta property=\"product:retailer_item_id\" content=\"DEKO.N.NNM.085_S\" \/>\n<meta property=\"product:condition\" content=\"new\" \/>\n<!-- \/ Yoast SEO Premium plugin. -->","yoast_head_json":{"title":"Dekornik, veggklistremerker Ducks on the Lake - Babylove Norska","robots":{"index":"noindex","follow":"follow","max-snippet":"max-snippet:-1","max-image-preview":"max-image-preview:large","max-video-preview":"max-video-preview:-1"},"og_locale":"nb_NO","og_type":"article","og_title":"Dekornik, veggklistremerker Ducks on the Lake","og_description":"Et fantastisk motiv som du har mulighet til \u00e5 innrede barnerommet ditt med for \u00e5 skape et deilig og vakkert milj\u00f8. n n7 s\u00f8te ender med tilh\u00f8rende kvister og siv som skaper en egen magisk verden og som barnet ditt kommer til \u00e5 elske og f\u00f8le seg trygt med. n nDu monterer dem enkelt hver [&hellip;]","og_url":"https:\/\/babylove.se\/no\/produkt\/dekornik-veggklistremerker-ducks-on-the-lake\/","og_site_name":"Babylove Norska","article_modified_time":"2026-04-08T10:09:04+00:00","og_image":[{"width":750,"height":750,"url":"https:\/\/babylove.se\/no\/wp-content\/uploads\/sites\/3\/2025\/07\/609c16f32959e.jpeg","type":"image\/jpeg"}],"twitter_card":"summary_large_image","twitter_misc":{"Availability":"In stock"},"schema":{"@context":"https:\/\/schema.org","@graph":[{"@type":"WebPage","@id":"https:\/\/babylove.se\/no\/produkt\/dekornik-veggklistremerker-ducks-on-the-lake\/","url":"https:\/\/babylove.se\/no\/produkt\/dekornik-veggklistremerker-ducks-on-the-lake\/","name":"Dekornik, veggklistremerker Ducks on the Lake - Babylove Norska","isPartOf":{"@id":"https:\/\/babylove.se\/no\/#website"},"primaryImageOfPage":{"@id":"https:\/\/babylove.se\/no\/produkt\/dekornik-veggklistremerker-ducks-on-the-lake\/#primaryimage"},"image":{"@id":"https:\/\/babylove.se\/no\/produkt\/dekornik-veggklistremerker-ducks-on-the-lake\/#primaryimage"},"thumbnailUrl":"https:\/\/babylove.se\/no\/wp-content\/uploads\/sites\/3\/2025\/07\/609c16f32959e.jpeg","datePublished":"2025-07-18T22:18:49+00:00","dateModified":"2026-04-08T10:09:04+00:00","breadcrumb":{"@id":"https:\/\/babylove.se\/no\/produkt\/dekornik-veggklistremerker-ducks-on-the-lake\/#breadcrumb"},"inLanguage":"nb-NO","potentialAction":[{"@type":"ReadAction","target":["https:\/\/babylove.se\/no\/produkt\/dekornik-veggklistremerker-ducks-on-the-lake\/"]}]},{"@type":"ImageObject","inLanguage":"nb-NO","@id":"https:\/\/babylove.se\/no\/produkt\/dekornik-veggklistremerker-ducks-on-the-lake\/#primaryimage","url":"https:\/\/babylove.se\/no\/wp-content\/uploads\/sites\/3\/2025\/07\/609c16f32959e.jpeg","contentUrl":"https:\/\/babylove.se\/no\/wp-content\/uploads\/sites\/3\/2025\/07\/609c16f32959e.jpeg","width":750,"height":750},{"@type":"BreadcrumbList","@id":"https:\/\/babylove.se\/no\/produkt\/dekornik-veggklistremerker-ducks-on-the-lake\/#breadcrumb","itemListElement":[{"@type":"ListItem","position":1,"name":"Hem","item":"https:\/\/babylove.se\/no\/"},{"@type":"ListItem","position":2,"name":"Butik","item":"https:\/\/babylove.se\/no\/butik\/"},{"@type":"ListItem","position":3,"name":"Dekornik, veggklistremerker Ducks on the Lake"}]},{"@type":"WebSite","@id":"https:\/\/babylove.se\/no\/#website","url":"https:\/\/babylove.se\/no\/","name":"Babylove Norska","description":"","potentialAction":[{"@type":"SearchAction","target":{"@type":"EntryPoint","urlTemplate":"https:\/\/babylove.se\/no\/?s={search_term_string}"},"query-input":{"@type":"PropertyValueSpecification","valueRequired":true,"valueName":"search_term_string"}}],"inLanguage":"nb-NO"}]},"product_brand":"Dekornik","og_availability":"instock","product_availability":"instock","product_retailer_item_id":"DEKO.N.NNM.085_S","product_condition":"new"},"_links":{"self":[{"href":"https:\/\/babylove.se\/no\/wp-json\/wp\/v2\/product\/25050","targetHints":{"allow":["GET"]}}],"collection":[{"href":"https:\/\/babylove.se\/no\/wp-json\/wp\/v2\/product"}],"about":[{"href":"https:\/\/babylove.se\/no\/wp-json\/wp\/v2\/types\/product"}],"replies":[{"embeddable":true,"href":"https:\/\/babylove.se\/no\/wp-json\/wp\/v2\/comments?post=25050"}],"wp:featuredmedia":[{"embeddable":true,"href":"https:\/\/babylove.se\/no\/wp-json\/wp\/v2\/media\/25052"}],"wp:attachment":[{"href":"https:\/\/babylove.se\/no\/wp-json\/wp\/v2\/media?parent=25050"}],"wp:term":[{"taxonomy":"product_brand","embeddable":true,"href":"https:\/\/babylove.se\/no\/wp-json\/wp\/v2\/product_brand?post=25050"},{"taxonomy":"product_cat","embeddable":true,"href":"https:\/\/babylove.se\/no\/wp-json\/wp\/v2\/product_cat?post=25050"},{"taxonomy":"product_tag","embeddable":true,"href":"https:\/\/babylove.se\/no\/wp-json\/wp\/v2\/product_tag?post=25050"}],"curies":[{"name":"wp","href":"https:\/\/api.w.org\/{rel}","templated":true}]}}