{"id":25196,"date":"2025-07-18T23:20:17","date_gmt":"2025-07-18T22:20:17","guid":{"rendered":"https:\/\/babylove.se\/produkt\/moi-mili-tipitalt-pink\/"},"modified":"2026-04-08T11:10:04","modified_gmt":"2026-04-08T10:10:04","slug":"moi-mili-tipitalt-pink","status":"publish","type":"product","link":"https:\/\/babylove.se\/no\/produkt\/moi-mili-tipitalt-pink\/","title":{"rendered":"Moi Mili, tipitelt rosa"},"content":{"rendered":"<p>Et tipi-telt utover det vanlige, det er det du f\u00e5r med dette fine leketeltet fra Moi Mili. En klassisk og stilren form, men full av vakre detaljer som blir en vakker del av barneroms-innredningen din. \\n \\n<strong>Fakta:<\/strong> \\n<\/p>\n<ul> \\n \\t<\/p>\n<li>Teltpinnene er avrundede og laget av utvalgt furutre, du knyter enkelt fast teltet \u00f8verst.<\/li>\n<p> \\n \\t<\/p>\n<li>Samtlige tipi-telt har en base i form av en femkant og selges med fem innervegger. I tillegg har det et fint vindu p\u00e5 venstre side.<\/li>\n<p> \\n \\t<\/p>\n<li>Sist men ikke minst, er at stoffet er laget av OEKO-TEX sertifisert bomull og er tykt og solid, laget for \u00e5 holde.<\/li>\n<p> \\n \\t<\/p>\n<li>Teltet er CE sertifisert<\/li>\n<p> \\n \\t<\/p>\n<li>Tipi-teltet er ogs\u00e5 godt egnet for utelek i hagen, p\u00e5 stranden eller p\u00e5 uteplassen.<\/li>\n<p> \\n<\/ul>\n<p> \\n<strong>M\u00e5l<\/strong>: Basen er i form av en pentagon og er p\u00e5 det bredeste stedet 130 cm. Total h\u00f8yde p\u00e5 teltet er 170 cm. \\n \\nTeltduken kan vaskes i 30 grader. 100% bomull \\n \\nLeketeltet anbefales til barn over 18 m\u00e5neder. \\n \\nDesigner: <a href=\"https:\/\/babylove.se\/varumarken\/moi-mili\">Moi MIli<\/a><\/p>\n","protected":false},"excerpt":{"rendered":"<p>Et tipi-telt utover det vanlige, det er det du f\u00e5r med dette fine leketeltet fra Moi Mili. En klassisk og stilren form, men full av vakre detaljer som blir en vakker del av barneroms-innredningen din. \\n \\nFakta: \\n \\n \\t Teltpinnene er avrundede og laget av utvalgt furutre, du knyter enkelt fast teltet \u00f8verst. \\n [&hellip;]<\/p>\n","protected":false},"featured_media":25198,"comment_status":"closed","ping_status":"closed","template":"","meta":{"_acf_changed":false},"product_brand":[912],"product_cat":[275,913,276],"product_tag":[1689],"class_list":{"0":"post-25196","1":"product","2":"type-product","3":"status-publish","4":"has-post-thumbnail","6":"product_brand-moi-mili","7":"product_cat-tipitalt-lektalt","8":"product_cat-moi-mili","9":"product_cat-tipi-telt-barnerom","10":"product_tag-bestillingsvaror","12":"first","13":"instock","14":"taxable","15":"shipping-taxable","16":"purchasable","17":"product-type-simple"},"acf":[],"yoast_head":"<!-- This site is optimized with the Yoast SEO Premium plugin v25.8 (Yoast SEO v27.2) - https:\/\/yoast.com\/product\/yoast-seo-premium-wordpress\/ -->\n<title>Moi Mili, tipitelt rosa - Babylove Norska<\/title>\n<meta name=\"robots\" content=\"noindex, follow, max-snippet:-1, max-image-preview:large, max-video-preview:-1\" \/>\n<meta property=\"og:locale\" content=\"nb_NO\" \/>\n<meta property=\"og:type\" content=\"article\" \/>\n<meta property=\"og:title\" content=\"Moi Mili, tipitelt rosa\" \/>\n<meta property=\"og:description\" content=\"Et tipi-telt utover det vanlige, det er det du f\u00e5r med dette fine leketeltet fra Moi Mili. En klassisk og stilren form, men full av vakre detaljer som blir en vakker del av barneroms-innredningen din. n nFakta: n n t Teltpinnene er avrundede og laget av utvalgt furutre, du knyter enkelt fast teltet \u00f8verst. n [&hellip;]\" \/>\n<meta property=\"og:url\" content=\"https:\/\/babylove.se\/no\/produkt\/moi-mili-tipitalt-pink\/\" \/>\n<meta property=\"og:site_name\" content=\"Babylove Norska\" \/>\n<meta property=\"article:modified_time\" content=\"2026-04-08T10:10:04+00:00\" \/>\n<meta property=\"og:image\" content=\"https:\/\/babylove.se\/no\/wp-content\/uploads\/sites\/3\/2025\/07\/60ae3f0cee150.jpeg\" \/>\n\t<meta property=\"og:image:width\" content=\"500\" \/>\n\t<meta property=\"og:image:height\" content=\"750\" \/>\n\t<meta property=\"og:image:type\" content=\"image\/jpeg\" \/>\n<meta name=\"twitter:card\" content=\"summary_large_image\" \/>\n<meta name=\"twitter:label1\" content=\"Price\" \/>\n\t<meta name=\"twitter:data1\" content=\"1 799,00&nbsp;&#107;&#114;\" \/>\n\t<meta name=\"twitter:label2\" content=\"Availability\" \/>\n\t<meta name=\"twitter:data2\" content=\"In stock\" \/>\n<script type=\"application\/ld+json\" class=\"yoast-schema-graph\">{\"@context\":\"https:\/\/schema.org\",\"@graph\":[{\"@type\":\"WebPage\",\"@id\":\"https:\/\/babylove.se\/no\/produkt\/moi-mili-tipitalt-pink\/\",\"url\":\"https:\/\/babylove.se\/no\/produkt\/moi-mili-tipitalt-pink\/\",\"name\":\"Moi Mili, tipitelt rosa - Babylove Norska\",\"isPartOf\":{\"@id\":\"https:\/\/babylove.se\/no\/#website\"},\"primaryImageOfPage\":{\"@id\":\"https:\/\/babylove.se\/no\/produkt\/moi-mili-tipitalt-pink\/#primaryimage\"},\"image\":{\"@id\":\"https:\/\/babylove.se\/no\/produkt\/moi-mili-tipitalt-pink\/#primaryimage\"},\"thumbnailUrl\":\"https:\/\/babylove.se\/no\/wp-content\/uploads\/sites\/3\/2025\/07\/60ae3f0cee150.jpeg\",\"datePublished\":\"2025-07-18T22:20:17+00:00\",\"dateModified\":\"2026-04-08T10:10:04+00:00\",\"breadcrumb\":{\"@id\":\"https:\/\/babylove.se\/no\/produkt\/moi-mili-tipitalt-pink\/#breadcrumb\"},\"inLanguage\":\"nb-NO\",\"potentialAction\":[{\"@type\":\"ReadAction\",\"target\":[\"https:\/\/babylove.se\/no\/produkt\/moi-mili-tipitalt-pink\/\"]}]},{\"@type\":\"ImageObject\",\"inLanguage\":\"nb-NO\",\"@id\":\"https:\/\/babylove.se\/no\/produkt\/moi-mili-tipitalt-pink\/#primaryimage\",\"url\":\"https:\/\/babylove.se\/no\/wp-content\/uploads\/sites\/3\/2025\/07\/60ae3f0cee150.jpeg\",\"contentUrl\":\"https:\/\/babylove.se\/no\/wp-content\/uploads\/sites\/3\/2025\/07\/60ae3f0cee150.jpeg\",\"width\":500,\"height\":750},{\"@type\":\"BreadcrumbList\",\"@id\":\"https:\/\/babylove.se\/no\/produkt\/moi-mili-tipitalt-pink\/#breadcrumb\",\"itemListElement\":[{\"@type\":\"ListItem\",\"position\":1,\"name\":\"Hem\",\"item\":\"https:\/\/babylove.se\/no\/\"},{\"@type\":\"ListItem\",\"position\":2,\"name\":\"Butik\",\"item\":\"https:\/\/babylove.se\/no\/butik\/\"},{\"@type\":\"ListItem\",\"position\":3,\"name\":\"Moi Mili, tipitelt rosa\"}]},{\"@type\":\"WebSite\",\"@id\":\"https:\/\/babylove.se\/no\/#website\",\"url\":\"https:\/\/babylove.se\/no\/\",\"name\":\"Babylove Norska\",\"description\":\"\",\"potentialAction\":[{\"@type\":\"SearchAction\",\"target\":{\"@type\":\"EntryPoint\",\"urlTemplate\":\"https:\/\/babylove.se\/no\/?s={search_term_string}\"},\"query-input\":{\"@type\":\"PropertyValueSpecification\",\"valueRequired\":true,\"valueName\":\"search_term_string\"}}],\"inLanguage\":\"nb-NO\"}]}<\/script>\n<meta property=\"product:brand\" content=\"Moi Mili\" \/>\n<meta property=\"product:price:amount\" content=\"1799.00\" \/>\n<meta property=\"product:price:currency\" content=\"SEK\" \/>\n<meta property=\"og:availability\" content=\"instock\" \/>\n<meta property=\"product:availability\" content=\"instock\" \/>\n<meta property=\"product:retailer_item_id\" content=\"TZK-PI\" \/>\n<meta property=\"product:condition\" content=\"new\" \/>\n<!-- \/ Yoast SEO Premium plugin. -->","yoast_head_json":{"title":"Moi Mili, tipitelt rosa - Babylove Norska","robots":{"index":"noindex","follow":"follow","max-snippet":"max-snippet:-1","max-image-preview":"max-image-preview:large","max-video-preview":"max-video-preview:-1"},"og_locale":"nb_NO","og_type":"article","og_title":"Moi Mili, tipitelt rosa","og_description":"Et tipi-telt utover det vanlige, det er det du f\u00e5r med dette fine leketeltet fra Moi Mili. En klassisk og stilren form, men full av vakre detaljer som blir en vakker del av barneroms-innredningen din. n nFakta: n n t Teltpinnene er avrundede og laget av utvalgt furutre, du knyter enkelt fast teltet \u00f8verst. n [&hellip;]","og_url":"https:\/\/babylove.se\/no\/produkt\/moi-mili-tipitalt-pink\/","og_site_name":"Babylove Norska","article_modified_time":"2026-04-08T10:10:04+00:00","og_image":[{"width":500,"height":750,"url":"https:\/\/babylove.se\/no\/wp-content\/uploads\/sites\/3\/2025\/07\/60ae3f0cee150.jpeg","type":"image\/jpeg"}],"twitter_card":"summary_large_image","twitter_misc":{"Price":"1 799,00&nbsp;&#107;&#114;","Availability":"In stock"},"schema":{"@context":"https:\/\/schema.org","@graph":[{"@type":"WebPage","@id":"https:\/\/babylove.se\/no\/produkt\/moi-mili-tipitalt-pink\/","url":"https:\/\/babylove.se\/no\/produkt\/moi-mili-tipitalt-pink\/","name":"Moi Mili, tipitelt rosa - Babylove Norska","isPartOf":{"@id":"https:\/\/babylove.se\/no\/#website"},"primaryImageOfPage":{"@id":"https:\/\/babylove.se\/no\/produkt\/moi-mili-tipitalt-pink\/#primaryimage"},"image":{"@id":"https:\/\/babylove.se\/no\/produkt\/moi-mili-tipitalt-pink\/#primaryimage"},"thumbnailUrl":"https:\/\/babylove.se\/no\/wp-content\/uploads\/sites\/3\/2025\/07\/60ae3f0cee150.jpeg","datePublished":"2025-07-18T22:20:17+00:00","dateModified":"2026-04-08T10:10:04+00:00","breadcrumb":{"@id":"https:\/\/babylove.se\/no\/produkt\/moi-mili-tipitalt-pink\/#breadcrumb"},"inLanguage":"nb-NO","potentialAction":[{"@type":"ReadAction","target":["https:\/\/babylove.se\/no\/produkt\/moi-mili-tipitalt-pink\/"]}]},{"@type":"ImageObject","inLanguage":"nb-NO","@id":"https:\/\/babylove.se\/no\/produkt\/moi-mili-tipitalt-pink\/#primaryimage","url":"https:\/\/babylove.se\/no\/wp-content\/uploads\/sites\/3\/2025\/07\/60ae3f0cee150.jpeg","contentUrl":"https:\/\/babylove.se\/no\/wp-content\/uploads\/sites\/3\/2025\/07\/60ae3f0cee150.jpeg","width":500,"height":750},{"@type":"BreadcrumbList","@id":"https:\/\/babylove.se\/no\/produkt\/moi-mili-tipitalt-pink\/#breadcrumb","itemListElement":[{"@type":"ListItem","position":1,"name":"Hem","item":"https:\/\/babylove.se\/no\/"},{"@type":"ListItem","position":2,"name":"Butik","item":"https:\/\/babylove.se\/no\/butik\/"},{"@type":"ListItem","position":3,"name":"Moi Mili, tipitelt rosa"}]},{"@type":"WebSite","@id":"https:\/\/babylove.se\/no\/#website","url":"https:\/\/babylove.se\/no\/","name":"Babylove Norska","description":"","potentialAction":[{"@type":"SearchAction","target":{"@type":"EntryPoint","urlTemplate":"https:\/\/babylove.se\/no\/?s={search_term_string}"},"query-input":{"@type":"PropertyValueSpecification","valueRequired":true,"valueName":"search_term_string"}}],"inLanguage":"nb-NO"}]},"product_brand":"Moi Mili","product_price_amount":"1799.00","product_price_currency":"SEK","og_availability":"instock","product_availability":"instock","product_retailer_item_id":"TZK-PI","product_condition":"new"},"_links":{"self":[{"href":"https:\/\/babylove.se\/no\/wp-json\/wp\/v2\/product\/25196","targetHints":{"allow":["GET"]}}],"collection":[{"href":"https:\/\/babylove.se\/no\/wp-json\/wp\/v2\/product"}],"about":[{"href":"https:\/\/babylove.se\/no\/wp-json\/wp\/v2\/types\/product"}],"replies":[{"embeddable":true,"href":"https:\/\/babylove.se\/no\/wp-json\/wp\/v2\/comments?post=25196"}],"wp:featuredmedia":[{"embeddable":true,"href":"https:\/\/babylove.se\/no\/wp-json\/wp\/v2\/media\/25198"}],"wp:attachment":[{"href":"https:\/\/babylove.se\/no\/wp-json\/wp\/v2\/media?parent=25196"}],"wp:term":[{"taxonomy":"product_brand","embeddable":true,"href":"https:\/\/babylove.se\/no\/wp-json\/wp\/v2\/product_brand?post=25196"},{"taxonomy":"product_cat","embeddable":true,"href":"https:\/\/babylove.se\/no\/wp-json\/wp\/v2\/product_cat?post=25196"},{"taxonomy":"product_tag","embeddable":true,"href":"https:\/\/babylove.se\/no\/wp-json\/wp\/v2\/product_tag?post=25196"}],"curies":[{"name":"wp","href":"https:\/\/api.w.org\/{rel}","templated":true}]}}