{"id":25210,"date":"2025-07-18T23:20:17","date_gmt":"2025-07-18T22:20:17","guid":{"rendered":"https:\/\/babylove.se\/produkt\/rosa-hussang-med-skydd-till-barnrummet\/"},"modified":"2026-04-08T11:10:10","modified_gmt":"2026-04-08T10:10:10","slug":"rosa-hussang-med-beskyttelse-til-barnerommet","status":"publish","type":"product","link":"https:\/\/babylove.se\/no\/produkt\/rosa-hussang-med-beskyttelse-til-barnerommet\/","title":{"rendered":"Rosa husseng med beskyttelse til barnerommet"},"content":{"rendered":"<p>Denne stabile husseng med beskyttelse er perfekt n\u00e5r det er p\u00e5 tide \u00e5 bytte ut tremmesengen.<\/p>\n<p>N\u00e5r barnet senere er klar til \u00e5 klatre inn og ut av sengen selv, kan beskyttelsen monteres av.<br \/>Dette gj\u00f8r at levetiden til sengen er lang, og heldigvis det, s\u00e5 fin som den er!<\/p>\n<p><strong>Info:<\/strong><\/p>\n<ul>\n<li>Ribbbunn inkludert<\/li>\n<li>Madrass er ikke inkludert, men ta gjerne en titt p\u00e5 v\u00e5rt store madrassutvalg. Vi anbefaler en skummadrass med tykkelse p\u00e5 ca. 10-12 cm.<\/li>\n<li>Produsert i EU<\/li>\n<li>Materiale: Furu, malt med \u00f8kologisk giftfri maling<\/li>\n<li>Maksvekt 120 kg<\/li>\n<li>Finnes i Hvit, Rosa eller Gr\u00e5\n<\/li>\n<\/ul>\n<p><strong>M\u00e5l: Finnes i to st\u00f8rrelser:<\/strong><\/p>\n<p><strong>80&#215;160 cm&nbsp;<\/strong><\/p>\n<ul>\n<li>Sengem\u00e5l: 80&#215;160 cm<\/li>\n<li>Total h\u00f8yde: 125 cm<\/li>\n<li>Total dybde: 88cm<\/li>\n<li>Total lengde: 165 cm&nbsp;<\/li>\n<li>H\u00f8yde p\u00e5 sengekarm: 20 cm&nbsp;<\/li>\n<li>H\u00f8yde p\u00e5 beskyttelseskant: 17 cm&nbsp;<\/li>\n<\/ul>\n<p><strong>70&#215;140 cm<\/strong><\/p>\n<ul>\n<li>Sengem\u00e5l: 70&#215;140 cm<\/li>\n<li>Total h\u00f8yde: 125 cm<\/li>\n<li>Total dybde: 78 cm<\/li>\n<li>Total lengde: 145 cm&nbsp;<\/li>\n<li>H\u00f8yde p\u00e5 sengekarm: 20 cm&nbsp;<\/li>\n<li>H\u00f8yde p\u00e5 beskyttelseskant: 17 cm&nbsp;<\/li>\n<\/ul>\n<p>Sengene kommer fra v\u00e5r fabrikk i Europa som har h\u00f8ye kvalitetskrav og kontrollerer hvert trinn fra t\u00f8mmeret kommer inn p\u00e5 fabrikken til et ferdig produkt forlater. Maling, lakk og lim er vannbasert, milj\u00f8vennlig og produsert i Europa.&nbsp;<\/p>\n<p><em>OBS! Dette er en seng produsert og tilpasset for barn.<\/em><br \/>\n<em>Sengen leveres umontert og b\u00f8r settes sammen i rommet den skal brukes i.<\/em><\/p>\n","protected":false},"excerpt":{"rendered":"<p>Denne stabile husseng med beskyttelse er perfekt n\u00e5r det er p\u00e5 tide \u00e5 bytte ut tremmesengen. N\u00e5r barnet senere er klar til \u00e5 klatre inn og ut av sengen selv, kan beskyttelsen monteres av.Dette gj\u00f8r at levetiden til sengen er lang, og heldigvis det, s\u00e5 fin som den er! Info: Ribbbunn inkludert Madrass er ikke [&hellip;]<\/p>\n","protected":false},"featured_media":25212,"comment_status":"closed","ping_status":"open","template":"","meta":{"_acf_changed":false},"product_brand":[369],"product_cat":[224,217,269,370,280,40],"product_tag":[1689],"class_list":{"0":"post-25210","1":"product","2":"type-product","3":"status-publish","4":"has-post-thumbnail","6":"product_brand-nino","7":"product_cat-ferdigbyggd-barneseng","8":"product_cat-sengesanger","9":"product_cat-juniorsenger","10":"product_cat-nino","11":"product_cat-senger-med-rask-levering","12":"product_cat-soverom-barn","13":"product_tag-bestillingsvaror","14":"pa_storlek-70x140-cm","15":"pa_storlek-80x160-cm","17":"first","18":"instock","19":"taxable","20":"shipping-taxable","21":"purchasable","22":"product-type-variable"},"acf":[],"yoast_head":"<!-- This site is optimized with the Yoast SEO Premium plugin v25.8 (Yoast SEO v27.2) - https:\/\/yoast.com\/product\/yoast-seo-premium-wordpress\/ -->\n<title>Gr\u00e5 huss\u00e4ng med skydd 80x160 till barnrummet<\/title>\n<meta name=\"description\" content=\"Superfin och prisv\u00e4rd vit huss\u00e4ng till barnrummet. En idealisk koja f\u00f6r ditt barn - K\u00f6p den h\u00e4r - Fri frakt !\" \/>\n<meta name=\"robots\" content=\"noindex, follow, max-snippet:-1, max-image-preview:large, max-video-preview:-1\" \/>\n<meta property=\"og:locale\" content=\"nb_NO\" \/>\n<meta property=\"og:type\" content=\"article\" \/>\n<meta property=\"og:title\" content=\"Rosa husseng med beskyttelse til barnerommet\" \/>\n<meta property=\"og:description\" content=\"Superfin och prisv\u00e4rd vit huss\u00e4ng till barnrummet. En idealisk koja f\u00f6r ditt barn - K\u00f6p den h\u00e4r - Fri frakt !\" \/>\n<meta property=\"og:url\" content=\"https:\/\/babylove.se\/no\/produkt\/rosa-hussang-med-beskyttelse-til-barnerommet\/\" \/>\n<meta property=\"og:site_name\" content=\"Babylove Norska\" \/>\n<meta property=\"article:modified_time\" content=\"2026-04-08T10:10:10+00:00\" \/>\n<meta property=\"og:image\" content=\"https:\/\/babylove.se\/no\/wp-content\/uploads\/sites\/3\/2025\/07\/60af6227a9886.png\" \/>\n\t<meta property=\"og:image:width\" content=\"750\" \/>\n\t<meta property=\"og:image:height\" content=\"750\" \/>\n\t<meta property=\"og:image:type\" content=\"image\/png\" \/>\n<meta name=\"twitter:card\" content=\"summary_large_image\" \/>\n<meta name=\"twitter:label1\" content=\"Availability\" \/>\n\t<meta name=\"twitter:data1\" content=\"In stock\" \/>\n<script type=\"application\/ld+json\" class=\"yoast-schema-graph\">{\"@context\":\"https:\/\/schema.org\",\"@graph\":[{\"@type\":\"WebPage\",\"@id\":\"https:\/\/babylove.se\/no\/produkt\/rosa-hussang-med-beskyttelse-til-barnerommet\/\",\"url\":\"https:\/\/babylove.se\/no\/produkt\/rosa-hussang-med-beskyttelse-til-barnerommet\/\",\"name\":\"Gr\u00e5 huss\u00e4ng med skydd 80x160 till barnrummet\",\"isPartOf\":{\"@id\":\"https:\/\/babylove.se\/no\/#website\"},\"primaryImageOfPage\":{\"@id\":\"https:\/\/babylove.se\/no\/produkt\/rosa-hussang-med-beskyttelse-til-barnerommet\/#primaryimage\"},\"image\":{\"@id\":\"https:\/\/babylove.se\/no\/produkt\/rosa-hussang-med-beskyttelse-til-barnerommet\/#primaryimage\"},\"thumbnailUrl\":\"https:\/\/babylove.se\/no\/wp-content\/uploads\/sites\/3\/2025\/07\/60af6227a9886.png\",\"datePublished\":\"2025-07-18T22:20:17+00:00\",\"dateModified\":\"2026-04-08T10:10:10+00:00\",\"description\":\"Superfin och prisv\u00e4rd vit huss\u00e4ng till barnrummet. En idealisk koja f\u00f6r ditt barn - K\u00f6p den h\u00e4r - Fri frakt !\",\"breadcrumb\":{\"@id\":\"https:\/\/babylove.se\/no\/produkt\/rosa-hussang-med-beskyttelse-til-barnerommet\/#breadcrumb\"},\"inLanguage\":\"nb-NO\",\"potentialAction\":[{\"@type\":\"ReadAction\",\"target\":[\"https:\/\/babylove.se\/no\/produkt\/rosa-hussang-med-beskyttelse-til-barnerommet\/\"]}]},{\"@type\":\"ImageObject\",\"inLanguage\":\"nb-NO\",\"@id\":\"https:\/\/babylove.se\/no\/produkt\/rosa-hussang-med-beskyttelse-til-barnerommet\/#primaryimage\",\"url\":\"https:\/\/babylove.se\/no\/wp-content\/uploads\/sites\/3\/2025\/07\/60af6227a9886.png\",\"contentUrl\":\"https:\/\/babylove.se\/no\/wp-content\/uploads\/sites\/3\/2025\/07\/60af6227a9886.png\",\"width\":750,\"height\":750},{\"@type\":\"BreadcrumbList\",\"@id\":\"https:\/\/babylove.se\/no\/produkt\/rosa-hussang-med-beskyttelse-til-barnerommet\/#breadcrumb\",\"itemListElement\":[{\"@type\":\"ListItem\",\"position\":1,\"name\":\"Hem\",\"item\":\"https:\/\/babylove.se\/no\/\"},{\"@type\":\"ListItem\",\"position\":2,\"name\":\"Butik\",\"item\":\"https:\/\/babylove.se\/no\/butik\/\"},{\"@type\":\"ListItem\",\"position\":3,\"name\":\"Rosa husseng med beskyttelse til barnerommet\"}]},{\"@type\":\"WebSite\",\"@id\":\"https:\/\/babylove.se\/no\/#website\",\"url\":\"https:\/\/babylove.se\/no\/\",\"name\":\"Babylove Norska\",\"description\":\"\",\"potentialAction\":[{\"@type\":\"SearchAction\",\"target\":{\"@type\":\"EntryPoint\",\"urlTemplate\":\"https:\/\/babylove.se\/no\/?s={search_term_string}\"},\"query-input\":{\"@type\":\"PropertyValueSpecification\",\"valueRequired\":true,\"valueName\":\"search_term_string\"}}],\"inLanguage\":\"nb-NO\"}]}<\/script>\n<meta property=\"product:brand\" content=\"Nino\" \/>\n<meta property=\"og:availability\" content=\"instock\" \/>\n<meta property=\"product:availability\" content=\"instock\" \/>\n<meta property=\"product:retailer_item_id\" content=\"5904183481159\" \/>\n<meta property=\"product:condition\" content=\"new\" \/>\n<!-- \/ Yoast SEO Premium plugin. -->","yoast_head_json":{"title":"Gr\u00e5 huss\u00e4ng med skydd 80x160 till barnrummet","description":"Superfin och prisv\u00e4rd vit huss\u00e4ng till barnrummet. En idealisk koja f\u00f6r ditt barn - K\u00f6p den h\u00e4r - Fri frakt !","robots":{"index":"noindex","follow":"follow","max-snippet":"max-snippet:-1","max-image-preview":"max-image-preview:large","max-video-preview":"max-video-preview:-1"},"og_locale":"nb_NO","og_type":"article","og_title":"Rosa husseng med beskyttelse til barnerommet","og_description":"Superfin och prisv\u00e4rd vit huss\u00e4ng till barnrummet. En idealisk koja f\u00f6r ditt barn - K\u00f6p den h\u00e4r - Fri frakt !","og_url":"https:\/\/babylove.se\/no\/produkt\/rosa-hussang-med-beskyttelse-til-barnerommet\/","og_site_name":"Babylove Norska","article_modified_time":"2026-04-08T10:10:10+00:00","og_image":[{"width":750,"height":750,"url":"https:\/\/babylove.se\/no\/wp-content\/uploads\/sites\/3\/2025\/07\/60af6227a9886.png","type":"image\/png"}],"twitter_card":"summary_large_image","twitter_misc":{"Availability":"In stock"},"schema":{"@context":"https:\/\/schema.org","@graph":[{"@type":"WebPage","@id":"https:\/\/babylove.se\/no\/produkt\/rosa-hussang-med-beskyttelse-til-barnerommet\/","url":"https:\/\/babylove.se\/no\/produkt\/rosa-hussang-med-beskyttelse-til-barnerommet\/","name":"Gr\u00e5 huss\u00e4ng med skydd 80x160 till barnrummet","isPartOf":{"@id":"https:\/\/babylove.se\/no\/#website"},"primaryImageOfPage":{"@id":"https:\/\/babylove.se\/no\/produkt\/rosa-hussang-med-beskyttelse-til-barnerommet\/#primaryimage"},"image":{"@id":"https:\/\/babylove.se\/no\/produkt\/rosa-hussang-med-beskyttelse-til-barnerommet\/#primaryimage"},"thumbnailUrl":"https:\/\/babylove.se\/no\/wp-content\/uploads\/sites\/3\/2025\/07\/60af6227a9886.png","datePublished":"2025-07-18T22:20:17+00:00","dateModified":"2026-04-08T10:10:10+00:00","description":"Superfin och prisv\u00e4rd vit huss\u00e4ng till barnrummet. En idealisk koja f\u00f6r ditt barn - K\u00f6p den h\u00e4r - Fri frakt !","breadcrumb":{"@id":"https:\/\/babylove.se\/no\/produkt\/rosa-hussang-med-beskyttelse-til-barnerommet\/#breadcrumb"},"inLanguage":"nb-NO","potentialAction":[{"@type":"ReadAction","target":["https:\/\/babylove.se\/no\/produkt\/rosa-hussang-med-beskyttelse-til-barnerommet\/"]}]},{"@type":"ImageObject","inLanguage":"nb-NO","@id":"https:\/\/babylove.se\/no\/produkt\/rosa-hussang-med-beskyttelse-til-barnerommet\/#primaryimage","url":"https:\/\/babylove.se\/no\/wp-content\/uploads\/sites\/3\/2025\/07\/60af6227a9886.png","contentUrl":"https:\/\/babylove.se\/no\/wp-content\/uploads\/sites\/3\/2025\/07\/60af6227a9886.png","width":750,"height":750},{"@type":"BreadcrumbList","@id":"https:\/\/babylove.se\/no\/produkt\/rosa-hussang-med-beskyttelse-til-barnerommet\/#breadcrumb","itemListElement":[{"@type":"ListItem","position":1,"name":"Hem","item":"https:\/\/babylove.se\/no\/"},{"@type":"ListItem","position":2,"name":"Butik","item":"https:\/\/babylove.se\/no\/butik\/"},{"@type":"ListItem","position":3,"name":"Rosa husseng med beskyttelse til barnerommet"}]},{"@type":"WebSite","@id":"https:\/\/babylove.se\/no\/#website","url":"https:\/\/babylove.se\/no\/","name":"Babylove Norska","description":"","potentialAction":[{"@type":"SearchAction","target":{"@type":"EntryPoint","urlTemplate":"https:\/\/babylove.se\/no\/?s={search_term_string}"},"query-input":{"@type":"PropertyValueSpecification","valueRequired":true,"valueName":"search_term_string"}}],"inLanguage":"nb-NO"}]},"product_brand":"Nino","og_availability":"instock","product_availability":"instock","product_retailer_item_id":"5904183481159","product_condition":"new"},"_links":{"self":[{"href":"https:\/\/babylove.se\/no\/wp-json\/wp\/v2\/product\/25210","targetHints":{"allow":["GET"]}}],"collection":[{"href":"https:\/\/babylove.se\/no\/wp-json\/wp\/v2\/product"}],"about":[{"href":"https:\/\/babylove.se\/no\/wp-json\/wp\/v2\/types\/product"}],"replies":[{"embeddable":true,"href":"https:\/\/babylove.se\/no\/wp-json\/wp\/v2\/comments?post=25210"}],"wp:featuredmedia":[{"embeddable":true,"href":"https:\/\/babylove.se\/no\/wp-json\/wp\/v2\/media\/25212"}],"wp:attachment":[{"href":"https:\/\/babylove.se\/no\/wp-json\/wp\/v2\/media?parent=25210"}],"wp:term":[{"taxonomy":"product_brand","embeddable":true,"href":"https:\/\/babylove.se\/no\/wp-json\/wp\/v2\/product_brand?post=25210"},{"taxonomy":"product_cat","embeddable":true,"href":"https:\/\/babylove.se\/no\/wp-json\/wp\/v2\/product_cat?post=25210"},{"taxonomy":"product_tag","embeddable":true,"href":"https:\/\/babylove.se\/no\/wp-json\/wp\/v2\/product_tag?post=25210"}],"curies":[{"name":"wp","href":"https:\/\/api.w.org\/{rel}","templated":true}]}}