{"id":25272,"date":"2025-07-18T23:20:50","date_gmt":"2025-07-18T22:20:50","guid":{"rendered":"https:\/\/babylove.se\/produkt\/moi-mili-jeans-tipitalt-med-pompom\/"},"modified":"2026-04-08T11:10:32","modified_gmt":"2026-04-08T10:10:32","slug":"moi-mili-jeans-tipitalt-med-pompom","status":"publish","type":"product","link":"https:\/\/babylove.se\/no\/produkt\/moi-mili-jeans-tipitalt-med-pompom\/","title":{"rendered":"Moi Mili, jeans tipi-telt med pompon"},"content":{"rendered":"<p>Et tipi-telt utover det vanlige, det er det du f\u00e5r med dette fine leketeltet fra Moi Mili. En klassisk og stilren form, men full av vakre detaljer som blir en vakker del av barnerommets innredning. \\n \\n<strong>Fakta:<\/strong> \\n<\/p>\n<ul> \\n \\t<\/p>\n<li>Teltpinnene er avrundede og laget av utvalgt furutre, du knyter enkelt fast teltet \u00f8verst oppe.<\/li>\n<p> \\n \\t<\/p>\n<li>Samtlige tipi-telt har en base i form av en femkant og selges med fem innerveggeer. I tillegg har det et fint vindu p\u00e5 venstre side.<\/li>\n<p> \\n \\t<\/p>\n<li>Sist men ikke minst, er at stoffet er laget av OEKO-TEX sertifisert bomull og er tykt og solid, laget for \u00e5 vare.<\/li>\n<p> \\n \\t<\/p>\n<li>Teltet er CE sertifisert<\/li>\n<p> \\n \\t<\/p>\n<li>Tipi-teltet egner seg ogs\u00e5 godt for utelek i hagen, p\u00e5 stranden eller p\u00e5 uteplassen.<\/li>\n<p> \\n<\/ul>\n<p> \\n<strong>M\u00e5l<\/strong>: Basen er formet som en pentagon og er p\u00e5 det bredeste stedet 130 cm. Total h\u00f8yde p\u00e5 teltet er 170 cm. \\n \\nTeltduken kan vaskes i 30 grader. 100% bomull \\n \\nLeketeltet anbefales til barn over 18 m\u00e5neder. \\n \\nDesigner: <a href=\"https:\/\/babylove.se\/varumarken\/moi-mili\">Moi MIli<\/a><\/p>\n","protected":false},"excerpt":{"rendered":"<p>Et tipi-telt utover det vanlige, det er det du f\u00e5r med dette fine leketeltet fra Moi Mili. En klassisk og stilren form, men full av vakre detaljer som blir en vakker del av barnerommets innredning. \\n \\nFakta: \\n \\n \\t Teltpinnene er avrundede og laget av utvalgt furutre, du knyter enkelt fast teltet \u00f8verst oppe. [&hellip;]<\/p>\n","protected":false},"featured_media":25274,"comment_status":"closed","ping_status":"closed","template":"","meta":{"_acf_changed":false},"product_brand":[912],"product_cat":[275,913,276],"product_tag":[1689],"class_list":{"0":"post-25272","1":"product","2":"type-product","3":"status-publish","4":"has-post-thumbnail","6":"product_brand-moi-mili","7":"product_cat-tipitalt-lektalt","8":"product_cat-moi-mili","9":"product_cat-tipi-telt-barnerom","10":"product_tag-bestillingsvaror","12":"first","13":"instock","14":"taxable","15":"shipping-taxable","16":"purchasable","17":"product-type-simple"},"acf":[],"yoast_head":"<!-- This site is optimized with the Yoast SEO Premium plugin v25.8 (Yoast SEO v27.2) - https:\/\/yoast.com\/product\/yoast-seo-premium-wordpress\/ -->\n<title>Moi Mili, jeans tipi-telt med pompon - Babylove Norska<\/title>\n<meta name=\"robots\" content=\"noindex, follow, max-snippet:-1, max-image-preview:large, max-video-preview:-1\" \/>\n<meta property=\"og:locale\" content=\"nb_NO\" \/>\n<meta property=\"og:type\" content=\"article\" \/>\n<meta property=\"og:title\" content=\"Moi Mili, jeans tipi-telt med pompon\" \/>\n<meta property=\"og:description\" content=\"Et tipi-telt utover det vanlige, det er det du f\u00e5r med dette fine leketeltet fra Moi Mili. En klassisk og stilren form, men full av vakre detaljer som blir en vakker del av barnerommets innredning. n nFakta: n n t Teltpinnene er avrundede og laget av utvalgt furutre, du knyter enkelt fast teltet \u00f8verst oppe. [&hellip;]\" \/>\n<meta property=\"og:url\" content=\"https:\/\/babylove.se\/no\/produkt\/moi-mili-jeans-tipitalt-med-pompom\/\" \/>\n<meta property=\"og:site_name\" content=\"Babylove Norska\" \/>\n<meta property=\"article:modified_time\" content=\"2026-04-08T10:10:32+00:00\" \/>\n<meta property=\"og:image\" content=\"https:\/\/babylove.se\/no\/wp-content\/uploads\/sites\/3\/2025\/07\/60af873a244ef.jpeg\" \/>\n\t<meta property=\"og:image:width\" content=\"500\" \/>\n\t<meta property=\"og:image:height\" content=\"750\" \/>\n\t<meta property=\"og:image:type\" content=\"image\/jpeg\" \/>\n<meta name=\"twitter:card\" content=\"summary_large_image\" \/>\n<meta name=\"twitter:label1\" content=\"Price\" \/>\n\t<meta name=\"twitter:data1\" content=\"1 999,00&nbsp;&#107;&#114;\" \/>\n\t<meta name=\"twitter:label2\" content=\"Availability\" \/>\n\t<meta name=\"twitter:data2\" content=\"In stock\" \/>\n<script type=\"application\/ld+json\" class=\"yoast-schema-graph\">{\"@context\":\"https:\/\/schema.org\",\"@graph\":[{\"@type\":\"WebPage\",\"@id\":\"https:\/\/babylove.se\/no\/produkt\/moi-mili-jeans-tipitalt-med-pompom\/\",\"url\":\"https:\/\/babylove.se\/no\/produkt\/moi-mili-jeans-tipitalt-med-pompom\/\",\"name\":\"Moi Mili, jeans tipi-telt med pompon - Babylove Norska\",\"isPartOf\":{\"@id\":\"https:\/\/babylove.se\/no\/#website\"},\"primaryImageOfPage\":{\"@id\":\"https:\/\/babylove.se\/no\/produkt\/moi-mili-jeans-tipitalt-med-pompom\/#primaryimage\"},\"image\":{\"@id\":\"https:\/\/babylove.se\/no\/produkt\/moi-mili-jeans-tipitalt-med-pompom\/#primaryimage\"},\"thumbnailUrl\":\"https:\/\/babylove.se\/no\/wp-content\/uploads\/sites\/3\/2025\/07\/60af873a244ef.jpeg\",\"datePublished\":\"2025-07-18T22:20:50+00:00\",\"dateModified\":\"2026-04-08T10:10:32+00:00\",\"breadcrumb\":{\"@id\":\"https:\/\/babylove.se\/no\/produkt\/moi-mili-jeans-tipitalt-med-pompom\/#breadcrumb\"},\"inLanguage\":\"nb-NO\",\"potentialAction\":[{\"@type\":\"ReadAction\",\"target\":[\"https:\/\/babylove.se\/no\/produkt\/moi-mili-jeans-tipitalt-med-pompom\/\"]}]},{\"@type\":\"ImageObject\",\"inLanguage\":\"nb-NO\",\"@id\":\"https:\/\/babylove.se\/no\/produkt\/moi-mili-jeans-tipitalt-med-pompom\/#primaryimage\",\"url\":\"https:\/\/babylove.se\/no\/wp-content\/uploads\/sites\/3\/2025\/07\/60af873a244ef.jpeg\",\"contentUrl\":\"https:\/\/babylove.se\/no\/wp-content\/uploads\/sites\/3\/2025\/07\/60af873a244ef.jpeg\",\"width\":500,\"height\":750},{\"@type\":\"BreadcrumbList\",\"@id\":\"https:\/\/babylove.se\/no\/produkt\/moi-mili-jeans-tipitalt-med-pompom\/#breadcrumb\",\"itemListElement\":[{\"@type\":\"ListItem\",\"position\":1,\"name\":\"Hem\",\"item\":\"https:\/\/babylove.se\/no\/\"},{\"@type\":\"ListItem\",\"position\":2,\"name\":\"Butik\",\"item\":\"https:\/\/babylove.se\/no\/butik\/\"},{\"@type\":\"ListItem\",\"position\":3,\"name\":\"Moi Mili, jeans tipi-telt med pompon\"}]},{\"@type\":\"WebSite\",\"@id\":\"https:\/\/babylove.se\/no\/#website\",\"url\":\"https:\/\/babylove.se\/no\/\",\"name\":\"Babylove Norska\",\"description\":\"\",\"potentialAction\":[{\"@type\":\"SearchAction\",\"target\":{\"@type\":\"EntryPoint\",\"urlTemplate\":\"https:\/\/babylove.se\/no\/?s={search_term_string}\"},\"query-input\":{\"@type\":\"PropertyValueSpecification\",\"valueRequired\":true,\"valueName\":\"search_term_string\"}}],\"inLanguage\":\"nb-NO\"}]}<\/script>\n<meta property=\"product:brand\" content=\"Moi Mili\" \/>\n<meta property=\"product:price:amount\" content=\"1999.00\" \/>\n<meta property=\"product:price:currency\" content=\"SEK\" \/>\n<meta property=\"og:availability\" content=\"instock\" \/>\n<meta property=\"product:availability\" content=\"instock\" \/>\n<meta property=\"product:retailer_item_id\" content=\"TZP-JE\" \/>\n<meta property=\"product:condition\" content=\"new\" \/>\n<!-- \/ Yoast SEO Premium plugin. -->","yoast_head_json":{"title":"Moi Mili, jeans tipi-telt med pompon - Babylove Norska","robots":{"index":"noindex","follow":"follow","max-snippet":"max-snippet:-1","max-image-preview":"max-image-preview:large","max-video-preview":"max-video-preview:-1"},"og_locale":"nb_NO","og_type":"article","og_title":"Moi Mili, jeans tipi-telt med pompon","og_description":"Et tipi-telt utover det vanlige, det er det du f\u00e5r med dette fine leketeltet fra Moi Mili. En klassisk og stilren form, men full av vakre detaljer som blir en vakker del av barnerommets innredning. n nFakta: n n t Teltpinnene er avrundede og laget av utvalgt furutre, du knyter enkelt fast teltet \u00f8verst oppe. [&hellip;]","og_url":"https:\/\/babylove.se\/no\/produkt\/moi-mili-jeans-tipitalt-med-pompom\/","og_site_name":"Babylove Norska","article_modified_time":"2026-04-08T10:10:32+00:00","og_image":[{"width":500,"height":750,"url":"https:\/\/babylove.se\/no\/wp-content\/uploads\/sites\/3\/2025\/07\/60af873a244ef.jpeg","type":"image\/jpeg"}],"twitter_card":"summary_large_image","twitter_misc":{"Price":"1 999,00&nbsp;&#107;&#114;","Availability":"In stock"},"schema":{"@context":"https:\/\/schema.org","@graph":[{"@type":"WebPage","@id":"https:\/\/babylove.se\/no\/produkt\/moi-mili-jeans-tipitalt-med-pompom\/","url":"https:\/\/babylove.se\/no\/produkt\/moi-mili-jeans-tipitalt-med-pompom\/","name":"Moi Mili, jeans tipi-telt med pompon - Babylove Norska","isPartOf":{"@id":"https:\/\/babylove.se\/no\/#website"},"primaryImageOfPage":{"@id":"https:\/\/babylove.se\/no\/produkt\/moi-mili-jeans-tipitalt-med-pompom\/#primaryimage"},"image":{"@id":"https:\/\/babylove.se\/no\/produkt\/moi-mili-jeans-tipitalt-med-pompom\/#primaryimage"},"thumbnailUrl":"https:\/\/babylove.se\/no\/wp-content\/uploads\/sites\/3\/2025\/07\/60af873a244ef.jpeg","datePublished":"2025-07-18T22:20:50+00:00","dateModified":"2026-04-08T10:10:32+00:00","breadcrumb":{"@id":"https:\/\/babylove.se\/no\/produkt\/moi-mili-jeans-tipitalt-med-pompom\/#breadcrumb"},"inLanguage":"nb-NO","potentialAction":[{"@type":"ReadAction","target":["https:\/\/babylove.se\/no\/produkt\/moi-mili-jeans-tipitalt-med-pompom\/"]}]},{"@type":"ImageObject","inLanguage":"nb-NO","@id":"https:\/\/babylove.se\/no\/produkt\/moi-mili-jeans-tipitalt-med-pompom\/#primaryimage","url":"https:\/\/babylove.se\/no\/wp-content\/uploads\/sites\/3\/2025\/07\/60af873a244ef.jpeg","contentUrl":"https:\/\/babylove.se\/no\/wp-content\/uploads\/sites\/3\/2025\/07\/60af873a244ef.jpeg","width":500,"height":750},{"@type":"BreadcrumbList","@id":"https:\/\/babylove.se\/no\/produkt\/moi-mili-jeans-tipitalt-med-pompom\/#breadcrumb","itemListElement":[{"@type":"ListItem","position":1,"name":"Hem","item":"https:\/\/babylove.se\/no\/"},{"@type":"ListItem","position":2,"name":"Butik","item":"https:\/\/babylove.se\/no\/butik\/"},{"@type":"ListItem","position":3,"name":"Moi Mili, jeans tipi-telt med pompon"}]},{"@type":"WebSite","@id":"https:\/\/babylove.se\/no\/#website","url":"https:\/\/babylove.se\/no\/","name":"Babylove Norska","description":"","potentialAction":[{"@type":"SearchAction","target":{"@type":"EntryPoint","urlTemplate":"https:\/\/babylove.se\/no\/?s={search_term_string}"},"query-input":{"@type":"PropertyValueSpecification","valueRequired":true,"valueName":"search_term_string"}}],"inLanguage":"nb-NO"}]},"product_brand":"Moi Mili","product_price_amount":"1999.00","product_price_currency":"SEK","og_availability":"instock","product_availability":"instock","product_retailer_item_id":"TZP-JE","product_condition":"new"},"_links":{"self":[{"href":"https:\/\/babylove.se\/no\/wp-json\/wp\/v2\/product\/25272","targetHints":{"allow":["GET"]}}],"collection":[{"href":"https:\/\/babylove.se\/no\/wp-json\/wp\/v2\/product"}],"about":[{"href":"https:\/\/babylove.se\/no\/wp-json\/wp\/v2\/types\/product"}],"replies":[{"embeddable":true,"href":"https:\/\/babylove.se\/no\/wp-json\/wp\/v2\/comments?post=25272"}],"wp:featuredmedia":[{"embeddable":true,"href":"https:\/\/babylove.se\/no\/wp-json\/wp\/v2\/media\/25274"}],"wp:attachment":[{"href":"https:\/\/babylove.se\/no\/wp-json\/wp\/v2\/media?parent=25272"}],"wp:term":[{"taxonomy":"product_brand","embeddable":true,"href":"https:\/\/babylove.se\/no\/wp-json\/wp\/v2\/product_brand?post=25272"},{"taxonomy":"product_cat","embeddable":true,"href":"https:\/\/babylove.se\/no\/wp-json\/wp\/v2\/product_cat?post=25272"},{"taxonomy":"product_tag","embeddable":true,"href":"https:\/\/babylove.se\/no\/wp-json\/wp\/v2\/product_tag?post=25272"}],"curies":[{"name":"wp","href":"https:\/\/api.w.org\/{rel}","templated":true}]}}