{"id":25314,"date":"2025-07-18T23:20:50","date_gmt":"2025-07-18T22:20:50","guid":{"rendered":"https:\/\/babylove.se\/produkt\/liewood-marty-silikontallrik-2-pack-mr-bear-blue-mix\/"},"modified":"2026-04-08T11:10:51","modified_gmt":"2026-04-08T10:10:51","slug":"liewood-marty-silikontallerken-2-pakk-mr-bear-blue-mix","status":"publish","type":"product","link":"https:\/\/babylove.se\/no\/produkt\/liewood-marty-silikontallerken-2-pakk-mr-bear-blue-mix\/","title":{"rendered":"Liewood, Marty silikontallrik 2-pack, Mr bear blue mix"},"content":{"rendered":"<p>Et praktisk og fint milj\u00f8vennlig sett med 2 fine tallerkener fra Liewood, med sine popul\u00e6re barneprodukter vil vel alle ha? Da er et 2-pakk enda bedre, s\u00e5 du har flere tallerkener hjemme hele uken. Silikon er fri fra BPA og er et smart og praktisk materialvalg. Disse smarte tallerkenene for barn vil gj\u00f8re m\u00e5ltidene lettere. Barnet ditt vil s\u00f8le mindre og ha det g\u00f8y n\u00e5r det spiser, optimalt for et barns m\u00e5ltid. Selvsagt er Liewoods patenterte vakre dyremotiver inspirasjon til disse fine tallerkenene. <\/p>\n<p>M\u00e5l: 23 cm, x 21 cm, x 2,6 cm<br \/>\nMateriale: 100% silikon BPA-fri <\/p>\n<p>Vaskeanvisning: Oppvaskmaskin opp til 65 grader ? Ikke bruk i ovn ? Ikke bruk i mikrob\u00f8lgeovn ? Frysebeskyttelse ned til -40 grader <\/p>\n<p>Designer: <a href=\"https:\/\/babylove.se\/varumarken\/liewood\"><u>Liewood<\/u><\/a><\/p>\n","protected":false},"excerpt":{"rendered":"<p>Et praktisk og fint milj\u00f8vennlig sett med 2 fine tallerkener fra Liewood, med sine popul\u00e6re barneprodukter vil vel alle ha? Da er et 2-pakk enda bedre, s\u00e5 du har flere tallerkener hjemme hele uken. Silikon er fri fra BPA og er et smart og praktisk materialvalg. Disse smarte tallerkenene for barn vil gj\u00f8re m\u00e5ltidene lettere. [&hellip;]<\/p>\n","protected":false},"featured_media":25316,"comment_status":"closed","ping_status":"closed","template":"","meta":{"_acf_changed":false},"product_brand":[282],"product_cat":[92,72,283,1778],"product_tag":[1709],"class_list":{"0":"post-25314","1":"product","2":"type-product","3":"status-publish","4":"has-post-thumbnail","6":"product_brand-liewood","7":"product_cat-barnbestikk-matsett","8":"product_cat-julegaver","9":"product_cat-liewood","10":"product_cat-ovrig-innredning","11":"product_tag-utforsalg","13":"first","14":"instock","15":"taxable","16":"shipping-taxable","17":"purchasable","18":"product-type-simple"},"acf":[],"yoast_head":"<!-- This site is optimized with the Yoast SEO Premium plugin v25.8 (Yoast SEO v27.2) - https:\/\/yoast.com\/product\/yoast-seo-premium-wordpress\/ -->\n<title>Liewood, Marty silikontallrik 2-pack, Mr bear blue mix - Babylove Norska<\/title>\n<meta name=\"robots\" content=\"noindex, follow, max-snippet:-1, max-image-preview:large, max-video-preview:-1\" \/>\n<meta property=\"og:locale\" content=\"nb_NO\" \/>\n<meta property=\"og:type\" content=\"article\" \/>\n<meta property=\"og:title\" content=\"Liewood, Marty silikontallrik 2-pack, Mr bear blue mix\" \/>\n<meta property=\"og:description\" content=\"Et praktisk og fint milj\u00f8vennlig sett med 2 fine tallerkener fra Liewood, med sine popul\u00e6re barneprodukter vil vel alle ha? Da er et 2-pakk enda bedre, s\u00e5 du har flere tallerkener hjemme hele uken. Silikon er fri fra BPA og er et smart og praktisk materialvalg. Disse smarte tallerkenene for barn vil gj\u00f8re m\u00e5ltidene lettere. [&hellip;]\" \/>\n<meta property=\"og:url\" content=\"https:\/\/babylove.se\/no\/produkt\/liewood-marty-silikontallerken-2-pakk-mr-bear-blue-mix\/\" \/>\n<meta property=\"og:site_name\" content=\"Babylove Norska\" \/>\n<meta property=\"article:modified_time\" content=\"2026-04-08T10:10:51+00:00\" \/>\n<meta property=\"og:image\" content=\"https:\/\/babylove.se\/no\/wp-content\/uploads\/sites\/3\/2025\/07\/60b4f77803b12.jpeg\" \/>\n\t<meta property=\"og:image:width\" content=\"750\" \/>\n\t<meta property=\"og:image:height\" content=\"750\" \/>\n\t<meta property=\"og:image:type\" content=\"image\/jpeg\" \/>\n<meta name=\"twitter:card\" content=\"summary_large_image\" \/>\n<meta name=\"twitter:label1\" content=\"Price\" \/>\n\t<meta name=\"twitter:data1\" content=\"299,00&nbsp;&#107;&#114;\" \/>\n\t<meta name=\"twitter:label2\" content=\"Availability\" \/>\n\t<meta name=\"twitter:data2\" content=\"In stock\" \/>\n<script type=\"application\/ld+json\" class=\"yoast-schema-graph\">{\"@context\":\"https:\/\/schema.org\",\"@graph\":[{\"@type\":\"WebPage\",\"@id\":\"https:\/\/babylove.se\/no\/produkt\/liewood-marty-silikontallerken-2-pakk-mr-bear-blue-mix\/\",\"url\":\"https:\/\/babylove.se\/no\/produkt\/liewood-marty-silikontallerken-2-pakk-mr-bear-blue-mix\/\",\"name\":\"Liewood, Marty silikontallrik 2-pack, Mr bear blue mix - Babylove Norska\",\"isPartOf\":{\"@id\":\"https:\/\/babylove.se\/no\/#website\"},\"primaryImageOfPage\":{\"@id\":\"https:\/\/babylove.se\/no\/produkt\/liewood-marty-silikontallerken-2-pakk-mr-bear-blue-mix\/#primaryimage\"},\"image\":{\"@id\":\"https:\/\/babylove.se\/no\/produkt\/liewood-marty-silikontallerken-2-pakk-mr-bear-blue-mix\/#primaryimage\"},\"thumbnailUrl\":\"https:\/\/babylove.se\/no\/wp-content\/uploads\/sites\/3\/2025\/07\/60b4f77803b12.jpeg\",\"datePublished\":\"2025-07-18T22:20:50+00:00\",\"dateModified\":\"2026-04-08T10:10:51+00:00\",\"breadcrumb\":{\"@id\":\"https:\/\/babylove.se\/no\/produkt\/liewood-marty-silikontallerken-2-pakk-mr-bear-blue-mix\/#breadcrumb\"},\"inLanguage\":\"nb-NO\",\"potentialAction\":[{\"@type\":\"ReadAction\",\"target\":[\"https:\/\/babylove.se\/no\/produkt\/liewood-marty-silikontallerken-2-pakk-mr-bear-blue-mix\/\"]}]},{\"@type\":\"ImageObject\",\"inLanguage\":\"nb-NO\",\"@id\":\"https:\/\/babylove.se\/no\/produkt\/liewood-marty-silikontallerken-2-pakk-mr-bear-blue-mix\/#primaryimage\",\"url\":\"https:\/\/babylove.se\/no\/wp-content\/uploads\/sites\/3\/2025\/07\/60b4f77803b12.jpeg\",\"contentUrl\":\"https:\/\/babylove.se\/no\/wp-content\/uploads\/sites\/3\/2025\/07\/60b4f77803b12.jpeg\",\"width\":750,\"height\":750},{\"@type\":\"BreadcrumbList\",\"@id\":\"https:\/\/babylove.se\/no\/produkt\/liewood-marty-silikontallerken-2-pakk-mr-bear-blue-mix\/#breadcrumb\",\"itemListElement\":[{\"@type\":\"ListItem\",\"position\":1,\"name\":\"Hem\",\"item\":\"https:\/\/babylove.se\/no\/\"},{\"@type\":\"ListItem\",\"position\":2,\"name\":\"Butik\",\"item\":\"https:\/\/babylove.se\/no\/butik\/\"},{\"@type\":\"ListItem\",\"position\":3,\"name\":\"Liewood, Marty silikontallrik 2-pack, Mr bear blue mix\"}]},{\"@type\":\"WebSite\",\"@id\":\"https:\/\/babylove.se\/no\/#website\",\"url\":\"https:\/\/babylove.se\/no\/\",\"name\":\"Babylove Norska\",\"description\":\"\",\"potentialAction\":[{\"@type\":\"SearchAction\",\"target\":{\"@type\":\"EntryPoint\",\"urlTemplate\":\"https:\/\/babylove.se\/no\/?s={search_term_string}\"},\"query-input\":{\"@type\":\"PropertyValueSpecification\",\"valueRequired\":true,\"valueName\":\"search_term_string\"}}],\"inLanguage\":\"nb-NO\"}]}<\/script>\n<meta property=\"product:brand\" content=\"Liewood\" \/>\n<meta property=\"product:price:amount\" content=\"299.00\" \/>\n<meta property=\"product:price:currency\" content=\"SEK\" \/>\n<meta property=\"og:availability\" content=\"instock\" \/>\n<meta property=\"product:availability\" content=\"instock\" \/>\n<meta property=\"product:retailer_item_id\" content=\"LW143316912\" \/>\n<meta property=\"product:condition\" content=\"new\" \/>\n<!-- \/ Yoast SEO Premium plugin. -->","yoast_head_json":{"title":"Liewood, Marty silikontallrik 2-pack, Mr bear blue mix - Babylove Norska","robots":{"index":"noindex","follow":"follow","max-snippet":"max-snippet:-1","max-image-preview":"max-image-preview:large","max-video-preview":"max-video-preview:-1"},"og_locale":"nb_NO","og_type":"article","og_title":"Liewood, Marty silikontallrik 2-pack, Mr bear blue mix","og_description":"Et praktisk og fint milj\u00f8vennlig sett med 2 fine tallerkener fra Liewood, med sine popul\u00e6re barneprodukter vil vel alle ha? Da er et 2-pakk enda bedre, s\u00e5 du har flere tallerkener hjemme hele uken. Silikon er fri fra BPA og er et smart og praktisk materialvalg. Disse smarte tallerkenene for barn vil gj\u00f8re m\u00e5ltidene lettere. [&hellip;]","og_url":"https:\/\/babylove.se\/no\/produkt\/liewood-marty-silikontallerken-2-pakk-mr-bear-blue-mix\/","og_site_name":"Babylove Norska","article_modified_time":"2026-04-08T10:10:51+00:00","og_image":[{"width":750,"height":750,"url":"https:\/\/babylove.se\/no\/wp-content\/uploads\/sites\/3\/2025\/07\/60b4f77803b12.jpeg","type":"image\/jpeg"}],"twitter_card":"summary_large_image","twitter_misc":{"Price":"299,00&nbsp;&#107;&#114;","Availability":"In stock"},"schema":{"@context":"https:\/\/schema.org","@graph":[{"@type":"WebPage","@id":"https:\/\/babylove.se\/no\/produkt\/liewood-marty-silikontallerken-2-pakk-mr-bear-blue-mix\/","url":"https:\/\/babylove.se\/no\/produkt\/liewood-marty-silikontallerken-2-pakk-mr-bear-blue-mix\/","name":"Liewood, Marty silikontallrik 2-pack, Mr bear blue mix - Babylove Norska","isPartOf":{"@id":"https:\/\/babylove.se\/no\/#website"},"primaryImageOfPage":{"@id":"https:\/\/babylove.se\/no\/produkt\/liewood-marty-silikontallerken-2-pakk-mr-bear-blue-mix\/#primaryimage"},"image":{"@id":"https:\/\/babylove.se\/no\/produkt\/liewood-marty-silikontallerken-2-pakk-mr-bear-blue-mix\/#primaryimage"},"thumbnailUrl":"https:\/\/babylove.se\/no\/wp-content\/uploads\/sites\/3\/2025\/07\/60b4f77803b12.jpeg","datePublished":"2025-07-18T22:20:50+00:00","dateModified":"2026-04-08T10:10:51+00:00","breadcrumb":{"@id":"https:\/\/babylove.se\/no\/produkt\/liewood-marty-silikontallerken-2-pakk-mr-bear-blue-mix\/#breadcrumb"},"inLanguage":"nb-NO","potentialAction":[{"@type":"ReadAction","target":["https:\/\/babylove.se\/no\/produkt\/liewood-marty-silikontallerken-2-pakk-mr-bear-blue-mix\/"]}]},{"@type":"ImageObject","inLanguage":"nb-NO","@id":"https:\/\/babylove.se\/no\/produkt\/liewood-marty-silikontallerken-2-pakk-mr-bear-blue-mix\/#primaryimage","url":"https:\/\/babylove.se\/no\/wp-content\/uploads\/sites\/3\/2025\/07\/60b4f77803b12.jpeg","contentUrl":"https:\/\/babylove.se\/no\/wp-content\/uploads\/sites\/3\/2025\/07\/60b4f77803b12.jpeg","width":750,"height":750},{"@type":"BreadcrumbList","@id":"https:\/\/babylove.se\/no\/produkt\/liewood-marty-silikontallerken-2-pakk-mr-bear-blue-mix\/#breadcrumb","itemListElement":[{"@type":"ListItem","position":1,"name":"Hem","item":"https:\/\/babylove.se\/no\/"},{"@type":"ListItem","position":2,"name":"Butik","item":"https:\/\/babylove.se\/no\/butik\/"},{"@type":"ListItem","position":3,"name":"Liewood, Marty silikontallrik 2-pack, Mr bear blue mix"}]},{"@type":"WebSite","@id":"https:\/\/babylove.se\/no\/#website","url":"https:\/\/babylove.se\/no\/","name":"Babylove Norska","description":"","potentialAction":[{"@type":"SearchAction","target":{"@type":"EntryPoint","urlTemplate":"https:\/\/babylove.se\/no\/?s={search_term_string}"},"query-input":{"@type":"PropertyValueSpecification","valueRequired":true,"valueName":"search_term_string"}}],"inLanguage":"nb-NO"}]},"product_brand":"Liewood","product_price_amount":"299.00","product_price_currency":"SEK","og_availability":"instock","product_availability":"instock","product_retailer_item_id":"LW143316912","product_condition":"new"},"_links":{"self":[{"href":"https:\/\/babylove.se\/no\/wp-json\/wp\/v2\/product\/25314","targetHints":{"allow":["GET"]}}],"collection":[{"href":"https:\/\/babylove.se\/no\/wp-json\/wp\/v2\/product"}],"about":[{"href":"https:\/\/babylove.se\/no\/wp-json\/wp\/v2\/types\/product"}],"replies":[{"embeddable":true,"href":"https:\/\/babylove.se\/no\/wp-json\/wp\/v2\/comments?post=25314"}],"wp:featuredmedia":[{"embeddable":true,"href":"https:\/\/babylove.se\/no\/wp-json\/wp\/v2\/media\/25316"}],"wp:attachment":[{"href":"https:\/\/babylove.se\/no\/wp-json\/wp\/v2\/media?parent=25314"}],"wp:term":[{"taxonomy":"product_brand","embeddable":true,"href":"https:\/\/babylove.se\/no\/wp-json\/wp\/v2\/product_brand?post=25314"},{"taxonomy":"product_cat","embeddable":true,"href":"https:\/\/babylove.se\/no\/wp-json\/wp\/v2\/product_cat?post=25314"},{"taxonomy":"product_tag","embeddable":true,"href":"https:\/\/babylove.se\/no\/wp-json\/wp\/v2\/product_tag?post=25314"}],"curies":[{"name":"wp","href":"https:\/\/api.w.org\/{rel}","templated":true}]}}