{"id":25367,"date":"2025-07-18T23:21:15","date_gmt":"2025-07-18T22:21:15","guid":{"rendered":"https:\/\/babylove.se\/produkt\/moi-mili-vaggdekoration-regnbage-colours-of-the-earth\/"},"modified":"2026-04-08T11:11:20","modified_gmt":"2026-04-08T10:11:20","slug":"moi-mili-veggdekorasjon-regnbue-colours-of-the-earth","status":"publish","type":"product","link":"https:\/\/babylove.se\/no\/produkt\/moi-mili-veggdekorasjon-regnbue-colours-of-the-earth\/","title":{"rendered":"Moi Mili, veggdekorasjon regnbue Colours of the Earth"},"content":{"rendered":"<p>Underbar veggdekorasjon i form av en regnbue fra Moi Mili. Heng den over sengen<span>&nbsp;<\/span>eller hvor du vil for \u00e5 skape en dr\u00f8mmeverden i ditt barns rom.&nbsp;<\/p>\n<p><strong>M\u00e5l<\/strong>: 15 cm x 14 cm<\/p>\n<p><strong>Materiale<\/strong>: bomull\/lin\/fl\u00f8yel<\/p>\n<p>Designer: Moi Mili<\/p>\n","protected":false},"excerpt":{"rendered":"<p>Underbar veggdekorasjon i form av en regnbue fra Moi Mili. Heng den over sengen&nbsp;eller hvor du vil for \u00e5 skape en dr\u00f8mmeverden i ditt barns rom.&nbsp; M\u00e5l: 15 cm x 14 cm Materiale: bomull\/lin\/fl\u00f8yel Designer: Moi Mili<\/p>\n","protected":false},"featured_media":25369,"comment_status":"closed","ping_status":"open","template":"","meta":{"_acf_changed":false},"product_brand":[912],"product_cat":[248,913,29],"product_tag":[1689,1709],"class_list":{"0":"post-25367","1":"product","2":"type-product","3":"status-publish","4":"has-post-thumbnail","6":"product_brand-moi-mili","7":"product_cat-regnbue","8":"product_cat-moi-mili","9":"product_cat-veggdekorasjoner","10":"product_tag-bestillingsvaror","11":"product_tag-utforsalg","13":"first","14":"instock","15":"taxable","16":"shipping-taxable","17":"purchasable","18":"product-type-simple"},"acf":[],"yoast_head":"<!-- This site is optimized with the Yoast SEO Premium plugin v25.8 (Yoast SEO v27.2) - https:\/\/yoast.com\/product\/yoast-seo-premium-wordpress\/ -->\n<title>Moi Mili, veggdekorasjon regnbue Colours of the Earth - Babylove Norska<\/title>\n<meta name=\"robots\" content=\"noindex, follow, max-snippet:-1, max-image-preview:large, max-video-preview:-1\" \/>\n<meta property=\"og:locale\" content=\"nb_NO\" \/>\n<meta property=\"og:type\" content=\"article\" \/>\n<meta property=\"og:title\" content=\"Moi Mili, veggdekorasjon regnbue Colours of the Earth\" \/>\n<meta property=\"og:description\" content=\"Underbar veggdekorasjon i form av en regnbue fra Moi Mili. Heng den over sengen&nbsp;eller hvor du vil for \u00e5 skape en dr\u00f8mmeverden i ditt barns rom.&nbsp; M\u00e5l: 15 cm x 14 cm Materiale: bomull\/lin\/fl\u00f8yel Designer: Moi Mili\" \/>\n<meta property=\"og:url\" content=\"https:\/\/babylove.se\/no\/produkt\/moi-mili-veggdekorasjon-regnbue-colours-of-the-earth\/\" \/>\n<meta property=\"og:site_name\" content=\"Babylove Norska\" \/>\n<meta property=\"article:modified_time\" content=\"2026-04-08T10:11:20+00:00\" \/>\n<meta property=\"og:image\" content=\"https:\/\/babylove.se\/no\/wp-content\/uploads\/sites\/3\/2025\/07\/60b8be7494617.jpeg\" \/>\n\t<meta property=\"og:image:width\" content=\"500\" \/>\n\t<meta property=\"og:image:height\" content=\"750\" \/>\n\t<meta property=\"og:image:type\" content=\"image\/jpeg\" \/>\n<meta name=\"twitter:card\" content=\"summary_large_image\" \/>\n<meta name=\"twitter:label1\" content=\"Price\" \/>\n\t<meta name=\"twitter:data1\" content=\"349,00&nbsp;&#107;&#114;\" \/>\n\t<meta name=\"twitter:label2\" content=\"Availability\" \/>\n\t<meta name=\"twitter:data2\" content=\"In stock\" \/>\n<script type=\"application\/ld+json\" class=\"yoast-schema-graph\">{\"@context\":\"https:\/\/schema.org\",\"@graph\":[{\"@type\":\"WebPage\",\"@id\":\"https:\/\/babylove.se\/no\/produkt\/moi-mili-veggdekorasjon-regnbue-colours-of-the-earth\/\",\"url\":\"https:\/\/babylove.se\/no\/produkt\/moi-mili-veggdekorasjon-regnbue-colours-of-the-earth\/\",\"name\":\"Moi Mili, veggdekorasjon regnbue Colours of the Earth - Babylove Norska\",\"isPartOf\":{\"@id\":\"https:\/\/babylove.se\/no\/#website\"},\"primaryImageOfPage\":{\"@id\":\"https:\/\/babylove.se\/no\/produkt\/moi-mili-veggdekorasjon-regnbue-colours-of-the-earth\/#primaryimage\"},\"image\":{\"@id\":\"https:\/\/babylove.se\/no\/produkt\/moi-mili-veggdekorasjon-regnbue-colours-of-the-earth\/#primaryimage\"},\"thumbnailUrl\":\"https:\/\/babylove.se\/no\/wp-content\/uploads\/sites\/3\/2025\/07\/60b8be7494617.jpeg\",\"datePublished\":\"2025-07-18T22:21:15+00:00\",\"dateModified\":\"2026-04-08T10:11:20+00:00\",\"breadcrumb\":{\"@id\":\"https:\/\/babylove.se\/no\/produkt\/moi-mili-veggdekorasjon-regnbue-colours-of-the-earth\/#breadcrumb\"},\"inLanguage\":\"nb-NO\",\"potentialAction\":[{\"@type\":\"ReadAction\",\"target\":[\"https:\/\/babylove.se\/no\/produkt\/moi-mili-veggdekorasjon-regnbue-colours-of-the-earth\/\"]}]},{\"@type\":\"ImageObject\",\"inLanguage\":\"nb-NO\",\"@id\":\"https:\/\/babylove.se\/no\/produkt\/moi-mili-veggdekorasjon-regnbue-colours-of-the-earth\/#primaryimage\",\"url\":\"https:\/\/babylove.se\/no\/wp-content\/uploads\/sites\/3\/2025\/07\/60b8be7494617.jpeg\",\"contentUrl\":\"https:\/\/babylove.se\/no\/wp-content\/uploads\/sites\/3\/2025\/07\/60b8be7494617.jpeg\",\"width\":500,\"height\":750},{\"@type\":\"BreadcrumbList\",\"@id\":\"https:\/\/babylove.se\/no\/produkt\/moi-mili-veggdekorasjon-regnbue-colours-of-the-earth\/#breadcrumb\",\"itemListElement\":[{\"@type\":\"ListItem\",\"position\":1,\"name\":\"Hem\",\"item\":\"https:\/\/babylove.se\/no\/\"},{\"@type\":\"ListItem\",\"position\":2,\"name\":\"Butik\",\"item\":\"https:\/\/babylove.se\/no\/butik\/\"},{\"@type\":\"ListItem\",\"position\":3,\"name\":\"Moi Mili, veggdekorasjon regnbue Colours of the Earth\"}]},{\"@type\":\"WebSite\",\"@id\":\"https:\/\/babylove.se\/no\/#website\",\"url\":\"https:\/\/babylove.se\/no\/\",\"name\":\"Babylove Norska\",\"description\":\"\",\"potentialAction\":[{\"@type\":\"SearchAction\",\"target\":{\"@type\":\"EntryPoint\",\"urlTemplate\":\"https:\/\/babylove.se\/no\/?s={search_term_string}\"},\"query-input\":{\"@type\":\"PropertyValueSpecification\",\"valueRequired\":true,\"valueName\":\"search_term_string\"}}],\"inLanguage\":\"nb-NO\"}]}<\/script>\n<meta property=\"product:brand\" content=\"Moi Mili\" \/>\n<meta property=\"product:price:amount\" content=\"349.00\" \/>\n<meta property=\"product:price:currency\" content=\"SEK\" \/>\n<meta property=\"og:availability\" content=\"instock\" \/>\n<meta property=\"product:availability\" content=\"instock\" \/>\n<meta property=\"product:retailer_item_id\" content=\"T-EC\" \/>\n<meta property=\"product:condition\" content=\"new\" \/>\n<!-- \/ Yoast SEO Premium plugin. -->","yoast_head_json":{"title":"Moi Mili, veggdekorasjon regnbue Colours of the Earth - Babylove Norska","robots":{"index":"noindex","follow":"follow","max-snippet":"max-snippet:-1","max-image-preview":"max-image-preview:large","max-video-preview":"max-video-preview:-1"},"og_locale":"nb_NO","og_type":"article","og_title":"Moi Mili, veggdekorasjon regnbue Colours of the Earth","og_description":"Underbar veggdekorasjon i form av en regnbue fra Moi Mili. Heng den over sengen&nbsp;eller hvor du vil for \u00e5 skape en dr\u00f8mmeverden i ditt barns rom.&nbsp; M\u00e5l: 15 cm x 14 cm Materiale: bomull\/lin\/fl\u00f8yel Designer: Moi Mili","og_url":"https:\/\/babylove.se\/no\/produkt\/moi-mili-veggdekorasjon-regnbue-colours-of-the-earth\/","og_site_name":"Babylove Norska","article_modified_time":"2026-04-08T10:11:20+00:00","og_image":[{"width":500,"height":750,"url":"https:\/\/babylove.se\/no\/wp-content\/uploads\/sites\/3\/2025\/07\/60b8be7494617.jpeg","type":"image\/jpeg"}],"twitter_card":"summary_large_image","twitter_misc":{"Price":"349,00&nbsp;&#107;&#114;","Availability":"In stock"},"schema":{"@context":"https:\/\/schema.org","@graph":[{"@type":"WebPage","@id":"https:\/\/babylove.se\/no\/produkt\/moi-mili-veggdekorasjon-regnbue-colours-of-the-earth\/","url":"https:\/\/babylove.se\/no\/produkt\/moi-mili-veggdekorasjon-regnbue-colours-of-the-earth\/","name":"Moi Mili, veggdekorasjon regnbue Colours of the Earth - Babylove Norska","isPartOf":{"@id":"https:\/\/babylove.se\/no\/#website"},"primaryImageOfPage":{"@id":"https:\/\/babylove.se\/no\/produkt\/moi-mili-veggdekorasjon-regnbue-colours-of-the-earth\/#primaryimage"},"image":{"@id":"https:\/\/babylove.se\/no\/produkt\/moi-mili-veggdekorasjon-regnbue-colours-of-the-earth\/#primaryimage"},"thumbnailUrl":"https:\/\/babylove.se\/no\/wp-content\/uploads\/sites\/3\/2025\/07\/60b8be7494617.jpeg","datePublished":"2025-07-18T22:21:15+00:00","dateModified":"2026-04-08T10:11:20+00:00","breadcrumb":{"@id":"https:\/\/babylove.se\/no\/produkt\/moi-mili-veggdekorasjon-regnbue-colours-of-the-earth\/#breadcrumb"},"inLanguage":"nb-NO","potentialAction":[{"@type":"ReadAction","target":["https:\/\/babylove.se\/no\/produkt\/moi-mili-veggdekorasjon-regnbue-colours-of-the-earth\/"]}]},{"@type":"ImageObject","inLanguage":"nb-NO","@id":"https:\/\/babylove.se\/no\/produkt\/moi-mili-veggdekorasjon-regnbue-colours-of-the-earth\/#primaryimage","url":"https:\/\/babylove.se\/no\/wp-content\/uploads\/sites\/3\/2025\/07\/60b8be7494617.jpeg","contentUrl":"https:\/\/babylove.se\/no\/wp-content\/uploads\/sites\/3\/2025\/07\/60b8be7494617.jpeg","width":500,"height":750},{"@type":"BreadcrumbList","@id":"https:\/\/babylove.se\/no\/produkt\/moi-mili-veggdekorasjon-regnbue-colours-of-the-earth\/#breadcrumb","itemListElement":[{"@type":"ListItem","position":1,"name":"Hem","item":"https:\/\/babylove.se\/no\/"},{"@type":"ListItem","position":2,"name":"Butik","item":"https:\/\/babylove.se\/no\/butik\/"},{"@type":"ListItem","position":3,"name":"Moi Mili, veggdekorasjon regnbue Colours of the Earth"}]},{"@type":"WebSite","@id":"https:\/\/babylove.se\/no\/#website","url":"https:\/\/babylove.se\/no\/","name":"Babylove Norska","description":"","potentialAction":[{"@type":"SearchAction","target":{"@type":"EntryPoint","urlTemplate":"https:\/\/babylove.se\/no\/?s={search_term_string}"},"query-input":{"@type":"PropertyValueSpecification","valueRequired":true,"valueName":"search_term_string"}}],"inLanguage":"nb-NO"}]},"product_brand":"Moi Mili","product_price_amount":"349.00","product_price_currency":"SEK","og_availability":"instock","product_availability":"instock","product_retailer_item_id":"T-EC","product_condition":"new"},"_links":{"self":[{"href":"https:\/\/babylove.se\/no\/wp-json\/wp\/v2\/product\/25367","targetHints":{"allow":["GET"]}}],"collection":[{"href":"https:\/\/babylove.se\/no\/wp-json\/wp\/v2\/product"}],"about":[{"href":"https:\/\/babylove.se\/no\/wp-json\/wp\/v2\/types\/product"}],"replies":[{"embeddable":true,"href":"https:\/\/babylove.se\/no\/wp-json\/wp\/v2\/comments?post=25367"}],"wp:featuredmedia":[{"embeddable":true,"href":"https:\/\/babylove.se\/no\/wp-json\/wp\/v2\/media\/25369"}],"wp:attachment":[{"href":"https:\/\/babylove.se\/no\/wp-json\/wp\/v2\/media?parent=25367"}],"wp:term":[{"taxonomy":"product_brand","embeddable":true,"href":"https:\/\/babylove.se\/no\/wp-json\/wp\/v2\/product_brand?post=25367"},{"taxonomy":"product_cat","embeddable":true,"href":"https:\/\/babylove.se\/no\/wp-json\/wp\/v2\/product_cat?post=25367"},{"taxonomy":"product_tag","embeddable":true,"href":"https:\/\/babylove.se\/no\/wp-json\/wp\/v2\/product_tag?post=25367"}],"curies":[{"name":"wp","href":"https:\/\/api.w.org\/{rel}","templated":true}]}}