{"id":25408,"date":"2025-07-18T23:21:39","date_gmt":"2025-07-18T22:21:39","guid":{"rendered":"https:\/\/babylove.se\/produkt\/looks-by-luks-turbanmossa-libert-so-freedah\/"},"modified":"2026-04-08T11:11:44","modified_gmt":"2026-04-08T10:11:44","slug":"looks-by-luks-turbanmossa-libert-so-freedah","status":"publish","type":"product","link":"https:\/\/babylove.se\/no\/produkt\/looks-by-luks-turbanmossa-libert-so-freedah\/","title":{"rendered":"Looks by Luks turban\/lue, Libert\u00e9 So Free(dah)"},"content":{"rendered":"<p>En s\u00f8t turbanlue i myk organisk bomull med en rosett og volanger under. Passer perfekt p\u00e5 stranden som beskyttelse mot solen eller som alternativ til lue under kj\u00f8lige kveldstur.&nbsp;<\/p>\n<p>Ved \u00e5 kj\u00f8pe produkter fra Libert\u00e9-kolleksjonen st\u00f8tter du &#8220;Open mind&#8221; foundation som bist\u00e5r lokale h\u00e5ndverkere og fremmer moderne design.<\/p>\n<p><strong>Materiale<\/strong>: 93% organisk bomull, 7% elastan. GOTS og OEKO-Tex sertifisert.&nbsp;<\/p>\n<p>Vasker\u00e5d: 30 grader h\u00e5ndvask. T\u00f8rketromles ikke.&nbsp;<\/p>\n<p>Designer: <a href=\"https:\/\/babylove.se\/varumarken\/looks-by-luks\">Looks by Luks<\/a><\/p>\n","protected":false},"excerpt":{"rendered":"<p>En s\u00f8t turbanlue i myk organisk bomull med en rosett og volanger under. Passer perfekt p\u00e5 stranden som beskyttelse mot solen eller som alternativ til lue under kj\u00f8lige kveldstur.&nbsp; Ved \u00e5 kj\u00f8pe produkter fra Libert\u00e9-kolleksjonen st\u00f8tter du &#8220;Open mind&#8221; foundation som bist\u00e5r lokale h\u00e5ndverkere og fremmer moderne design. Materiale: 93% organisk bomull, 7% elastan. GOTS [&hellip;]<\/p>\n","protected":false},"featured_media":25410,"comment_status":"closed","ping_status":"open","template":"","meta":{"_acf_changed":false},"product_brand":[944],"product_cat":[654,945,60,48,946],"product_tag":[],"class_list":{"0":"post-25408","1":"product","2":"type-product","3":"status-publish","4":"has-post-thumbnail","6":"product_brand-looks-by-luks","7":"product_cat-black-week","8":"product_cat-looks-by-luks","9":"product_cat-sommer","10":"product_cat-startside","11":"product_cat-turbaner","12":"pa_storlek-18-36-manader","13":"pa_storlek-3-6-ar","14":"pa_storlek-6-18-manader","16":"first","17":"outofstock","18":"taxable","19":"shipping-taxable","20":"purchasable","21":"product-type-variable"},"acf":[],"yoast_head":"<!-- This site is optimized with the Yoast SEO Premium plugin v25.8 (Yoast SEO v27.2) - https:\/\/yoast.com\/product\/yoast-seo-premium-wordpress\/ -->\n<title>Looks by Luks turban\/lue, Libert\u00e9 So Free(dah) - Babylove Norska<\/title>\n<meta name=\"robots\" content=\"noindex, follow, max-snippet:-1, max-image-preview:large, max-video-preview:-1\" \/>\n<meta property=\"og:locale\" content=\"nb_NO\" \/>\n<meta property=\"og:type\" content=\"article\" \/>\n<meta property=\"og:title\" content=\"Looks by Luks turban\/lue, Libert\u00e9 So Free(dah)\" \/>\n<meta property=\"og:description\" content=\"En s\u00f8t turbanlue i myk organisk bomull med en rosett og volanger under. Passer perfekt p\u00e5 stranden som beskyttelse mot solen eller som alternativ til lue under kj\u00f8lige kveldstur.&nbsp; Ved \u00e5 kj\u00f8pe produkter fra Libert\u00e9-kolleksjonen st\u00f8tter du &#8220;Open mind&#8221; foundation som bist\u00e5r lokale h\u00e5ndverkere og fremmer moderne design. Materiale: 93% organisk bomull, 7% elastan. GOTS [&hellip;]\" \/>\n<meta property=\"og:url\" content=\"https:\/\/babylove.se\/no\/produkt\/looks-by-luks-turbanmossa-libert-so-freedah\/\" \/>\n<meta property=\"og:site_name\" content=\"Babylove Norska\" \/>\n<meta property=\"article:modified_time\" content=\"2026-04-08T10:11:44+00:00\" \/>\n<meta property=\"og:image\" content=\"https:\/\/babylove.se\/no\/wp-content\/uploads\/sites\/3\/2025\/07\/60be07949c99c.jpeg\" \/>\n\t<meta property=\"og:image:width\" content=\"500\" \/>\n\t<meta property=\"og:image:height\" content=\"750\" \/>\n\t<meta property=\"og:image:type\" content=\"image\/jpeg\" \/>\n<meta name=\"twitter:card\" content=\"summary_large_image\" \/>\n<meta name=\"twitter:label1\" content=\"Availability\" \/>\n\t<meta name=\"twitter:data1\" content=\"Out of stock\" \/>\n<script type=\"application\/ld+json\" class=\"yoast-schema-graph\">{\"@context\":\"https:\/\/schema.org\",\"@graph\":[{\"@type\":\"WebPage\",\"@id\":\"https:\/\/babylove.se\/no\/produkt\/looks-by-luks-turbanmossa-libert-so-freedah\/\",\"url\":\"https:\/\/babylove.se\/no\/produkt\/looks-by-luks-turbanmossa-libert-so-freedah\/\",\"name\":\"Looks by Luks turban\/lue, Libert\u00e9 So Free(dah) - Babylove Norska\",\"isPartOf\":{\"@id\":\"https:\/\/babylove.se\/no\/#website\"},\"primaryImageOfPage\":{\"@id\":\"https:\/\/babylove.se\/no\/produkt\/looks-by-luks-turbanmossa-libert-so-freedah\/#primaryimage\"},\"image\":{\"@id\":\"https:\/\/babylove.se\/no\/produkt\/looks-by-luks-turbanmossa-libert-so-freedah\/#primaryimage\"},\"thumbnailUrl\":\"https:\/\/babylove.se\/no\/wp-content\/uploads\/sites\/3\/2025\/07\/60be07949c99c.jpeg\",\"datePublished\":\"2025-07-18T22:21:39+00:00\",\"dateModified\":\"2026-04-08T10:11:44+00:00\",\"breadcrumb\":{\"@id\":\"https:\/\/babylove.se\/no\/produkt\/looks-by-luks-turbanmossa-libert-so-freedah\/#breadcrumb\"},\"inLanguage\":\"nb-NO\",\"potentialAction\":[{\"@type\":\"ReadAction\",\"target\":[\"https:\/\/babylove.se\/no\/produkt\/looks-by-luks-turbanmossa-libert-so-freedah\/\"]}]},{\"@type\":\"ImageObject\",\"inLanguage\":\"nb-NO\",\"@id\":\"https:\/\/babylove.se\/no\/produkt\/looks-by-luks-turbanmossa-libert-so-freedah\/#primaryimage\",\"url\":\"https:\/\/babylove.se\/no\/wp-content\/uploads\/sites\/3\/2025\/07\/60be07949c99c.jpeg\",\"contentUrl\":\"https:\/\/babylove.se\/no\/wp-content\/uploads\/sites\/3\/2025\/07\/60be07949c99c.jpeg\",\"width\":500,\"height\":750},{\"@type\":\"BreadcrumbList\",\"@id\":\"https:\/\/babylove.se\/no\/produkt\/looks-by-luks-turbanmossa-libert-so-freedah\/#breadcrumb\",\"itemListElement\":[{\"@type\":\"ListItem\",\"position\":1,\"name\":\"Hem\",\"item\":\"https:\/\/babylove.se\/no\/\"},{\"@type\":\"ListItem\",\"position\":2,\"name\":\"Butik\",\"item\":\"https:\/\/babylove.se\/no\/butik\/\"},{\"@type\":\"ListItem\",\"position\":3,\"name\":\"Looks by Luks turban\/lue, Libert\u00e9 So Free(dah)\"}]},{\"@type\":\"WebSite\",\"@id\":\"https:\/\/babylove.se\/no\/#website\",\"url\":\"https:\/\/babylove.se\/no\/\",\"name\":\"Babylove Norska\",\"description\":\"\",\"potentialAction\":[{\"@type\":\"SearchAction\",\"target\":{\"@type\":\"EntryPoint\",\"urlTemplate\":\"https:\/\/babylove.se\/no\/?s={search_term_string}\"},\"query-input\":{\"@type\":\"PropertyValueSpecification\",\"valueRequired\":true,\"valueName\":\"search_term_string\"}}],\"inLanguage\":\"nb-NO\"}]}<\/script>\n<meta property=\"product:brand\" content=\"Looks by Luks\" \/>\n<meta property=\"og:availability\" content=\"out of stock\" \/>\n<meta property=\"product:availability\" content=\"out of stock\" \/>\n<meta property=\"product:retailer_item_id\" content=\"LK00008996\" \/>\n<meta property=\"product:condition\" content=\"new\" \/>\n<!-- \/ Yoast SEO Premium plugin. -->","yoast_head_json":{"title":"Looks by Luks turban\/lue, Libert\u00e9 So Free(dah) - Babylove Norska","robots":{"index":"noindex","follow":"follow","max-snippet":"max-snippet:-1","max-image-preview":"max-image-preview:large","max-video-preview":"max-video-preview:-1"},"og_locale":"nb_NO","og_type":"article","og_title":"Looks by Luks turban\/lue, Libert\u00e9 So Free(dah)","og_description":"En s\u00f8t turbanlue i myk organisk bomull med en rosett og volanger under. Passer perfekt p\u00e5 stranden som beskyttelse mot solen eller som alternativ til lue under kj\u00f8lige kveldstur.&nbsp; Ved \u00e5 kj\u00f8pe produkter fra Libert\u00e9-kolleksjonen st\u00f8tter du &#8220;Open mind&#8221; foundation som bist\u00e5r lokale h\u00e5ndverkere og fremmer moderne design. Materiale: 93% organisk bomull, 7% elastan. GOTS [&hellip;]","og_url":"https:\/\/babylove.se\/no\/produkt\/looks-by-luks-turbanmossa-libert-so-freedah\/","og_site_name":"Babylove Norska","article_modified_time":"2026-04-08T10:11:44+00:00","og_image":[{"width":500,"height":750,"url":"https:\/\/babylove.se\/no\/wp-content\/uploads\/sites\/3\/2025\/07\/60be07949c99c.jpeg","type":"image\/jpeg"}],"twitter_card":"summary_large_image","twitter_misc":{"Availability":"Out of stock"},"schema":{"@context":"https:\/\/schema.org","@graph":[{"@type":"WebPage","@id":"https:\/\/babylove.se\/no\/produkt\/looks-by-luks-turbanmossa-libert-so-freedah\/","url":"https:\/\/babylove.se\/no\/produkt\/looks-by-luks-turbanmossa-libert-so-freedah\/","name":"Looks by Luks turban\/lue, Libert\u00e9 So Free(dah) - Babylove Norska","isPartOf":{"@id":"https:\/\/babylove.se\/no\/#website"},"primaryImageOfPage":{"@id":"https:\/\/babylove.se\/no\/produkt\/looks-by-luks-turbanmossa-libert-so-freedah\/#primaryimage"},"image":{"@id":"https:\/\/babylove.se\/no\/produkt\/looks-by-luks-turbanmossa-libert-so-freedah\/#primaryimage"},"thumbnailUrl":"https:\/\/babylove.se\/no\/wp-content\/uploads\/sites\/3\/2025\/07\/60be07949c99c.jpeg","datePublished":"2025-07-18T22:21:39+00:00","dateModified":"2026-04-08T10:11:44+00:00","breadcrumb":{"@id":"https:\/\/babylove.se\/no\/produkt\/looks-by-luks-turbanmossa-libert-so-freedah\/#breadcrumb"},"inLanguage":"nb-NO","potentialAction":[{"@type":"ReadAction","target":["https:\/\/babylove.se\/no\/produkt\/looks-by-luks-turbanmossa-libert-so-freedah\/"]}]},{"@type":"ImageObject","inLanguage":"nb-NO","@id":"https:\/\/babylove.se\/no\/produkt\/looks-by-luks-turbanmossa-libert-so-freedah\/#primaryimage","url":"https:\/\/babylove.se\/no\/wp-content\/uploads\/sites\/3\/2025\/07\/60be07949c99c.jpeg","contentUrl":"https:\/\/babylove.se\/no\/wp-content\/uploads\/sites\/3\/2025\/07\/60be07949c99c.jpeg","width":500,"height":750},{"@type":"BreadcrumbList","@id":"https:\/\/babylove.se\/no\/produkt\/looks-by-luks-turbanmossa-libert-so-freedah\/#breadcrumb","itemListElement":[{"@type":"ListItem","position":1,"name":"Hem","item":"https:\/\/babylove.se\/no\/"},{"@type":"ListItem","position":2,"name":"Butik","item":"https:\/\/babylove.se\/no\/butik\/"},{"@type":"ListItem","position":3,"name":"Looks by Luks turban\/lue, Libert\u00e9 So Free(dah)"}]},{"@type":"WebSite","@id":"https:\/\/babylove.se\/no\/#website","url":"https:\/\/babylove.se\/no\/","name":"Babylove Norska","description":"","potentialAction":[{"@type":"SearchAction","target":{"@type":"EntryPoint","urlTemplate":"https:\/\/babylove.se\/no\/?s={search_term_string}"},"query-input":{"@type":"PropertyValueSpecification","valueRequired":true,"valueName":"search_term_string"}}],"inLanguage":"nb-NO"}]},"product_brand":"Looks by Luks","og_availability":"out of stock","product_availability":"out of stock","product_retailer_item_id":"LK00008996","product_condition":"new"},"_links":{"self":[{"href":"https:\/\/babylove.se\/no\/wp-json\/wp\/v2\/product\/25408","targetHints":{"allow":["GET"]}}],"collection":[{"href":"https:\/\/babylove.se\/no\/wp-json\/wp\/v2\/product"}],"about":[{"href":"https:\/\/babylove.se\/no\/wp-json\/wp\/v2\/types\/product"}],"replies":[{"embeddable":true,"href":"https:\/\/babylove.se\/no\/wp-json\/wp\/v2\/comments?post=25408"}],"wp:featuredmedia":[{"embeddable":true,"href":"https:\/\/babylove.se\/no\/wp-json\/wp\/v2\/media\/25410"}],"wp:attachment":[{"href":"https:\/\/babylove.se\/no\/wp-json\/wp\/v2\/media?parent=25408"}],"wp:term":[{"taxonomy":"product_brand","embeddable":true,"href":"https:\/\/babylove.se\/no\/wp-json\/wp\/v2\/product_brand?post=25408"},{"taxonomy":"product_cat","embeddable":true,"href":"https:\/\/babylove.se\/no\/wp-json\/wp\/v2\/product_cat?post=25408"},{"taxonomy":"product_tag","embeddable":true,"href":"https:\/\/babylove.se\/no\/wp-json\/wp\/v2\/product_tag?post=25408"}],"curies":[{"name":"wp","href":"https:\/\/api.w.org\/{rel}","templated":true}]}}