{"id":25727,"date":"2025-07-18T23:24:17","date_gmt":"2025-07-18T22:24:17","guid":{"rendered":"https:\/\/babylove.se\/produkt\/ng-baby-sage-green-sanghimmel-till-barnrum-med-ljusslinga\/"},"modified":"2026-05-11T13:00:15","modified_gmt":"2026-05-11T12:00:15","slug":"ng-baby-salvie-gronn-sengehimmel-til-barnerom-med-lysslynge","status":"publish","type":"product","link":"https:\/\/babylove.se\/no\/produkt\/ng-baby-salvie-gronn-sengehimmel-til-barnerom-med-lysslynge\/","title":{"rendered":"Ng Baby, Sage green sengehimmel til barnerom med lysslynge"},"content":{"rendered":"<p>En underbar sengehimmel<strong> <\/strong>fra NG Baby som er laget i ekte lin i superfin sage green (gr\u00f8nn) farge og passer til b\u00e5de en sprinkelseng og juniorseng. <\/p>\n<p>Sengehimmelen har et stilrent og enkelt design og dens enkelhet er ogs\u00e5 det vakre i produktet. Sengehimmelen tilh\u00f8rer NG Babys kolleksjon Mood som passer like godt i barnerommet som i voksenrommet. I denne serien finnes ogs\u00e5 sengesett, vimpler, spjilvern og stelleunderlag. Serien g\u00e5r i forskjellige farger som selvf\u00f8lgelig kan kombineres for \u00e5 f\u00e5 en god variasjon. <\/p>\n<p>Sengehimmelen<strong> <\/strong>kan ogs\u00e5 settes opp i taket over en madrass, eller i kosekroken for \u00e5 skape en f\u00f8lelse av en koie. <\/p>\n<p>Til alle v\u00e5re sengehimler sender vi med en fin lysslynge inkludert i prisen. Dette for at du skal kunne gj\u00f8re ditt barnehj\u00f8rne enda mer koselig og sjarmerende. Lysslyngen drives av to A batterier. <\/p>\n<p><strong>St\u00f8rrelse<\/strong>: Lengde: ca 240 cm | Bredde: 50 cm (st\u00e5lringen er 50 cm i diameter) | \u00d8sken \u00f8verst: 12 cm | Topp: 50 cm | H\u00f8yde under toppen: 190 cm <\/p>\n<p><strong>Material<\/strong>: 100% lin. Maskinvask 40 grader. <\/p>\n<p>Designer: <a href=\"https:\/\/babylove.se\/varumarken\/ng-baby\">NG Baby<\/a> <\/p>\n<p>Obs ! En bestillingsvare. Levering cirka 1,5 uke.<\/p>\n","protected":false},"excerpt":{"rendered":"<p>En underbar sengehimmel fra NG Baby som er laget i ekte lin i superfin sage green (gr\u00f8nn) farge og passer til b\u00e5de en sprinkelseng og juniorseng. Sengehimmelen har et stilrent og enkelt design og dens enkelhet er ogs\u00e5 det vakre i produktet. Sengehimmelen tilh\u00f8rer NG Babys kolleksjon Mood som passer like godt i barnerommet som [&hellip;]<\/p>\n","protected":false},"featured_media":25729,"comment_status":"open","ping_status":"closed","template":"","meta":{"_acf_changed":false},"product_brand":[107],"product_cat":[109,120],"product_tag":[1709],"class_list":{"0":"post-25727","1":"product","2":"type-product","3":"status-publish","4":"has-post-thumbnail","6":"product_brand-ng-baby","7":"product_cat-ng-baby","8":"product_cat-sanghimmel","9":"product_tag-utforsalg","11":"first","12":"instock","13":"taxable","14":"shipping-taxable","15":"purchasable","16":"product-type-simple"},"acf":[],"yoast_head":"<!-- This site is optimized with the Yoast SEO Premium plugin v25.8 (Yoast SEO v27.2) - https:\/\/yoast.com\/product\/yoast-seo-premium-wordpress\/ -->\n<title>Ng Baby, Sage green s\u00e4nghimmel - Fri Frakt<\/title>\n<meta name=\"description\" content=\"En underbar s\u00e4nghimmel i mjukt linne och passar till b\u00e5de en spj\u00e4ls\u00e4ng och juniors\u00e4ng - 14 dagars \u00f6ppet k\u00f6p - Klarna faktura - K\u00f6p den h\u00e4r !\" \/>\n<meta name=\"robots\" content=\"noindex, follow, max-snippet:-1, max-image-preview:large, max-video-preview:-1\" \/>\n<meta property=\"og:locale\" content=\"nb_NO\" \/>\n<meta property=\"og:type\" content=\"article\" \/>\n<meta property=\"og:title\" content=\"Ng Baby, Sage green sengehimmel til barnerom med lysslynge\" \/>\n<meta property=\"og:description\" content=\"En underbar s\u00e4nghimmel i mjukt linne och passar till b\u00e5de en spj\u00e4ls\u00e4ng och juniors\u00e4ng - 14 dagars \u00f6ppet k\u00f6p - Klarna faktura - K\u00f6p den h\u00e4r !\" \/>\n<meta property=\"og:url\" content=\"https:\/\/babylove.se\/no\/produkt\/ng-baby-salvie-gronn-sengehimmel-til-barnerom-med-lysslynge\/\" \/>\n<meta property=\"og:site_name\" content=\"Babylove Norska\" \/>\n<meta property=\"article:modified_time\" content=\"2026-05-11T12:00:15+00:00\" \/>\n<meta property=\"og:image\" content=\"https:\/\/babylove.se\/no\/wp-content\/uploads\/sites\/3\/2025\/07\/60cc7ca116aa7.jpeg\" \/>\n\t<meta property=\"og:image:width\" content=\"750\" \/>\n\t<meta property=\"og:image:height\" content=\"750\" \/>\n\t<meta property=\"og:image:type\" content=\"image\/jpeg\" \/>\n<meta name=\"twitter:card\" content=\"summary_large_image\" \/>\n<meta name=\"twitter:label1\" content=\"Price\" \/>\n\t<meta name=\"twitter:data1\" content=\"2 799,00&nbsp;&#107;&#114;\" \/>\n\t<meta name=\"twitter:label2\" content=\"Availability\" \/>\n\t<meta name=\"twitter:data2\" content=\"In stock\" \/>\n<script type=\"application\/ld+json\" class=\"yoast-schema-graph\">{\"@context\":\"https:\/\/schema.org\",\"@graph\":[{\"@type\":\"WebPage\",\"@id\":\"https:\/\/babylove.se\/no\/produkt\/ng-baby-salvie-gronn-sengehimmel-til-barnerom-med-lysslynge\/\",\"url\":\"https:\/\/babylove.se\/no\/produkt\/ng-baby-salvie-gronn-sengehimmel-til-barnerom-med-lysslynge\/\",\"name\":\"Ng Baby, Sage green s\u00e4nghimmel - Fri Frakt\",\"isPartOf\":{\"@id\":\"https:\/\/babylove.se\/no\/#website\"},\"primaryImageOfPage\":{\"@id\":\"https:\/\/babylove.se\/no\/produkt\/ng-baby-salvie-gronn-sengehimmel-til-barnerom-med-lysslynge\/#primaryimage\"},\"image\":{\"@id\":\"https:\/\/babylove.se\/no\/produkt\/ng-baby-salvie-gronn-sengehimmel-til-barnerom-med-lysslynge\/#primaryimage\"},\"thumbnailUrl\":\"https:\/\/babylove.se\/no\/wp-content\/uploads\/sites\/3\/2025\/07\/60cc7ca116aa7.jpeg\",\"datePublished\":\"2025-07-18T22:24:17+00:00\",\"dateModified\":\"2026-05-11T12:00:15+00:00\",\"description\":\"En underbar s\u00e4nghimmel i mjukt linne och passar till b\u00e5de en spj\u00e4ls\u00e4ng och juniors\u00e4ng - 14 dagars \u00f6ppet k\u00f6p - Klarna faktura - K\u00f6p den h\u00e4r !\",\"breadcrumb\":{\"@id\":\"https:\/\/babylove.se\/no\/produkt\/ng-baby-salvie-gronn-sengehimmel-til-barnerom-med-lysslynge\/#breadcrumb\"},\"inLanguage\":\"nb-NO\",\"potentialAction\":[{\"@type\":\"ReadAction\",\"target\":[\"https:\/\/babylove.se\/no\/produkt\/ng-baby-salvie-gronn-sengehimmel-til-barnerom-med-lysslynge\/\"]}]},{\"@type\":\"ImageObject\",\"inLanguage\":\"nb-NO\",\"@id\":\"https:\/\/babylove.se\/no\/produkt\/ng-baby-salvie-gronn-sengehimmel-til-barnerom-med-lysslynge\/#primaryimage\",\"url\":\"https:\/\/babylove.se\/no\/wp-content\/uploads\/sites\/3\/2025\/07\/60cc7ca116aa7.jpeg\",\"contentUrl\":\"https:\/\/babylove.se\/no\/wp-content\/uploads\/sites\/3\/2025\/07\/60cc7ca116aa7.jpeg\",\"width\":750,\"height\":750},{\"@type\":\"BreadcrumbList\",\"@id\":\"https:\/\/babylove.se\/no\/produkt\/ng-baby-salvie-gronn-sengehimmel-til-barnerom-med-lysslynge\/#breadcrumb\",\"itemListElement\":[{\"@type\":\"ListItem\",\"position\":1,\"name\":\"Hem\",\"item\":\"https:\/\/babylove.se\/no\/\"},{\"@type\":\"ListItem\",\"position\":2,\"name\":\"Butik\",\"item\":\"https:\/\/babylove.se\/no\/butik\/\"},{\"@type\":\"ListItem\",\"position\":3,\"name\":\"Ng Baby, Sage green sengehimmel til barnerom med lysslynge\"}]},{\"@type\":\"WebSite\",\"@id\":\"https:\/\/babylove.se\/no\/#website\",\"url\":\"https:\/\/babylove.se\/no\/\",\"name\":\"Babylove Norska\",\"description\":\"\",\"potentialAction\":[{\"@type\":\"SearchAction\",\"target\":{\"@type\":\"EntryPoint\",\"urlTemplate\":\"https:\/\/babylove.se\/no\/?s={search_term_string}\"},\"query-input\":{\"@type\":\"PropertyValueSpecification\",\"valueRequired\":true,\"valueName\":\"search_term_string\"}}],\"inLanguage\":\"nb-NO\"}]}<\/script>\n<meta property=\"product:brand\" content=\"Ng Baby\" \/>\n<meta property=\"product:price:amount\" content=\"2799.00\" \/>\n<meta property=\"product:price:currency\" content=\"NOK\" \/>\n<meta property=\"og:availability\" content=\"instock\" \/>\n<meta property=\"product:availability\" content=\"instock\" \/>\n<meta property=\"product:retailer_item_id\" content=\"80100-022\" \/>\n<meta property=\"product:condition\" content=\"new\" \/>\n<!-- \/ Yoast SEO Premium plugin. -->","yoast_head_json":{"title":"Ng Baby, Sage green s\u00e4nghimmel - Fri Frakt","description":"En underbar s\u00e4nghimmel i mjukt linne och passar till b\u00e5de en spj\u00e4ls\u00e4ng och juniors\u00e4ng - 14 dagars \u00f6ppet k\u00f6p - Klarna faktura - K\u00f6p den h\u00e4r !","robots":{"index":"noindex","follow":"follow","max-snippet":"max-snippet:-1","max-image-preview":"max-image-preview:large","max-video-preview":"max-video-preview:-1"},"og_locale":"nb_NO","og_type":"article","og_title":"Ng Baby, Sage green sengehimmel til barnerom med lysslynge","og_description":"En underbar s\u00e4nghimmel i mjukt linne och passar till b\u00e5de en spj\u00e4ls\u00e4ng och juniors\u00e4ng - 14 dagars \u00f6ppet k\u00f6p - Klarna faktura - K\u00f6p den h\u00e4r !","og_url":"https:\/\/babylove.se\/no\/produkt\/ng-baby-salvie-gronn-sengehimmel-til-barnerom-med-lysslynge\/","og_site_name":"Babylove Norska","article_modified_time":"2026-05-11T12:00:15+00:00","og_image":[{"width":750,"height":750,"url":"https:\/\/babylove.se\/no\/wp-content\/uploads\/sites\/3\/2025\/07\/60cc7ca116aa7.jpeg","type":"image\/jpeg"}],"twitter_card":"summary_large_image","twitter_misc":{"Price":"2 799,00&nbsp;&#107;&#114;","Availability":"In stock"},"schema":{"@context":"https:\/\/schema.org","@graph":[{"@type":"WebPage","@id":"https:\/\/babylove.se\/no\/produkt\/ng-baby-salvie-gronn-sengehimmel-til-barnerom-med-lysslynge\/","url":"https:\/\/babylove.se\/no\/produkt\/ng-baby-salvie-gronn-sengehimmel-til-barnerom-med-lysslynge\/","name":"Ng Baby, Sage green s\u00e4nghimmel - Fri Frakt","isPartOf":{"@id":"https:\/\/babylove.se\/no\/#website"},"primaryImageOfPage":{"@id":"https:\/\/babylove.se\/no\/produkt\/ng-baby-salvie-gronn-sengehimmel-til-barnerom-med-lysslynge\/#primaryimage"},"image":{"@id":"https:\/\/babylove.se\/no\/produkt\/ng-baby-salvie-gronn-sengehimmel-til-barnerom-med-lysslynge\/#primaryimage"},"thumbnailUrl":"https:\/\/babylove.se\/no\/wp-content\/uploads\/sites\/3\/2025\/07\/60cc7ca116aa7.jpeg","datePublished":"2025-07-18T22:24:17+00:00","dateModified":"2026-05-11T12:00:15+00:00","description":"En underbar s\u00e4nghimmel i mjukt linne och passar till b\u00e5de en spj\u00e4ls\u00e4ng och juniors\u00e4ng - 14 dagars \u00f6ppet k\u00f6p - Klarna faktura - K\u00f6p den h\u00e4r !","breadcrumb":{"@id":"https:\/\/babylove.se\/no\/produkt\/ng-baby-salvie-gronn-sengehimmel-til-barnerom-med-lysslynge\/#breadcrumb"},"inLanguage":"nb-NO","potentialAction":[{"@type":"ReadAction","target":["https:\/\/babylove.se\/no\/produkt\/ng-baby-salvie-gronn-sengehimmel-til-barnerom-med-lysslynge\/"]}]},{"@type":"ImageObject","inLanguage":"nb-NO","@id":"https:\/\/babylove.se\/no\/produkt\/ng-baby-salvie-gronn-sengehimmel-til-barnerom-med-lysslynge\/#primaryimage","url":"https:\/\/babylove.se\/no\/wp-content\/uploads\/sites\/3\/2025\/07\/60cc7ca116aa7.jpeg","contentUrl":"https:\/\/babylove.se\/no\/wp-content\/uploads\/sites\/3\/2025\/07\/60cc7ca116aa7.jpeg","width":750,"height":750},{"@type":"BreadcrumbList","@id":"https:\/\/babylove.se\/no\/produkt\/ng-baby-salvie-gronn-sengehimmel-til-barnerom-med-lysslynge\/#breadcrumb","itemListElement":[{"@type":"ListItem","position":1,"name":"Hem","item":"https:\/\/babylove.se\/no\/"},{"@type":"ListItem","position":2,"name":"Butik","item":"https:\/\/babylove.se\/no\/butik\/"},{"@type":"ListItem","position":3,"name":"Ng Baby, Sage green sengehimmel til barnerom med lysslynge"}]},{"@type":"WebSite","@id":"https:\/\/babylove.se\/no\/#website","url":"https:\/\/babylove.se\/no\/","name":"Babylove Norska","description":"","potentialAction":[{"@type":"SearchAction","target":{"@type":"EntryPoint","urlTemplate":"https:\/\/babylove.se\/no\/?s={search_term_string}"},"query-input":{"@type":"PropertyValueSpecification","valueRequired":true,"valueName":"search_term_string"}}],"inLanguage":"nb-NO"}]},"product_brand":"Ng Baby","product_price_amount":"2799.00","product_price_currency":"NOK","og_availability":"instock","product_availability":"instock","product_retailer_item_id":"80100-022","product_condition":"new"},"_links":{"self":[{"href":"https:\/\/babylove.se\/no\/wp-json\/wp\/v2\/product\/25727","targetHints":{"allow":["GET"]}}],"collection":[{"href":"https:\/\/babylove.se\/no\/wp-json\/wp\/v2\/product"}],"about":[{"href":"https:\/\/babylove.se\/no\/wp-json\/wp\/v2\/types\/product"}],"replies":[{"embeddable":true,"href":"https:\/\/babylove.se\/no\/wp-json\/wp\/v2\/comments?post=25727"}],"wp:featuredmedia":[{"embeddable":true,"href":"https:\/\/babylove.se\/no\/wp-json\/wp\/v2\/media\/25729"}],"wp:attachment":[{"href":"https:\/\/babylove.se\/no\/wp-json\/wp\/v2\/media?parent=25727"}],"wp:term":[{"taxonomy":"product_brand","embeddable":true,"href":"https:\/\/babylove.se\/no\/wp-json\/wp\/v2\/product_brand?post=25727"},{"taxonomy":"product_cat","embeddable":true,"href":"https:\/\/babylove.se\/no\/wp-json\/wp\/v2\/product_cat?post=25727"},{"taxonomy":"product_tag","embeddable":true,"href":"https:\/\/babylove.se\/no\/wp-json\/wp\/v2\/product_tag?post=25727"}],"curies":[{"name":"wp","href":"https:\/\/api.w.org\/{rel}","templated":true}]}}