{"id":25752,"date":"2025-07-18T23:24:30","date_gmt":"2025-07-18T22:24:30","guid":{"rendered":"https:\/\/babylove.se\/produkt\/ng-baby-spjalskydd-bedside-crib-av-linne-med-volang-sage-green\/"},"modified":"2026-05-11T13:00:15","modified_gmt":"2026-05-11T12:00:15","slug":"ng-baby-sengehest-bedside-crib-av-lin-med-volang-sage-green","status":"publish","type":"product","link":"https:\/\/babylove.se\/no\/produkt\/ng-baby-sengehest-bedside-crib-av-lin-med-volang-sage-green\/","title":{"rendered":"Ng Baby, Sengehest bedside crib av lin med VOLANG, Sage green"},"content":{"rendered":"<p>Et meget vakkert og h\u00f8ykvalitets spiselvern til minisengen Bedside crib fra Troll i en vakker naturfarge kommer sammen med sine vidunderlige volanger til \u00e5 skape en herlig atmosf\u00e6re i barnets seng og i barnerommet.<\/p>\n<p>Spiselsengvernet er produsert i Sverige av NG Baby og i 100 % av et fantastisk fint lin. Medf\u00f8lger gj\u00f8r ogs\u00e5 vakre knyteb\u00e5nd som er laget av bomull. Fyllingen best\u00e5r av deilig fibervatt som gj\u00f8r at spiselvernet holder formen lenge. Match gjerne med putevar fra samme kolleksjon for \u00e5 f\u00e5 et vakkert helhetsintrykk.<\/p>\n<p><strong>M\u00e5l<\/strong>: 170&#215;200 cm + 90&#215;20 cm&nbsp;<\/p>\n<p>Designer: <a href=\"https:\/\/babylove.se\/varumarken\/ng-baby\">Ng Baby<\/a><\/p>\n<p><a href=\"https:\/\/babylove.se\/barnmobler\/bedside-cribs\"><u>Se alle v\u00e5re bedside crib her!<\/u><\/a><\/p>\n","protected":false},"excerpt":{"rendered":"<p>Et meget vakkert og h\u00f8ykvalitets spiselvern til minisengen Bedside crib fra Troll i en vakker naturfarge kommer sammen med sine vidunderlige volanger til \u00e5 skape en herlig atmosf\u00e6re i barnets seng og i barnerommet. Spiselsengvernet er produsert i Sverige av NG Baby og i 100 % av et fantastisk fint lin. Medf\u00f8lger gj\u00f8r ogs\u00e5 vakre [&hellip;]<\/p>\n","protected":false},"featured_media":25754,"comment_status":"closed","ping_status":"open","template":"","meta":{"_acf_changed":false},"product_brand":[107],"product_cat":[109,108],"product_tag":[1689],"class_list":{"0":"post-25752","1":"product","2":"type-product","3":"status-publish","4":"has-post-thumbnail","6":"product_brand-ng-baby","7":"product_cat-ng-baby","8":"product_cat-barnesengbeskyttelse","9":"product_tag-bestillingsvaror","11":"first","12":"outofstock","13":"taxable","14":"shipping-taxable","15":"purchasable","16":"product-type-simple"},"acf":[],"yoast_head":"<!-- This site is optimized with the Yoast SEO Premium plugin v25.8 (Yoast SEO v27.2) - https:\/\/yoast.com\/product\/yoast-seo-premium-wordpress\/ -->\n<title>Ng Baby, Sengehest bedside crib av lin med VOLANG, Sage green - Babylove Norska<\/title>\n<meta name=\"robots\" content=\"noindex, follow, max-snippet:-1, max-image-preview:large, max-video-preview:-1\" \/>\n<meta property=\"og:locale\" content=\"nb_NO\" \/>\n<meta property=\"og:type\" content=\"article\" \/>\n<meta property=\"og:title\" content=\"Ng Baby, Sengehest bedside crib av lin med VOLANG, Sage green\" \/>\n<meta property=\"og:description\" content=\"Et meget vakkert og h\u00f8ykvalitets spiselvern til minisengen Bedside crib fra Troll i en vakker naturfarge kommer sammen med sine vidunderlige volanger til \u00e5 skape en herlig atmosf\u00e6re i barnets seng og i barnerommet. Spiselsengvernet er produsert i Sverige av NG Baby og i 100 % av et fantastisk fint lin. Medf\u00f8lger gj\u00f8r ogs\u00e5 vakre [&hellip;]\" \/>\n<meta property=\"og:url\" content=\"https:\/\/babylove.se\/no\/produkt\/ng-baby-sengehest-bedside-crib-av-lin-med-volang-sage-green\/\" \/>\n<meta property=\"og:site_name\" content=\"Babylove Norska\" \/>\n<meta property=\"article:modified_time\" content=\"2026-05-11T12:00:15+00:00\" \/>\n<meta property=\"og:image\" content=\"https:\/\/babylove.se\/no\/wp-content\/uploads\/sites\/3\/2025\/07\/60cc847b765e6.jpeg\" \/>\n\t<meta property=\"og:image:width\" content=\"750\" \/>\n\t<meta property=\"og:image:height\" content=\"750\" \/>\n\t<meta property=\"og:image:type\" content=\"image\/jpeg\" \/>\n<meta name=\"twitter:card\" content=\"summary_large_image\" \/>\n<meta name=\"twitter:label1\" content=\"Price\" \/>\n\t<meta name=\"twitter:data1\" content=\"951,00&nbsp;&#107;&#114;\" \/>\n\t<meta name=\"twitter:label2\" content=\"Availability\" \/>\n\t<meta name=\"twitter:data2\" content=\"Out of stock\" \/>\n<script type=\"application\/ld+json\" class=\"yoast-schema-graph\">{\"@context\":\"https:\/\/schema.org\",\"@graph\":[{\"@type\":\"WebPage\",\"@id\":\"https:\/\/babylove.se\/no\/produkt\/ng-baby-sengehest-bedside-crib-av-lin-med-volang-sage-green\/\",\"url\":\"https:\/\/babylove.se\/no\/produkt\/ng-baby-sengehest-bedside-crib-av-lin-med-volang-sage-green\/\",\"name\":\"Ng Baby, Sengehest bedside crib av lin med VOLANG, Sage green - Babylove Norska\",\"isPartOf\":{\"@id\":\"https:\/\/babylove.se\/no\/#website\"},\"primaryImageOfPage\":{\"@id\":\"https:\/\/babylove.se\/no\/produkt\/ng-baby-sengehest-bedside-crib-av-lin-med-volang-sage-green\/#primaryimage\"},\"image\":{\"@id\":\"https:\/\/babylove.se\/no\/produkt\/ng-baby-sengehest-bedside-crib-av-lin-med-volang-sage-green\/#primaryimage\"},\"thumbnailUrl\":\"https:\/\/babylove.se\/no\/wp-content\/uploads\/sites\/3\/2025\/07\/60cc847b765e6.jpeg\",\"datePublished\":\"2025-07-18T22:24:30+00:00\",\"dateModified\":\"2026-05-11T12:00:15+00:00\",\"breadcrumb\":{\"@id\":\"https:\/\/babylove.se\/no\/produkt\/ng-baby-sengehest-bedside-crib-av-lin-med-volang-sage-green\/#breadcrumb\"},\"inLanguage\":\"nb-NO\",\"potentialAction\":[{\"@type\":\"ReadAction\",\"target\":[\"https:\/\/babylove.se\/no\/produkt\/ng-baby-sengehest-bedside-crib-av-lin-med-volang-sage-green\/\"]}]},{\"@type\":\"ImageObject\",\"inLanguage\":\"nb-NO\",\"@id\":\"https:\/\/babylove.se\/no\/produkt\/ng-baby-sengehest-bedside-crib-av-lin-med-volang-sage-green\/#primaryimage\",\"url\":\"https:\/\/babylove.se\/no\/wp-content\/uploads\/sites\/3\/2025\/07\/60cc847b765e6.jpeg\",\"contentUrl\":\"https:\/\/babylove.se\/no\/wp-content\/uploads\/sites\/3\/2025\/07\/60cc847b765e6.jpeg\",\"width\":750,\"height\":750},{\"@type\":\"BreadcrumbList\",\"@id\":\"https:\/\/babylove.se\/no\/produkt\/ng-baby-sengehest-bedside-crib-av-lin-med-volang-sage-green\/#breadcrumb\",\"itemListElement\":[{\"@type\":\"ListItem\",\"position\":1,\"name\":\"Hem\",\"item\":\"https:\/\/babylove.se\/no\/\"},{\"@type\":\"ListItem\",\"position\":2,\"name\":\"Butik\",\"item\":\"https:\/\/babylove.se\/no\/butik\/\"},{\"@type\":\"ListItem\",\"position\":3,\"name\":\"Ng Baby, Sengehest bedside crib av lin med VOLANG, Sage green\"}]},{\"@type\":\"WebSite\",\"@id\":\"https:\/\/babylove.se\/no\/#website\",\"url\":\"https:\/\/babylove.se\/no\/\",\"name\":\"Babylove Norska\",\"description\":\"\",\"potentialAction\":[{\"@type\":\"SearchAction\",\"target\":{\"@type\":\"EntryPoint\",\"urlTemplate\":\"https:\/\/babylove.se\/no\/?s={search_term_string}\"},\"query-input\":{\"@type\":\"PropertyValueSpecification\",\"valueRequired\":true,\"valueName\":\"search_term_string\"}}],\"inLanguage\":\"nb-NO\"}]}<\/script>\n<meta property=\"product:brand\" content=\"Ng Baby\" \/>\n<meta property=\"product:price:amount\" content=\"951.00\" \/>\n<meta property=\"product:price:currency\" content=\"NOK\" \/>\n<meta property=\"og:availability\" content=\"out of stock\" \/>\n<meta property=\"product:availability\" content=\"out of stock\" \/>\n<meta property=\"product:retailer_item_id\" content=\"70350-022\" \/>\n<meta property=\"product:condition\" content=\"new\" \/>\n<!-- \/ Yoast SEO Premium plugin. -->","yoast_head_json":{"title":"Ng Baby, Sengehest bedside crib av lin med VOLANG, Sage green - Babylove Norska","robots":{"index":"noindex","follow":"follow","max-snippet":"max-snippet:-1","max-image-preview":"max-image-preview:large","max-video-preview":"max-video-preview:-1"},"og_locale":"nb_NO","og_type":"article","og_title":"Ng Baby, Sengehest bedside crib av lin med VOLANG, Sage green","og_description":"Et meget vakkert og h\u00f8ykvalitets spiselvern til minisengen Bedside crib fra Troll i en vakker naturfarge kommer sammen med sine vidunderlige volanger til \u00e5 skape en herlig atmosf\u00e6re i barnets seng og i barnerommet. Spiselsengvernet er produsert i Sverige av NG Baby og i 100 % av et fantastisk fint lin. Medf\u00f8lger gj\u00f8r ogs\u00e5 vakre [&hellip;]","og_url":"https:\/\/babylove.se\/no\/produkt\/ng-baby-sengehest-bedside-crib-av-lin-med-volang-sage-green\/","og_site_name":"Babylove Norska","article_modified_time":"2026-05-11T12:00:15+00:00","og_image":[{"width":750,"height":750,"url":"https:\/\/babylove.se\/no\/wp-content\/uploads\/sites\/3\/2025\/07\/60cc847b765e6.jpeg","type":"image\/jpeg"}],"twitter_card":"summary_large_image","twitter_misc":{"Price":"951,00&nbsp;&#107;&#114;","Availability":"Out of stock"},"schema":{"@context":"https:\/\/schema.org","@graph":[{"@type":"WebPage","@id":"https:\/\/babylove.se\/no\/produkt\/ng-baby-sengehest-bedside-crib-av-lin-med-volang-sage-green\/","url":"https:\/\/babylove.se\/no\/produkt\/ng-baby-sengehest-bedside-crib-av-lin-med-volang-sage-green\/","name":"Ng Baby, Sengehest bedside crib av lin med VOLANG, Sage green - Babylove Norska","isPartOf":{"@id":"https:\/\/babylove.se\/no\/#website"},"primaryImageOfPage":{"@id":"https:\/\/babylove.se\/no\/produkt\/ng-baby-sengehest-bedside-crib-av-lin-med-volang-sage-green\/#primaryimage"},"image":{"@id":"https:\/\/babylove.se\/no\/produkt\/ng-baby-sengehest-bedside-crib-av-lin-med-volang-sage-green\/#primaryimage"},"thumbnailUrl":"https:\/\/babylove.se\/no\/wp-content\/uploads\/sites\/3\/2025\/07\/60cc847b765e6.jpeg","datePublished":"2025-07-18T22:24:30+00:00","dateModified":"2026-05-11T12:00:15+00:00","breadcrumb":{"@id":"https:\/\/babylove.se\/no\/produkt\/ng-baby-sengehest-bedside-crib-av-lin-med-volang-sage-green\/#breadcrumb"},"inLanguage":"nb-NO","potentialAction":[{"@type":"ReadAction","target":["https:\/\/babylove.se\/no\/produkt\/ng-baby-sengehest-bedside-crib-av-lin-med-volang-sage-green\/"]}]},{"@type":"ImageObject","inLanguage":"nb-NO","@id":"https:\/\/babylove.se\/no\/produkt\/ng-baby-sengehest-bedside-crib-av-lin-med-volang-sage-green\/#primaryimage","url":"https:\/\/babylove.se\/no\/wp-content\/uploads\/sites\/3\/2025\/07\/60cc847b765e6.jpeg","contentUrl":"https:\/\/babylove.se\/no\/wp-content\/uploads\/sites\/3\/2025\/07\/60cc847b765e6.jpeg","width":750,"height":750},{"@type":"BreadcrumbList","@id":"https:\/\/babylove.se\/no\/produkt\/ng-baby-sengehest-bedside-crib-av-lin-med-volang-sage-green\/#breadcrumb","itemListElement":[{"@type":"ListItem","position":1,"name":"Hem","item":"https:\/\/babylove.se\/no\/"},{"@type":"ListItem","position":2,"name":"Butik","item":"https:\/\/babylove.se\/no\/butik\/"},{"@type":"ListItem","position":3,"name":"Ng Baby, Sengehest bedside crib av lin med VOLANG, Sage green"}]},{"@type":"WebSite","@id":"https:\/\/babylove.se\/no\/#website","url":"https:\/\/babylove.se\/no\/","name":"Babylove Norska","description":"","potentialAction":[{"@type":"SearchAction","target":{"@type":"EntryPoint","urlTemplate":"https:\/\/babylove.se\/no\/?s={search_term_string}"},"query-input":{"@type":"PropertyValueSpecification","valueRequired":true,"valueName":"search_term_string"}}],"inLanguage":"nb-NO"}]},"product_brand":"Ng Baby","product_price_amount":"951.00","product_price_currency":"NOK","og_availability":"out of stock","product_availability":"out of stock","product_retailer_item_id":"70350-022","product_condition":"new"},"_links":{"self":[{"href":"https:\/\/babylove.se\/no\/wp-json\/wp\/v2\/product\/25752","targetHints":{"allow":["GET"]}}],"collection":[{"href":"https:\/\/babylove.se\/no\/wp-json\/wp\/v2\/product"}],"about":[{"href":"https:\/\/babylove.se\/no\/wp-json\/wp\/v2\/types\/product"}],"replies":[{"embeddable":true,"href":"https:\/\/babylove.se\/no\/wp-json\/wp\/v2\/comments?post=25752"}],"wp:featuredmedia":[{"embeddable":true,"href":"https:\/\/babylove.se\/no\/wp-json\/wp\/v2\/media\/25754"}],"wp:attachment":[{"href":"https:\/\/babylove.se\/no\/wp-json\/wp\/v2\/media?parent=25752"}],"wp:term":[{"taxonomy":"product_brand","embeddable":true,"href":"https:\/\/babylove.se\/no\/wp-json\/wp\/v2\/product_brand?post=25752"},{"taxonomy":"product_cat","embeddable":true,"href":"https:\/\/babylove.se\/no\/wp-json\/wp\/v2\/product_cat?post=25752"},{"taxonomy":"product_tag","embeddable":true,"href":"https:\/\/babylove.se\/no\/wp-json\/wp\/v2\/product_tag?post=25752"}],"curies":[{"name":"wp","href":"https:\/\/api.w.org\/{rel}","templated":true}]}}