{"id":2582,"date":"2025-07-18T20:09:26","date_gmt":"2025-07-18T19:09:26","guid":{"rendered":"https:\/\/babylove.se\/produkt\/docksang-gra-done-by-deer\/"},"modified":"2026-04-08T07:52:25","modified_gmt":"2026-04-08T06:52:25","slug":"docksang-gra-done-by-deer","status":"publish","type":"product","link":"https:\/\/babylove.se\/no\/produkt\/docksang-gra-done-by-deer\/","title":{"rendered":"Dukkeseeng gr\u00e5, Done By Deer"},"content":{"rendered":"<p>La barnet ditt legge sine fine dukker i denne fantastisk fine lille dukkeseng fra Done By Deer.<\/p>\n<p>&nbsp;Du kan selvf\u00f8lgelig ogs\u00e5 finne matchende dukkesenget\u00f8y og skape et riktig koselig sted for barnets dukker \u00e5 sove p\u00e5.&nbsp;<\/p>\n<p>Finnes i fargene gr\u00e5 eller powder.&nbsp;<\/p>\n<p>Materiale: E1 MDF.&nbsp;<\/p>\n<p><strong>M\u00e5l<\/strong>: 50 x 28 x 35 cm.&nbsp;<\/p>\n<p>Kan rengj\u00f8res med en fuktig klut, ikke bruk for mye vann.<\/p>\n","protected":false},"excerpt":{"rendered":"<p>La barnet ditt legge sine fine dukker i denne fantastisk fine lille dukkeseng fra Done By Deer. &nbsp;Du kan selvf\u00f8lgelig ogs\u00e5 finne matchende dukkesenget\u00f8y og skape et riktig koselig sted for barnets dukker \u00e5 sove p\u00e5.&nbsp; Finnes i fargene gr\u00e5 eller powder.&nbsp; Materiale: E1 MDF.&nbsp; M\u00e5l: 50 x 28 x 35 cm.&nbsp; Kan rengj\u00f8res med [&hellip;]<\/p>\n","protected":false},"featured_media":2584,"comment_status":"closed","ping_status":"open","template":"","meta":{"_acf_changed":false},"product_brand":[54],"product_cat":[69,70,55,151,25,68,112],"product_tag":[1689],"class_list":{"0":"post-2582","1":"product","2":"type-product","3":"status-publish","4":"has-post-thumbnail","6":"product_brand-done-by-deer","7":"product_cat-dukker-tilbehoer","8":"product_cat-gaver","9":"product_cat-done-by-deer","10":"product_cat-docksangar","11":"product_cat-ikke-bare-jenter","12":"product_cat-leker","13":"product_cat-treleker","14":"product_tag-bestillingsvaror","16":"first","17":"outofstock","18":"taxable","19":"shipping-taxable","20":"purchasable","21":"product-type-simple"},"acf":[],"yoast_head":"<!-- This site is optimized with the Yoast SEO Premium plugin v25.8 (Yoast SEO v27.2) - https:\/\/yoast.com\/product\/yoast-seo-premium-wordpress\/ -->\n<title>Dukkeseeng gr\u00e5, Done By Deer - Babylove Norska<\/title>\n<meta name=\"robots\" content=\"noindex, follow, max-snippet:-1, max-image-preview:large, max-video-preview:-1\" \/>\n<meta property=\"og:locale\" content=\"nb_NO\" \/>\n<meta property=\"og:type\" content=\"article\" \/>\n<meta property=\"og:title\" content=\"Dukkeseeng gr\u00e5, Done By Deer\" \/>\n<meta property=\"og:description\" content=\"La barnet ditt legge sine fine dukker i denne fantastisk fine lille dukkeseng fra Done By Deer. &nbsp;Du kan selvf\u00f8lgelig ogs\u00e5 finne matchende dukkesenget\u00f8y og skape et riktig koselig sted for barnets dukker \u00e5 sove p\u00e5.&nbsp; Finnes i fargene gr\u00e5 eller powder.&nbsp; Materiale: E1 MDF.&nbsp; M\u00e5l: 50 x 28 x 35 cm.&nbsp; Kan rengj\u00f8res med [&hellip;]\" \/>\n<meta property=\"og:url\" content=\"https:\/\/babylove.se\/no\/produkt\/docksang-gra-done-by-deer\/\" \/>\n<meta property=\"og:site_name\" content=\"Babylove Norska\" \/>\n<meta property=\"article:modified_time\" content=\"2026-04-08T06:52:25+00:00\" \/>\n<meta property=\"og:image\" content=\"https:\/\/babylove.se\/no\/wp-content\/uploads\/sites\/3\/2025\/07\/58a5f84361c9b.png\" \/>\n\t<meta property=\"og:image:width\" content=\"576\" \/>\n\t<meta property=\"og:image:height\" content=\"750\" \/>\n\t<meta property=\"og:image:type\" content=\"image\/png\" \/>\n<meta name=\"twitter:card\" content=\"summary_large_image\" \/>\n<meta name=\"twitter:label1\" content=\"Price\" \/>\n\t<meta name=\"twitter:data1\" content=\"899,00&nbsp;&#107;&#114;\" \/>\n\t<meta name=\"twitter:label2\" content=\"Availability\" \/>\n\t<meta name=\"twitter:data2\" content=\"Out of stock\" \/>\n<script type=\"application\/ld+json\" class=\"yoast-schema-graph\">{\"@context\":\"https:\/\/schema.org\",\"@graph\":[{\"@type\":\"WebPage\",\"@id\":\"https:\/\/babylove.se\/no\/produkt\/docksang-gra-done-by-deer\/\",\"url\":\"https:\/\/babylove.se\/no\/produkt\/docksang-gra-done-by-deer\/\",\"name\":\"Dukkeseeng gr\u00e5, Done By Deer - Babylove Norska\",\"isPartOf\":{\"@id\":\"https:\/\/babylove.se\/no\/#website\"},\"primaryImageOfPage\":{\"@id\":\"https:\/\/babylove.se\/no\/produkt\/docksang-gra-done-by-deer\/#primaryimage\"},\"image\":{\"@id\":\"https:\/\/babylove.se\/no\/produkt\/docksang-gra-done-by-deer\/#primaryimage\"},\"thumbnailUrl\":\"https:\/\/babylove.se\/no\/wp-content\/uploads\/sites\/3\/2025\/07\/58a5f84361c9b.png\",\"datePublished\":\"2025-07-18T19:09:26+00:00\",\"dateModified\":\"2026-04-08T06:52:25+00:00\",\"breadcrumb\":{\"@id\":\"https:\/\/babylove.se\/no\/produkt\/docksang-gra-done-by-deer\/#breadcrumb\"},\"inLanguage\":\"nb-NO\",\"potentialAction\":[{\"@type\":\"ReadAction\",\"target\":[\"https:\/\/babylove.se\/no\/produkt\/docksang-gra-done-by-deer\/\"]}]},{\"@type\":\"ImageObject\",\"inLanguage\":\"nb-NO\",\"@id\":\"https:\/\/babylove.se\/no\/produkt\/docksang-gra-done-by-deer\/#primaryimage\",\"url\":\"https:\/\/babylove.se\/no\/wp-content\/uploads\/sites\/3\/2025\/07\/58a5f84361c9b.png\",\"contentUrl\":\"https:\/\/babylove.se\/no\/wp-content\/uploads\/sites\/3\/2025\/07\/58a5f84361c9b.png\",\"width\":576,\"height\":750},{\"@type\":\"BreadcrumbList\",\"@id\":\"https:\/\/babylove.se\/no\/produkt\/docksang-gra-done-by-deer\/#breadcrumb\",\"itemListElement\":[{\"@type\":\"ListItem\",\"position\":1,\"name\":\"Hem\",\"item\":\"https:\/\/babylove.se\/no\/\"},{\"@type\":\"ListItem\",\"position\":2,\"name\":\"Butik\",\"item\":\"https:\/\/babylove.se\/no\/butik\/\"},{\"@type\":\"ListItem\",\"position\":3,\"name\":\"Dukkeseeng gr\u00e5, Done By Deer\"}]},{\"@type\":\"WebSite\",\"@id\":\"https:\/\/babylove.se\/no\/#website\",\"url\":\"https:\/\/babylove.se\/no\/\",\"name\":\"Babylove Norska\",\"description\":\"\",\"potentialAction\":[{\"@type\":\"SearchAction\",\"target\":{\"@type\":\"EntryPoint\",\"urlTemplate\":\"https:\/\/babylove.se\/no\/?s={search_term_string}\"},\"query-input\":{\"@type\":\"PropertyValueSpecification\",\"valueRequired\":true,\"valueName\":\"search_term_string\"}}],\"inLanguage\":\"nb-NO\"}]}<\/script>\n<meta property=\"product:brand\" content=\"Done by Deer\" \/>\n<meta property=\"product:price:amount\" content=\"899.00\" \/>\n<meta property=\"product:price:currency\" content=\"SEK\" \/>\n<meta property=\"og:availability\" content=\"out of stock\" \/>\n<meta property=\"product:availability\" content=\"out of stock\" \/>\n<meta property=\"product:retailer_item_id\" content=\"994\" \/>\n<meta property=\"product:condition\" content=\"new\" \/>\n<!-- \/ Yoast SEO Premium plugin. -->","yoast_head_json":{"title":"Dukkeseeng gr\u00e5, Done By Deer - Babylove Norska","robots":{"index":"noindex","follow":"follow","max-snippet":"max-snippet:-1","max-image-preview":"max-image-preview:large","max-video-preview":"max-video-preview:-1"},"og_locale":"nb_NO","og_type":"article","og_title":"Dukkeseeng gr\u00e5, Done By Deer","og_description":"La barnet ditt legge sine fine dukker i denne fantastisk fine lille dukkeseng fra Done By Deer. &nbsp;Du kan selvf\u00f8lgelig ogs\u00e5 finne matchende dukkesenget\u00f8y og skape et riktig koselig sted for barnets dukker \u00e5 sove p\u00e5.&nbsp; Finnes i fargene gr\u00e5 eller powder.&nbsp; Materiale: E1 MDF.&nbsp; M\u00e5l: 50 x 28 x 35 cm.&nbsp; Kan rengj\u00f8res med [&hellip;]","og_url":"https:\/\/babylove.se\/no\/produkt\/docksang-gra-done-by-deer\/","og_site_name":"Babylove Norska","article_modified_time":"2026-04-08T06:52:25+00:00","og_image":[{"width":576,"height":750,"url":"https:\/\/babylove.se\/no\/wp-content\/uploads\/sites\/3\/2025\/07\/58a5f84361c9b.png","type":"image\/png"}],"twitter_card":"summary_large_image","twitter_misc":{"Price":"899,00&nbsp;&#107;&#114;","Availability":"Out of stock"},"schema":{"@context":"https:\/\/schema.org","@graph":[{"@type":"WebPage","@id":"https:\/\/babylove.se\/no\/produkt\/docksang-gra-done-by-deer\/","url":"https:\/\/babylove.se\/no\/produkt\/docksang-gra-done-by-deer\/","name":"Dukkeseeng gr\u00e5, Done By Deer - Babylove Norska","isPartOf":{"@id":"https:\/\/babylove.se\/no\/#website"},"primaryImageOfPage":{"@id":"https:\/\/babylove.se\/no\/produkt\/docksang-gra-done-by-deer\/#primaryimage"},"image":{"@id":"https:\/\/babylove.se\/no\/produkt\/docksang-gra-done-by-deer\/#primaryimage"},"thumbnailUrl":"https:\/\/babylove.se\/no\/wp-content\/uploads\/sites\/3\/2025\/07\/58a5f84361c9b.png","datePublished":"2025-07-18T19:09:26+00:00","dateModified":"2026-04-08T06:52:25+00:00","breadcrumb":{"@id":"https:\/\/babylove.se\/no\/produkt\/docksang-gra-done-by-deer\/#breadcrumb"},"inLanguage":"nb-NO","potentialAction":[{"@type":"ReadAction","target":["https:\/\/babylove.se\/no\/produkt\/docksang-gra-done-by-deer\/"]}]},{"@type":"ImageObject","inLanguage":"nb-NO","@id":"https:\/\/babylove.se\/no\/produkt\/docksang-gra-done-by-deer\/#primaryimage","url":"https:\/\/babylove.se\/no\/wp-content\/uploads\/sites\/3\/2025\/07\/58a5f84361c9b.png","contentUrl":"https:\/\/babylove.se\/no\/wp-content\/uploads\/sites\/3\/2025\/07\/58a5f84361c9b.png","width":576,"height":750},{"@type":"BreadcrumbList","@id":"https:\/\/babylove.se\/no\/produkt\/docksang-gra-done-by-deer\/#breadcrumb","itemListElement":[{"@type":"ListItem","position":1,"name":"Hem","item":"https:\/\/babylove.se\/no\/"},{"@type":"ListItem","position":2,"name":"Butik","item":"https:\/\/babylove.se\/no\/butik\/"},{"@type":"ListItem","position":3,"name":"Dukkeseeng gr\u00e5, Done By Deer"}]},{"@type":"WebSite","@id":"https:\/\/babylove.se\/no\/#website","url":"https:\/\/babylove.se\/no\/","name":"Babylove Norska","description":"","potentialAction":[{"@type":"SearchAction","target":{"@type":"EntryPoint","urlTemplate":"https:\/\/babylove.se\/no\/?s={search_term_string}"},"query-input":{"@type":"PropertyValueSpecification","valueRequired":true,"valueName":"search_term_string"}}],"inLanguage":"nb-NO"}]},"product_brand":"Done by Deer","product_price_amount":"899.00","product_price_currency":"SEK","og_availability":"out of stock","product_availability":"out of stock","product_retailer_item_id":"994","product_condition":"new"},"_links":{"self":[{"href":"https:\/\/babylove.se\/no\/wp-json\/wp\/v2\/product\/2582","targetHints":{"allow":["GET"]}}],"collection":[{"href":"https:\/\/babylove.se\/no\/wp-json\/wp\/v2\/product"}],"about":[{"href":"https:\/\/babylove.se\/no\/wp-json\/wp\/v2\/types\/product"}],"replies":[{"embeddable":true,"href":"https:\/\/babylove.se\/no\/wp-json\/wp\/v2\/comments?post=2582"}],"wp:featuredmedia":[{"embeddable":true,"href":"https:\/\/babylove.se\/no\/wp-json\/wp\/v2\/media\/2584"}],"wp:attachment":[{"href":"https:\/\/babylove.se\/no\/wp-json\/wp\/v2\/media?parent=2582"}],"wp:term":[{"taxonomy":"product_brand","embeddable":true,"href":"https:\/\/babylove.se\/no\/wp-json\/wp\/v2\/product_brand?post=2582"},{"taxonomy":"product_cat","embeddable":true,"href":"https:\/\/babylove.se\/no\/wp-json\/wp\/v2\/product_cat?post=2582"},{"taxonomy":"product_tag","embeddable":true,"href":"https:\/\/babylove.se\/no\/wp-json\/wp\/v2\/product_tag?post=2582"}],"curies":[{"name":"wp","href":"https:\/\/api.w.org\/{rel}","templated":true}]}}