{"id":25880,"date":"2025-07-18T23:25:17","date_gmt":"2025-07-18T22:25:17","guid":{"rendered":"https:\/\/babylove.se\/produkt\/stor-giraff-kramdjur\/"},"modified":"2026-04-08T11:15:11","modified_gmt":"2026-04-08T10:15:11","slug":"stor-sjiraff-kosedyr","status":"publish","type":"product","link":"https:\/\/babylove.se\/no\/produkt\/stor-sjiraff-kosedyr\/","title":{"rendered":"Stor giraff kosedyr"},"content":{"rendered":"<p>En fantastisk og vakker sjiraff som kommer til \u00e5 bli ditt barns favorittbamsedyr i mange \u00e5r fremover. Foruten at den myke og vakre plysjen gj\u00f8r sjiraffen ekstra koselig \u00e5 klemme, er den underbart fin \u00e5 ha p\u00e5 barnerommet som interi\u00f8rdetalj. De smilende \u00f8ynene kommer til \u00e5 f\u00e5 b\u00e5de ditt barn og deg til \u00e5 smelte.&nbsp;<\/p>\n<p><strong>M\u00e5l<\/strong>: 50 cm x 40 cm x 135 cm<\/p>\n<p>Materiale: 100% Polyester<\/p>\n<p>Designer: <a href=\"https:\/\/babylove.se\/shop\/search?s=childhome\">Childhome<\/a><\/p>\n","protected":false},"excerpt":{"rendered":"<p>En fantastisk og vakker sjiraff som kommer til \u00e5 bli ditt barns favorittbamsedyr i mange \u00e5r fremover. Foruten at den myke og vakre plysjen gj\u00f8r sjiraffen ekstra koselig \u00e5 klemme, er den underbart fin \u00e5 ha p\u00e5 barnerommet som interi\u00f8rdetalj. De smilende \u00f8ynene kommer til \u00e5 f\u00e5 b\u00e5de ditt barn og deg til \u00e5 smelte.&nbsp; [&hellip;]<\/p>\n","protected":false},"featured_media":25882,"comment_status":"closed","ping_status":"open","template":"","meta":{"_acf_changed":false},"product_brand":[22],"product_cat":[70,25],"product_tag":[],"class_list":{"0":"post-25880","1":"product","2":"type-product","3":"status-publish","4":"has-post-thumbnail","6":"product_brand-babylove","7":"product_cat-gaver","8":"product_cat-ikke-bare-jenter","10":"first","11":"outofstock","12":"taxable","13":"shipping-taxable","14":"purchasable","15":"product-type-simple"},"acf":[],"yoast_head":"<!-- This site is optimized with the Yoast SEO Premium plugin v25.8 (Yoast SEO v27.2) - https:\/\/yoast.com\/product\/yoast-seo-premium-wordpress\/ -->\n<title>Stor giraff kosedyr - Babylove Norska<\/title>\n<meta name=\"robots\" content=\"noindex, follow, max-snippet:-1, max-image-preview:large, max-video-preview:-1\" \/>\n<meta property=\"og:locale\" content=\"nb_NO\" \/>\n<meta property=\"og:type\" content=\"article\" \/>\n<meta property=\"og:title\" content=\"Stor giraff kosedyr\" \/>\n<meta property=\"og:description\" content=\"En fantastisk og vakker sjiraff som kommer til \u00e5 bli ditt barns favorittbamsedyr i mange \u00e5r fremover. Foruten at den myke og vakre plysjen gj\u00f8r sjiraffen ekstra koselig \u00e5 klemme, er den underbart fin \u00e5 ha p\u00e5 barnerommet som interi\u00f8rdetalj. De smilende \u00f8ynene kommer til \u00e5 f\u00e5 b\u00e5de ditt barn og deg til \u00e5 smelte.&nbsp; [&hellip;]\" \/>\n<meta property=\"og:url\" content=\"https:\/\/babylove.se\/no\/produkt\/stor-sjiraff-kosedyr\/\" \/>\n<meta property=\"og:site_name\" content=\"Babylove Norska\" \/>\n<meta property=\"article:modified_time\" content=\"2026-04-08T10:15:11+00:00\" \/>\n<meta property=\"og:image\" content=\"https:\/\/babylove.se\/no\/wp-content\/uploads\/sites\/3\/2025\/07\/60d4726293eaa.jpeg\" \/>\n\t<meta property=\"og:image:width\" content=\"448\" \/>\n\t<meta property=\"og:image:height\" content=\"750\" \/>\n\t<meta property=\"og:image:type\" content=\"image\/jpeg\" \/>\n<meta name=\"twitter:card\" content=\"summary_large_image\" \/>\n<meta name=\"twitter:label1\" content=\"Price\" \/>\n\t<meta name=\"twitter:data1\" content=\"1 399,00&nbsp;&#107;&#114;\" \/>\n\t<meta name=\"twitter:label2\" content=\"Availability\" \/>\n\t<meta name=\"twitter:data2\" content=\"Out of stock\" \/>\n<script type=\"application\/ld+json\" class=\"yoast-schema-graph\">{\"@context\":\"https:\/\/schema.org\",\"@graph\":[{\"@type\":\"WebPage\",\"@id\":\"https:\/\/babylove.se\/no\/produkt\/stor-sjiraff-kosedyr\/\",\"url\":\"https:\/\/babylove.se\/no\/produkt\/stor-sjiraff-kosedyr\/\",\"name\":\"Stor giraff kosedyr - Babylove Norska\",\"isPartOf\":{\"@id\":\"https:\/\/babylove.se\/no\/#website\"},\"primaryImageOfPage\":{\"@id\":\"https:\/\/babylove.se\/no\/produkt\/stor-sjiraff-kosedyr\/#primaryimage\"},\"image\":{\"@id\":\"https:\/\/babylove.se\/no\/produkt\/stor-sjiraff-kosedyr\/#primaryimage\"},\"thumbnailUrl\":\"https:\/\/babylove.se\/no\/wp-content\/uploads\/sites\/3\/2025\/07\/60d4726293eaa.jpeg\",\"datePublished\":\"2025-07-18T22:25:17+00:00\",\"dateModified\":\"2026-04-08T10:15:11+00:00\",\"breadcrumb\":{\"@id\":\"https:\/\/babylove.se\/no\/produkt\/stor-sjiraff-kosedyr\/#breadcrumb\"},\"inLanguage\":\"nb-NO\",\"potentialAction\":[{\"@type\":\"ReadAction\",\"target\":[\"https:\/\/babylove.se\/no\/produkt\/stor-sjiraff-kosedyr\/\"]}]},{\"@type\":\"ImageObject\",\"inLanguage\":\"nb-NO\",\"@id\":\"https:\/\/babylove.se\/no\/produkt\/stor-sjiraff-kosedyr\/#primaryimage\",\"url\":\"https:\/\/babylove.se\/no\/wp-content\/uploads\/sites\/3\/2025\/07\/60d4726293eaa.jpeg\",\"contentUrl\":\"https:\/\/babylove.se\/no\/wp-content\/uploads\/sites\/3\/2025\/07\/60d4726293eaa.jpeg\",\"width\":448,\"height\":750},{\"@type\":\"BreadcrumbList\",\"@id\":\"https:\/\/babylove.se\/no\/produkt\/stor-sjiraff-kosedyr\/#breadcrumb\",\"itemListElement\":[{\"@type\":\"ListItem\",\"position\":1,\"name\":\"Hem\",\"item\":\"https:\/\/babylove.se\/no\/\"},{\"@type\":\"ListItem\",\"position\":2,\"name\":\"Butik\",\"item\":\"https:\/\/babylove.se\/no\/butik\/\"},{\"@type\":\"ListItem\",\"position\":3,\"name\":\"Stor giraff kosedyr\"}]},{\"@type\":\"WebSite\",\"@id\":\"https:\/\/babylove.se\/no\/#website\",\"url\":\"https:\/\/babylove.se\/no\/\",\"name\":\"Babylove Norska\",\"description\":\"\",\"potentialAction\":[{\"@type\":\"SearchAction\",\"target\":{\"@type\":\"EntryPoint\",\"urlTemplate\":\"https:\/\/babylove.se\/no\/?s={search_term_string}\"},\"query-input\":{\"@type\":\"PropertyValueSpecification\",\"valueRequired\":true,\"valueName\":\"search_term_string\"}}],\"inLanguage\":\"nb-NO\"}]}<\/script>\n<meta property=\"product:brand\" content=\"Babylove\" \/>\n<meta property=\"product:price:amount\" content=\"1399.00\" \/>\n<meta property=\"product:price:currency\" content=\"SEK\" \/>\n<meta property=\"og:availability\" content=\"out of stock\" \/>\n<meta property=\"product:availability\" content=\"out of stock\" \/>\n<meta property=\"product:retailer_item_id\" content=\"CHSTGIR135\" \/>\n<meta property=\"product:condition\" content=\"new\" \/>\n<!-- \/ Yoast SEO Premium plugin. -->","yoast_head_json":{"title":"Stor giraff kosedyr - Babylove Norska","robots":{"index":"noindex","follow":"follow","max-snippet":"max-snippet:-1","max-image-preview":"max-image-preview:large","max-video-preview":"max-video-preview:-1"},"og_locale":"nb_NO","og_type":"article","og_title":"Stor giraff kosedyr","og_description":"En fantastisk og vakker sjiraff som kommer til \u00e5 bli ditt barns favorittbamsedyr i mange \u00e5r fremover. Foruten at den myke og vakre plysjen gj\u00f8r sjiraffen ekstra koselig \u00e5 klemme, er den underbart fin \u00e5 ha p\u00e5 barnerommet som interi\u00f8rdetalj. De smilende \u00f8ynene kommer til \u00e5 f\u00e5 b\u00e5de ditt barn og deg til \u00e5 smelte.&nbsp; [&hellip;]","og_url":"https:\/\/babylove.se\/no\/produkt\/stor-sjiraff-kosedyr\/","og_site_name":"Babylove Norska","article_modified_time":"2026-04-08T10:15:11+00:00","og_image":[{"width":448,"height":750,"url":"https:\/\/babylove.se\/no\/wp-content\/uploads\/sites\/3\/2025\/07\/60d4726293eaa.jpeg","type":"image\/jpeg"}],"twitter_card":"summary_large_image","twitter_misc":{"Price":"1 399,00&nbsp;&#107;&#114;","Availability":"Out of stock"},"schema":{"@context":"https:\/\/schema.org","@graph":[{"@type":"WebPage","@id":"https:\/\/babylove.se\/no\/produkt\/stor-sjiraff-kosedyr\/","url":"https:\/\/babylove.se\/no\/produkt\/stor-sjiraff-kosedyr\/","name":"Stor giraff kosedyr - Babylove Norska","isPartOf":{"@id":"https:\/\/babylove.se\/no\/#website"},"primaryImageOfPage":{"@id":"https:\/\/babylove.se\/no\/produkt\/stor-sjiraff-kosedyr\/#primaryimage"},"image":{"@id":"https:\/\/babylove.se\/no\/produkt\/stor-sjiraff-kosedyr\/#primaryimage"},"thumbnailUrl":"https:\/\/babylove.se\/no\/wp-content\/uploads\/sites\/3\/2025\/07\/60d4726293eaa.jpeg","datePublished":"2025-07-18T22:25:17+00:00","dateModified":"2026-04-08T10:15:11+00:00","breadcrumb":{"@id":"https:\/\/babylove.se\/no\/produkt\/stor-sjiraff-kosedyr\/#breadcrumb"},"inLanguage":"nb-NO","potentialAction":[{"@type":"ReadAction","target":["https:\/\/babylove.se\/no\/produkt\/stor-sjiraff-kosedyr\/"]}]},{"@type":"ImageObject","inLanguage":"nb-NO","@id":"https:\/\/babylove.se\/no\/produkt\/stor-sjiraff-kosedyr\/#primaryimage","url":"https:\/\/babylove.se\/no\/wp-content\/uploads\/sites\/3\/2025\/07\/60d4726293eaa.jpeg","contentUrl":"https:\/\/babylove.se\/no\/wp-content\/uploads\/sites\/3\/2025\/07\/60d4726293eaa.jpeg","width":448,"height":750},{"@type":"BreadcrumbList","@id":"https:\/\/babylove.se\/no\/produkt\/stor-sjiraff-kosedyr\/#breadcrumb","itemListElement":[{"@type":"ListItem","position":1,"name":"Hem","item":"https:\/\/babylove.se\/no\/"},{"@type":"ListItem","position":2,"name":"Butik","item":"https:\/\/babylove.se\/no\/butik\/"},{"@type":"ListItem","position":3,"name":"Stor giraff kosedyr"}]},{"@type":"WebSite","@id":"https:\/\/babylove.se\/no\/#website","url":"https:\/\/babylove.se\/no\/","name":"Babylove Norska","description":"","potentialAction":[{"@type":"SearchAction","target":{"@type":"EntryPoint","urlTemplate":"https:\/\/babylove.se\/no\/?s={search_term_string}"},"query-input":{"@type":"PropertyValueSpecification","valueRequired":true,"valueName":"search_term_string"}}],"inLanguage":"nb-NO"}]},"product_brand":"Babylove","product_price_amount":"1399.00","product_price_currency":"SEK","og_availability":"out of stock","product_availability":"out of stock","product_retailer_item_id":"CHSTGIR135","product_condition":"new"},"_links":{"self":[{"href":"https:\/\/babylove.se\/no\/wp-json\/wp\/v2\/product\/25880","targetHints":{"allow":["GET"]}}],"collection":[{"href":"https:\/\/babylove.se\/no\/wp-json\/wp\/v2\/product"}],"about":[{"href":"https:\/\/babylove.se\/no\/wp-json\/wp\/v2\/types\/product"}],"replies":[{"embeddable":true,"href":"https:\/\/babylove.se\/no\/wp-json\/wp\/v2\/comments?post=25880"}],"wp:featuredmedia":[{"embeddable":true,"href":"https:\/\/babylove.se\/no\/wp-json\/wp\/v2\/media\/25882"}],"wp:attachment":[{"href":"https:\/\/babylove.se\/no\/wp-json\/wp\/v2\/media?parent=25880"}],"wp:term":[{"taxonomy":"product_brand","embeddable":true,"href":"https:\/\/babylove.se\/no\/wp-json\/wp\/v2\/product_brand?post=25880"},{"taxonomy":"product_cat","embeddable":true,"href":"https:\/\/babylove.se\/no\/wp-json\/wp\/v2\/product_cat?post=25880"},{"taxonomy":"product_tag","embeddable":true,"href":"https:\/\/babylove.se\/no\/wp-json\/wp\/v2\/product_tag?post=25880"}],"curies":[{"name":"wp","href":"https:\/\/api.w.org\/{rel}","templated":true}]}}