{"id":25939,"date":"2025-07-18T23:25:56","date_gmt":"2025-07-18T22:25:56","guid":{"rendered":"https:\/\/babylove.se\/produkt\/liewood-elisabeth-make-up-set-rose-multi-mix\/"},"modified":"2026-04-08T11:15:40","modified_gmt":"2026-04-08T10:15:40","slug":"liewood-elisabeth-sminke-sett-rose-multi-mix","status":"publish","type":"product","link":"https:\/\/babylove.se\/no\/produkt\/liewood-elisabeth-sminke-sett-rose-multi-mix\/","title":{"rendered":"Liewood, Elisabeth sminke-sett rose multi mix"},"content":{"rendered":"<p>Et supers\u00f8tt lite make-up sett for de aller minste. \u00c5 leke med sminke gj\u00f8r mer nytte enn man kan tro. Det trener barnets ditt motorikk og tankevirksomhet, det l\u00e6rer barnet \u00e5 kjenne igjen farger og fremfor alt \u00e5 bruke sin egen kreativitet. <\/p>\n<p>Inneholder b\u00f8rste, leppestift, neglelakk, rouge, parfyme og \u00f8yenskygge. <\/p>\n<p><strong>Materia<\/strong><strong>l<\/strong>: 100% silikon <\/p>\n<p>Designer:<a href=\"https:\/\/babylove.se\/varumarken\/liewood\"> Liewood<\/a><\/p>\n","protected":false},"excerpt":{"rendered":"<p>Et supers\u00f8tt lite make-up sett for de aller minste. \u00c5 leke med sminke gj\u00f8r mer nytte enn man kan tro. Det trener barnets ditt motorikk og tankevirksomhet, det l\u00e6rer barnet \u00e5 kjenne igjen farger og fremfor alt \u00e5 bruke sin egen kreativitet. Inneholder b\u00f8rste, leppestift, neglelakk, rouge, parfyme og \u00f8yenskygge. Material: 100% silikon Designer: Liewood<\/p>\n","protected":false},"featured_media":25941,"comment_status":"closed","ping_status":"closed","template":"","meta":{"_acf_changed":false},"product_brand":[282],"product_cat":[68,283],"product_tag":[],"class_list":{"0":"post-25939","1":"product","2":"type-product","3":"status-publish","4":"has-post-thumbnail","6":"product_brand-liewood","7":"product_cat-leker","8":"product_cat-liewood","10":"first","11":"outofstock","12":"taxable","13":"shipping-taxable","14":"purchasable","15":"product-type-simple"},"acf":[],"yoast_head":"<!-- This site is optimized with the Yoast SEO Premium plugin v25.8 (Yoast SEO v27.2) - https:\/\/yoast.com\/product\/yoast-seo-premium-wordpress\/ -->\n<title>Liewood, Elisabeth sminke-sett rose multi mix - Babylove Norska<\/title>\n<meta name=\"robots\" content=\"noindex, follow, max-snippet:-1, max-image-preview:large, max-video-preview:-1\" \/>\n<meta property=\"og:locale\" content=\"nb_NO\" \/>\n<meta property=\"og:type\" content=\"article\" \/>\n<meta property=\"og:title\" content=\"Liewood, Elisabeth sminke-sett rose multi mix\" \/>\n<meta property=\"og:description\" content=\"Et supers\u00f8tt lite make-up sett for de aller minste. \u00c5 leke med sminke gj\u00f8r mer nytte enn man kan tro. Det trener barnets ditt motorikk og tankevirksomhet, det l\u00e6rer barnet \u00e5 kjenne igjen farger og fremfor alt \u00e5 bruke sin egen kreativitet. Inneholder b\u00f8rste, leppestift, neglelakk, rouge, parfyme og \u00f8yenskygge. Material: 100% silikon Designer: Liewood\" \/>\n<meta property=\"og:url\" content=\"https:\/\/babylove.se\/no\/produkt\/liewood-elisabeth-sminke-sett-rose-multi-mix\/\" \/>\n<meta property=\"og:site_name\" content=\"Babylove Norska\" \/>\n<meta property=\"article:modified_time\" content=\"2026-04-08T10:15:40+00:00\" \/>\n<meta property=\"og:image\" content=\"https:\/\/babylove.se\/no\/wp-content\/uploads\/sites\/3\/2025\/07\/60e5b907a76b7.jpeg\" \/>\n\t<meta property=\"og:image:width\" content=\"750\" \/>\n\t<meta property=\"og:image:height\" content=\"749\" \/>\n\t<meta property=\"og:image:type\" content=\"image\/jpeg\" \/>\n<meta name=\"twitter:card\" content=\"summary_large_image\" \/>\n<meta name=\"twitter:label1\" content=\"Price\" \/>\n\t<meta name=\"twitter:data1\" content=\"299,00&nbsp;&#107;&#114;\" \/>\n\t<meta name=\"twitter:label2\" content=\"Availability\" \/>\n\t<meta name=\"twitter:data2\" content=\"Out of stock\" \/>\n<script type=\"application\/ld+json\" class=\"yoast-schema-graph\">{\"@context\":\"https:\/\/schema.org\",\"@graph\":[{\"@type\":\"WebPage\",\"@id\":\"https:\/\/babylove.se\/no\/produkt\/liewood-elisabeth-sminke-sett-rose-multi-mix\/\",\"url\":\"https:\/\/babylove.se\/no\/produkt\/liewood-elisabeth-sminke-sett-rose-multi-mix\/\",\"name\":\"Liewood, Elisabeth sminke-sett rose multi mix - Babylove Norska\",\"isPartOf\":{\"@id\":\"https:\/\/babylove.se\/no\/#website\"},\"primaryImageOfPage\":{\"@id\":\"https:\/\/babylove.se\/no\/produkt\/liewood-elisabeth-sminke-sett-rose-multi-mix\/#primaryimage\"},\"image\":{\"@id\":\"https:\/\/babylove.se\/no\/produkt\/liewood-elisabeth-sminke-sett-rose-multi-mix\/#primaryimage\"},\"thumbnailUrl\":\"https:\/\/babylove.se\/no\/wp-content\/uploads\/sites\/3\/2025\/07\/60e5b907a76b7.jpeg\",\"datePublished\":\"2025-07-18T22:25:56+00:00\",\"dateModified\":\"2026-04-08T10:15:40+00:00\",\"breadcrumb\":{\"@id\":\"https:\/\/babylove.se\/no\/produkt\/liewood-elisabeth-sminke-sett-rose-multi-mix\/#breadcrumb\"},\"inLanguage\":\"nb-NO\",\"potentialAction\":[{\"@type\":\"ReadAction\",\"target\":[\"https:\/\/babylove.se\/no\/produkt\/liewood-elisabeth-sminke-sett-rose-multi-mix\/\"]}]},{\"@type\":\"ImageObject\",\"inLanguage\":\"nb-NO\",\"@id\":\"https:\/\/babylove.se\/no\/produkt\/liewood-elisabeth-sminke-sett-rose-multi-mix\/#primaryimage\",\"url\":\"https:\/\/babylove.se\/no\/wp-content\/uploads\/sites\/3\/2025\/07\/60e5b907a76b7.jpeg\",\"contentUrl\":\"https:\/\/babylove.se\/no\/wp-content\/uploads\/sites\/3\/2025\/07\/60e5b907a76b7.jpeg\",\"width\":750,\"height\":749},{\"@type\":\"BreadcrumbList\",\"@id\":\"https:\/\/babylove.se\/no\/produkt\/liewood-elisabeth-sminke-sett-rose-multi-mix\/#breadcrumb\",\"itemListElement\":[{\"@type\":\"ListItem\",\"position\":1,\"name\":\"Hem\",\"item\":\"https:\/\/babylove.se\/no\/\"},{\"@type\":\"ListItem\",\"position\":2,\"name\":\"Butik\",\"item\":\"https:\/\/babylove.se\/no\/butik\/\"},{\"@type\":\"ListItem\",\"position\":3,\"name\":\"Liewood, Elisabeth sminke-sett rose multi mix\"}]},{\"@type\":\"WebSite\",\"@id\":\"https:\/\/babylove.se\/no\/#website\",\"url\":\"https:\/\/babylove.se\/no\/\",\"name\":\"Babylove Norska\",\"description\":\"\",\"potentialAction\":[{\"@type\":\"SearchAction\",\"target\":{\"@type\":\"EntryPoint\",\"urlTemplate\":\"https:\/\/babylove.se\/no\/?s={search_term_string}\"},\"query-input\":{\"@type\":\"PropertyValueSpecification\",\"valueRequired\":true,\"valueName\":\"search_term_string\"}}],\"inLanguage\":\"nb-NO\"}]}<\/script>\n<meta property=\"product:brand\" content=\"Liewood\" \/>\n<meta property=\"product:price:amount\" content=\"299.00\" \/>\n<meta property=\"product:price:currency\" content=\"SEK\" \/>\n<meta property=\"og:availability\" content=\"out of stock\" \/>\n<meta property=\"product:availability\" content=\"out of stock\" \/>\n<meta property=\"product:retailer_item_id\" content=\"LW42062102\" \/>\n<meta property=\"product:condition\" content=\"new\" \/>\n<!-- \/ Yoast SEO Premium plugin. -->","yoast_head_json":{"title":"Liewood, Elisabeth sminke-sett rose multi mix - Babylove Norska","robots":{"index":"noindex","follow":"follow","max-snippet":"max-snippet:-1","max-image-preview":"max-image-preview:large","max-video-preview":"max-video-preview:-1"},"og_locale":"nb_NO","og_type":"article","og_title":"Liewood, Elisabeth sminke-sett rose multi mix","og_description":"Et supers\u00f8tt lite make-up sett for de aller minste. \u00c5 leke med sminke gj\u00f8r mer nytte enn man kan tro. Det trener barnets ditt motorikk og tankevirksomhet, det l\u00e6rer barnet \u00e5 kjenne igjen farger og fremfor alt \u00e5 bruke sin egen kreativitet. Inneholder b\u00f8rste, leppestift, neglelakk, rouge, parfyme og \u00f8yenskygge. Material: 100% silikon Designer: Liewood","og_url":"https:\/\/babylove.se\/no\/produkt\/liewood-elisabeth-sminke-sett-rose-multi-mix\/","og_site_name":"Babylove Norska","article_modified_time":"2026-04-08T10:15:40+00:00","og_image":[{"width":750,"height":749,"url":"https:\/\/babylove.se\/no\/wp-content\/uploads\/sites\/3\/2025\/07\/60e5b907a76b7.jpeg","type":"image\/jpeg"}],"twitter_card":"summary_large_image","twitter_misc":{"Price":"299,00&nbsp;&#107;&#114;","Availability":"Out of stock"},"schema":{"@context":"https:\/\/schema.org","@graph":[{"@type":"WebPage","@id":"https:\/\/babylove.se\/no\/produkt\/liewood-elisabeth-sminke-sett-rose-multi-mix\/","url":"https:\/\/babylove.se\/no\/produkt\/liewood-elisabeth-sminke-sett-rose-multi-mix\/","name":"Liewood, Elisabeth sminke-sett rose multi mix - Babylove Norska","isPartOf":{"@id":"https:\/\/babylove.se\/no\/#website"},"primaryImageOfPage":{"@id":"https:\/\/babylove.se\/no\/produkt\/liewood-elisabeth-sminke-sett-rose-multi-mix\/#primaryimage"},"image":{"@id":"https:\/\/babylove.se\/no\/produkt\/liewood-elisabeth-sminke-sett-rose-multi-mix\/#primaryimage"},"thumbnailUrl":"https:\/\/babylove.se\/no\/wp-content\/uploads\/sites\/3\/2025\/07\/60e5b907a76b7.jpeg","datePublished":"2025-07-18T22:25:56+00:00","dateModified":"2026-04-08T10:15:40+00:00","breadcrumb":{"@id":"https:\/\/babylove.se\/no\/produkt\/liewood-elisabeth-sminke-sett-rose-multi-mix\/#breadcrumb"},"inLanguage":"nb-NO","potentialAction":[{"@type":"ReadAction","target":["https:\/\/babylove.se\/no\/produkt\/liewood-elisabeth-sminke-sett-rose-multi-mix\/"]}]},{"@type":"ImageObject","inLanguage":"nb-NO","@id":"https:\/\/babylove.se\/no\/produkt\/liewood-elisabeth-sminke-sett-rose-multi-mix\/#primaryimage","url":"https:\/\/babylove.se\/no\/wp-content\/uploads\/sites\/3\/2025\/07\/60e5b907a76b7.jpeg","contentUrl":"https:\/\/babylove.se\/no\/wp-content\/uploads\/sites\/3\/2025\/07\/60e5b907a76b7.jpeg","width":750,"height":749},{"@type":"BreadcrumbList","@id":"https:\/\/babylove.se\/no\/produkt\/liewood-elisabeth-sminke-sett-rose-multi-mix\/#breadcrumb","itemListElement":[{"@type":"ListItem","position":1,"name":"Hem","item":"https:\/\/babylove.se\/no\/"},{"@type":"ListItem","position":2,"name":"Butik","item":"https:\/\/babylove.se\/no\/butik\/"},{"@type":"ListItem","position":3,"name":"Liewood, Elisabeth sminke-sett rose multi mix"}]},{"@type":"WebSite","@id":"https:\/\/babylove.se\/no\/#website","url":"https:\/\/babylove.se\/no\/","name":"Babylove Norska","description":"","potentialAction":[{"@type":"SearchAction","target":{"@type":"EntryPoint","urlTemplate":"https:\/\/babylove.se\/no\/?s={search_term_string}"},"query-input":{"@type":"PropertyValueSpecification","valueRequired":true,"valueName":"search_term_string"}}],"inLanguage":"nb-NO"}]},"product_brand":"Liewood","product_price_amount":"299.00","product_price_currency":"SEK","og_availability":"out of stock","product_availability":"out of stock","product_retailer_item_id":"LW42062102","product_condition":"new"},"_links":{"self":[{"href":"https:\/\/babylove.se\/no\/wp-json\/wp\/v2\/product\/25939","targetHints":{"allow":["GET"]}}],"collection":[{"href":"https:\/\/babylove.se\/no\/wp-json\/wp\/v2\/product"}],"about":[{"href":"https:\/\/babylove.se\/no\/wp-json\/wp\/v2\/types\/product"}],"replies":[{"embeddable":true,"href":"https:\/\/babylove.se\/no\/wp-json\/wp\/v2\/comments?post=25939"}],"wp:featuredmedia":[{"embeddable":true,"href":"https:\/\/babylove.se\/no\/wp-json\/wp\/v2\/media\/25941"}],"wp:attachment":[{"href":"https:\/\/babylove.se\/no\/wp-json\/wp\/v2\/media?parent=25939"}],"wp:term":[{"taxonomy":"product_brand","embeddable":true,"href":"https:\/\/babylove.se\/no\/wp-json\/wp\/v2\/product_brand?post=25939"},{"taxonomy":"product_cat","embeddable":true,"href":"https:\/\/babylove.se\/no\/wp-json\/wp\/v2\/product_cat?post=25939"},{"taxonomy":"product_tag","embeddable":true,"href":"https:\/\/babylove.se\/no\/wp-json\/wp\/v2\/product_tag?post=25939"}],"curies":[{"name":"wp","href":"https:\/\/api.w.org\/{rel}","templated":true}]}}