{"id":25950,"date":"2025-07-18T23:26:21","date_gmt":"2025-07-18T22:26:21","guid":{"rendered":"https:\/\/babylove.se\/produkt\/moi-mili-lekmatta-i-sammet-ginkgo-powder-pink\/"},"modified":"2026-04-08T11:15:46","modified_gmt":"2026-04-08T10:15:46","slug":"moi-mili-lekematte-i-floyel-ginkgo-powder-pink","status":"publish","type":"product","link":"https:\/\/babylove.se\/no\/produkt\/moi-mili-lekematte-i-floyel-ginkgo-powder-pink\/","title":{"rendered":"Moi Mili, lekematte i fl\u00f8yel ginkgo, powder pink"},"content":{"rendered":"<p>Denne lekematta, fra Moi Mili, er en fantastisk interi\u00f8rdetalj for barnerommet. Det ideelle stedet for barnet ditt \u00e5 ha det g\u00f8y p\u00e5.<\/p>\n<p>For de aller minste tilbyr vi en underbar lekematte i form av et ginkgoblad. Lekematta er tosidig, myk, slitesterk og fylt med tykt isoleringsmateriale. Hver enkelt lekematte er h\u00e5ndlaget.<\/p>\n<p>Den passer utmerket sammen med en fin sengehimmel eller et tipitelt fra samme serie.<\/p>\n<p>En ekstra bonus at du enkelt holder etter hygienen p\u00e5 matta, den er vaskbar i en vanlig vaskemaskin (opp til 30 grader).&nbsp;<\/p>\n<p><strong>M\u00e5l<\/strong>: 110 x120 cm (+- 3 cm) og mattens tykkelse er ca 3 cm<\/p>\n<p><strong>Materiale<\/strong>: 100 % OEKO TEX-sertifisert bomull og polyester.&nbsp;<\/p>\n<p>Designer: <a href=\"https:\/\/babylove.se\/varumarken\/moi-mili\">Moi Mili<\/a><\/p>\n","protected":false},"excerpt":{"rendered":"<p>Denne lekematta, fra Moi Mili, er en fantastisk interi\u00f8rdetalj for barnerommet. Det ideelle stedet for barnet ditt \u00e5 ha det g\u00f8y p\u00e5. For de aller minste tilbyr vi en underbar lekematte i form av et ginkgoblad. Lekematta er tosidig, myk, slitesterk og fylt med tykt isoleringsmateriale. Hver enkelt lekematte er h\u00e5ndlaget. Den passer utmerket sammen [&hellip;]<\/p>\n","protected":false},"featured_media":25952,"comment_status":"closed","ping_status":"open","template":"","meta":{"_acf_changed":false},"product_brand":[912],"product_cat":[52,913,135],"product_tag":[1689],"class_list":{"0":"post-25950","1":"product","2":"type-product","3":"status-publish","4":"has-post-thumbnail","6":"product_brand-moi-mili","7":"product_cat-lekematter","8":"product_cat-moi-mili","9":"product_cat-tepper","10":"product_tag-bestillingsvaror","12":"first","13":"instock","14":"taxable","15":"shipping-taxable","16":"purchasable","17":"product-type-simple"},"acf":[],"yoast_head":"<!-- This site is optimized with the Yoast SEO Premium plugin v25.8 (Yoast SEO v27.2) - https:\/\/yoast.com\/product\/yoast-seo-premium-wordpress\/ -->\n<title>Moi Mili, lekematte i fl\u00f8yel ginkgo, powder pink - Babylove Norska<\/title>\n<meta name=\"robots\" content=\"noindex, follow, max-snippet:-1, max-image-preview:large, max-video-preview:-1\" \/>\n<meta property=\"og:locale\" content=\"nb_NO\" \/>\n<meta property=\"og:type\" content=\"article\" \/>\n<meta property=\"og:title\" content=\"Moi Mili, lekematte i fl\u00f8yel ginkgo, powder pink\" \/>\n<meta property=\"og:description\" content=\"Denne lekematta, fra Moi Mili, er en fantastisk interi\u00f8rdetalj for barnerommet. Det ideelle stedet for barnet ditt \u00e5 ha det g\u00f8y p\u00e5. For de aller minste tilbyr vi en underbar lekematte i form av et ginkgoblad. Lekematta er tosidig, myk, slitesterk og fylt med tykt isoleringsmateriale. Hver enkelt lekematte er h\u00e5ndlaget. Den passer utmerket sammen [&hellip;]\" \/>\n<meta property=\"og:url\" content=\"https:\/\/babylove.se\/no\/produkt\/moi-mili-lekematte-i-floyel-ginkgo-powder-pink\/\" \/>\n<meta property=\"og:site_name\" content=\"Babylove Norska\" \/>\n<meta property=\"article:modified_time\" content=\"2026-04-08T10:15:46+00:00\" \/>\n<meta property=\"og:image\" content=\"https:\/\/babylove.se\/no\/wp-content\/uploads\/sites\/3\/2025\/07\/60e6de4b3e739.jpeg\" \/>\n\t<meta property=\"og:image:width\" content=\"500\" \/>\n\t<meta property=\"og:image:height\" content=\"750\" \/>\n\t<meta property=\"og:image:type\" content=\"image\/jpeg\" \/>\n<meta name=\"twitter:card\" content=\"summary_large_image\" \/>\n<meta name=\"twitter:label1\" content=\"Price\" \/>\n\t<meta name=\"twitter:data1\" content=\"1 399,00&nbsp;&#107;&#114;\" \/>\n\t<meta name=\"twitter:label2\" content=\"Availability\" \/>\n\t<meta name=\"twitter:data2\" content=\"In stock\" \/>\n<script type=\"application\/ld+json\" class=\"yoast-schema-graph\">{\"@context\":\"https:\/\/schema.org\",\"@graph\":[{\"@type\":\"WebPage\",\"@id\":\"https:\/\/babylove.se\/no\/produkt\/moi-mili-lekematte-i-floyel-ginkgo-powder-pink\/\",\"url\":\"https:\/\/babylove.se\/no\/produkt\/moi-mili-lekematte-i-floyel-ginkgo-powder-pink\/\",\"name\":\"Moi Mili, lekematte i fl\u00f8yel ginkgo, powder pink - Babylove Norska\",\"isPartOf\":{\"@id\":\"https:\/\/babylove.se\/no\/#website\"},\"primaryImageOfPage\":{\"@id\":\"https:\/\/babylove.se\/no\/produkt\/moi-mili-lekematte-i-floyel-ginkgo-powder-pink\/#primaryimage\"},\"image\":{\"@id\":\"https:\/\/babylove.se\/no\/produkt\/moi-mili-lekematte-i-floyel-ginkgo-powder-pink\/#primaryimage\"},\"thumbnailUrl\":\"https:\/\/babylove.se\/no\/wp-content\/uploads\/sites\/3\/2025\/07\/60e6de4b3e739.jpeg\",\"datePublished\":\"2025-07-18T22:26:21+00:00\",\"dateModified\":\"2026-04-08T10:15:46+00:00\",\"breadcrumb\":{\"@id\":\"https:\/\/babylove.se\/no\/produkt\/moi-mili-lekematte-i-floyel-ginkgo-powder-pink\/#breadcrumb\"},\"inLanguage\":\"nb-NO\",\"potentialAction\":[{\"@type\":\"ReadAction\",\"target\":[\"https:\/\/babylove.se\/no\/produkt\/moi-mili-lekematte-i-floyel-ginkgo-powder-pink\/\"]}]},{\"@type\":\"ImageObject\",\"inLanguage\":\"nb-NO\",\"@id\":\"https:\/\/babylove.se\/no\/produkt\/moi-mili-lekematte-i-floyel-ginkgo-powder-pink\/#primaryimage\",\"url\":\"https:\/\/babylove.se\/no\/wp-content\/uploads\/sites\/3\/2025\/07\/60e6de4b3e739.jpeg\",\"contentUrl\":\"https:\/\/babylove.se\/no\/wp-content\/uploads\/sites\/3\/2025\/07\/60e6de4b3e739.jpeg\",\"width\":500,\"height\":750},{\"@type\":\"BreadcrumbList\",\"@id\":\"https:\/\/babylove.se\/no\/produkt\/moi-mili-lekematte-i-floyel-ginkgo-powder-pink\/#breadcrumb\",\"itemListElement\":[{\"@type\":\"ListItem\",\"position\":1,\"name\":\"Hem\",\"item\":\"https:\/\/babylove.se\/no\/\"},{\"@type\":\"ListItem\",\"position\":2,\"name\":\"Butik\",\"item\":\"https:\/\/babylove.se\/no\/butik\/\"},{\"@type\":\"ListItem\",\"position\":3,\"name\":\"Moi Mili, lekematte i fl\u00f8yel ginkgo, powder pink\"}]},{\"@type\":\"WebSite\",\"@id\":\"https:\/\/babylove.se\/no\/#website\",\"url\":\"https:\/\/babylove.se\/no\/\",\"name\":\"Babylove Norska\",\"description\":\"\",\"potentialAction\":[{\"@type\":\"SearchAction\",\"target\":{\"@type\":\"EntryPoint\",\"urlTemplate\":\"https:\/\/babylove.se\/no\/?s={search_term_string}\"},\"query-input\":{\"@type\":\"PropertyValueSpecification\",\"valueRequired\":true,\"valueName\":\"search_term_string\"}}],\"inLanguage\":\"nb-NO\"}]}<\/script>\n<meta property=\"product:brand\" content=\"Moi Mili\" \/>\n<meta property=\"product:price:amount\" content=\"1399.00\" \/>\n<meta property=\"product:price:currency\" content=\"SEK\" \/>\n<meta property=\"og:availability\" content=\"instock\" \/>\n<meta property=\"product:availability\" content=\"instock\" \/>\n<meta property=\"product:retailer_item_id\" content=\"VGM-PP\" \/>\n<meta property=\"product:condition\" content=\"new\" \/>\n<!-- \/ Yoast SEO Premium plugin. -->","yoast_head_json":{"title":"Moi Mili, lekematte i fl\u00f8yel ginkgo, powder pink - Babylove Norska","robots":{"index":"noindex","follow":"follow","max-snippet":"max-snippet:-1","max-image-preview":"max-image-preview:large","max-video-preview":"max-video-preview:-1"},"og_locale":"nb_NO","og_type":"article","og_title":"Moi Mili, lekematte i fl\u00f8yel ginkgo, powder pink","og_description":"Denne lekematta, fra Moi Mili, er en fantastisk interi\u00f8rdetalj for barnerommet. Det ideelle stedet for barnet ditt \u00e5 ha det g\u00f8y p\u00e5. For de aller minste tilbyr vi en underbar lekematte i form av et ginkgoblad. Lekematta er tosidig, myk, slitesterk og fylt med tykt isoleringsmateriale. Hver enkelt lekematte er h\u00e5ndlaget. Den passer utmerket sammen [&hellip;]","og_url":"https:\/\/babylove.se\/no\/produkt\/moi-mili-lekematte-i-floyel-ginkgo-powder-pink\/","og_site_name":"Babylove Norska","article_modified_time":"2026-04-08T10:15:46+00:00","og_image":[{"width":500,"height":750,"url":"https:\/\/babylove.se\/no\/wp-content\/uploads\/sites\/3\/2025\/07\/60e6de4b3e739.jpeg","type":"image\/jpeg"}],"twitter_card":"summary_large_image","twitter_misc":{"Price":"1 399,00&nbsp;&#107;&#114;","Availability":"In stock"},"schema":{"@context":"https:\/\/schema.org","@graph":[{"@type":"WebPage","@id":"https:\/\/babylove.se\/no\/produkt\/moi-mili-lekematte-i-floyel-ginkgo-powder-pink\/","url":"https:\/\/babylove.se\/no\/produkt\/moi-mili-lekematte-i-floyel-ginkgo-powder-pink\/","name":"Moi Mili, lekematte i fl\u00f8yel ginkgo, powder pink - Babylove Norska","isPartOf":{"@id":"https:\/\/babylove.se\/no\/#website"},"primaryImageOfPage":{"@id":"https:\/\/babylove.se\/no\/produkt\/moi-mili-lekematte-i-floyel-ginkgo-powder-pink\/#primaryimage"},"image":{"@id":"https:\/\/babylove.se\/no\/produkt\/moi-mili-lekematte-i-floyel-ginkgo-powder-pink\/#primaryimage"},"thumbnailUrl":"https:\/\/babylove.se\/no\/wp-content\/uploads\/sites\/3\/2025\/07\/60e6de4b3e739.jpeg","datePublished":"2025-07-18T22:26:21+00:00","dateModified":"2026-04-08T10:15:46+00:00","breadcrumb":{"@id":"https:\/\/babylove.se\/no\/produkt\/moi-mili-lekematte-i-floyel-ginkgo-powder-pink\/#breadcrumb"},"inLanguage":"nb-NO","potentialAction":[{"@type":"ReadAction","target":["https:\/\/babylove.se\/no\/produkt\/moi-mili-lekematte-i-floyel-ginkgo-powder-pink\/"]}]},{"@type":"ImageObject","inLanguage":"nb-NO","@id":"https:\/\/babylove.se\/no\/produkt\/moi-mili-lekematte-i-floyel-ginkgo-powder-pink\/#primaryimage","url":"https:\/\/babylove.se\/no\/wp-content\/uploads\/sites\/3\/2025\/07\/60e6de4b3e739.jpeg","contentUrl":"https:\/\/babylove.se\/no\/wp-content\/uploads\/sites\/3\/2025\/07\/60e6de4b3e739.jpeg","width":500,"height":750},{"@type":"BreadcrumbList","@id":"https:\/\/babylove.se\/no\/produkt\/moi-mili-lekematte-i-floyel-ginkgo-powder-pink\/#breadcrumb","itemListElement":[{"@type":"ListItem","position":1,"name":"Hem","item":"https:\/\/babylove.se\/no\/"},{"@type":"ListItem","position":2,"name":"Butik","item":"https:\/\/babylove.se\/no\/butik\/"},{"@type":"ListItem","position":3,"name":"Moi Mili, lekematte i fl\u00f8yel ginkgo, powder pink"}]},{"@type":"WebSite","@id":"https:\/\/babylove.se\/no\/#website","url":"https:\/\/babylove.se\/no\/","name":"Babylove Norska","description":"","potentialAction":[{"@type":"SearchAction","target":{"@type":"EntryPoint","urlTemplate":"https:\/\/babylove.se\/no\/?s={search_term_string}"},"query-input":{"@type":"PropertyValueSpecification","valueRequired":true,"valueName":"search_term_string"}}],"inLanguage":"nb-NO"}]},"product_brand":"Moi Mili","product_price_amount":"1399.00","product_price_currency":"SEK","og_availability":"instock","product_availability":"instock","product_retailer_item_id":"VGM-PP","product_condition":"new"},"_links":{"self":[{"href":"https:\/\/babylove.se\/no\/wp-json\/wp\/v2\/product\/25950","targetHints":{"allow":["GET"]}}],"collection":[{"href":"https:\/\/babylove.se\/no\/wp-json\/wp\/v2\/product"}],"about":[{"href":"https:\/\/babylove.se\/no\/wp-json\/wp\/v2\/types\/product"}],"replies":[{"embeddable":true,"href":"https:\/\/babylove.se\/no\/wp-json\/wp\/v2\/comments?post=25950"}],"wp:featuredmedia":[{"embeddable":true,"href":"https:\/\/babylove.se\/no\/wp-json\/wp\/v2\/media\/25952"}],"wp:attachment":[{"href":"https:\/\/babylove.se\/no\/wp-json\/wp\/v2\/media?parent=25950"}],"wp:term":[{"taxonomy":"product_brand","embeddable":true,"href":"https:\/\/babylove.se\/no\/wp-json\/wp\/v2\/product_brand?post=25950"},{"taxonomy":"product_cat","embeddable":true,"href":"https:\/\/babylove.se\/no\/wp-json\/wp\/v2\/product_cat?post=25950"},{"taxonomy":"product_tag","embeddable":true,"href":"https:\/\/babylove.se\/no\/wp-json\/wp\/v2\/product_tag?post=25950"}],"curies":[{"name":"wp","href":"https:\/\/api.w.org\/{rel}","templated":true}]}}