{"id":25970,"date":"2025-07-18T23:26:21","date_gmt":"2025-07-18T22:26:21","guid":{"rendered":"https:\/\/babylove.se\/produkt\/moi-mili-rund-lekmatta-med-volanger-i-sammet-dirty-pink\/"},"modified":"2026-04-08T11:15:57","modified_gmt":"2026-04-08T10:15:57","slug":"moi-mili-rund-lekematte-med-volanger-i-floyel-dirty-pink","status":"publish","type":"product","link":"https:\/\/babylove.se\/no\/produkt\/moi-mili-rund-lekematte-med-volanger-i-floyel-dirty-pink\/","title":{"rendered":"Moi Mili, rund lekematte med volanger i fl\u00f8yel, dirty pink"},"content":{"rendered":"<p>Denne vidunderlige lekematta, fra Moi Mili, er en fantastisk innredningsdetalj for barnerommet. Det ideelle stedet for ditt barn \u00e5 ha det g\u00f8y p\u00e5.<\/p>\n<p>For de aller minste tilbyr vi en deilig rund lekematte med vakre volangar. Lekematta er dobbeltsidig, myk, slitesterk og fylt med tykt isolasjonsf\u00f4r. Hver enkelt lekematte er h\u00e5ndlaget.<\/p>\n<p>Den passer utmerket sammen med en fin sengehimmel eller et tipitelt fra samme serie.<\/p>\n<p>En ekstra bonus at du enkelt holder etter hygienen p\u00e5 matta, den er vaskbar i en vanlig vaskemaskin (opp til 30 grader).&nbsp;<\/p>\n<p><strong>M\u00e5l<\/strong>: Diameter 110 cm &nbsp;(+-3 cm) og mattens tykkelse er ca 3 cm<\/p>\n<p><strong>Materiale<\/strong>: 100 % OEKO TEX-sertifisert bomull og fl\u00f8yel.<\/p>\n<p>Designer: <a href=\"https:\/\/babylove.se\/varumarken\/moi-mili\">Moi Mili<\/a><\/p>\n","protected":false},"excerpt":{"rendered":"<p>Denne vidunderlige lekematta, fra Moi Mili, er en fantastisk innredningsdetalj for barnerommet. Det ideelle stedet for ditt barn \u00e5 ha det g\u00f8y p\u00e5. For de aller minste tilbyr vi en deilig rund lekematte med vakre volangar. Lekematta er dobbeltsidig, myk, slitesterk og fylt med tykt isolasjonsf\u00f4r. Hver enkelt lekematte er h\u00e5ndlaget. Den passer utmerket sammen [&hellip;]<\/p>\n","protected":false},"featured_media":25972,"comment_status":"closed","ping_status":"open","template":"","meta":{"_acf_changed":false},"product_brand":[912],"product_cat":[52,913,135],"product_tag":[1689],"class_list":{"0":"post-25970","1":"product","2":"type-product","3":"status-publish","4":"has-post-thumbnail","6":"product_brand-moi-mili","7":"product_cat-lekematter","8":"product_cat-moi-mili","9":"product_cat-tepper","10":"product_tag-bestillingsvaror","12":"first","13":"instock","14":"taxable","15":"shipping-taxable","16":"purchasable","17":"product-type-simple"},"acf":[],"yoast_head":"<!-- This site is optimized with the Yoast SEO Premium plugin v25.8 (Yoast SEO v27.2) - https:\/\/yoast.com\/product\/yoast-seo-premium-wordpress\/ -->\n<title>Moi Mili, rund lekematte med volanger i fl\u00f8yel, dirty pink - Babylove Norska<\/title>\n<meta name=\"robots\" content=\"noindex, follow, max-snippet:-1, max-image-preview:large, max-video-preview:-1\" \/>\n<meta property=\"og:locale\" content=\"nb_NO\" \/>\n<meta property=\"og:type\" content=\"article\" \/>\n<meta property=\"og:title\" content=\"Moi Mili, rund lekematte med volanger i fl\u00f8yel, dirty pink\" \/>\n<meta property=\"og:description\" content=\"Denne vidunderlige lekematta, fra Moi Mili, er en fantastisk innredningsdetalj for barnerommet. Det ideelle stedet for ditt barn \u00e5 ha det g\u00f8y p\u00e5. For de aller minste tilbyr vi en deilig rund lekematte med vakre volangar. Lekematta er dobbeltsidig, myk, slitesterk og fylt med tykt isolasjonsf\u00f4r. Hver enkelt lekematte er h\u00e5ndlaget. Den passer utmerket sammen [&hellip;]\" \/>\n<meta property=\"og:url\" content=\"https:\/\/babylove.se\/no\/produkt\/moi-mili-rund-lekematte-med-volanger-i-floyel-dirty-pink\/\" \/>\n<meta property=\"og:site_name\" content=\"Babylove Norska\" \/>\n<meta property=\"article:modified_time\" content=\"2026-04-08T10:15:57+00:00\" \/>\n<meta property=\"og:image\" content=\"https:\/\/babylove.se\/no\/wp-content\/uploads\/sites\/3\/2025\/07\/60e6e4a32dcc2.jpeg\" \/>\n\t<meta property=\"og:image:width\" content=\"500\" \/>\n\t<meta property=\"og:image:height\" content=\"750\" \/>\n\t<meta property=\"og:image:type\" content=\"image\/jpeg\" \/>\n<meta name=\"twitter:card\" content=\"summary_large_image\" \/>\n<meta name=\"twitter:label1\" content=\"Price\" \/>\n\t<meta name=\"twitter:data1\" content=\"1 349,00&nbsp;&#107;&#114;\" \/>\n\t<meta name=\"twitter:label2\" content=\"Availability\" \/>\n\t<meta name=\"twitter:data2\" content=\"In stock\" \/>\n<script type=\"application\/ld+json\" class=\"yoast-schema-graph\">{\"@context\":\"https:\/\/schema.org\",\"@graph\":[{\"@type\":\"WebPage\",\"@id\":\"https:\/\/babylove.se\/no\/produkt\/moi-mili-rund-lekematte-med-volanger-i-floyel-dirty-pink\/\",\"url\":\"https:\/\/babylove.se\/no\/produkt\/moi-mili-rund-lekematte-med-volanger-i-floyel-dirty-pink\/\",\"name\":\"Moi Mili, rund lekematte med volanger i fl\u00f8yel, dirty pink - Babylove Norska\",\"isPartOf\":{\"@id\":\"https:\/\/babylove.se\/no\/#website\"},\"primaryImageOfPage\":{\"@id\":\"https:\/\/babylove.se\/no\/produkt\/moi-mili-rund-lekematte-med-volanger-i-floyel-dirty-pink\/#primaryimage\"},\"image\":{\"@id\":\"https:\/\/babylove.se\/no\/produkt\/moi-mili-rund-lekematte-med-volanger-i-floyel-dirty-pink\/#primaryimage\"},\"thumbnailUrl\":\"https:\/\/babylove.se\/no\/wp-content\/uploads\/sites\/3\/2025\/07\/60e6e4a32dcc2.jpeg\",\"datePublished\":\"2025-07-18T22:26:21+00:00\",\"dateModified\":\"2026-04-08T10:15:57+00:00\",\"breadcrumb\":{\"@id\":\"https:\/\/babylove.se\/no\/produkt\/moi-mili-rund-lekematte-med-volanger-i-floyel-dirty-pink\/#breadcrumb\"},\"inLanguage\":\"nb-NO\",\"potentialAction\":[{\"@type\":\"ReadAction\",\"target\":[\"https:\/\/babylove.se\/no\/produkt\/moi-mili-rund-lekematte-med-volanger-i-floyel-dirty-pink\/\"]}]},{\"@type\":\"ImageObject\",\"inLanguage\":\"nb-NO\",\"@id\":\"https:\/\/babylove.se\/no\/produkt\/moi-mili-rund-lekematte-med-volanger-i-floyel-dirty-pink\/#primaryimage\",\"url\":\"https:\/\/babylove.se\/no\/wp-content\/uploads\/sites\/3\/2025\/07\/60e6e4a32dcc2.jpeg\",\"contentUrl\":\"https:\/\/babylove.se\/no\/wp-content\/uploads\/sites\/3\/2025\/07\/60e6e4a32dcc2.jpeg\",\"width\":500,\"height\":750},{\"@type\":\"BreadcrumbList\",\"@id\":\"https:\/\/babylove.se\/no\/produkt\/moi-mili-rund-lekematte-med-volanger-i-floyel-dirty-pink\/#breadcrumb\",\"itemListElement\":[{\"@type\":\"ListItem\",\"position\":1,\"name\":\"Hem\",\"item\":\"https:\/\/babylove.se\/no\/\"},{\"@type\":\"ListItem\",\"position\":2,\"name\":\"Butik\",\"item\":\"https:\/\/babylove.se\/no\/butik\/\"},{\"@type\":\"ListItem\",\"position\":3,\"name\":\"Moi Mili, rund lekematte med volanger i fl\u00f8yel, dirty pink\"}]},{\"@type\":\"WebSite\",\"@id\":\"https:\/\/babylove.se\/no\/#website\",\"url\":\"https:\/\/babylove.se\/no\/\",\"name\":\"Babylove Norska\",\"description\":\"\",\"potentialAction\":[{\"@type\":\"SearchAction\",\"target\":{\"@type\":\"EntryPoint\",\"urlTemplate\":\"https:\/\/babylove.se\/no\/?s={search_term_string}\"},\"query-input\":{\"@type\":\"PropertyValueSpecification\",\"valueRequired\":true,\"valueName\":\"search_term_string\"}}],\"inLanguage\":\"nb-NO\"}]}<\/script>\n<meta property=\"product:brand\" content=\"Moi Mili\" \/>\n<meta property=\"product:price:amount\" content=\"1349.00\" \/>\n<meta property=\"product:price:currency\" content=\"SEK\" \/>\n<meta property=\"og:availability\" content=\"instock\" \/>\n<meta property=\"product:availability\" content=\"instock\" \/>\n<meta property=\"product:retailer_item_id\" content=\"VMWF-DP\" \/>\n<meta property=\"product:condition\" content=\"new\" \/>\n<!-- \/ Yoast SEO Premium plugin. -->","yoast_head_json":{"title":"Moi Mili, rund lekematte med volanger i fl\u00f8yel, dirty pink - Babylove Norska","robots":{"index":"noindex","follow":"follow","max-snippet":"max-snippet:-1","max-image-preview":"max-image-preview:large","max-video-preview":"max-video-preview:-1"},"og_locale":"nb_NO","og_type":"article","og_title":"Moi Mili, rund lekematte med volanger i fl\u00f8yel, dirty pink","og_description":"Denne vidunderlige lekematta, fra Moi Mili, er en fantastisk innredningsdetalj for barnerommet. Det ideelle stedet for ditt barn \u00e5 ha det g\u00f8y p\u00e5. For de aller minste tilbyr vi en deilig rund lekematte med vakre volangar. Lekematta er dobbeltsidig, myk, slitesterk og fylt med tykt isolasjonsf\u00f4r. Hver enkelt lekematte er h\u00e5ndlaget. Den passer utmerket sammen [&hellip;]","og_url":"https:\/\/babylove.se\/no\/produkt\/moi-mili-rund-lekematte-med-volanger-i-floyel-dirty-pink\/","og_site_name":"Babylove Norska","article_modified_time":"2026-04-08T10:15:57+00:00","og_image":[{"width":500,"height":750,"url":"https:\/\/babylove.se\/no\/wp-content\/uploads\/sites\/3\/2025\/07\/60e6e4a32dcc2.jpeg","type":"image\/jpeg"}],"twitter_card":"summary_large_image","twitter_misc":{"Price":"1 349,00&nbsp;&#107;&#114;","Availability":"In stock"},"schema":{"@context":"https:\/\/schema.org","@graph":[{"@type":"WebPage","@id":"https:\/\/babylove.se\/no\/produkt\/moi-mili-rund-lekematte-med-volanger-i-floyel-dirty-pink\/","url":"https:\/\/babylove.se\/no\/produkt\/moi-mili-rund-lekematte-med-volanger-i-floyel-dirty-pink\/","name":"Moi Mili, rund lekematte med volanger i fl\u00f8yel, dirty pink - Babylove Norska","isPartOf":{"@id":"https:\/\/babylove.se\/no\/#website"},"primaryImageOfPage":{"@id":"https:\/\/babylove.se\/no\/produkt\/moi-mili-rund-lekematte-med-volanger-i-floyel-dirty-pink\/#primaryimage"},"image":{"@id":"https:\/\/babylove.se\/no\/produkt\/moi-mili-rund-lekematte-med-volanger-i-floyel-dirty-pink\/#primaryimage"},"thumbnailUrl":"https:\/\/babylove.se\/no\/wp-content\/uploads\/sites\/3\/2025\/07\/60e6e4a32dcc2.jpeg","datePublished":"2025-07-18T22:26:21+00:00","dateModified":"2026-04-08T10:15:57+00:00","breadcrumb":{"@id":"https:\/\/babylove.se\/no\/produkt\/moi-mili-rund-lekematte-med-volanger-i-floyel-dirty-pink\/#breadcrumb"},"inLanguage":"nb-NO","potentialAction":[{"@type":"ReadAction","target":["https:\/\/babylove.se\/no\/produkt\/moi-mili-rund-lekematte-med-volanger-i-floyel-dirty-pink\/"]}]},{"@type":"ImageObject","inLanguage":"nb-NO","@id":"https:\/\/babylove.se\/no\/produkt\/moi-mili-rund-lekematte-med-volanger-i-floyel-dirty-pink\/#primaryimage","url":"https:\/\/babylove.se\/no\/wp-content\/uploads\/sites\/3\/2025\/07\/60e6e4a32dcc2.jpeg","contentUrl":"https:\/\/babylove.se\/no\/wp-content\/uploads\/sites\/3\/2025\/07\/60e6e4a32dcc2.jpeg","width":500,"height":750},{"@type":"BreadcrumbList","@id":"https:\/\/babylove.se\/no\/produkt\/moi-mili-rund-lekematte-med-volanger-i-floyel-dirty-pink\/#breadcrumb","itemListElement":[{"@type":"ListItem","position":1,"name":"Hem","item":"https:\/\/babylove.se\/no\/"},{"@type":"ListItem","position":2,"name":"Butik","item":"https:\/\/babylove.se\/no\/butik\/"},{"@type":"ListItem","position":3,"name":"Moi Mili, rund lekematte med volanger i fl\u00f8yel, dirty pink"}]},{"@type":"WebSite","@id":"https:\/\/babylove.se\/no\/#website","url":"https:\/\/babylove.se\/no\/","name":"Babylove Norska","description":"","potentialAction":[{"@type":"SearchAction","target":{"@type":"EntryPoint","urlTemplate":"https:\/\/babylove.se\/no\/?s={search_term_string}"},"query-input":{"@type":"PropertyValueSpecification","valueRequired":true,"valueName":"search_term_string"}}],"inLanguage":"nb-NO"}]},"product_brand":"Moi Mili","product_price_amount":"1349.00","product_price_currency":"SEK","og_availability":"instock","product_availability":"instock","product_retailer_item_id":"VMWF-DP","product_condition":"new"},"_links":{"self":[{"href":"https:\/\/babylove.se\/no\/wp-json\/wp\/v2\/product\/25970","targetHints":{"allow":["GET"]}}],"collection":[{"href":"https:\/\/babylove.se\/no\/wp-json\/wp\/v2\/product"}],"about":[{"href":"https:\/\/babylove.se\/no\/wp-json\/wp\/v2\/types\/product"}],"replies":[{"embeddable":true,"href":"https:\/\/babylove.se\/no\/wp-json\/wp\/v2\/comments?post=25970"}],"wp:featuredmedia":[{"embeddable":true,"href":"https:\/\/babylove.se\/no\/wp-json\/wp\/v2\/media\/25972"}],"wp:attachment":[{"href":"https:\/\/babylove.se\/no\/wp-json\/wp\/v2\/media?parent=25970"}],"wp:term":[{"taxonomy":"product_brand","embeddable":true,"href":"https:\/\/babylove.se\/no\/wp-json\/wp\/v2\/product_brand?post=25970"},{"taxonomy":"product_cat","embeddable":true,"href":"https:\/\/babylove.se\/no\/wp-json\/wp\/v2\/product_cat?post=25970"},{"taxonomy":"product_tag","embeddable":true,"href":"https:\/\/babylove.se\/no\/wp-json\/wp\/v2\/product_tag?post=25970"}],"curies":[{"name":"wp","href":"https:\/\/api.w.org\/{rel}","templated":true}]}}