{"id":26001,"date":"2025-07-18T23:26:21","date_gmt":"2025-07-18T22:26:21","guid":{"rendered":"https:\/\/babylove.se\/produkt\/leon-skummadrass-till-barnsang-olika-storlekar\/"},"modified":"2026-05-11T13:05:16","modified_gmt":"2026-05-11T12:05:16","slug":"leon-skummadrass-til-barneseng-forskjellige-storrelser","status":"publish","type":"product","link":"https:\/\/babylove.se\/no\/produkt\/leon-skummadrass-til-barneseng-forskjellige-storrelser\/","title":{"rendered":"LEON, Skummadrass til barneseng (ulike st\u00f8rrelser)"},"content":{"rendered":"<p>En komfortabel og deilig skummadrass med deilig fylling som passer perfekt til en barneseng eller til en husseng. Madrassen har et avtakbart overtrekk som gj\u00f8r at du enkelt kan vaske den og holde den frisk.&nbsp;<\/p>\n<p>Madrassens base er barnevennlig polyuretanskum som ikke deformeres hvilket garanterer st\u00f8tte for ryggen og s\u00f8vnkomfort. P\u00e5 oversiden ligger et lag med h\u00f8yelastisk skum som gir ekstra st\u00f8tte til hver del av kroppen. Den st\u00f8rste fordelen med Leon er dens por\u00f8se struktur som sikrer korrekt luftsirkulasjon, noe som betydelig forebygger sopp og mugg. Leon er ogs\u00e5 holdbar og motstandsdyktig mot deformering.<\/p>\n<p>Madrassen er semi-myk, laget for \u00e5 passe barn og garanterer en deilig s\u00f8vn.<\/p>\n<p>Tykkelse er cirka 9 cm.&nbsp;<\/p>\n<p><u>Materiale<\/u>: polyuretanskum N25 og h\u00f8yelastisk skum&nbsp;<\/p>\n<p>Vasker\u00e5d: Overtrekk maskinvaskes p\u00e5 30\u00b0 C.<\/p>\n<p>Madrassene produseres i Europa av 100 % OEKO-TEX-sertifisert stoff. Fyllingen er antiallergisk samt giftfri og produseres av sertifisert leverand\u00f8r.<\/p>\n<p><strong>Obs!&nbsp;<\/strong><em>Da madrassen er en spesialtilvirket vare, s\u00e5 gjelder ikke angrerett.&nbsp;<\/em><\/p>\n<p><em>Dette er en barnemadrass og er laget og tilpasset for de minste. Madrassen skal ikke brukes eller testes av voksne.<\/em><\/p>\n<p><em><em>Det kan forekomme fargeavvik p\u00e5 skuminnsatsen hvilket skyldes at naturbaserte ingredienser kan variere i farge.<\/em><\/em><\/p>\n","protected":false},"excerpt":{"rendered":"<p>En komfortabel og deilig skummadrass med deilig fylling som passer perfekt til en barneseng eller til en husseng. Madrassen har et avtakbart overtrekk som gj\u00f8r at du enkelt kan vaske den og holde den frisk.&nbsp; Madrassens base er barnevennlig polyuretanskum som ikke deformeres hvilket garanterer st\u00f8tte for ryggen og s\u00f8vnkomfort. P\u00e5 oversiden ligger et lag [&hellip;]<\/p>\n","protected":false},"featured_media":26003,"comment_status":"closed","ping_status":"closed","template":"","meta":{"_acf_changed":false},"product_brand":[378],"product_cat":[377,751,590],"product_tag":[1689],"class_list":{"0":"post-26001","1":"product","2":"type-product","3":"status-publish","4":"has-post-thumbnail","6":"product_brand-fdm","7":"product_cat-barnmadrasser","8":"product_cat-barnmadrass-70x140","9":"product_cat-fdm","10":"product_tag-bestillingsvaror","11":"pa_storlek-100x180-cm","12":"pa_storlek-100x190-cm","13":"pa_storlek-55x110-cm","14":"pa_storlek-60x120-cm","15":"pa_storlek-65x130-cm","16":"pa_storlek-65x150-cm","17":"pa_storlek-70x140-cm","18":"pa_storlek-70x150-cm","19":"pa_storlek-70x160-cm","20":"pa_storlek-75x130-cm","21":"pa_storlek-75x150-cm","22":"pa_storlek-75x170-cm","23":"pa_storlek-75x180-cm","24":"pa_storlek-80x130-cm","25":"pa_storlek-80x150-cm","26":"pa_storlek-80x160-cm","27":"pa_storlek-80x170-cm","28":"pa_storlek-80x180-cm","29":"pa_storlek-80x190-cm","30":"pa_storlek-85x150-cm","31":"pa_storlek-85x170-cm","32":"pa_storlek-85x180-cm","33":"pa_storlek-85x190-cm","34":"pa_storlek-90-x190-cm","35":"pa_storlek-90x150-cm","36":"pa_storlek-90x160-cm","37":"pa_storlek-90x170-cm","38":"pa_storlek-90x180-cm","39":"pa_storlek-90x200-cm","40":"pa_storlek-95x180-cm","41":"pa_storlek-95x190-cm","43":"first","44":"instock","45":"taxable","46":"shipping-taxable","47":"purchasable","48":"product-type-variable"},"acf":[],"yoast_head":"<!-- This site is optimized with the Yoast SEO Premium plugin v25.8 (Yoast SEO v27.2) - https:\/\/yoast.com\/product\/yoast-seo-premium-wordpress\/ -->\n<title>LEON, Skummadrass til barneseng (ulike st\u00f8rrelser) - Babylove Norska<\/title>\n<meta name=\"robots\" content=\"noindex, follow, max-snippet:-1, max-image-preview:large, max-video-preview:-1\" \/>\n<meta property=\"og:locale\" content=\"nb_NO\" \/>\n<meta property=\"og:type\" content=\"article\" \/>\n<meta property=\"og:title\" content=\"LEON, Skummadrass til barneseng (ulike st\u00f8rrelser)\" \/>\n<meta property=\"og:description\" content=\"En komfortabel og deilig skummadrass med deilig fylling som passer perfekt til en barneseng eller til en husseng. Madrassen har et avtakbart overtrekk som gj\u00f8r at du enkelt kan vaske den og holde den frisk.&nbsp; Madrassens base er barnevennlig polyuretanskum som ikke deformeres hvilket garanterer st\u00f8tte for ryggen og s\u00f8vnkomfort. P\u00e5 oversiden ligger et lag [&hellip;]\" \/>\n<meta property=\"og:url\" content=\"https:\/\/babylove.se\/no\/produkt\/leon-skummadrass-til-barneseng-forskjellige-storrelser\/\" \/>\n<meta property=\"og:site_name\" content=\"Babylove Norska\" \/>\n<meta property=\"article:modified_time\" content=\"2026-05-11T12:05:16+00:00\" \/>\n<meta property=\"og:image\" content=\"https:\/\/babylove.se\/no\/wp-content\/uploads\/sites\/3\/2025\/07\/683edc8a4a056.png\" \/>\n\t<meta property=\"og:image:width\" content=\"800\" \/>\n\t<meta property=\"og:image:height\" content=\"800\" \/>\n\t<meta property=\"og:image:type\" content=\"image\/png\" \/>\n<meta name=\"twitter:card\" content=\"summary_large_image\" \/>\n<meta name=\"twitter:label1\" content=\"Availability\" \/>\n\t<meta name=\"twitter:data1\" content=\"In stock\" \/>\n<script type=\"application\/ld+json\" class=\"yoast-schema-graph\">{\"@context\":\"https:\/\/schema.org\",\"@graph\":[{\"@type\":\"WebPage\",\"@id\":\"https:\/\/babylove.se\/no\/produkt\/leon-skummadrass-til-barneseng-forskjellige-storrelser\/\",\"url\":\"https:\/\/babylove.se\/no\/produkt\/leon-skummadrass-til-barneseng-forskjellige-storrelser\/\",\"name\":\"LEON, Skummadrass til barneseng (ulike st\u00f8rrelser) - Babylove Norska\",\"isPartOf\":{\"@id\":\"https:\/\/babylove.se\/no\/#website\"},\"primaryImageOfPage\":{\"@id\":\"https:\/\/babylove.se\/no\/produkt\/leon-skummadrass-til-barneseng-forskjellige-storrelser\/#primaryimage\"},\"image\":{\"@id\":\"https:\/\/babylove.se\/no\/produkt\/leon-skummadrass-til-barneseng-forskjellige-storrelser\/#primaryimage\"},\"thumbnailUrl\":\"https:\/\/babylove.se\/no\/wp-content\/uploads\/sites\/3\/2025\/07\/683edc8a4a056.png\",\"datePublished\":\"2025-07-18T22:26:21+00:00\",\"dateModified\":\"2026-05-11T12:05:16+00:00\",\"breadcrumb\":{\"@id\":\"https:\/\/babylove.se\/no\/produkt\/leon-skummadrass-til-barneseng-forskjellige-storrelser\/#breadcrumb\"},\"inLanguage\":\"nb-NO\",\"potentialAction\":[{\"@type\":\"ReadAction\",\"target\":[\"https:\/\/babylove.se\/no\/produkt\/leon-skummadrass-til-barneseng-forskjellige-storrelser\/\"]}]},{\"@type\":\"ImageObject\",\"inLanguage\":\"nb-NO\",\"@id\":\"https:\/\/babylove.se\/no\/produkt\/leon-skummadrass-til-barneseng-forskjellige-storrelser\/#primaryimage\",\"url\":\"https:\/\/babylove.se\/no\/wp-content\/uploads\/sites\/3\/2025\/07\/683edc8a4a056.png\",\"contentUrl\":\"https:\/\/babylove.se\/no\/wp-content\/uploads\/sites\/3\/2025\/07\/683edc8a4a056.png\",\"width\":800,\"height\":800},{\"@type\":\"BreadcrumbList\",\"@id\":\"https:\/\/babylove.se\/no\/produkt\/leon-skummadrass-til-barneseng-forskjellige-storrelser\/#breadcrumb\",\"itemListElement\":[{\"@type\":\"ListItem\",\"position\":1,\"name\":\"Hem\",\"item\":\"https:\/\/babylove.se\/no\/\"},{\"@type\":\"ListItem\",\"position\":2,\"name\":\"Butik\",\"item\":\"https:\/\/babylove.se\/no\/butik\/\"},{\"@type\":\"ListItem\",\"position\":3,\"name\":\"LEON, Skummadrass til barneseng (ulike st\u00f8rrelser)\"}]},{\"@type\":\"WebSite\",\"@id\":\"https:\/\/babylove.se\/no\/#website\",\"url\":\"https:\/\/babylove.se\/no\/\",\"name\":\"Babylove Norska\",\"description\":\"\",\"potentialAction\":[{\"@type\":\"SearchAction\",\"target\":{\"@type\":\"EntryPoint\",\"urlTemplate\":\"https:\/\/babylove.se\/no\/?s={search_term_string}\"},\"query-input\":{\"@type\":\"PropertyValueSpecification\",\"valueRequired\":true,\"valueName\":\"search_term_string\"}}],\"inLanguage\":\"nb-NO\"}]}<\/script>\n<meta property=\"product:brand\" content=\"FDM\" \/>\n<meta property=\"og:availability\" content=\"instock\" \/>\n<meta property=\"product:availability\" content=\"instock\" \/>\n<meta property=\"product:retailer_item_id\" content=\"Leon-55x110\" \/>\n<meta property=\"product:condition\" content=\"new\" \/>\n<!-- \/ Yoast SEO Premium plugin. -->","yoast_head_json":{"title":"LEON, Skummadrass til barneseng (ulike st\u00f8rrelser) - Babylove Norska","robots":{"index":"noindex","follow":"follow","max-snippet":"max-snippet:-1","max-image-preview":"max-image-preview:large","max-video-preview":"max-video-preview:-1"},"og_locale":"nb_NO","og_type":"article","og_title":"LEON, Skummadrass til barneseng (ulike st\u00f8rrelser)","og_description":"En komfortabel og deilig skummadrass med deilig fylling som passer perfekt til en barneseng eller til en husseng. Madrassen har et avtakbart overtrekk som gj\u00f8r at du enkelt kan vaske den og holde den frisk.&nbsp; Madrassens base er barnevennlig polyuretanskum som ikke deformeres hvilket garanterer st\u00f8tte for ryggen og s\u00f8vnkomfort. P\u00e5 oversiden ligger et lag [&hellip;]","og_url":"https:\/\/babylove.se\/no\/produkt\/leon-skummadrass-til-barneseng-forskjellige-storrelser\/","og_site_name":"Babylove Norska","article_modified_time":"2026-05-11T12:05:16+00:00","og_image":[{"width":800,"height":800,"url":"https:\/\/babylove.se\/no\/wp-content\/uploads\/sites\/3\/2025\/07\/683edc8a4a056.png","type":"image\/png"}],"twitter_card":"summary_large_image","twitter_misc":{"Availability":"In stock"},"schema":{"@context":"https:\/\/schema.org","@graph":[{"@type":"WebPage","@id":"https:\/\/babylove.se\/no\/produkt\/leon-skummadrass-til-barneseng-forskjellige-storrelser\/","url":"https:\/\/babylove.se\/no\/produkt\/leon-skummadrass-til-barneseng-forskjellige-storrelser\/","name":"LEON, Skummadrass til barneseng (ulike st\u00f8rrelser) - Babylove Norska","isPartOf":{"@id":"https:\/\/babylove.se\/no\/#website"},"primaryImageOfPage":{"@id":"https:\/\/babylove.se\/no\/produkt\/leon-skummadrass-til-barneseng-forskjellige-storrelser\/#primaryimage"},"image":{"@id":"https:\/\/babylove.se\/no\/produkt\/leon-skummadrass-til-barneseng-forskjellige-storrelser\/#primaryimage"},"thumbnailUrl":"https:\/\/babylove.se\/no\/wp-content\/uploads\/sites\/3\/2025\/07\/683edc8a4a056.png","datePublished":"2025-07-18T22:26:21+00:00","dateModified":"2026-05-11T12:05:16+00:00","breadcrumb":{"@id":"https:\/\/babylove.se\/no\/produkt\/leon-skummadrass-til-barneseng-forskjellige-storrelser\/#breadcrumb"},"inLanguage":"nb-NO","potentialAction":[{"@type":"ReadAction","target":["https:\/\/babylove.se\/no\/produkt\/leon-skummadrass-til-barneseng-forskjellige-storrelser\/"]}]},{"@type":"ImageObject","inLanguage":"nb-NO","@id":"https:\/\/babylove.se\/no\/produkt\/leon-skummadrass-til-barneseng-forskjellige-storrelser\/#primaryimage","url":"https:\/\/babylove.se\/no\/wp-content\/uploads\/sites\/3\/2025\/07\/683edc8a4a056.png","contentUrl":"https:\/\/babylove.se\/no\/wp-content\/uploads\/sites\/3\/2025\/07\/683edc8a4a056.png","width":800,"height":800},{"@type":"BreadcrumbList","@id":"https:\/\/babylove.se\/no\/produkt\/leon-skummadrass-til-barneseng-forskjellige-storrelser\/#breadcrumb","itemListElement":[{"@type":"ListItem","position":1,"name":"Hem","item":"https:\/\/babylove.se\/no\/"},{"@type":"ListItem","position":2,"name":"Butik","item":"https:\/\/babylove.se\/no\/butik\/"},{"@type":"ListItem","position":3,"name":"LEON, Skummadrass til barneseng (ulike st\u00f8rrelser)"}]},{"@type":"WebSite","@id":"https:\/\/babylove.se\/no\/#website","url":"https:\/\/babylove.se\/no\/","name":"Babylove Norska","description":"","potentialAction":[{"@type":"SearchAction","target":{"@type":"EntryPoint","urlTemplate":"https:\/\/babylove.se\/no\/?s={search_term_string}"},"query-input":{"@type":"PropertyValueSpecification","valueRequired":true,"valueName":"search_term_string"}}],"inLanguage":"nb-NO"}]},"product_brand":"FDM","og_availability":"instock","product_availability":"instock","product_retailer_item_id":"Leon-55x110","product_condition":"new"},"_links":{"self":[{"href":"https:\/\/babylove.se\/no\/wp-json\/wp\/v2\/product\/26001","targetHints":{"allow":["GET"]}}],"collection":[{"href":"https:\/\/babylove.se\/no\/wp-json\/wp\/v2\/product"}],"about":[{"href":"https:\/\/babylove.se\/no\/wp-json\/wp\/v2\/types\/product"}],"replies":[{"embeddable":true,"href":"https:\/\/babylove.se\/no\/wp-json\/wp\/v2\/comments?post=26001"}],"wp:featuredmedia":[{"embeddable":true,"href":"https:\/\/babylove.se\/no\/wp-json\/wp\/v2\/media\/26003"}],"wp:attachment":[{"href":"https:\/\/babylove.se\/no\/wp-json\/wp\/v2\/media?parent=26001"}],"wp:term":[{"taxonomy":"product_brand","embeddable":true,"href":"https:\/\/babylove.se\/no\/wp-json\/wp\/v2\/product_brand?post=26001"},{"taxonomy":"product_cat","embeddable":true,"href":"https:\/\/babylove.se\/no\/wp-json\/wp\/v2\/product_cat?post=26001"},{"taxonomy":"product_tag","embeddable":true,"href":"https:\/\/babylove.se\/no\/wp-json\/wp\/v2\/product_tag?post=26001"}],"curies":[{"name":"wp","href":"https:\/\/api.w.org\/{rel}","templated":true}]}}