{"id":26085,"date":"2025-07-18T23:27:11","date_gmt":"2025-07-18T22:27:11","guid":{"rendered":"https:\/\/babylove.se\/produkt\/thats-mine-babynest-single-clover-meadow\/"},"modified":"2026-04-08T11:16:38","modified_gmt":"2026-04-08T10:16:38","slug":"det-er-min-babynest-enkelt-klover-eng","status":"publish","type":"product","link":"https:\/\/babylove.se\/no\/produkt\/det-er-min-babynest-enkelt-klover-eng\/","title":{"rendered":"That`s mine , babynest single, clover meadow"},"content":{"rendered":"<p>Koselig babynest fra danske That`s mine. Nestet fungerer b\u00e5de som seng og stelleplass og passer perfekt \u00e5 ta med seg p\u00e5 reisen. En supermyk fylling gj\u00f8r at babyen din ligger trygt og komfortabelt. Babynest kan ogs\u00e5 brukes som en innsats i barneseng eller barnevogn.&nbsp;<\/p>\n<p><strong>M\u00e5l:<\/strong> 35x65x15 cm<\/p>\n<p><strong>Materiale:<\/strong><\/p>\n<ul>\n<li>F\u00f4r: 100% organisk bomull, OEKO-TEX sertifisert<\/li>\n<li>Fyllingstopp: 100% \u00f8kologisk bomull<\/li>\n<li><span>Fyllmadrass: 100% polyuretan<\/span><\/li>\n<li>Kanter: 100% polyester<\/li>\n<\/ul>\n<p>Designer: <a href=\"https:\/\/babylove.se\/varumarken\/thats-mine\">That`s mine<\/a><\/p>\n","protected":false},"excerpt":{"rendered":"<p>Koselig babynest fra danske That`s mine. Nestet fungerer b\u00e5de som seng og stelleplass og passer perfekt \u00e5 ta med seg p\u00e5 reisen. En supermyk fylling gj\u00f8r at babyen din ligger trygt og komfortabelt. Babynest kan ogs\u00e5 brukes som en innsats i barneseng eller barnevogn.&nbsp; M\u00e5l: 35x65x15 cm Materiale: F\u00f4r: 100% organisk bomull, OEKO-TEX sertifisert Fyllingstopp: [&hellip;]<\/p>\n","protected":false},"featured_media":26087,"comment_status":"closed","ping_status":"open","template":"","meta":{"_acf_changed":false},"product_brand":[749],"product_cat":[56,750],"product_tag":[],"class_list":{"0":"post-26085","1":"product","2":"type-product","3":"status-publish","4":"has-post-thumbnail","6":"product_brand-thats-mine","7":"product_cat-babynest","8":"product_cat-thats-mine","10":"first","11":"outofstock","12":"taxable","13":"shipping-taxable","14":"purchasable","15":"product-type-simple"},"acf":[],"yoast_head":"<!-- This site is optimized with the Yoast SEO Premium plugin v25.8 (Yoast SEO v27.2) - https:\/\/yoast.com\/product\/yoast-seo-premium-wordpress\/ -->\n<title>That`s mine , babynest single, clover meadow - Babylove Norska<\/title>\n<meta name=\"robots\" content=\"noindex, follow, max-snippet:-1, max-image-preview:large, max-video-preview:-1\" \/>\n<meta property=\"og:locale\" content=\"nb_NO\" \/>\n<meta property=\"og:type\" content=\"article\" \/>\n<meta property=\"og:title\" content=\"That`s mine , babynest single, clover meadow\" \/>\n<meta property=\"og:description\" content=\"Koselig babynest fra danske That`s mine. Nestet fungerer b\u00e5de som seng og stelleplass og passer perfekt \u00e5 ta med seg p\u00e5 reisen. En supermyk fylling gj\u00f8r at babyen din ligger trygt og komfortabelt. Babynest kan ogs\u00e5 brukes som en innsats i barneseng eller barnevogn.&nbsp; M\u00e5l: 35x65x15 cm Materiale: F\u00f4r: 100% organisk bomull, OEKO-TEX sertifisert Fyllingstopp: [&hellip;]\" \/>\n<meta property=\"og:url\" content=\"https:\/\/babylove.se\/no\/produkt\/det-er-min-babynest-enkelt-klover-eng\/\" \/>\n<meta property=\"og:site_name\" content=\"Babylove Norska\" \/>\n<meta property=\"article:modified_time\" content=\"2026-04-08T10:16:38+00:00\" \/>\n<meta property=\"og:image\" content=\"https:\/\/babylove.se\/no\/wp-content\/uploads\/sites\/3\/2025\/07\/60f6986e8e0d6.jpeg\" \/>\n\t<meta property=\"og:image:width\" content=\"750\" \/>\n\t<meta property=\"og:image:height\" content=\"750\" \/>\n\t<meta property=\"og:image:type\" content=\"image\/jpeg\" \/>\n<meta name=\"twitter:card\" content=\"summary_large_image\" \/>\n<meta name=\"twitter:label1\" content=\"Price\" \/>\n\t<meta name=\"twitter:data1\" content=\"799,00&nbsp;&#107;&#114;\" \/>\n\t<meta name=\"twitter:label2\" content=\"Availability\" \/>\n\t<meta name=\"twitter:data2\" content=\"Out of stock\" \/>\n<script type=\"application\/ld+json\" class=\"yoast-schema-graph\">{\"@context\":\"https:\/\/schema.org\",\"@graph\":[{\"@type\":\"WebPage\",\"@id\":\"https:\/\/babylove.se\/no\/produkt\/det-er-min-babynest-enkelt-klover-eng\/\",\"url\":\"https:\/\/babylove.se\/no\/produkt\/det-er-min-babynest-enkelt-klover-eng\/\",\"name\":\"That`s mine , babynest single, clover meadow - Babylove Norska\",\"isPartOf\":{\"@id\":\"https:\/\/babylove.se\/no\/#website\"},\"primaryImageOfPage\":{\"@id\":\"https:\/\/babylove.se\/no\/produkt\/det-er-min-babynest-enkelt-klover-eng\/#primaryimage\"},\"image\":{\"@id\":\"https:\/\/babylove.se\/no\/produkt\/det-er-min-babynest-enkelt-klover-eng\/#primaryimage\"},\"thumbnailUrl\":\"https:\/\/babylove.se\/no\/wp-content\/uploads\/sites\/3\/2025\/07\/60f6986e8e0d6.jpeg\",\"datePublished\":\"2025-07-18T22:27:11+00:00\",\"dateModified\":\"2026-04-08T10:16:38+00:00\",\"breadcrumb\":{\"@id\":\"https:\/\/babylove.se\/no\/produkt\/det-er-min-babynest-enkelt-klover-eng\/#breadcrumb\"},\"inLanguage\":\"nb-NO\",\"potentialAction\":[{\"@type\":\"ReadAction\",\"target\":[\"https:\/\/babylove.se\/no\/produkt\/det-er-min-babynest-enkelt-klover-eng\/\"]}]},{\"@type\":\"ImageObject\",\"inLanguage\":\"nb-NO\",\"@id\":\"https:\/\/babylove.se\/no\/produkt\/det-er-min-babynest-enkelt-klover-eng\/#primaryimage\",\"url\":\"https:\/\/babylove.se\/no\/wp-content\/uploads\/sites\/3\/2025\/07\/60f6986e8e0d6.jpeg\",\"contentUrl\":\"https:\/\/babylove.se\/no\/wp-content\/uploads\/sites\/3\/2025\/07\/60f6986e8e0d6.jpeg\",\"width\":750,\"height\":750},{\"@type\":\"BreadcrumbList\",\"@id\":\"https:\/\/babylove.se\/no\/produkt\/det-er-min-babynest-enkelt-klover-eng\/#breadcrumb\",\"itemListElement\":[{\"@type\":\"ListItem\",\"position\":1,\"name\":\"Hem\",\"item\":\"https:\/\/babylove.se\/no\/\"},{\"@type\":\"ListItem\",\"position\":2,\"name\":\"Butik\",\"item\":\"https:\/\/babylove.se\/no\/butik\/\"},{\"@type\":\"ListItem\",\"position\":3,\"name\":\"That`s mine , babynest single, clover meadow\"}]},{\"@type\":\"WebSite\",\"@id\":\"https:\/\/babylove.se\/no\/#website\",\"url\":\"https:\/\/babylove.se\/no\/\",\"name\":\"Babylove Norska\",\"description\":\"\",\"potentialAction\":[{\"@type\":\"SearchAction\",\"target\":{\"@type\":\"EntryPoint\",\"urlTemplate\":\"https:\/\/babylove.se\/no\/?s={search_term_string}\"},\"query-input\":{\"@type\":\"PropertyValueSpecification\",\"valueRequired\":true,\"valueName\":\"search_term_string\"}}],\"inLanguage\":\"nb-NO\"}]}<\/script>\n<meta property=\"product:brand\" content=\"That\u00b4s Mine\" \/>\n<meta property=\"product:price:amount\" content=\"799.00\" \/>\n<meta property=\"product:price:currency\" content=\"SEK\" \/>\n<meta property=\"og:availability\" content=\"out of stock\" \/>\n<meta property=\"product:availability\" content=\"out of stock\" \/>\n<meta property=\"product:retailer_item_id\" content=\"BN266\" \/>\n<meta property=\"product:condition\" content=\"new\" \/>\n<!-- \/ Yoast SEO Premium plugin. -->","yoast_head_json":{"title":"That`s mine , babynest single, clover meadow - Babylove Norska","robots":{"index":"noindex","follow":"follow","max-snippet":"max-snippet:-1","max-image-preview":"max-image-preview:large","max-video-preview":"max-video-preview:-1"},"og_locale":"nb_NO","og_type":"article","og_title":"That`s mine , babynest single, clover meadow","og_description":"Koselig babynest fra danske That`s mine. Nestet fungerer b\u00e5de som seng og stelleplass og passer perfekt \u00e5 ta med seg p\u00e5 reisen. En supermyk fylling gj\u00f8r at babyen din ligger trygt og komfortabelt. Babynest kan ogs\u00e5 brukes som en innsats i barneseng eller barnevogn.&nbsp; M\u00e5l: 35x65x15 cm Materiale: F\u00f4r: 100% organisk bomull, OEKO-TEX sertifisert Fyllingstopp: [&hellip;]","og_url":"https:\/\/babylove.se\/no\/produkt\/det-er-min-babynest-enkelt-klover-eng\/","og_site_name":"Babylove Norska","article_modified_time":"2026-04-08T10:16:38+00:00","og_image":[{"width":750,"height":750,"url":"https:\/\/babylove.se\/no\/wp-content\/uploads\/sites\/3\/2025\/07\/60f6986e8e0d6.jpeg","type":"image\/jpeg"}],"twitter_card":"summary_large_image","twitter_misc":{"Price":"799,00&nbsp;&#107;&#114;","Availability":"Out of stock"},"schema":{"@context":"https:\/\/schema.org","@graph":[{"@type":"WebPage","@id":"https:\/\/babylove.se\/no\/produkt\/det-er-min-babynest-enkelt-klover-eng\/","url":"https:\/\/babylove.se\/no\/produkt\/det-er-min-babynest-enkelt-klover-eng\/","name":"That`s mine , babynest single, clover meadow - Babylove Norska","isPartOf":{"@id":"https:\/\/babylove.se\/no\/#website"},"primaryImageOfPage":{"@id":"https:\/\/babylove.se\/no\/produkt\/det-er-min-babynest-enkelt-klover-eng\/#primaryimage"},"image":{"@id":"https:\/\/babylove.se\/no\/produkt\/det-er-min-babynest-enkelt-klover-eng\/#primaryimage"},"thumbnailUrl":"https:\/\/babylove.se\/no\/wp-content\/uploads\/sites\/3\/2025\/07\/60f6986e8e0d6.jpeg","datePublished":"2025-07-18T22:27:11+00:00","dateModified":"2026-04-08T10:16:38+00:00","breadcrumb":{"@id":"https:\/\/babylove.se\/no\/produkt\/det-er-min-babynest-enkelt-klover-eng\/#breadcrumb"},"inLanguage":"nb-NO","potentialAction":[{"@type":"ReadAction","target":["https:\/\/babylove.se\/no\/produkt\/det-er-min-babynest-enkelt-klover-eng\/"]}]},{"@type":"ImageObject","inLanguage":"nb-NO","@id":"https:\/\/babylove.se\/no\/produkt\/det-er-min-babynest-enkelt-klover-eng\/#primaryimage","url":"https:\/\/babylove.se\/no\/wp-content\/uploads\/sites\/3\/2025\/07\/60f6986e8e0d6.jpeg","contentUrl":"https:\/\/babylove.se\/no\/wp-content\/uploads\/sites\/3\/2025\/07\/60f6986e8e0d6.jpeg","width":750,"height":750},{"@type":"BreadcrumbList","@id":"https:\/\/babylove.se\/no\/produkt\/det-er-min-babynest-enkelt-klover-eng\/#breadcrumb","itemListElement":[{"@type":"ListItem","position":1,"name":"Hem","item":"https:\/\/babylove.se\/no\/"},{"@type":"ListItem","position":2,"name":"Butik","item":"https:\/\/babylove.se\/no\/butik\/"},{"@type":"ListItem","position":3,"name":"That`s mine , babynest single, clover meadow"}]},{"@type":"WebSite","@id":"https:\/\/babylove.se\/no\/#website","url":"https:\/\/babylove.se\/no\/","name":"Babylove Norska","description":"","potentialAction":[{"@type":"SearchAction","target":{"@type":"EntryPoint","urlTemplate":"https:\/\/babylove.se\/no\/?s={search_term_string}"},"query-input":{"@type":"PropertyValueSpecification","valueRequired":true,"valueName":"search_term_string"}}],"inLanguage":"nb-NO"}]},"product_brand":"That\u00b4s Mine","product_price_amount":"799.00","product_price_currency":"SEK","og_availability":"out of stock","product_availability":"out of stock","product_retailer_item_id":"BN266","product_condition":"new"},"_links":{"self":[{"href":"https:\/\/babylove.se\/no\/wp-json\/wp\/v2\/product\/26085","targetHints":{"allow":["GET"]}}],"collection":[{"href":"https:\/\/babylove.se\/no\/wp-json\/wp\/v2\/product"}],"about":[{"href":"https:\/\/babylove.se\/no\/wp-json\/wp\/v2\/types\/product"}],"replies":[{"embeddable":true,"href":"https:\/\/babylove.se\/no\/wp-json\/wp\/v2\/comments?post=26085"}],"wp:featuredmedia":[{"embeddable":true,"href":"https:\/\/babylove.se\/no\/wp-json\/wp\/v2\/media\/26087"}],"wp:attachment":[{"href":"https:\/\/babylove.se\/no\/wp-json\/wp\/v2\/media?parent=26085"}],"wp:term":[{"taxonomy":"product_brand","embeddable":true,"href":"https:\/\/babylove.se\/no\/wp-json\/wp\/v2\/product_brand?post=26085"},{"taxonomy":"product_cat","embeddable":true,"href":"https:\/\/babylove.se\/no\/wp-json\/wp\/v2\/product_cat?post=26085"},{"taxonomy":"product_tag","embeddable":true,"href":"https:\/\/babylove.se\/no\/wp-json\/wp\/v2\/product_tag?post=26085"}],"curies":[{"name":"wp","href":"https:\/\/api.w.org\/{rel}","templated":true}]}}