{"id":26092,"date":"2025-07-18T23:27:11","date_gmt":"2025-07-18T22:27:11","guid":{"rendered":"https:\/\/babylove.se\/produkt\/thats-mine-skotbadd-clover-meadow\/"},"modified":"2026-04-08T11:16:44","modified_gmt":"2026-04-08T10:16:44","slug":"det-er-mitt-skytebane-klovereng","status":"publish","type":"product","link":"https:\/\/babylove.se\/no\/produkt\/det-er-mitt-skytebane-klovereng\/","title":{"rendered":"That`s mine, stellebord, kl\u00f8vereng"},"content":{"rendered":"<p>Hvorfor ikke pynte opp stellebordet ditt s\u00e5 det blir noe utover det vanlige? Med denne fine stellemadrassene fra popul\u00e6re danske That&#8217;s mine, vil det ikke bare se vakkert ut, men ogs\u00e5 v\u00e6re veldig mykt og behagelig for det lille barnet \u00e5 ligge p\u00e5. Trekket er vannavvisende og laget av \u00f8kologisk bomull som ogs\u00e5 gj\u00f8r at det er veldig enkelt \u00e5 vaske p\u00e5 30 grader. <\/p>\n<p><strong>M\u00e5l<\/strong>: Lengde 64 cm og bredde 51 cm <\/p>\n<p><strong>Materiale<\/strong>: 100% <span data-tag-id=\"505afac2-2682-445f-9c7f-d2325449d19a\" data-vocab-id=\"6269\">\u00f8kologisk bomull<\/span>. <\/p>\n<p>Designer: <a href=\"https:\/\/babylove.se\/varumarken\/thats-mine\">That&#8217;s mine<\/a><\/p>\n","protected":false},"excerpt":{"rendered":"<p>Hvorfor ikke pynte opp stellebordet ditt s\u00e5 det blir noe utover det vanlige? Med denne fine stellemadrassene fra popul\u00e6re danske That&#8217;s mine, vil det ikke bare se vakkert ut, men ogs\u00e5 v\u00e6re veldig mykt og behagelig for det lille barnet \u00e5 ligge p\u00e5. Trekket er vannavvisende og laget av \u00f8kologisk bomull som ogs\u00e5 gj\u00f8r at [&hellip;]<\/p>\n","protected":false},"featured_media":26094,"comment_status":"closed","ping_status":"closed","template":"","meta":{"_acf_changed":false},"product_brand":[282],"product_cat":[57,750],"product_tag":[],"class_list":{"0":"post-26092","1":"product","2":"type-product","3":"status-publish","4":"has-post-thumbnail","6":"product_brand-liewood","7":"product_cat-skobadder","8":"product_cat-thats-mine","10":"first","11":"outofstock","12":"taxable","13":"shipping-taxable","14":"purchasable","15":"product-type-simple"},"acf":[],"yoast_head":"<!-- This site is optimized with the Yoast SEO Premium plugin v25.8 (Yoast SEO v27.2) - https:\/\/yoast.com\/product\/yoast-seo-premium-wordpress\/ -->\n<title>That`s mine, stellebord, kl\u00f8vereng - Babylove Norska<\/title>\n<meta name=\"robots\" content=\"noindex, follow, max-snippet:-1, max-image-preview:large, max-video-preview:-1\" \/>\n<meta property=\"og:locale\" content=\"nb_NO\" \/>\n<meta property=\"og:type\" content=\"article\" \/>\n<meta property=\"og:title\" content=\"That`s mine, stellebord, kl\u00f8vereng\" \/>\n<meta property=\"og:description\" content=\"Hvorfor ikke pynte opp stellebordet ditt s\u00e5 det blir noe utover det vanlige? Med denne fine stellemadrassene fra popul\u00e6re danske That&#8217;s mine, vil det ikke bare se vakkert ut, men ogs\u00e5 v\u00e6re veldig mykt og behagelig for det lille barnet \u00e5 ligge p\u00e5. Trekket er vannavvisende og laget av \u00f8kologisk bomull som ogs\u00e5 gj\u00f8r at [&hellip;]\" \/>\n<meta property=\"og:url\" content=\"https:\/\/babylove.se\/no\/produkt\/det-er-mitt-skytebane-klovereng\/\" \/>\n<meta property=\"og:site_name\" content=\"Babylove Norska\" \/>\n<meta property=\"article:modified_time\" content=\"2026-04-08T10:16:44+00:00\" \/>\n<meta property=\"og:image\" content=\"https:\/\/babylove.se\/no\/wp-content\/uploads\/sites\/3\/2025\/07\/60f69bbb9e390.jpeg\" \/>\n\t<meta property=\"og:image:width\" content=\"750\" \/>\n\t<meta property=\"og:image:height\" content=\"750\" \/>\n\t<meta property=\"og:image:type\" content=\"image\/jpeg\" \/>\n<meta name=\"twitter:card\" content=\"summary_large_image\" \/>\n<meta name=\"twitter:label1\" content=\"Price\" \/>\n\t<meta name=\"twitter:data1\" content=\"459,00&nbsp;&#107;&#114;\" \/>\n\t<meta name=\"twitter:label2\" content=\"Availability\" \/>\n\t<meta name=\"twitter:data2\" content=\"Out of stock\" \/>\n<script type=\"application\/ld+json\" class=\"yoast-schema-graph\">{\"@context\":\"https:\/\/schema.org\",\"@graph\":[{\"@type\":\"WebPage\",\"@id\":\"https:\/\/babylove.se\/no\/produkt\/det-er-mitt-skytebane-klovereng\/\",\"url\":\"https:\/\/babylove.se\/no\/produkt\/det-er-mitt-skytebane-klovereng\/\",\"name\":\"That`s mine, stellebord, kl\u00f8vereng - Babylove Norska\",\"isPartOf\":{\"@id\":\"https:\/\/babylove.se\/no\/#website\"},\"primaryImageOfPage\":{\"@id\":\"https:\/\/babylove.se\/no\/produkt\/det-er-mitt-skytebane-klovereng\/#primaryimage\"},\"image\":{\"@id\":\"https:\/\/babylove.se\/no\/produkt\/det-er-mitt-skytebane-klovereng\/#primaryimage\"},\"thumbnailUrl\":\"https:\/\/babylove.se\/no\/wp-content\/uploads\/sites\/3\/2025\/07\/60f69bbb9e390.jpeg\",\"datePublished\":\"2025-07-18T22:27:11+00:00\",\"dateModified\":\"2026-04-08T10:16:44+00:00\",\"breadcrumb\":{\"@id\":\"https:\/\/babylove.se\/no\/produkt\/det-er-mitt-skytebane-klovereng\/#breadcrumb\"},\"inLanguage\":\"nb-NO\",\"potentialAction\":[{\"@type\":\"ReadAction\",\"target\":[\"https:\/\/babylove.se\/no\/produkt\/det-er-mitt-skytebane-klovereng\/\"]}]},{\"@type\":\"ImageObject\",\"inLanguage\":\"nb-NO\",\"@id\":\"https:\/\/babylove.se\/no\/produkt\/det-er-mitt-skytebane-klovereng\/#primaryimage\",\"url\":\"https:\/\/babylove.se\/no\/wp-content\/uploads\/sites\/3\/2025\/07\/60f69bbb9e390.jpeg\",\"contentUrl\":\"https:\/\/babylove.se\/no\/wp-content\/uploads\/sites\/3\/2025\/07\/60f69bbb9e390.jpeg\",\"width\":750,\"height\":750},{\"@type\":\"BreadcrumbList\",\"@id\":\"https:\/\/babylove.se\/no\/produkt\/det-er-mitt-skytebane-klovereng\/#breadcrumb\",\"itemListElement\":[{\"@type\":\"ListItem\",\"position\":1,\"name\":\"Hem\",\"item\":\"https:\/\/babylove.se\/no\/\"},{\"@type\":\"ListItem\",\"position\":2,\"name\":\"Butik\",\"item\":\"https:\/\/babylove.se\/no\/butik\/\"},{\"@type\":\"ListItem\",\"position\":3,\"name\":\"That`s mine, stellebord, kl\u00f8vereng\"}]},{\"@type\":\"WebSite\",\"@id\":\"https:\/\/babylove.se\/no\/#website\",\"url\":\"https:\/\/babylove.se\/no\/\",\"name\":\"Babylove Norska\",\"description\":\"\",\"potentialAction\":[{\"@type\":\"SearchAction\",\"target\":{\"@type\":\"EntryPoint\",\"urlTemplate\":\"https:\/\/babylove.se\/no\/?s={search_term_string}\"},\"query-input\":{\"@type\":\"PropertyValueSpecification\",\"valueRequired\":true,\"valueName\":\"search_term_string\"}}],\"inLanguage\":\"nb-NO\"}]}<\/script>\n<meta property=\"product:brand\" content=\"Liewood\" \/>\n<meta property=\"product:price:amount\" content=\"459.00\" \/>\n<meta property=\"product:price:currency\" content=\"SEK\" \/>\n<meta property=\"og:availability\" content=\"out of stock\" \/>\n<meta property=\"product:availability\" content=\"out of stock\" \/>\n<meta property=\"product:retailer_item_id\" content=\"CP3009\" \/>\n<meta property=\"product:condition\" content=\"new\" \/>\n<!-- \/ Yoast SEO Premium plugin. -->","yoast_head_json":{"title":"That`s mine, stellebord, kl\u00f8vereng - Babylove Norska","robots":{"index":"noindex","follow":"follow","max-snippet":"max-snippet:-1","max-image-preview":"max-image-preview:large","max-video-preview":"max-video-preview:-1"},"og_locale":"nb_NO","og_type":"article","og_title":"That`s mine, stellebord, kl\u00f8vereng","og_description":"Hvorfor ikke pynte opp stellebordet ditt s\u00e5 det blir noe utover det vanlige? Med denne fine stellemadrassene fra popul\u00e6re danske That&#8217;s mine, vil det ikke bare se vakkert ut, men ogs\u00e5 v\u00e6re veldig mykt og behagelig for det lille barnet \u00e5 ligge p\u00e5. Trekket er vannavvisende og laget av \u00f8kologisk bomull som ogs\u00e5 gj\u00f8r at [&hellip;]","og_url":"https:\/\/babylove.se\/no\/produkt\/det-er-mitt-skytebane-klovereng\/","og_site_name":"Babylove Norska","article_modified_time":"2026-04-08T10:16:44+00:00","og_image":[{"width":750,"height":750,"url":"https:\/\/babylove.se\/no\/wp-content\/uploads\/sites\/3\/2025\/07\/60f69bbb9e390.jpeg","type":"image\/jpeg"}],"twitter_card":"summary_large_image","twitter_misc":{"Price":"459,00&nbsp;&#107;&#114;","Availability":"Out of stock"},"schema":{"@context":"https:\/\/schema.org","@graph":[{"@type":"WebPage","@id":"https:\/\/babylove.se\/no\/produkt\/det-er-mitt-skytebane-klovereng\/","url":"https:\/\/babylove.se\/no\/produkt\/det-er-mitt-skytebane-klovereng\/","name":"That`s mine, stellebord, kl\u00f8vereng - Babylove Norska","isPartOf":{"@id":"https:\/\/babylove.se\/no\/#website"},"primaryImageOfPage":{"@id":"https:\/\/babylove.se\/no\/produkt\/det-er-mitt-skytebane-klovereng\/#primaryimage"},"image":{"@id":"https:\/\/babylove.se\/no\/produkt\/det-er-mitt-skytebane-klovereng\/#primaryimage"},"thumbnailUrl":"https:\/\/babylove.se\/no\/wp-content\/uploads\/sites\/3\/2025\/07\/60f69bbb9e390.jpeg","datePublished":"2025-07-18T22:27:11+00:00","dateModified":"2026-04-08T10:16:44+00:00","breadcrumb":{"@id":"https:\/\/babylove.se\/no\/produkt\/det-er-mitt-skytebane-klovereng\/#breadcrumb"},"inLanguage":"nb-NO","potentialAction":[{"@type":"ReadAction","target":["https:\/\/babylove.se\/no\/produkt\/det-er-mitt-skytebane-klovereng\/"]}]},{"@type":"ImageObject","inLanguage":"nb-NO","@id":"https:\/\/babylove.se\/no\/produkt\/det-er-mitt-skytebane-klovereng\/#primaryimage","url":"https:\/\/babylove.se\/no\/wp-content\/uploads\/sites\/3\/2025\/07\/60f69bbb9e390.jpeg","contentUrl":"https:\/\/babylove.se\/no\/wp-content\/uploads\/sites\/3\/2025\/07\/60f69bbb9e390.jpeg","width":750,"height":750},{"@type":"BreadcrumbList","@id":"https:\/\/babylove.se\/no\/produkt\/det-er-mitt-skytebane-klovereng\/#breadcrumb","itemListElement":[{"@type":"ListItem","position":1,"name":"Hem","item":"https:\/\/babylove.se\/no\/"},{"@type":"ListItem","position":2,"name":"Butik","item":"https:\/\/babylove.se\/no\/butik\/"},{"@type":"ListItem","position":3,"name":"That`s mine, stellebord, kl\u00f8vereng"}]},{"@type":"WebSite","@id":"https:\/\/babylove.se\/no\/#website","url":"https:\/\/babylove.se\/no\/","name":"Babylove Norska","description":"","potentialAction":[{"@type":"SearchAction","target":{"@type":"EntryPoint","urlTemplate":"https:\/\/babylove.se\/no\/?s={search_term_string}"},"query-input":{"@type":"PropertyValueSpecification","valueRequired":true,"valueName":"search_term_string"}}],"inLanguage":"nb-NO"}]},"product_brand":"Liewood","product_price_amount":"459.00","product_price_currency":"SEK","og_availability":"out of stock","product_availability":"out of stock","product_retailer_item_id":"CP3009","product_condition":"new"},"_links":{"self":[{"href":"https:\/\/babylove.se\/no\/wp-json\/wp\/v2\/product\/26092","targetHints":{"allow":["GET"]}}],"collection":[{"href":"https:\/\/babylove.se\/no\/wp-json\/wp\/v2\/product"}],"about":[{"href":"https:\/\/babylove.se\/no\/wp-json\/wp\/v2\/types\/product"}],"replies":[{"embeddable":true,"href":"https:\/\/babylove.se\/no\/wp-json\/wp\/v2\/comments?post=26092"}],"wp:featuredmedia":[{"embeddable":true,"href":"https:\/\/babylove.se\/no\/wp-json\/wp\/v2\/media\/26094"}],"wp:attachment":[{"href":"https:\/\/babylove.se\/no\/wp-json\/wp\/v2\/media?parent=26092"}],"wp:term":[{"taxonomy":"product_brand","embeddable":true,"href":"https:\/\/babylove.se\/no\/wp-json\/wp\/v2\/product_brand?post=26092"},{"taxonomy":"product_cat","embeddable":true,"href":"https:\/\/babylove.se\/no\/wp-json\/wp\/v2\/product_cat?post=26092"},{"taxonomy":"product_tag","embeddable":true,"href":"https:\/\/babylove.se\/no\/wp-json\/wp\/v2\/product_tag?post=26092"}],"curies":[{"name":"wp","href":"https:\/\/api.w.org\/{rel}","templated":true}]}}