{"id":26097,"date":"2025-07-18T23:27:34","date_gmt":"2025-07-18T22:27:34","guid":{"rendered":"https:\/\/babylove.se\/produkt\/thats-mine-spjalskydd-clover-meadow\/"},"modified":"2026-04-08T11:16:47","modified_gmt":"2026-04-08T10:16:47","slug":"det-er-mitt-spjalskydd-klovereng","status":"publish","type":"product","link":"https:\/\/babylove.se\/no\/produkt\/det-er-mitt-spjalskydd-klovereng\/","title":{"rendered":"That&#8217;s Mine, spj\u00e4lskydd, clover meadow"},"content":{"rendered":"<p>Et meget vakkert og h\u00f8ykvalitets sengekappe i et vakkert engm\u00f8nster. Laget av 100% organisk bomull.<\/p>\n<p>Sengekoien har praktiske knyteb\u00e5nd som er laget av bomull. Fyllet best\u00e5r av deilig fibervadd som gj\u00f8r at sengekappen holder formen lenge. Match gjerne med senget\u00f8y fra samme kolleksjon for \u00e5 f\u00e5 et vakkert helhetsintrykk.<\/p>\n<p><strong>M\u00e5l<\/strong>: 360&#215;30 cm (tilpasset en barneseng)&nbsp;<\/p>\n<p><strong>Materiale<\/strong>: 100 % organisk bomull.<\/p>\n<p>Designer: <a href=\"https:\/\/babylove.se\/varumarken\/thats-mine\">That\u00b4s Mine&nbsp;<\/a><\/p>\n","protected":false},"excerpt":{"rendered":"<p>Et meget vakkert og h\u00f8ykvalitets sengekappe i et vakkert engm\u00f8nster. Laget av 100% organisk bomull. Sengekoien har praktiske knyteb\u00e5nd som er laget av bomull. Fyllet best\u00e5r av deilig fibervadd som gj\u00f8r at sengekappen holder formen lenge. Match gjerne med senget\u00f8y fra samme kolleksjon for \u00e5 f\u00e5 et vakkert helhetsintrykk. M\u00e5l: 360&#215;30 cm (tilpasset en barneseng)&nbsp; [&hellip;]<\/p>\n","protected":false},"featured_media":26099,"comment_status":"closed","ping_status":"open","template":"","meta":{"_acf_changed":false},"product_brand":[749],"product_cat":[125,108,750],"product_tag":[],"class_list":{"0":"post-26097","1":"product","2":"type-product","3":"status-publish","4":"has-post-thumbnail","6":"product_brand-thats-mine","7":"product_cat-boho","8":"product_cat-barnesengbeskyttelse","9":"product_cat-thats-mine","11":"first","12":"outofstock","13":"taxable","14":"shipping-taxable","15":"purchasable","16":"product-type-simple"},"acf":[],"yoast_head":"<!-- This site is optimized with the Yoast SEO Premium plugin v25.8 (Yoast SEO v27.2) - https:\/\/yoast.com\/product\/yoast-seo-premium-wordpress\/ -->\n<title>That&#039;s Mine, spj\u00e4lskydd, clover meadow - Babylove Norska<\/title>\n<meta name=\"robots\" content=\"noindex, follow, max-snippet:-1, max-image-preview:large, max-video-preview:-1\" \/>\n<meta property=\"og:locale\" content=\"nb_NO\" \/>\n<meta property=\"og:type\" content=\"article\" \/>\n<meta property=\"og:title\" content=\"That&#039;s Mine, spj\u00e4lskydd, clover meadow\" \/>\n<meta property=\"og:description\" content=\"Et meget vakkert og h\u00f8ykvalitets sengekappe i et vakkert engm\u00f8nster. Laget av 100% organisk bomull. Sengekoien har praktiske knyteb\u00e5nd som er laget av bomull. Fyllet best\u00e5r av deilig fibervadd som gj\u00f8r at sengekappen holder formen lenge. Match gjerne med senget\u00f8y fra samme kolleksjon for \u00e5 f\u00e5 et vakkert helhetsintrykk. M\u00e5l: 360&#215;30 cm (tilpasset en barneseng)&nbsp; [&hellip;]\" \/>\n<meta property=\"og:url\" content=\"https:\/\/babylove.se\/no\/produkt\/det-er-mitt-spjalskydd-klovereng\/\" \/>\n<meta property=\"og:site_name\" content=\"Babylove Norska\" \/>\n<meta property=\"article:modified_time\" content=\"2026-04-08T10:16:47+00:00\" \/>\n<meta property=\"og:image\" content=\"https:\/\/babylove.se\/no\/wp-content\/uploads\/sites\/3\/2025\/07\/60f69cc1e4053.jpeg\" \/>\n\t<meta property=\"og:image:width\" content=\"500\" \/>\n\t<meta property=\"og:image:height\" content=\"500\" \/>\n\t<meta property=\"og:image:type\" content=\"image\/jpeg\" \/>\n<meta name=\"twitter:card\" content=\"summary_large_image\" \/>\n<meta name=\"twitter:label1\" content=\"Price\" \/>\n\t<meta name=\"twitter:data1\" content=\"899,00&nbsp;&#107;&#114;\" \/>\n\t<meta name=\"twitter:label2\" content=\"Availability\" \/>\n\t<meta name=\"twitter:data2\" content=\"Out of stock\" \/>\n<script type=\"application\/ld+json\" class=\"yoast-schema-graph\">{\"@context\":\"https:\/\/schema.org\",\"@graph\":[{\"@type\":\"WebPage\",\"@id\":\"https:\/\/babylove.se\/no\/produkt\/det-er-mitt-spjalskydd-klovereng\/\",\"url\":\"https:\/\/babylove.se\/no\/produkt\/det-er-mitt-spjalskydd-klovereng\/\",\"name\":\"That's Mine, spj\u00e4lskydd, clover meadow - Babylove Norska\",\"isPartOf\":{\"@id\":\"https:\/\/babylove.se\/no\/#website\"},\"primaryImageOfPage\":{\"@id\":\"https:\/\/babylove.se\/no\/produkt\/det-er-mitt-spjalskydd-klovereng\/#primaryimage\"},\"image\":{\"@id\":\"https:\/\/babylove.se\/no\/produkt\/det-er-mitt-spjalskydd-klovereng\/#primaryimage\"},\"thumbnailUrl\":\"https:\/\/babylove.se\/no\/wp-content\/uploads\/sites\/3\/2025\/07\/60f69cc1e4053.jpeg\",\"datePublished\":\"2025-07-18T22:27:34+00:00\",\"dateModified\":\"2026-04-08T10:16:47+00:00\",\"breadcrumb\":{\"@id\":\"https:\/\/babylove.se\/no\/produkt\/det-er-mitt-spjalskydd-klovereng\/#breadcrumb\"},\"inLanguage\":\"nb-NO\",\"potentialAction\":[{\"@type\":\"ReadAction\",\"target\":[\"https:\/\/babylove.se\/no\/produkt\/det-er-mitt-spjalskydd-klovereng\/\"]}]},{\"@type\":\"ImageObject\",\"inLanguage\":\"nb-NO\",\"@id\":\"https:\/\/babylove.se\/no\/produkt\/det-er-mitt-spjalskydd-klovereng\/#primaryimage\",\"url\":\"https:\/\/babylove.se\/no\/wp-content\/uploads\/sites\/3\/2025\/07\/60f69cc1e4053.jpeg\",\"contentUrl\":\"https:\/\/babylove.se\/no\/wp-content\/uploads\/sites\/3\/2025\/07\/60f69cc1e4053.jpeg\",\"width\":500,\"height\":500},{\"@type\":\"BreadcrumbList\",\"@id\":\"https:\/\/babylove.se\/no\/produkt\/det-er-mitt-spjalskydd-klovereng\/#breadcrumb\",\"itemListElement\":[{\"@type\":\"ListItem\",\"position\":1,\"name\":\"Hem\",\"item\":\"https:\/\/babylove.se\/no\/\"},{\"@type\":\"ListItem\",\"position\":2,\"name\":\"Butik\",\"item\":\"https:\/\/babylove.se\/no\/butik\/\"},{\"@type\":\"ListItem\",\"position\":3,\"name\":\"That&#8217;s Mine, spj\u00e4lskydd, clover meadow\"}]},{\"@type\":\"WebSite\",\"@id\":\"https:\/\/babylove.se\/no\/#website\",\"url\":\"https:\/\/babylove.se\/no\/\",\"name\":\"Babylove Norska\",\"description\":\"\",\"potentialAction\":[{\"@type\":\"SearchAction\",\"target\":{\"@type\":\"EntryPoint\",\"urlTemplate\":\"https:\/\/babylove.se\/no\/?s={search_term_string}\"},\"query-input\":{\"@type\":\"PropertyValueSpecification\",\"valueRequired\":true,\"valueName\":\"search_term_string\"}}],\"inLanguage\":\"nb-NO\"}]}<\/script>\n<meta property=\"product:brand\" content=\"That\u00b4s Mine\" \/>\n<meta property=\"product:price:amount\" content=\"899.00\" \/>\n<meta property=\"product:price:currency\" content=\"SEK\" \/>\n<meta property=\"og:availability\" content=\"out of stock\" \/>\n<meta property=\"product:availability\" content=\"out of stock\" \/>\n<meta property=\"product:retailer_item_id\" content=\"BB89\" \/>\n<meta property=\"product:condition\" content=\"new\" \/>\n<!-- \/ Yoast SEO Premium plugin. -->","yoast_head_json":{"title":"That's Mine, spj\u00e4lskydd, clover meadow - Babylove Norska","robots":{"index":"noindex","follow":"follow","max-snippet":"max-snippet:-1","max-image-preview":"max-image-preview:large","max-video-preview":"max-video-preview:-1"},"og_locale":"nb_NO","og_type":"article","og_title":"That's Mine, spj\u00e4lskydd, clover meadow","og_description":"Et meget vakkert og h\u00f8ykvalitets sengekappe i et vakkert engm\u00f8nster. Laget av 100% organisk bomull. Sengekoien har praktiske knyteb\u00e5nd som er laget av bomull. Fyllet best\u00e5r av deilig fibervadd som gj\u00f8r at sengekappen holder formen lenge. Match gjerne med senget\u00f8y fra samme kolleksjon for \u00e5 f\u00e5 et vakkert helhetsintrykk. M\u00e5l: 360&#215;30 cm (tilpasset en barneseng)&nbsp; [&hellip;]","og_url":"https:\/\/babylove.se\/no\/produkt\/det-er-mitt-spjalskydd-klovereng\/","og_site_name":"Babylove Norska","article_modified_time":"2026-04-08T10:16:47+00:00","og_image":[{"width":500,"height":500,"url":"https:\/\/babylove.se\/no\/wp-content\/uploads\/sites\/3\/2025\/07\/60f69cc1e4053.jpeg","type":"image\/jpeg"}],"twitter_card":"summary_large_image","twitter_misc":{"Price":"899,00&nbsp;&#107;&#114;","Availability":"Out of stock"},"schema":{"@context":"https:\/\/schema.org","@graph":[{"@type":"WebPage","@id":"https:\/\/babylove.se\/no\/produkt\/det-er-mitt-spjalskydd-klovereng\/","url":"https:\/\/babylove.se\/no\/produkt\/det-er-mitt-spjalskydd-klovereng\/","name":"That's Mine, spj\u00e4lskydd, clover meadow - Babylove Norska","isPartOf":{"@id":"https:\/\/babylove.se\/no\/#website"},"primaryImageOfPage":{"@id":"https:\/\/babylove.se\/no\/produkt\/det-er-mitt-spjalskydd-klovereng\/#primaryimage"},"image":{"@id":"https:\/\/babylove.se\/no\/produkt\/det-er-mitt-spjalskydd-klovereng\/#primaryimage"},"thumbnailUrl":"https:\/\/babylove.se\/no\/wp-content\/uploads\/sites\/3\/2025\/07\/60f69cc1e4053.jpeg","datePublished":"2025-07-18T22:27:34+00:00","dateModified":"2026-04-08T10:16:47+00:00","breadcrumb":{"@id":"https:\/\/babylove.se\/no\/produkt\/det-er-mitt-spjalskydd-klovereng\/#breadcrumb"},"inLanguage":"nb-NO","potentialAction":[{"@type":"ReadAction","target":["https:\/\/babylove.se\/no\/produkt\/det-er-mitt-spjalskydd-klovereng\/"]}]},{"@type":"ImageObject","inLanguage":"nb-NO","@id":"https:\/\/babylove.se\/no\/produkt\/det-er-mitt-spjalskydd-klovereng\/#primaryimage","url":"https:\/\/babylove.se\/no\/wp-content\/uploads\/sites\/3\/2025\/07\/60f69cc1e4053.jpeg","contentUrl":"https:\/\/babylove.se\/no\/wp-content\/uploads\/sites\/3\/2025\/07\/60f69cc1e4053.jpeg","width":500,"height":500},{"@type":"BreadcrumbList","@id":"https:\/\/babylove.se\/no\/produkt\/det-er-mitt-spjalskydd-klovereng\/#breadcrumb","itemListElement":[{"@type":"ListItem","position":1,"name":"Hem","item":"https:\/\/babylove.se\/no\/"},{"@type":"ListItem","position":2,"name":"Butik","item":"https:\/\/babylove.se\/no\/butik\/"},{"@type":"ListItem","position":3,"name":"That&#8217;s Mine, spj\u00e4lskydd, clover meadow"}]},{"@type":"WebSite","@id":"https:\/\/babylove.se\/no\/#website","url":"https:\/\/babylove.se\/no\/","name":"Babylove Norska","description":"","potentialAction":[{"@type":"SearchAction","target":{"@type":"EntryPoint","urlTemplate":"https:\/\/babylove.se\/no\/?s={search_term_string}"},"query-input":{"@type":"PropertyValueSpecification","valueRequired":true,"valueName":"search_term_string"}}],"inLanguage":"nb-NO"}]},"product_brand":"That\u00b4s Mine","product_price_amount":"899.00","product_price_currency":"SEK","og_availability":"out of stock","product_availability":"out of stock","product_retailer_item_id":"BB89","product_condition":"new"},"_links":{"self":[{"href":"https:\/\/babylove.se\/no\/wp-json\/wp\/v2\/product\/26097","targetHints":{"allow":["GET"]}}],"collection":[{"href":"https:\/\/babylove.se\/no\/wp-json\/wp\/v2\/product"}],"about":[{"href":"https:\/\/babylove.se\/no\/wp-json\/wp\/v2\/types\/product"}],"replies":[{"embeddable":true,"href":"https:\/\/babylove.se\/no\/wp-json\/wp\/v2\/comments?post=26097"}],"wp:featuredmedia":[{"embeddable":true,"href":"https:\/\/babylove.se\/no\/wp-json\/wp\/v2\/media\/26099"}],"wp:attachment":[{"href":"https:\/\/babylove.se\/no\/wp-json\/wp\/v2\/media?parent=26097"}],"wp:term":[{"taxonomy":"product_brand","embeddable":true,"href":"https:\/\/babylove.se\/no\/wp-json\/wp\/v2\/product_brand?post=26097"},{"taxonomy":"product_cat","embeddable":true,"href":"https:\/\/babylove.se\/no\/wp-json\/wp\/v2\/product_cat?post=26097"},{"taxonomy":"product_tag","embeddable":true,"href":"https:\/\/babylove.se\/no\/wp-json\/wp\/v2\/product_tag?post=26097"}],"curies":[{"name":"wp","href":"https:\/\/api.w.org\/{rel}","templated":true}]}}