{"id":26109,"date":"2025-07-18T23:27:34","date_gmt":"2025-07-18T22:27:34","guid":{"rendered":"https:\/\/babylove.se\/produkt\/vaggklistermarken-paw-djurspar-svart-15-st\/"},"modified":"2026-04-08T11:16:55","modified_gmt":"2026-04-08T10:16:55","slug":"veggklistremerker-paw-dyrespor-svart-15-stk","status":"publish","type":"product","link":"https:\/\/babylove.se\/no\/produkt\/veggklistremerker-paw-dyrespor-svart-15-stk\/","title":{"rendered":"Veggklistremerker paw dyrespor svart, 15 stk."},"content":{"rendered":"<p><span>Forvandle barnerommet ditt til en jungel med disse superfine svarte dyrespor veggklistremerker.<\/span><\/p>\n<p>Selv sm\u00e5 veggklistremerker kan gi rommet en helt ny form, og det gjelder ikke bare barnerommet. <span style=\"line-height: 18.2px;\">Veggklistremerkene er veldig enkle \u00e5 sette opp p\u00e5 veggen, de avgir ingen skygge og l\u00f8sner enkelt om man vil ta bort dem. Fantastisk smidige og fine veggdekorasjoner for \u00e5 innrede barnerommet.<\/span><\/p>\n<p><strong>St\u00f8rrelse<\/strong><strong>:&nbsp;<\/strong>Hvert dyrespor 5&#215;5 cm<strong>&nbsp;<\/strong>. Totalt 15 stk.&nbsp;<\/p>\n<p><strong>Materiale<\/strong>: &nbsp;selvklebende vinyl<\/p>\n<p>Designer: <a href=\"https:\/\/babylove.se\/varumarken\/babylove\">Babylove<\/a><\/p>\n","protected":false},"excerpt":{"rendered":"<p>Forvandle barnerommet ditt til en jungel med disse superfine svarte dyrespor veggklistremerker. Selv sm\u00e5 veggklistremerker kan gi rommet en helt ny form, og det gjelder ikke bare barnerommet. Veggklistremerkene er veldig enkle \u00e5 sette opp p\u00e5 veggen, de avgir ingen skygge og l\u00f8sner enkelt om man vil ta bort dem. Fantastisk smidige og fine veggdekorasjoner [&hellip;]<\/p>\n","protected":false},"featured_media":26111,"comment_status":"closed","ping_status":"open","template":"","meta":{"_acf_changed":false},"product_brand":[22],"product_cat":[28,84,29,24,83],"product_tag":[1709],"class_list":{"0":"post-26109","1":"product","2":"type-product","3":"status-publish","4":"has-post-thumbnail","6":"product_brand-babylove","7":"product_cat-sorthvit","8":"product_cat-babylove","9":"product_cat-veggdekorasjoner","10":"product_cat-veggklistremerker","11":"product_cat-veggklistremerker-barnerom","12":"product_tag-utforsalg","14":"first","15":"instock","16":"taxable","17":"shipping-taxable","18":"purchasable","19":"product-type-simple"},"acf":[],"yoast_head":"<!-- This site is optimized with the Yoast SEO Premium plugin v25.8 (Yoast SEO v27.2) - https:\/\/yoast.com\/product\/yoast-seo-premium-wordpress\/ -->\n<title>Veggklistremerker paw dyrespor svart, 15 stk. - Babylove Norska<\/title>\n<meta name=\"robots\" content=\"noindex, follow, max-snippet:-1, max-image-preview:large, max-video-preview:-1\" \/>\n<meta property=\"og:locale\" content=\"nb_NO\" \/>\n<meta property=\"og:type\" content=\"article\" \/>\n<meta property=\"og:title\" content=\"Veggklistremerker paw dyrespor svart, 15 stk.\" \/>\n<meta property=\"og:description\" content=\"Forvandle barnerommet ditt til en jungel med disse superfine svarte dyrespor veggklistremerker. Selv sm\u00e5 veggklistremerker kan gi rommet en helt ny form, og det gjelder ikke bare barnerommet. Veggklistremerkene er veldig enkle \u00e5 sette opp p\u00e5 veggen, de avgir ingen skygge og l\u00f8sner enkelt om man vil ta bort dem. Fantastisk smidige og fine veggdekorasjoner [&hellip;]\" \/>\n<meta property=\"og:url\" content=\"https:\/\/babylove.se\/no\/produkt\/veggklistremerker-paw-dyrespor-svart-15-stk\/\" \/>\n<meta property=\"og:site_name\" content=\"Babylove Norska\" \/>\n<meta property=\"article:modified_time\" content=\"2026-04-08T10:16:55+00:00\" \/>\n<meta property=\"og:image\" content=\"https:\/\/babylove.se\/no\/wp-content\/uploads\/sites\/3\/2025\/07\/16275546955d664c6f70541.jpeg\" \/>\n\t<meta property=\"og:image:width\" content=\"750\" \/>\n\t<meta property=\"og:image:height\" content=\"750\" \/>\n\t<meta property=\"og:image:type\" content=\"image\/jpeg\" \/>\n<meta name=\"twitter:card\" content=\"summary_large_image\" \/>\n<meta name=\"twitter:label1\" content=\"Price\" \/>\n\t<meta name=\"twitter:data1\" content=\"99,00&nbsp;&#107;&#114;\" \/>\n\t<meta name=\"twitter:label2\" content=\"Availability\" \/>\n\t<meta name=\"twitter:data2\" content=\"In stock\" \/>\n<script type=\"application\/ld+json\" class=\"yoast-schema-graph\">{\"@context\":\"https:\/\/schema.org\",\"@graph\":[{\"@type\":\"WebPage\",\"@id\":\"https:\/\/babylove.se\/no\/produkt\/veggklistremerker-paw-dyrespor-svart-15-stk\/\",\"url\":\"https:\/\/babylove.se\/no\/produkt\/veggklistremerker-paw-dyrespor-svart-15-stk\/\",\"name\":\"Veggklistremerker paw dyrespor svart, 15 stk. - Babylove Norska\",\"isPartOf\":{\"@id\":\"https:\/\/babylove.se\/no\/#website\"},\"primaryImageOfPage\":{\"@id\":\"https:\/\/babylove.se\/no\/produkt\/veggklistremerker-paw-dyrespor-svart-15-stk\/#primaryimage\"},\"image\":{\"@id\":\"https:\/\/babylove.se\/no\/produkt\/veggklistremerker-paw-dyrespor-svart-15-stk\/#primaryimage\"},\"thumbnailUrl\":\"https:\/\/babylove.se\/no\/wp-content\/uploads\/sites\/3\/2025\/07\/16275546955d664c6f70541.jpeg\",\"datePublished\":\"2025-07-18T22:27:34+00:00\",\"dateModified\":\"2026-04-08T10:16:55+00:00\",\"breadcrumb\":{\"@id\":\"https:\/\/babylove.se\/no\/produkt\/veggklistremerker-paw-dyrespor-svart-15-stk\/#breadcrumb\"},\"inLanguage\":\"nb-NO\",\"potentialAction\":[{\"@type\":\"ReadAction\",\"target\":[\"https:\/\/babylove.se\/no\/produkt\/veggklistremerker-paw-dyrespor-svart-15-stk\/\"]}]},{\"@type\":\"ImageObject\",\"inLanguage\":\"nb-NO\",\"@id\":\"https:\/\/babylove.se\/no\/produkt\/veggklistremerker-paw-dyrespor-svart-15-stk\/#primaryimage\",\"url\":\"https:\/\/babylove.se\/no\/wp-content\/uploads\/sites\/3\/2025\/07\/16275546955d664c6f70541.jpeg\",\"contentUrl\":\"https:\/\/babylove.se\/no\/wp-content\/uploads\/sites\/3\/2025\/07\/16275546955d664c6f70541.jpeg\",\"width\":750,\"height\":750},{\"@type\":\"BreadcrumbList\",\"@id\":\"https:\/\/babylove.se\/no\/produkt\/veggklistremerker-paw-dyrespor-svart-15-stk\/#breadcrumb\",\"itemListElement\":[{\"@type\":\"ListItem\",\"position\":1,\"name\":\"Hem\",\"item\":\"https:\/\/babylove.se\/no\/\"},{\"@type\":\"ListItem\",\"position\":2,\"name\":\"Butik\",\"item\":\"https:\/\/babylove.se\/no\/butik\/\"},{\"@type\":\"ListItem\",\"position\":3,\"name\":\"Veggklistremerker paw dyrespor svart, 15 stk.\"}]},{\"@type\":\"WebSite\",\"@id\":\"https:\/\/babylove.se\/no\/#website\",\"url\":\"https:\/\/babylove.se\/no\/\",\"name\":\"Babylove Norska\",\"description\":\"\",\"potentialAction\":[{\"@type\":\"SearchAction\",\"target\":{\"@type\":\"EntryPoint\",\"urlTemplate\":\"https:\/\/babylove.se\/no\/?s={search_term_string}\"},\"query-input\":{\"@type\":\"PropertyValueSpecification\",\"valueRequired\":true,\"valueName\":\"search_term_string\"}}],\"inLanguage\":\"nb-NO\"}]}<\/script>\n<meta property=\"product:brand\" content=\"Babylove\" \/>\n<meta property=\"product:price:amount\" content=\"99.00\" \/>\n<meta property=\"product:price:currency\" content=\"SEK\" \/>\n<meta property=\"og:availability\" content=\"instock\" \/>\n<meta property=\"product:availability\" content=\"instock\" \/>\n<meta property=\"product:retailer_item_id\" content=\"DD00001974\" \/>\n<meta property=\"product:condition\" content=\"new\" \/>\n<!-- \/ Yoast SEO Premium plugin. -->","yoast_head_json":{"title":"Veggklistremerker paw dyrespor svart, 15 stk. - Babylove Norska","robots":{"index":"noindex","follow":"follow","max-snippet":"max-snippet:-1","max-image-preview":"max-image-preview:large","max-video-preview":"max-video-preview:-1"},"og_locale":"nb_NO","og_type":"article","og_title":"Veggklistremerker paw dyrespor svart, 15 stk.","og_description":"Forvandle barnerommet ditt til en jungel med disse superfine svarte dyrespor veggklistremerker. Selv sm\u00e5 veggklistremerker kan gi rommet en helt ny form, og det gjelder ikke bare barnerommet. Veggklistremerkene er veldig enkle \u00e5 sette opp p\u00e5 veggen, de avgir ingen skygge og l\u00f8sner enkelt om man vil ta bort dem. Fantastisk smidige og fine veggdekorasjoner [&hellip;]","og_url":"https:\/\/babylove.se\/no\/produkt\/veggklistremerker-paw-dyrespor-svart-15-stk\/","og_site_name":"Babylove Norska","article_modified_time":"2026-04-08T10:16:55+00:00","og_image":[{"width":750,"height":750,"url":"https:\/\/babylove.se\/no\/wp-content\/uploads\/sites\/3\/2025\/07\/16275546955d664c6f70541.jpeg","type":"image\/jpeg"}],"twitter_card":"summary_large_image","twitter_misc":{"Price":"99,00&nbsp;&#107;&#114;","Availability":"In stock"},"schema":{"@context":"https:\/\/schema.org","@graph":[{"@type":"WebPage","@id":"https:\/\/babylove.se\/no\/produkt\/veggklistremerker-paw-dyrespor-svart-15-stk\/","url":"https:\/\/babylove.se\/no\/produkt\/veggklistremerker-paw-dyrespor-svart-15-stk\/","name":"Veggklistremerker paw dyrespor svart, 15 stk. - Babylove Norska","isPartOf":{"@id":"https:\/\/babylove.se\/no\/#website"},"primaryImageOfPage":{"@id":"https:\/\/babylove.se\/no\/produkt\/veggklistremerker-paw-dyrespor-svart-15-stk\/#primaryimage"},"image":{"@id":"https:\/\/babylove.se\/no\/produkt\/veggklistremerker-paw-dyrespor-svart-15-stk\/#primaryimage"},"thumbnailUrl":"https:\/\/babylove.se\/no\/wp-content\/uploads\/sites\/3\/2025\/07\/16275546955d664c6f70541.jpeg","datePublished":"2025-07-18T22:27:34+00:00","dateModified":"2026-04-08T10:16:55+00:00","breadcrumb":{"@id":"https:\/\/babylove.se\/no\/produkt\/veggklistremerker-paw-dyrespor-svart-15-stk\/#breadcrumb"},"inLanguage":"nb-NO","potentialAction":[{"@type":"ReadAction","target":["https:\/\/babylove.se\/no\/produkt\/veggklistremerker-paw-dyrespor-svart-15-stk\/"]}]},{"@type":"ImageObject","inLanguage":"nb-NO","@id":"https:\/\/babylove.se\/no\/produkt\/veggklistremerker-paw-dyrespor-svart-15-stk\/#primaryimage","url":"https:\/\/babylove.se\/no\/wp-content\/uploads\/sites\/3\/2025\/07\/16275546955d664c6f70541.jpeg","contentUrl":"https:\/\/babylove.se\/no\/wp-content\/uploads\/sites\/3\/2025\/07\/16275546955d664c6f70541.jpeg","width":750,"height":750},{"@type":"BreadcrumbList","@id":"https:\/\/babylove.se\/no\/produkt\/veggklistremerker-paw-dyrespor-svart-15-stk\/#breadcrumb","itemListElement":[{"@type":"ListItem","position":1,"name":"Hem","item":"https:\/\/babylove.se\/no\/"},{"@type":"ListItem","position":2,"name":"Butik","item":"https:\/\/babylove.se\/no\/butik\/"},{"@type":"ListItem","position":3,"name":"Veggklistremerker paw dyrespor svart, 15 stk."}]},{"@type":"WebSite","@id":"https:\/\/babylove.se\/no\/#website","url":"https:\/\/babylove.se\/no\/","name":"Babylove Norska","description":"","potentialAction":[{"@type":"SearchAction","target":{"@type":"EntryPoint","urlTemplate":"https:\/\/babylove.se\/no\/?s={search_term_string}"},"query-input":{"@type":"PropertyValueSpecification","valueRequired":true,"valueName":"search_term_string"}}],"inLanguage":"nb-NO"}]},"product_brand":"Babylove","product_price_amount":"99.00","product_price_currency":"SEK","og_availability":"instock","product_availability":"instock","product_retailer_item_id":"DD00001974","product_condition":"new"},"_links":{"self":[{"href":"https:\/\/babylove.se\/no\/wp-json\/wp\/v2\/product\/26109","targetHints":{"allow":["GET"]}}],"collection":[{"href":"https:\/\/babylove.se\/no\/wp-json\/wp\/v2\/product"}],"about":[{"href":"https:\/\/babylove.se\/no\/wp-json\/wp\/v2\/types\/product"}],"replies":[{"embeddable":true,"href":"https:\/\/babylove.se\/no\/wp-json\/wp\/v2\/comments?post=26109"}],"wp:featuredmedia":[{"embeddable":true,"href":"https:\/\/babylove.se\/no\/wp-json\/wp\/v2\/media\/26111"}],"wp:attachment":[{"href":"https:\/\/babylove.se\/no\/wp-json\/wp\/v2\/media?parent=26109"}],"wp:term":[{"taxonomy":"product_brand","embeddable":true,"href":"https:\/\/babylove.se\/no\/wp-json\/wp\/v2\/product_brand?post=26109"},{"taxonomy":"product_cat","embeddable":true,"href":"https:\/\/babylove.se\/no\/wp-json\/wp\/v2\/product_cat?post=26109"},{"taxonomy":"product_tag","embeddable":true,"href":"https:\/\/babylove.se\/no\/wp-json\/wp\/v2\/product_tag?post=26109"}],"curies":[{"name":"wp","href":"https:\/\/api.w.org\/{rel}","templated":true}]}}