{"id":26122,"date":"2025-07-18T23:27:34","date_gmt":"2025-07-18T22:27:34","guid":{"rendered":"https:\/\/babylove.se\/produkt\/vaggdekoration-cream-bjorn-med-rosa-krona-djurhuvud-i-linne\/"},"modified":"2026-04-08T11:17:06","modified_gmt":"2026-04-08T10:17:06","slug":"veggdekorasjon-cream-bjorn-med-rosa-krone-dyrehode-i-lin","status":"publish","type":"product","link":"https:\/\/babylove.se\/no\/produkt\/veggdekorasjon-cream-bjorn-med-rosa-krone-dyrehode-i-lin\/","title":{"rendered":"Veggdekorasjon cream bj\u00f8rn med rosa krone, dyrehode i lin"},"content":{"rendered":"<p>Superfin veggdekorasjon i form av en kremfarget bj\u00f8rn laget av deilig lin gj\u00f8r at denne bj\u00f8rnen er veldig myk og koselig \u00e5 kjenne p\u00e5. Samtidig som det er en fantastisk vakker dekorasjon til barnerommet. <\/p>\n<p><strong>M\u00e5l<\/strong>: 45 cm x 30 cm x 25 cm <\/p>\n<p>Produktet er forberedt for \u00e5 henges opp p\u00e5 veggen med p\u00e5sydde hengere. Bare fest en limt krok p\u00e5 veggen og s\u00e5 setter du den dit. <\/p>\n<p>Designer: <a href=\"https:\/\/babylove.se\/varumarken\/love-me-decoration\"><u>Love me decoration<\/u><\/a><\/p>\n","protected":false},"excerpt":{"rendered":"<p>Superfin veggdekorasjon i form av en kremfarget bj\u00f8rn laget av deilig lin gj\u00f8r at denne bj\u00f8rnen er veldig myk og koselig \u00e5 kjenne p\u00e5. Samtidig som det er en fantastisk vakker dekorasjon til barnerommet. M\u00e5l: 45 cm x 30 cm x 25 cm Produktet er forberedt for \u00e5 henges opp p\u00e5 veggen med p\u00e5sydde hengere. [&hellip;]<\/p>\n","protected":false},"featured_media":26124,"comment_status":"closed","ping_status":"closed","template":"","meta":{"_acf_changed":false},"product_brand":[197],"product_cat":[186,90,198,270,29],"product_tag":[],"class_list":{"0":"post-26122","1":"product","2":"type-product","3":"status-publish","4":"has-post-thumbnail","6":"product_brand-love-my-decoration","7":"product_cat-dyrehode","8":"product_cat-dyr","9":"product_cat-love-me-decoration","10":"product_cat-sirkus","11":"product_cat-veggdekorasjoner","13":"first","14":"instock","15":"taxable","16":"shipping-taxable","17":"purchasable","18":"product-type-simple"},"acf":[],"yoast_head":"<!-- This site is optimized with the Yoast SEO Premium plugin v25.8 (Yoast SEO v27.2) - https:\/\/yoast.com\/product\/yoast-seo-premium-wordpress\/ -->\n<title>Djurhuvud creme bj\u00f6rn v\u00e4ggdekoration - K\u00f6p direkt online<\/title>\n<meta name=\"description\" content=\"Fantastiskt vacker v\u00e4ggdekoration till barnrummet i form av en elefant. Gjord av mjuk och h\u00e4rlig linnetyg . 14 dagars \u00f6ppet k\u00f6p - Frakt inom 24 timmar !\" \/>\n<meta name=\"robots\" content=\"noindex, follow, max-snippet:-1, max-image-preview:large, max-video-preview:-1\" \/>\n<meta property=\"og:locale\" content=\"nb_NO\" \/>\n<meta property=\"og:type\" content=\"article\" \/>\n<meta property=\"og:title\" content=\"Veggdekorasjon cream bj\u00f8rn med rosa krone, dyrehode i lin\" \/>\n<meta property=\"og:description\" content=\"Fantastiskt vacker v\u00e4ggdekoration till barnrummet i form av en elefant. Gjord av mjuk och h\u00e4rlig linnetyg . 14 dagars \u00f6ppet k\u00f6p - Frakt inom 24 timmar !\" \/>\n<meta property=\"og:url\" content=\"https:\/\/babylove.se\/no\/produkt\/veggdekorasjon-cream-bjorn-med-rosa-krone-dyrehode-i-lin\/\" \/>\n<meta property=\"og:site_name\" content=\"Babylove Norska\" \/>\n<meta property=\"article:modified_time\" content=\"2026-04-08T10:17:06+00:00\" \/>\n<meta property=\"og:image\" content=\"https:\/\/babylove.se\/no\/wp-content\/uploads\/sites\/3\/2025\/07\/6103f085e29e8.jpeg\" \/>\n\t<meta property=\"og:image:width\" content=\"750\" \/>\n\t<meta property=\"og:image:height\" content=\"750\" \/>\n\t<meta property=\"og:image:type\" content=\"image\/jpeg\" \/>\n<meta name=\"twitter:card\" content=\"summary_large_image\" \/>\n<meta name=\"twitter:label1\" content=\"Price\" \/>\n\t<meta name=\"twitter:data1\" content=\"1 199,00&nbsp;&#107;&#114;\" \/>\n\t<meta name=\"twitter:label2\" content=\"Availability\" \/>\n\t<meta name=\"twitter:data2\" content=\"In stock\" \/>\n<script type=\"application\/ld+json\" class=\"yoast-schema-graph\">{\"@context\":\"https:\/\/schema.org\",\"@graph\":[{\"@type\":\"WebPage\",\"@id\":\"https:\/\/babylove.se\/no\/produkt\/veggdekorasjon-cream-bjorn-med-rosa-krone-dyrehode-i-lin\/\",\"url\":\"https:\/\/babylove.se\/no\/produkt\/veggdekorasjon-cream-bjorn-med-rosa-krone-dyrehode-i-lin\/\",\"name\":\"Djurhuvud creme bj\u00f6rn v\u00e4ggdekoration - K\u00f6p direkt online\",\"isPartOf\":{\"@id\":\"https:\/\/babylove.se\/no\/#website\"},\"primaryImageOfPage\":{\"@id\":\"https:\/\/babylove.se\/no\/produkt\/veggdekorasjon-cream-bjorn-med-rosa-krone-dyrehode-i-lin\/#primaryimage\"},\"image\":{\"@id\":\"https:\/\/babylove.se\/no\/produkt\/veggdekorasjon-cream-bjorn-med-rosa-krone-dyrehode-i-lin\/#primaryimage\"},\"thumbnailUrl\":\"https:\/\/babylove.se\/no\/wp-content\/uploads\/sites\/3\/2025\/07\/6103f085e29e8.jpeg\",\"datePublished\":\"2025-07-18T22:27:34+00:00\",\"dateModified\":\"2026-04-08T10:17:06+00:00\",\"description\":\"Fantastiskt vacker v\u00e4ggdekoration till barnrummet i form av en elefant. Gjord av mjuk och h\u00e4rlig linnetyg . 14 dagars \u00f6ppet k\u00f6p - Frakt inom 24 timmar !\",\"breadcrumb\":{\"@id\":\"https:\/\/babylove.se\/no\/produkt\/veggdekorasjon-cream-bjorn-med-rosa-krone-dyrehode-i-lin\/#breadcrumb\"},\"inLanguage\":\"nb-NO\",\"potentialAction\":[{\"@type\":\"ReadAction\",\"target\":[\"https:\/\/babylove.se\/no\/produkt\/veggdekorasjon-cream-bjorn-med-rosa-krone-dyrehode-i-lin\/\"]}]},{\"@type\":\"ImageObject\",\"inLanguage\":\"nb-NO\",\"@id\":\"https:\/\/babylove.se\/no\/produkt\/veggdekorasjon-cream-bjorn-med-rosa-krone-dyrehode-i-lin\/#primaryimage\",\"url\":\"https:\/\/babylove.se\/no\/wp-content\/uploads\/sites\/3\/2025\/07\/6103f085e29e8.jpeg\",\"contentUrl\":\"https:\/\/babylove.se\/no\/wp-content\/uploads\/sites\/3\/2025\/07\/6103f085e29e8.jpeg\",\"width\":750,\"height\":750},{\"@type\":\"BreadcrumbList\",\"@id\":\"https:\/\/babylove.se\/no\/produkt\/veggdekorasjon-cream-bjorn-med-rosa-krone-dyrehode-i-lin\/#breadcrumb\",\"itemListElement\":[{\"@type\":\"ListItem\",\"position\":1,\"name\":\"Hem\",\"item\":\"https:\/\/babylove.se\/no\/\"},{\"@type\":\"ListItem\",\"position\":2,\"name\":\"Butik\",\"item\":\"https:\/\/babylove.se\/no\/butik\/\"},{\"@type\":\"ListItem\",\"position\":3,\"name\":\"Veggdekorasjon cream bj\u00f8rn med rosa krone, dyrehode i lin\"}]},{\"@type\":\"WebSite\",\"@id\":\"https:\/\/babylove.se\/no\/#website\",\"url\":\"https:\/\/babylove.se\/no\/\",\"name\":\"Babylove Norska\",\"description\":\"\",\"potentialAction\":[{\"@type\":\"SearchAction\",\"target\":{\"@type\":\"EntryPoint\",\"urlTemplate\":\"https:\/\/babylove.se\/no\/?s={search_term_string}\"},\"query-input\":{\"@type\":\"PropertyValueSpecification\",\"valueRequired\":true,\"valueName\":\"search_term_string\"}}],\"inLanguage\":\"nb-NO\"}]}<\/script>\n<meta property=\"product:brand\" content=\"Love my decoration\" \/>\n<meta property=\"product:price:amount\" content=\"1199.00\" \/>\n<meta property=\"product:price:currency\" content=\"SEK\" \/>\n<meta property=\"og:availability\" content=\"instock\" \/>\n<meta property=\"product:availability\" content=\"instock\" \/>\n<meta property=\"product:retailer_item_id\" content=\"LMD00006955\" \/>\n<meta property=\"product:condition\" content=\"new\" \/>\n<!-- \/ Yoast SEO Premium plugin. -->","yoast_head_json":{"title":"Djurhuvud creme bj\u00f6rn v\u00e4ggdekoration - K\u00f6p direkt online","description":"Fantastiskt vacker v\u00e4ggdekoration till barnrummet i form av en elefant. Gjord av mjuk och h\u00e4rlig linnetyg . 14 dagars \u00f6ppet k\u00f6p - Frakt inom 24 timmar !","robots":{"index":"noindex","follow":"follow","max-snippet":"max-snippet:-1","max-image-preview":"max-image-preview:large","max-video-preview":"max-video-preview:-1"},"og_locale":"nb_NO","og_type":"article","og_title":"Veggdekorasjon cream bj\u00f8rn med rosa krone, dyrehode i lin","og_description":"Fantastiskt vacker v\u00e4ggdekoration till barnrummet i form av en elefant. Gjord av mjuk och h\u00e4rlig linnetyg . 14 dagars \u00f6ppet k\u00f6p - Frakt inom 24 timmar !","og_url":"https:\/\/babylove.se\/no\/produkt\/veggdekorasjon-cream-bjorn-med-rosa-krone-dyrehode-i-lin\/","og_site_name":"Babylove Norska","article_modified_time":"2026-04-08T10:17:06+00:00","og_image":[{"width":750,"height":750,"url":"https:\/\/babylove.se\/no\/wp-content\/uploads\/sites\/3\/2025\/07\/6103f085e29e8.jpeg","type":"image\/jpeg"}],"twitter_card":"summary_large_image","twitter_misc":{"Price":"1 199,00&nbsp;&#107;&#114;","Availability":"In stock"},"schema":{"@context":"https:\/\/schema.org","@graph":[{"@type":"WebPage","@id":"https:\/\/babylove.se\/no\/produkt\/veggdekorasjon-cream-bjorn-med-rosa-krone-dyrehode-i-lin\/","url":"https:\/\/babylove.se\/no\/produkt\/veggdekorasjon-cream-bjorn-med-rosa-krone-dyrehode-i-lin\/","name":"Djurhuvud creme bj\u00f6rn v\u00e4ggdekoration - K\u00f6p direkt online","isPartOf":{"@id":"https:\/\/babylove.se\/no\/#website"},"primaryImageOfPage":{"@id":"https:\/\/babylove.se\/no\/produkt\/veggdekorasjon-cream-bjorn-med-rosa-krone-dyrehode-i-lin\/#primaryimage"},"image":{"@id":"https:\/\/babylove.se\/no\/produkt\/veggdekorasjon-cream-bjorn-med-rosa-krone-dyrehode-i-lin\/#primaryimage"},"thumbnailUrl":"https:\/\/babylove.se\/no\/wp-content\/uploads\/sites\/3\/2025\/07\/6103f085e29e8.jpeg","datePublished":"2025-07-18T22:27:34+00:00","dateModified":"2026-04-08T10:17:06+00:00","description":"Fantastiskt vacker v\u00e4ggdekoration till barnrummet i form av en elefant. Gjord av mjuk och h\u00e4rlig linnetyg . 14 dagars \u00f6ppet k\u00f6p - Frakt inom 24 timmar !","breadcrumb":{"@id":"https:\/\/babylove.se\/no\/produkt\/veggdekorasjon-cream-bjorn-med-rosa-krone-dyrehode-i-lin\/#breadcrumb"},"inLanguage":"nb-NO","potentialAction":[{"@type":"ReadAction","target":["https:\/\/babylove.se\/no\/produkt\/veggdekorasjon-cream-bjorn-med-rosa-krone-dyrehode-i-lin\/"]}]},{"@type":"ImageObject","inLanguage":"nb-NO","@id":"https:\/\/babylove.se\/no\/produkt\/veggdekorasjon-cream-bjorn-med-rosa-krone-dyrehode-i-lin\/#primaryimage","url":"https:\/\/babylove.se\/no\/wp-content\/uploads\/sites\/3\/2025\/07\/6103f085e29e8.jpeg","contentUrl":"https:\/\/babylove.se\/no\/wp-content\/uploads\/sites\/3\/2025\/07\/6103f085e29e8.jpeg","width":750,"height":750},{"@type":"BreadcrumbList","@id":"https:\/\/babylove.se\/no\/produkt\/veggdekorasjon-cream-bjorn-med-rosa-krone-dyrehode-i-lin\/#breadcrumb","itemListElement":[{"@type":"ListItem","position":1,"name":"Hem","item":"https:\/\/babylove.se\/no\/"},{"@type":"ListItem","position":2,"name":"Butik","item":"https:\/\/babylove.se\/no\/butik\/"},{"@type":"ListItem","position":3,"name":"Veggdekorasjon cream bj\u00f8rn med rosa krone, dyrehode i lin"}]},{"@type":"WebSite","@id":"https:\/\/babylove.se\/no\/#website","url":"https:\/\/babylove.se\/no\/","name":"Babylove Norska","description":"","potentialAction":[{"@type":"SearchAction","target":{"@type":"EntryPoint","urlTemplate":"https:\/\/babylove.se\/no\/?s={search_term_string}"},"query-input":{"@type":"PropertyValueSpecification","valueRequired":true,"valueName":"search_term_string"}}],"inLanguage":"nb-NO"}]},"product_brand":"Love my decoration","product_price_amount":"1199.00","product_price_currency":"SEK","og_availability":"instock","product_availability":"instock","product_retailer_item_id":"LMD00006955","product_condition":"new"},"_links":{"self":[{"href":"https:\/\/babylove.se\/no\/wp-json\/wp\/v2\/product\/26122","targetHints":{"allow":["GET"]}}],"collection":[{"href":"https:\/\/babylove.se\/no\/wp-json\/wp\/v2\/product"}],"about":[{"href":"https:\/\/babylove.se\/no\/wp-json\/wp\/v2\/types\/product"}],"replies":[{"embeddable":true,"href":"https:\/\/babylove.se\/no\/wp-json\/wp\/v2\/comments?post=26122"}],"wp:featuredmedia":[{"embeddable":true,"href":"https:\/\/babylove.se\/no\/wp-json\/wp\/v2\/media\/26124"}],"wp:attachment":[{"href":"https:\/\/babylove.se\/no\/wp-json\/wp\/v2\/media?parent=26122"}],"wp:term":[{"taxonomy":"product_brand","embeddable":true,"href":"https:\/\/babylove.se\/no\/wp-json\/wp\/v2\/product_brand?post=26122"},{"taxonomy":"product_cat","embeddable":true,"href":"https:\/\/babylove.se\/no\/wp-json\/wp\/v2\/product_cat?post=26122"},{"taxonomy":"product_tag","embeddable":true,"href":"https:\/\/babylove.se\/no\/wp-json\/wp\/v2\/product_tag?post=26122"}],"curies":[{"name":"wp","href":"https:\/\/api.w.org\/{rel}","templated":true}]}}