{"id":26158,"date":"2025-07-18T23:27:50","date_gmt":"2025-07-18T22:27:50","guid":{"rendered":"https:\/\/babylove.se\/produkt\/vit-loftsang-till-barnrummet-med-sanggardin\/"},"modified":"2026-04-08T11:17:34","modified_gmt":"2026-04-08T10:17:34","slug":"hvit-loftseng-til-barnerommet-med-senggardin","status":"publish","type":"product","link":"https:\/\/babylove.se\/no\/produkt\/hvit-loftseng-til-barnerommet-med-senggardin\/","title":{"rendered":"Hvit loftsseng til barnerommet med senggardin"},"content":{"rendered":"<p>Loftsengen som f\u00e5r barnas \u00f8yne til \u00e5 tindre, det er denne det! En fantastisk pen design og en loftseng med mange muligheter har gjort denne til en storselger i Europa. Du monterer den enkelt sammen og velger p\u00e5 hvilken side du vil ha trappen, slik at den best passer akkurat deres barnerom. Ditt barn kommer til \u00e5 sove trygt da sengen har avrundede kanter og ben samt sidebeskyttelse for at barnet ikke skal falle ned.<\/p>\n<p>Sengen er laget av massiv furu som gj\u00f8r den stabil og solid. Ideell \u00e5 b\u00e5de leke som sove i. Sengegardinen f\u00f8lger med.&nbsp;<\/p>\n<p>Rengj\u00f8res enkelt med en fuktig klut.&nbsp;<\/p>\n<p>Madrass f\u00f8lger ikke med, men ta gjerne en titt i v\u00e5rt store madrassutvalg. Vi anbefaler en skummadrass med tykkelse p\u00e5 ca 10-12 cm.<\/p>\n<p><span data-mce-mark=\"1\"><strong><span data-mce-mark=\"1\">M\u00e5l<\/span><\/strong><\/span><\/p>\n<ul>\n<li>Sengem\u00e5l (B x L): 90 x 200 cm<\/li>\n<li>Ytterm\u00e5l (L\/H\/B): 207 x 110 x 97 cm<\/li>\n<li>Lekeomr\u00e5de under sengen: 75 cm<\/li>\n<li>Sidebeskyttelse h\u00f8yde: 26 cm<\/li>\n<li>Maksvekt 80 kg<\/li>\n<\/ul>\n<p><em><em><em><em><em>Obs! Sengen leveres umontert og b\u00f8r settes sammen i rommet den skal brukes i.<\/em><\/em><\/em><\/em><\/em><\/p>\n","protected":false},"excerpt":{"rendered":"<p>Loftsengen som f\u00e5r barnas \u00f8yne til \u00e5 tindre, det er denne det! En fantastisk pen design og en loftseng med mange muligheter har gjort denne til en storselger i Europa. Du monterer den enkelt sammen og velger p\u00e5 hvilken side du vil ha trappen, slik at den best passer akkurat deres barnerom. Ditt barn kommer [&hellip;]<\/p>\n","protected":false},"featured_media":26160,"comment_status":"closed","ping_status":"open","template":"","meta":{"_acf_changed":false},"product_brand":[671],"product_cat":[672,385,280,40],"product_tag":[1689],"class_list":{"0":"post-26158","1":"product","2":"type-product","3":"status-publish","4":"has-post-thumbnail","6":"product_brand-homestyle4u","7":"product_cat-hm","8":"product_cat-koyesenger-loftsenger","9":"product_cat-senger-med-rask-levering","10":"product_cat-soverom-barn","11":"product_tag-bestillingsvaror","13":"first","14":"instock","15":"taxable","16":"shipping-taxable","17":"purchasable","18":"product-type-simple"},"acf":[],"yoast_head":"<!-- This site is optimized with the Yoast SEO Premium plugin v25.8 (Yoast SEO v27.2) - https:\/\/yoast.com\/product\/yoast-seo-premium-wordpress\/ -->\n<title>Hvit loftsseng til barnerommet med senggardin - Babylove Norska<\/title>\n<meta name=\"robots\" content=\"noindex, follow, max-snippet:-1, max-image-preview:large, max-video-preview:-1\" \/>\n<meta property=\"og:locale\" content=\"nb_NO\" \/>\n<meta property=\"og:type\" content=\"article\" \/>\n<meta property=\"og:title\" content=\"Hvit loftsseng til barnerommet med senggardin\" \/>\n<meta property=\"og:description\" content=\"Loftsengen som f\u00e5r barnas \u00f8yne til \u00e5 tindre, det er denne det! En fantastisk pen design og en loftseng med mange muligheter har gjort denne til en storselger i Europa. Du monterer den enkelt sammen og velger p\u00e5 hvilken side du vil ha trappen, slik at den best passer akkurat deres barnerom. Ditt barn kommer [&hellip;]\" \/>\n<meta property=\"og:url\" content=\"https:\/\/babylove.se\/no\/produkt\/hvit-loftseng-til-barnerommet-med-senggardin\/\" \/>\n<meta property=\"og:site_name\" content=\"Babylove Norska\" \/>\n<meta property=\"article:modified_time\" content=\"2026-04-08T10:17:34+00:00\" \/>\n<meta property=\"og:image\" content=\"https:\/\/babylove.se\/no\/wp-content\/uploads\/sites\/3\/2025\/07\/610e8fb4eb7dc.png\" \/>\n\t<meta property=\"og:image:width\" content=\"750\" \/>\n\t<meta property=\"og:image:height\" content=\"427\" \/>\n\t<meta property=\"og:image:type\" content=\"image\/png\" \/>\n<meta name=\"twitter:card\" content=\"summary_large_image\" \/>\n<meta name=\"twitter:label1\" content=\"Price\" \/>\n\t<meta name=\"twitter:data1\" content=\"2 899,00&nbsp;&#107;&#114;\" \/>\n\t<meta name=\"twitter:label2\" content=\"Availability\" \/>\n\t<meta name=\"twitter:data2\" content=\"In stock\" \/>\n<script type=\"application\/ld+json\" class=\"yoast-schema-graph\">{\"@context\":\"https:\/\/schema.org\",\"@graph\":[{\"@type\":\"WebPage\",\"@id\":\"https:\/\/babylove.se\/no\/produkt\/hvit-loftseng-til-barnerommet-med-senggardin\/\",\"url\":\"https:\/\/babylove.se\/no\/produkt\/hvit-loftseng-til-barnerommet-med-senggardin\/\",\"name\":\"Hvit loftsseng til barnerommet med senggardin - Babylove Norska\",\"isPartOf\":{\"@id\":\"https:\/\/babylove.se\/no\/#website\"},\"primaryImageOfPage\":{\"@id\":\"https:\/\/babylove.se\/no\/produkt\/hvit-loftseng-til-barnerommet-med-senggardin\/#primaryimage\"},\"image\":{\"@id\":\"https:\/\/babylove.se\/no\/produkt\/hvit-loftseng-til-barnerommet-med-senggardin\/#primaryimage\"},\"thumbnailUrl\":\"https:\/\/babylove.se\/no\/wp-content\/uploads\/sites\/3\/2025\/07\/610e8fb4eb7dc.png\",\"datePublished\":\"2025-07-18T22:27:50+00:00\",\"dateModified\":\"2026-04-08T10:17:34+00:00\",\"breadcrumb\":{\"@id\":\"https:\/\/babylove.se\/no\/produkt\/hvit-loftseng-til-barnerommet-med-senggardin\/#breadcrumb\"},\"inLanguage\":\"nb-NO\",\"potentialAction\":[{\"@type\":\"ReadAction\",\"target\":[\"https:\/\/babylove.se\/no\/produkt\/hvit-loftseng-til-barnerommet-med-senggardin\/\"]}]},{\"@type\":\"ImageObject\",\"inLanguage\":\"nb-NO\",\"@id\":\"https:\/\/babylove.se\/no\/produkt\/hvit-loftseng-til-barnerommet-med-senggardin\/#primaryimage\",\"url\":\"https:\/\/babylove.se\/no\/wp-content\/uploads\/sites\/3\/2025\/07\/610e8fb4eb7dc.png\",\"contentUrl\":\"https:\/\/babylove.se\/no\/wp-content\/uploads\/sites\/3\/2025\/07\/610e8fb4eb7dc.png\",\"width\":750,\"height\":427},{\"@type\":\"BreadcrumbList\",\"@id\":\"https:\/\/babylove.se\/no\/produkt\/hvit-loftseng-til-barnerommet-med-senggardin\/#breadcrumb\",\"itemListElement\":[{\"@type\":\"ListItem\",\"position\":1,\"name\":\"Hem\",\"item\":\"https:\/\/babylove.se\/no\/\"},{\"@type\":\"ListItem\",\"position\":2,\"name\":\"Butik\",\"item\":\"https:\/\/babylove.se\/no\/butik\/\"},{\"@type\":\"ListItem\",\"position\":3,\"name\":\"Hvit loftsseng til barnerommet med senggardin\"}]},{\"@type\":\"WebSite\",\"@id\":\"https:\/\/babylove.se\/no\/#website\",\"url\":\"https:\/\/babylove.se\/no\/\",\"name\":\"Babylove Norska\",\"description\":\"\",\"potentialAction\":[{\"@type\":\"SearchAction\",\"target\":{\"@type\":\"EntryPoint\",\"urlTemplate\":\"https:\/\/babylove.se\/no\/?s={search_term_string}\"},\"query-input\":{\"@type\":\"PropertyValueSpecification\",\"valueRequired\":true,\"valueName\":\"search_term_string\"}}],\"inLanguage\":\"nb-NO\"}]}<\/script>\n<meta property=\"product:brand\" content=\"Homestyle4u\" \/>\n<meta property=\"product:price:amount\" content=\"2899.00\" \/>\n<meta property=\"product:price:currency\" content=\"SEK\" \/>\n<meta property=\"og:availability\" content=\"instock\" \/>\n<meta property=\"product:availability\" content=\"instock\" \/>\n<meta property=\"product:retailer_item_id\" content=\"1888\" \/>\n<meta property=\"product:condition\" content=\"new\" \/>\n<!-- \/ Yoast SEO Premium plugin. -->","yoast_head_json":{"title":"Hvit loftsseng til barnerommet med senggardin - Babylove Norska","robots":{"index":"noindex","follow":"follow","max-snippet":"max-snippet:-1","max-image-preview":"max-image-preview:large","max-video-preview":"max-video-preview:-1"},"og_locale":"nb_NO","og_type":"article","og_title":"Hvit loftsseng til barnerommet med senggardin","og_description":"Loftsengen som f\u00e5r barnas \u00f8yne til \u00e5 tindre, det er denne det! En fantastisk pen design og en loftseng med mange muligheter har gjort denne til en storselger i Europa. Du monterer den enkelt sammen og velger p\u00e5 hvilken side du vil ha trappen, slik at den best passer akkurat deres barnerom. Ditt barn kommer [&hellip;]","og_url":"https:\/\/babylove.se\/no\/produkt\/hvit-loftseng-til-barnerommet-med-senggardin\/","og_site_name":"Babylove Norska","article_modified_time":"2026-04-08T10:17:34+00:00","og_image":[{"width":750,"height":427,"url":"https:\/\/babylove.se\/no\/wp-content\/uploads\/sites\/3\/2025\/07\/610e8fb4eb7dc.png","type":"image\/png"}],"twitter_card":"summary_large_image","twitter_misc":{"Price":"2 899,00&nbsp;&#107;&#114;","Availability":"In stock"},"schema":{"@context":"https:\/\/schema.org","@graph":[{"@type":"WebPage","@id":"https:\/\/babylove.se\/no\/produkt\/hvit-loftseng-til-barnerommet-med-senggardin\/","url":"https:\/\/babylove.se\/no\/produkt\/hvit-loftseng-til-barnerommet-med-senggardin\/","name":"Hvit loftsseng til barnerommet med senggardin - Babylove Norska","isPartOf":{"@id":"https:\/\/babylove.se\/no\/#website"},"primaryImageOfPage":{"@id":"https:\/\/babylove.se\/no\/produkt\/hvit-loftseng-til-barnerommet-med-senggardin\/#primaryimage"},"image":{"@id":"https:\/\/babylove.se\/no\/produkt\/hvit-loftseng-til-barnerommet-med-senggardin\/#primaryimage"},"thumbnailUrl":"https:\/\/babylove.se\/no\/wp-content\/uploads\/sites\/3\/2025\/07\/610e8fb4eb7dc.png","datePublished":"2025-07-18T22:27:50+00:00","dateModified":"2026-04-08T10:17:34+00:00","breadcrumb":{"@id":"https:\/\/babylove.se\/no\/produkt\/hvit-loftseng-til-barnerommet-med-senggardin\/#breadcrumb"},"inLanguage":"nb-NO","potentialAction":[{"@type":"ReadAction","target":["https:\/\/babylove.se\/no\/produkt\/hvit-loftseng-til-barnerommet-med-senggardin\/"]}]},{"@type":"ImageObject","inLanguage":"nb-NO","@id":"https:\/\/babylove.se\/no\/produkt\/hvit-loftseng-til-barnerommet-med-senggardin\/#primaryimage","url":"https:\/\/babylove.se\/no\/wp-content\/uploads\/sites\/3\/2025\/07\/610e8fb4eb7dc.png","contentUrl":"https:\/\/babylove.se\/no\/wp-content\/uploads\/sites\/3\/2025\/07\/610e8fb4eb7dc.png","width":750,"height":427},{"@type":"BreadcrumbList","@id":"https:\/\/babylove.se\/no\/produkt\/hvit-loftseng-til-barnerommet-med-senggardin\/#breadcrumb","itemListElement":[{"@type":"ListItem","position":1,"name":"Hem","item":"https:\/\/babylove.se\/no\/"},{"@type":"ListItem","position":2,"name":"Butik","item":"https:\/\/babylove.se\/no\/butik\/"},{"@type":"ListItem","position":3,"name":"Hvit loftsseng til barnerommet med senggardin"}]},{"@type":"WebSite","@id":"https:\/\/babylove.se\/no\/#website","url":"https:\/\/babylove.se\/no\/","name":"Babylove Norska","description":"","potentialAction":[{"@type":"SearchAction","target":{"@type":"EntryPoint","urlTemplate":"https:\/\/babylove.se\/no\/?s={search_term_string}"},"query-input":{"@type":"PropertyValueSpecification","valueRequired":true,"valueName":"search_term_string"}}],"inLanguage":"nb-NO"}]},"product_brand":"Homestyle4u","product_price_amount":"2899.00","product_price_currency":"SEK","og_availability":"instock","product_availability":"instock","product_retailer_item_id":"1888","product_condition":"new"},"_links":{"self":[{"href":"https:\/\/babylove.se\/no\/wp-json\/wp\/v2\/product\/26158","targetHints":{"allow":["GET"]}}],"collection":[{"href":"https:\/\/babylove.se\/no\/wp-json\/wp\/v2\/product"}],"about":[{"href":"https:\/\/babylove.se\/no\/wp-json\/wp\/v2\/types\/product"}],"replies":[{"embeddable":true,"href":"https:\/\/babylove.se\/no\/wp-json\/wp\/v2\/comments?post=26158"}],"wp:featuredmedia":[{"embeddable":true,"href":"https:\/\/babylove.se\/no\/wp-json\/wp\/v2\/media\/26160"}],"wp:attachment":[{"href":"https:\/\/babylove.se\/no\/wp-json\/wp\/v2\/media?parent=26158"}],"wp:term":[{"taxonomy":"product_brand","embeddable":true,"href":"https:\/\/babylove.se\/no\/wp-json\/wp\/v2\/product_brand?post=26158"},{"taxonomy":"product_cat","embeddable":true,"href":"https:\/\/babylove.se\/no\/wp-json\/wp\/v2\/product_cat?post=26158"},{"taxonomy":"product_tag","embeddable":true,"href":"https:\/\/babylove.se\/no\/wp-json\/wp\/v2\/product_tag?post=26158"}],"curies":[{"name":"wp","href":"https:\/\/api.w.org\/{rel}","templated":true}]}}