{"id":2617,"date":"2025-07-18T20:09:54","date_gmt":"2025-07-18T19:09:54","guid":{"rendered":"https:\/\/babylove.se\/produkt\/gunga-wooden-swing-done-by-deer\/"},"modified":"2026-04-08T07:52:48","modified_gmt":"2026-04-08T06:52:48","slug":"gunga-wooden-swing-done-by-deer","status":"publish","type":"product","link":"https:\/\/babylove.se\/no\/produkt\/gunga-wooden-swing-done-by-deer\/","title":{"rendered":"Gunga Wooden Swing, Done by Deer"},"content":{"rendered":"<p>&nbsp;En huske bygget med mye nostalgi, n\u00e5 i oppdatert versjon. Perfekt for \u00e5 utvikle barnets motorikk og med fine treperler som dekorasjon. Husken er solid bygget og med god st\u00f8tte for ryggen. Den er enkel \u00e5 feste i taket eller i d\u00f8r\u00e5pningen, der den passer best.&nbsp;<\/p>\n<p><strong>Materiale<\/strong>: Tre og tau i nylon. Bygget for \u00e5 brukes innend\u00f8rs.&nbsp;<\/p>\n<p><strong>M\u00e5l<\/strong>: 32 x 32 x 140 cm. Kan brukes fra 1 \u00e5rs alder og opp til maks 30 kg.<\/p>\n<p>Designer: <a href=\"https:\/\/babylove.se\/varumarken\/done-by-deer\"><u>Done by Deer<\/u><\/a><\/p>\n","protected":false},"excerpt":{"rendered":"<p>&nbsp;En huske bygget med mye nostalgi, n\u00e5 i oppdatert versjon. Perfekt for \u00e5 utvikle barnets motorikk og med fine treperler som dekorasjon. Husken er solid bygget og med god st\u00f8tte for ryggen. Den er enkel \u00e5 feste i taket eller i d\u00f8r\u00e5pningen, der den passer best.&nbsp; Materiale: Tre og tau i nylon. Bygget for \u00e5 [&hellip;]<\/p>\n","protected":false},"featured_media":2619,"comment_status":"closed","ping_status":"open","template":"","meta":{"_acf_changed":false},"product_brand":[54],"product_cat":[28,70,55,153,26,25],"product_tag":[1689],"class_list":{"0":"post-2617","1":"product","2":"type-product","3":"status-publish","4":"has-post-thumbnail","6":"product_brand-done-by-deer","7":"product_cat-sorthvit","8":"product_cat-gaver","9":"product_cat-done-by-deer","10":"product_cat-gungor","11":"product_cat-kjop-produkter-som-ikke-bare-er-for-gutter","12":"product_cat-ikke-bare-jenter","13":"product_tag-bestillingsvaror","15":"first","16":"outofstock","17":"taxable","18":"shipping-taxable","19":"purchasable","20":"product-type-simple"},"acf":[],"yoast_head":"<!-- This site is optimized with the Yoast SEO Premium plugin v25.8 (Yoast SEO v27.2) - https:\/\/yoast.com\/product\/yoast-seo-premium-wordpress\/ -->\n<title>Gunga Wooden Swing, Done by Deer - Babylove Norska<\/title>\n<meta name=\"description\" content=\"En gunga byggd med mycket nostalgi, nu i uppdaterad version. Perfekt f\u00f6r att utveckla ditt barns motoric och med fina tr\u00e4p\u00e4rlor som dekoration.\" \/>\n<meta name=\"robots\" content=\"noindex, follow, max-snippet:-1, max-image-preview:large, max-video-preview:-1\" \/>\n<meta property=\"og:locale\" content=\"nb_NO\" \/>\n<meta property=\"og:type\" content=\"article\" \/>\n<meta property=\"og:title\" content=\"Gunga Wooden Swing, Done by Deer\" \/>\n<meta property=\"og:description\" content=\"En gunga byggd med mycket nostalgi, nu i uppdaterad version. Perfekt f\u00f6r att utveckla ditt barns motoric och med fina tr\u00e4p\u00e4rlor som dekoration.\" \/>\n<meta property=\"og:url\" content=\"https:\/\/babylove.se\/no\/produkt\/gunga-wooden-swing-done-by-deer\/\" \/>\n<meta property=\"og:site_name\" content=\"Babylove Norska\" \/>\n<meta property=\"article:modified_time\" content=\"2026-04-08T06:52:48+00:00\" \/>\n<meta property=\"og:image\" content=\"https:\/\/babylove.se\/no\/wp-content\/uploads\/sites\/3\/2025\/07\/58a6cbbd72954.jpeg\" \/>\n\t<meta property=\"og:image:width\" content=\"667\" \/>\n\t<meta property=\"og:image:height\" content=\"750\" \/>\n\t<meta property=\"og:image:type\" content=\"image\/jpeg\" \/>\n<meta name=\"twitter:card\" content=\"summary_large_image\" \/>\n<meta name=\"twitter:label1\" content=\"Price\" \/>\n\t<meta name=\"twitter:data1\" content=\"599,00&nbsp;&#107;&#114;\" \/>\n\t<meta name=\"twitter:label2\" content=\"Availability\" \/>\n\t<meta name=\"twitter:data2\" content=\"Out of stock\" \/>\n<script type=\"application\/ld+json\" class=\"yoast-schema-graph\">{\"@context\":\"https:\/\/schema.org\",\"@graph\":[{\"@type\":\"WebPage\",\"@id\":\"https:\/\/babylove.se\/no\/produkt\/gunga-wooden-swing-done-by-deer\/\",\"url\":\"https:\/\/babylove.se\/no\/produkt\/gunga-wooden-swing-done-by-deer\/\",\"name\":\"Gunga Wooden Swing, Done by Deer - Babylove Norska\",\"isPartOf\":{\"@id\":\"https:\/\/babylove.se\/no\/#website\"},\"primaryImageOfPage\":{\"@id\":\"https:\/\/babylove.se\/no\/produkt\/gunga-wooden-swing-done-by-deer\/#primaryimage\"},\"image\":{\"@id\":\"https:\/\/babylove.se\/no\/produkt\/gunga-wooden-swing-done-by-deer\/#primaryimage\"},\"thumbnailUrl\":\"https:\/\/babylove.se\/no\/wp-content\/uploads\/sites\/3\/2025\/07\/58a6cbbd72954.jpeg\",\"datePublished\":\"2025-07-18T19:09:54+00:00\",\"dateModified\":\"2026-04-08T06:52:48+00:00\",\"description\":\"En gunga byggd med mycket nostalgi, nu i uppdaterad version. Perfekt f\u00f6r att utveckla ditt barns motoric och med fina tr\u00e4p\u00e4rlor som dekoration.\",\"breadcrumb\":{\"@id\":\"https:\/\/babylove.se\/no\/produkt\/gunga-wooden-swing-done-by-deer\/#breadcrumb\"},\"inLanguage\":\"nb-NO\",\"potentialAction\":[{\"@type\":\"ReadAction\",\"target\":[\"https:\/\/babylove.se\/no\/produkt\/gunga-wooden-swing-done-by-deer\/\"]}]},{\"@type\":\"ImageObject\",\"inLanguage\":\"nb-NO\",\"@id\":\"https:\/\/babylove.se\/no\/produkt\/gunga-wooden-swing-done-by-deer\/#primaryimage\",\"url\":\"https:\/\/babylove.se\/no\/wp-content\/uploads\/sites\/3\/2025\/07\/58a6cbbd72954.jpeg\",\"contentUrl\":\"https:\/\/babylove.se\/no\/wp-content\/uploads\/sites\/3\/2025\/07\/58a6cbbd72954.jpeg\",\"width\":667,\"height\":750},{\"@type\":\"BreadcrumbList\",\"@id\":\"https:\/\/babylove.se\/no\/produkt\/gunga-wooden-swing-done-by-deer\/#breadcrumb\",\"itemListElement\":[{\"@type\":\"ListItem\",\"position\":1,\"name\":\"Hem\",\"item\":\"https:\/\/babylove.se\/no\/\"},{\"@type\":\"ListItem\",\"position\":2,\"name\":\"Butik\",\"item\":\"https:\/\/babylove.se\/no\/butik\/\"},{\"@type\":\"ListItem\",\"position\":3,\"name\":\"Gunga Wooden Swing, Done by Deer\"}]},{\"@type\":\"WebSite\",\"@id\":\"https:\/\/babylove.se\/no\/#website\",\"url\":\"https:\/\/babylove.se\/no\/\",\"name\":\"Babylove Norska\",\"description\":\"\",\"potentialAction\":[{\"@type\":\"SearchAction\",\"target\":{\"@type\":\"EntryPoint\",\"urlTemplate\":\"https:\/\/babylove.se\/no\/?s={search_term_string}\"},\"query-input\":{\"@type\":\"PropertyValueSpecification\",\"valueRequired\":true,\"valueName\":\"search_term_string\"}}],\"inLanguage\":\"nb-NO\"}]}<\/script>\n<meta property=\"product:brand\" content=\"Done by Deer\" \/>\n<meta property=\"product:price:amount\" content=\"599.00\" \/>\n<meta property=\"product:price:currency\" content=\"SEK\" \/>\n<meta property=\"og:availability\" content=\"out of stock\" \/>\n<meta property=\"product:availability\" content=\"out of stock\" \/>\n<meta property=\"product:retailer_item_id\" content=\"1004\" \/>\n<meta property=\"product:condition\" content=\"new\" \/>\n<!-- \/ Yoast SEO Premium plugin. -->","yoast_head_json":{"title":"Gunga Wooden Swing, Done by Deer - Babylove Norska","description":"En gunga byggd med mycket nostalgi, nu i uppdaterad version. Perfekt f\u00f6r att utveckla ditt barns motoric och med fina tr\u00e4p\u00e4rlor som dekoration.","robots":{"index":"noindex","follow":"follow","max-snippet":"max-snippet:-1","max-image-preview":"max-image-preview:large","max-video-preview":"max-video-preview:-1"},"og_locale":"nb_NO","og_type":"article","og_title":"Gunga Wooden Swing, Done by Deer","og_description":"En gunga byggd med mycket nostalgi, nu i uppdaterad version. Perfekt f\u00f6r att utveckla ditt barns motoric och med fina tr\u00e4p\u00e4rlor som dekoration.","og_url":"https:\/\/babylove.se\/no\/produkt\/gunga-wooden-swing-done-by-deer\/","og_site_name":"Babylove Norska","article_modified_time":"2026-04-08T06:52:48+00:00","og_image":[{"width":667,"height":750,"url":"https:\/\/babylove.se\/no\/wp-content\/uploads\/sites\/3\/2025\/07\/58a6cbbd72954.jpeg","type":"image\/jpeg"}],"twitter_card":"summary_large_image","twitter_misc":{"Price":"599,00&nbsp;&#107;&#114;","Availability":"Out of stock"},"schema":{"@context":"https:\/\/schema.org","@graph":[{"@type":"WebPage","@id":"https:\/\/babylove.se\/no\/produkt\/gunga-wooden-swing-done-by-deer\/","url":"https:\/\/babylove.se\/no\/produkt\/gunga-wooden-swing-done-by-deer\/","name":"Gunga Wooden Swing, Done by Deer - Babylove Norska","isPartOf":{"@id":"https:\/\/babylove.se\/no\/#website"},"primaryImageOfPage":{"@id":"https:\/\/babylove.se\/no\/produkt\/gunga-wooden-swing-done-by-deer\/#primaryimage"},"image":{"@id":"https:\/\/babylove.se\/no\/produkt\/gunga-wooden-swing-done-by-deer\/#primaryimage"},"thumbnailUrl":"https:\/\/babylove.se\/no\/wp-content\/uploads\/sites\/3\/2025\/07\/58a6cbbd72954.jpeg","datePublished":"2025-07-18T19:09:54+00:00","dateModified":"2026-04-08T06:52:48+00:00","description":"En gunga byggd med mycket nostalgi, nu i uppdaterad version. Perfekt f\u00f6r att utveckla ditt barns motoric och med fina tr\u00e4p\u00e4rlor som dekoration.","breadcrumb":{"@id":"https:\/\/babylove.se\/no\/produkt\/gunga-wooden-swing-done-by-deer\/#breadcrumb"},"inLanguage":"nb-NO","potentialAction":[{"@type":"ReadAction","target":["https:\/\/babylove.se\/no\/produkt\/gunga-wooden-swing-done-by-deer\/"]}]},{"@type":"ImageObject","inLanguage":"nb-NO","@id":"https:\/\/babylove.se\/no\/produkt\/gunga-wooden-swing-done-by-deer\/#primaryimage","url":"https:\/\/babylove.se\/no\/wp-content\/uploads\/sites\/3\/2025\/07\/58a6cbbd72954.jpeg","contentUrl":"https:\/\/babylove.se\/no\/wp-content\/uploads\/sites\/3\/2025\/07\/58a6cbbd72954.jpeg","width":667,"height":750},{"@type":"BreadcrumbList","@id":"https:\/\/babylove.se\/no\/produkt\/gunga-wooden-swing-done-by-deer\/#breadcrumb","itemListElement":[{"@type":"ListItem","position":1,"name":"Hem","item":"https:\/\/babylove.se\/no\/"},{"@type":"ListItem","position":2,"name":"Butik","item":"https:\/\/babylove.se\/no\/butik\/"},{"@type":"ListItem","position":3,"name":"Gunga Wooden Swing, Done by Deer"}]},{"@type":"WebSite","@id":"https:\/\/babylove.se\/no\/#website","url":"https:\/\/babylove.se\/no\/","name":"Babylove Norska","description":"","potentialAction":[{"@type":"SearchAction","target":{"@type":"EntryPoint","urlTemplate":"https:\/\/babylove.se\/no\/?s={search_term_string}"},"query-input":{"@type":"PropertyValueSpecification","valueRequired":true,"valueName":"search_term_string"}}],"inLanguage":"nb-NO"}]},"product_brand":"Done by Deer","product_price_amount":"599.00","product_price_currency":"SEK","og_availability":"out of stock","product_availability":"out of stock","product_retailer_item_id":"1004","product_condition":"new"},"_links":{"self":[{"href":"https:\/\/babylove.se\/no\/wp-json\/wp\/v2\/product\/2617","targetHints":{"allow":["GET"]}}],"collection":[{"href":"https:\/\/babylove.se\/no\/wp-json\/wp\/v2\/product"}],"about":[{"href":"https:\/\/babylove.se\/no\/wp-json\/wp\/v2\/types\/product"}],"replies":[{"embeddable":true,"href":"https:\/\/babylove.se\/no\/wp-json\/wp\/v2\/comments?post=2617"}],"wp:featuredmedia":[{"embeddable":true,"href":"https:\/\/babylove.se\/no\/wp-json\/wp\/v2\/media\/2619"}],"wp:attachment":[{"href":"https:\/\/babylove.se\/no\/wp-json\/wp\/v2\/media?parent=2617"}],"wp:term":[{"taxonomy":"product_brand","embeddable":true,"href":"https:\/\/babylove.se\/no\/wp-json\/wp\/v2\/product_brand?post=2617"},{"taxonomy":"product_cat","embeddable":true,"href":"https:\/\/babylove.se\/no\/wp-json\/wp\/v2\/product_cat?post=2617"},{"taxonomy":"product_tag","embeddable":true,"href":"https:\/\/babylove.se\/no\/wp-json\/wp\/v2\/product_tag?post=2617"}],"curies":[{"name":"wp","href":"https:\/\/api.w.org\/{rel}","templated":true}]}}