{"id":26208,"date":"2025-07-18T23:28:14","date_gmt":"2025-07-18T22:28:14","guid":{"rendered":"https:\/\/babylove.se\/produkt\/banwood-scooter-white-sparkcykel\/"},"modified":"2026-04-08T11:17:54","modified_gmt":"2026-04-08T10:17:54","slug":"banwood-scooter-white-sparkesykkel","status":"publish","type":"product","link":"https:\/\/babylove.se\/no\/produkt\/banwood-scooter-white-sparkesykkel\/","title":{"rendered":"Banwood, Scooter, hvit sparkesykkel"},"content":{"rendered":"<p>Scooter er en sikker og holdbar sparkesykkel med tre hjul for det lille barnet. Designen er barnevennlig og du kan enkelt justere h\u00f8yden p\u00e5 styrestangen for \u00e5 optimalisere bruken. <\/p>\n<p>Ultimat for barnet som skal l\u00e6re seg \u00e5 balansere og ideell som en f\u00f8rste sparkesykkel, da barnet kan l\u00e6re seg i et trygt milj\u00f8. Sparkesykkelen er ogs\u00e5 en god m\u00e5te for barnet \u00e5 trene i utemilj\u00f8 og en god m\u00e5te for dere \u00e5 sammen ta dere til parken for en lekestund. <\/p>\n<p>Anbefales for barn fra 3 \u00e5r og oppover. <\/p>\n<p>Inkluderer en fin flettet kurv som er avtagbar. CE-sertifisert produkt. <\/p>\n<p><strong>M\u00e5l<\/strong>: <\/p>\n<ul>\n<li><span lang=\"sv\">St\u00e5lramme i ulike nyanser.<\/span><\/li>\n<li><span lang=\"sv\">Styret lengde: justerbar 70, 75 og 80 cm.<\/span><\/li>\n<li><span lang=\"sv\">Tre hjul: 2 framhjul og 1 bakhjul med brems<\/span><\/li>\n<li><span lang=\"sv\">Flettet kurv<\/span><\/li>\n<li>Anti-skli beskyttelse og gummih\u00e5ndtak<\/li>\n<li><span lang=\"sv\">Vekt: 2,8 kg<\/span><\/li>\n<li><span lang=\"sv\">Maks belastning: 50 kg<\/span><\/li>\n<li><span lang=\"sv\">CE-sertifisering.<\/span><\/li>\n<\/ul>\n<p>Designer: <a href=\"https:\/\/babylove.se\/varumarken\/banwood\"><u>Banwood<\/u><\/a><\/p>\n","protected":false},"excerpt":{"rendered":"<p>Scooter er en sikker og holdbar sparkesykkel med tre hjul for det lille barnet. Designen er barnevennlig og du kan enkelt justere h\u00f8yden p\u00e5 styrestangen for \u00e5 optimalisere bruken. Ultimat for barnet som skal l\u00e6re seg \u00e5 balansere og ideell som en f\u00f8rste sparkesykkel, da barnet kan l\u00e6re seg i et trygt milj\u00f8. Sparkesykkelen er [&hellip;]<\/p>\n","protected":false},"featured_media":26210,"comment_status":"closed","ping_status":"closed","template":"","meta":{"_acf_changed":false},"product_brand":[338],"product_cat":[316,339,72,68,60,1775],"product_tag":[1689],"class_list":{"0":"post-26208","1":"product","2":"type-product","3":"status-publish","4":"has-post-thumbnail","6":"product_brand-banwood","7":"product_cat-balanssykler","8":"product_cat-banwood","9":"product_cat-julegaver","10":"product_cat-leker","11":"product_cat-sommer","12":"product_cat-uteleker","13":"product_tag-bestillingsvaror","15":"first","16":"outofstock","17":"taxable","18":"shipping-taxable","19":"purchasable","20":"product-type-simple"},"acf":[],"yoast_head":"<!-- This site is optimized with the Yoast SEO Premium plugin v25.8 (Yoast SEO v27.2) - https:\/\/yoast.com\/product\/yoast-seo-premium-wordpress\/ -->\n<title>Banwood, Scooter, hvit sparkesykkel - Babylove Norska<\/title>\n<meta name=\"robots\" content=\"noindex, follow, max-snippet:-1, max-image-preview:large, max-video-preview:-1\" \/>\n<meta property=\"og:locale\" content=\"nb_NO\" \/>\n<meta property=\"og:type\" content=\"article\" \/>\n<meta property=\"og:title\" content=\"Banwood, Scooter, hvit sparkesykkel\" \/>\n<meta property=\"og:description\" content=\"Scooter er en sikker og holdbar sparkesykkel med tre hjul for det lille barnet. Designen er barnevennlig og du kan enkelt justere h\u00f8yden p\u00e5 styrestangen for \u00e5 optimalisere bruken. Ultimat for barnet som skal l\u00e6re seg \u00e5 balansere og ideell som en f\u00f8rste sparkesykkel, da barnet kan l\u00e6re seg i et trygt milj\u00f8. Sparkesykkelen er [&hellip;]\" \/>\n<meta property=\"og:url\" content=\"https:\/\/babylove.se\/no\/produkt\/banwood-scooter-white-sparkesykkel\/\" \/>\n<meta property=\"og:site_name\" content=\"Babylove Norska\" \/>\n<meta property=\"article:modified_time\" content=\"2026-04-08T10:17:54+00:00\" \/>\n<meta property=\"og:image\" content=\"https:\/\/babylove.se\/no\/wp-content\/uploads\/sites\/3\/2025\/07\/6111211f080f9.jpeg\" \/>\n\t<meta property=\"og:image:width\" content=\"750\" \/>\n\t<meta property=\"og:image:height\" content=\"750\" \/>\n\t<meta property=\"og:image:type\" content=\"image\/jpeg\" \/>\n<meta name=\"twitter:card\" content=\"summary_large_image\" \/>\n<meta name=\"twitter:label1\" content=\"Price\" \/>\n\t<meta name=\"twitter:data1\" content=\"1 299,00&nbsp;&#107;&#114;\" \/>\n\t<meta name=\"twitter:label2\" content=\"Availability\" \/>\n\t<meta name=\"twitter:data2\" content=\"Out of stock\" \/>\n<script type=\"application\/ld+json\" class=\"yoast-schema-graph\">{\"@context\":\"https:\/\/schema.org\",\"@graph\":[{\"@type\":\"WebPage\",\"@id\":\"https:\/\/babylove.se\/no\/produkt\/banwood-scooter-white-sparkesykkel\/\",\"url\":\"https:\/\/babylove.se\/no\/produkt\/banwood-scooter-white-sparkesykkel\/\",\"name\":\"Banwood, Scooter, hvit sparkesykkel - Babylove Norska\",\"isPartOf\":{\"@id\":\"https:\/\/babylove.se\/no\/#website\"},\"primaryImageOfPage\":{\"@id\":\"https:\/\/babylove.se\/no\/produkt\/banwood-scooter-white-sparkesykkel\/#primaryimage\"},\"image\":{\"@id\":\"https:\/\/babylove.se\/no\/produkt\/banwood-scooter-white-sparkesykkel\/#primaryimage\"},\"thumbnailUrl\":\"https:\/\/babylove.se\/no\/wp-content\/uploads\/sites\/3\/2025\/07\/6111211f080f9.jpeg\",\"datePublished\":\"2025-07-18T22:28:14+00:00\",\"dateModified\":\"2026-04-08T10:17:54+00:00\",\"breadcrumb\":{\"@id\":\"https:\/\/babylove.se\/no\/produkt\/banwood-scooter-white-sparkesykkel\/#breadcrumb\"},\"inLanguage\":\"nb-NO\",\"potentialAction\":[{\"@type\":\"ReadAction\",\"target\":[\"https:\/\/babylove.se\/no\/produkt\/banwood-scooter-white-sparkesykkel\/\"]}]},{\"@type\":\"ImageObject\",\"inLanguage\":\"nb-NO\",\"@id\":\"https:\/\/babylove.se\/no\/produkt\/banwood-scooter-white-sparkesykkel\/#primaryimage\",\"url\":\"https:\/\/babylove.se\/no\/wp-content\/uploads\/sites\/3\/2025\/07\/6111211f080f9.jpeg\",\"contentUrl\":\"https:\/\/babylove.se\/no\/wp-content\/uploads\/sites\/3\/2025\/07\/6111211f080f9.jpeg\",\"width\":750,\"height\":750},{\"@type\":\"BreadcrumbList\",\"@id\":\"https:\/\/babylove.se\/no\/produkt\/banwood-scooter-white-sparkesykkel\/#breadcrumb\",\"itemListElement\":[{\"@type\":\"ListItem\",\"position\":1,\"name\":\"Hem\",\"item\":\"https:\/\/babylove.se\/no\/\"},{\"@type\":\"ListItem\",\"position\":2,\"name\":\"Butik\",\"item\":\"https:\/\/babylove.se\/no\/butik\/\"},{\"@type\":\"ListItem\",\"position\":3,\"name\":\"Banwood, Scooter, hvit sparkesykkel\"}]},{\"@type\":\"WebSite\",\"@id\":\"https:\/\/babylove.se\/no\/#website\",\"url\":\"https:\/\/babylove.se\/no\/\",\"name\":\"Babylove Norska\",\"description\":\"\",\"potentialAction\":[{\"@type\":\"SearchAction\",\"target\":{\"@type\":\"EntryPoint\",\"urlTemplate\":\"https:\/\/babylove.se\/no\/?s={search_term_string}\"},\"query-input\":{\"@type\":\"PropertyValueSpecification\",\"valueRequired\":true,\"valueName\":\"search_term_string\"}}],\"inLanguage\":\"nb-NO\"}]}<\/script>\n<meta property=\"product:brand\" content=\"Banwood\" \/>\n<meta property=\"product:price:amount\" content=\"1299.00\" \/>\n<meta property=\"product:price:currency\" content=\"SEK\" \/>\n<meta property=\"og:availability\" content=\"out of stock\" \/>\n<meta property=\"product:availability\" content=\"out of stock\" \/>\n<meta property=\"product:retailer_item_id\" content=\"8445027020723\" \/>\n<meta property=\"product:condition\" content=\"new\" \/>\n<!-- \/ Yoast SEO Premium plugin. -->","yoast_head_json":{"title":"Banwood, Scooter, hvit sparkesykkel - Babylove Norska","robots":{"index":"noindex","follow":"follow","max-snippet":"max-snippet:-1","max-image-preview":"max-image-preview:large","max-video-preview":"max-video-preview:-1"},"og_locale":"nb_NO","og_type":"article","og_title":"Banwood, Scooter, hvit sparkesykkel","og_description":"Scooter er en sikker og holdbar sparkesykkel med tre hjul for det lille barnet. Designen er barnevennlig og du kan enkelt justere h\u00f8yden p\u00e5 styrestangen for \u00e5 optimalisere bruken. Ultimat for barnet som skal l\u00e6re seg \u00e5 balansere og ideell som en f\u00f8rste sparkesykkel, da barnet kan l\u00e6re seg i et trygt milj\u00f8. Sparkesykkelen er [&hellip;]","og_url":"https:\/\/babylove.se\/no\/produkt\/banwood-scooter-white-sparkesykkel\/","og_site_name":"Babylove Norska","article_modified_time":"2026-04-08T10:17:54+00:00","og_image":[{"width":750,"height":750,"url":"https:\/\/babylove.se\/no\/wp-content\/uploads\/sites\/3\/2025\/07\/6111211f080f9.jpeg","type":"image\/jpeg"}],"twitter_card":"summary_large_image","twitter_misc":{"Price":"1 299,00&nbsp;&#107;&#114;","Availability":"Out of stock"},"schema":{"@context":"https:\/\/schema.org","@graph":[{"@type":"WebPage","@id":"https:\/\/babylove.se\/no\/produkt\/banwood-scooter-white-sparkesykkel\/","url":"https:\/\/babylove.se\/no\/produkt\/banwood-scooter-white-sparkesykkel\/","name":"Banwood, Scooter, hvit sparkesykkel - Babylove Norska","isPartOf":{"@id":"https:\/\/babylove.se\/no\/#website"},"primaryImageOfPage":{"@id":"https:\/\/babylove.se\/no\/produkt\/banwood-scooter-white-sparkesykkel\/#primaryimage"},"image":{"@id":"https:\/\/babylove.se\/no\/produkt\/banwood-scooter-white-sparkesykkel\/#primaryimage"},"thumbnailUrl":"https:\/\/babylove.se\/no\/wp-content\/uploads\/sites\/3\/2025\/07\/6111211f080f9.jpeg","datePublished":"2025-07-18T22:28:14+00:00","dateModified":"2026-04-08T10:17:54+00:00","breadcrumb":{"@id":"https:\/\/babylove.se\/no\/produkt\/banwood-scooter-white-sparkesykkel\/#breadcrumb"},"inLanguage":"nb-NO","potentialAction":[{"@type":"ReadAction","target":["https:\/\/babylove.se\/no\/produkt\/banwood-scooter-white-sparkesykkel\/"]}]},{"@type":"ImageObject","inLanguage":"nb-NO","@id":"https:\/\/babylove.se\/no\/produkt\/banwood-scooter-white-sparkesykkel\/#primaryimage","url":"https:\/\/babylove.se\/no\/wp-content\/uploads\/sites\/3\/2025\/07\/6111211f080f9.jpeg","contentUrl":"https:\/\/babylove.se\/no\/wp-content\/uploads\/sites\/3\/2025\/07\/6111211f080f9.jpeg","width":750,"height":750},{"@type":"BreadcrumbList","@id":"https:\/\/babylove.se\/no\/produkt\/banwood-scooter-white-sparkesykkel\/#breadcrumb","itemListElement":[{"@type":"ListItem","position":1,"name":"Hem","item":"https:\/\/babylove.se\/no\/"},{"@type":"ListItem","position":2,"name":"Butik","item":"https:\/\/babylove.se\/no\/butik\/"},{"@type":"ListItem","position":3,"name":"Banwood, Scooter, hvit sparkesykkel"}]},{"@type":"WebSite","@id":"https:\/\/babylove.se\/no\/#website","url":"https:\/\/babylove.se\/no\/","name":"Babylove Norska","description":"","potentialAction":[{"@type":"SearchAction","target":{"@type":"EntryPoint","urlTemplate":"https:\/\/babylove.se\/no\/?s={search_term_string}"},"query-input":{"@type":"PropertyValueSpecification","valueRequired":true,"valueName":"search_term_string"}}],"inLanguage":"nb-NO"}]},"product_brand":"Banwood","product_price_amount":"1299.00","product_price_currency":"SEK","og_availability":"out of stock","product_availability":"out of stock","product_retailer_item_id":"8445027020723","product_condition":"new"},"_links":{"self":[{"href":"https:\/\/babylove.se\/no\/wp-json\/wp\/v2\/product\/26208","targetHints":{"allow":["GET"]}}],"collection":[{"href":"https:\/\/babylove.se\/no\/wp-json\/wp\/v2\/product"}],"about":[{"href":"https:\/\/babylove.se\/no\/wp-json\/wp\/v2\/types\/product"}],"replies":[{"embeddable":true,"href":"https:\/\/babylove.se\/no\/wp-json\/wp\/v2\/comments?post=26208"}],"wp:featuredmedia":[{"embeddable":true,"href":"https:\/\/babylove.se\/no\/wp-json\/wp\/v2\/media\/26210"}],"wp:attachment":[{"href":"https:\/\/babylove.se\/no\/wp-json\/wp\/v2\/media?parent=26208"}],"wp:term":[{"taxonomy":"product_brand","embeddable":true,"href":"https:\/\/babylove.se\/no\/wp-json\/wp\/v2\/product_brand?post=26208"},{"taxonomy":"product_cat","embeddable":true,"href":"https:\/\/babylove.se\/no\/wp-json\/wp\/v2\/product_cat?post=26208"},{"taxonomy":"product_tag","embeddable":true,"href":"https:\/\/babylove.se\/no\/wp-json\/wp\/v2\/product_tag?post=26208"}],"curies":[{"name":"wp","href":"https:\/\/api.w.org\/{rel}","templated":true}]}}