{"id":26226,"date":"2025-07-18T23:28:14","date_gmt":"2025-07-18T22:28:14","guid":{"rendered":"https:\/\/babylove.se\/produkt\/gosedjur-enhorning-med-namn\/"},"modified":"2026-04-08T11:18:05","modified_gmt":"2026-04-08T10:18:05","slug":"gosedjur-enhjorning-med-navn","status":"publish","type":"product","link":"https:\/\/babylove.se\/no\/produkt\/gosedjur-enhjorning-med-navn\/","title":{"rendered":"Kosedyr enhj\u00f8rning med navn"},"content":{"rendered":"<p>En fantastisk og vakker enhj\u00f8rning som vil bli ditt barns favorittbamse i mange \u00e5r fremover. I tillegg til at den er myk med fine detaljer som vinger og en hjerteformet nese er den herlig fin \u00e5 ha p\u00e5 barnerommet som innredningsdetalj. <\/p>\n<p>Barnets navn trykkes p\u00e5 enhj\u00f8rningen. <\/p>\n<p>Laget helt av myk og vakker plysj og produktet er CE-merket, og har en s\u00e5kalt EN71-1-2-3 sikkerhetsstandard for leker. <\/p>\n<p><strong>M\u00e5l<\/strong>: Finnes i fire st\u00f8rrelser: <\/p>\n<ul>\n<li>S- cirka 17 cm<\/li>\n<li>M-cirka 26 cm<\/li>\n<li>L-cirka 32 cm<\/li>\n<li>XL- cirka 60 cm<\/li>\n<\/ul>\n<p>OBS! Enhj\u00f8rningen i st\u00f8rrelse XL kommer uten blomsterkrans!<\/p>\n","protected":false},"excerpt":{"rendered":"<p>En fantastisk og vakker enhj\u00f8rning som vil bli ditt barns favorittbamse i mange \u00e5r fremover. I tillegg til at den er myk med fine detaljer som vinger og en hjerteformet nese er den herlig fin \u00e5 ha p\u00e5 barnerommet som innredningsdetalj. Barnets navn trykkes p\u00e5 enhj\u00f8rningen. Laget helt av myk og vakker plysj og produktet [&hellip;]<\/p>\n","protected":false},"featured_media":26228,"comment_status":"closed","ping_status":"closed","template":"","meta":{"_acf_changed":false},"product_brand":[67],"product_cat":[69,70,75,25,813,68,74],"product_tag":[1689],"class_list":{"0":"post-26226","1":"product","2":"type-product","3":"status-publish","4":"has-post-thumbnail","6":"product_brand-metoodoll","7":"product_cat-dukker-tilbehoer","8":"product_cat-gaver","9":"product_cat-julklappar-med-gravering-broderi","10":"product_cat-ikke-bare-jenter","11":"product_cat-kosedyr","12":"product_cat-leker","13":"product_cat-personlige-dapsgaver","14":"product_tag-bestillingsvaror","15":"pa_storlek-l-32-cm","16":"pa_storlek-m-26-cm","17":"pa_storlek-s-17cm","18":"pa_storlek-xl-60-cm","20":"first","21":"instock","22":"taxable","23":"shipping-taxable","24":"purchasable","25":"product-type-variable"},"acf":[],"yoast_head":"<!-- This site is optimized with the Yoast SEO Premium plugin v25.8 (Yoast SEO v27.2) - https:\/\/yoast.com\/product\/yoast-seo-premium-wordpress\/ -->\n<title>Gosedjur Enh\u00f6rning - K\u00f6p Unicorn med namn - Babylove Norska<\/title>\n<meta name=\"robots\" content=\"noindex, follow, max-snippet:-1, max-image-preview:large, max-video-preview:-1\" \/>\n<meta property=\"og:locale\" content=\"nb_NO\" \/>\n<meta property=\"og:type\" content=\"article\" \/>\n<meta property=\"og:title\" content=\"Kosedyr enhj\u00f8rning med navn\" \/>\n<meta property=\"og:description\" content=\"En fantastisk og vakker enhj\u00f8rning som vil bli ditt barns favorittbamse i mange \u00e5r fremover. I tillegg til at den er myk med fine detaljer som vinger og en hjerteformet nese er den herlig fin \u00e5 ha p\u00e5 barnerommet som innredningsdetalj. Barnets navn trykkes p\u00e5 enhj\u00f8rningen. Laget helt av myk og vakker plysj og produktet [&hellip;]\" \/>\n<meta property=\"og:url\" content=\"https:\/\/babylove.se\/no\/produkt\/gosedjur-enhjorning-med-navn\/\" \/>\n<meta property=\"og:site_name\" content=\"Babylove Norska\" \/>\n<meta property=\"article:modified_time\" content=\"2026-04-08T10:18:05+00:00\" \/>\n<meta property=\"og:image\" content=\"https:\/\/babylove.se\/no\/wp-content\/uploads\/sites\/3\/2025\/07\/6112b16163557.png\" \/>\n\t<meta property=\"og:image:width\" content=\"640\" \/>\n\t<meta property=\"og:image:height\" content=\"474\" \/>\n\t<meta property=\"og:image:type\" content=\"image\/png\" \/>\n<meta name=\"twitter:card\" content=\"summary_large_image\" \/>\n<meta name=\"twitter:label1\" content=\"Availability\" \/>\n\t<meta name=\"twitter:data1\" content=\"In stock\" \/>\n<script type=\"application\/ld+json\" class=\"yoast-schema-graph\">{\"@context\":\"https:\/\/schema.org\",\"@graph\":[{\"@type\":\"WebPage\",\"@id\":\"https:\/\/babylove.se\/no\/produkt\/gosedjur-enhjorning-med-navn\/\",\"url\":\"https:\/\/babylove.se\/no\/produkt\/gosedjur-enhjorning-med-navn\/\",\"name\":\"Gosedjur Enh\u00f6rning - K\u00f6p Unicorn med namn - Babylove Norska\",\"isPartOf\":{\"@id\":\"https:\/\/babylove.se\/no\/#website\"},\"primaryImageOfPage\":{\"@id\":\"https:\/\/babylove.se\/no\/produkt\/gosedjur-enhjorning-med-navn\/#primaryimage\"},\"image\":{\"@id\":\"https:\/\/babylove.se\/no\/produkt\/gosedjur-enhjorning-med-navn\/#primaryimage\"},\"thumbnailUrl\":\"https:\/\/babylove.se\/no\/wp-content\/uploads\/sites\/3\/2025\/07\/6112b16163557.png\",\"datePublished\":\"2025-07-18T22:28:14+00:00\",\"dateModified\":\"2026-04-08T10:18:05+00:00\",\"breadcrumb\":{\"@id\":\"https:\/\/babylove.se\/no\/produkt\/gosedjur-enhjorning-med-navn\/#breadcrumb\"},\"inLanguage\":\"nb-NO\",\"potentialAction\":[{\"@type\":\"ReadAction\",\"target\":[\"https:\/\/babylove.se\/no\/produkt\/gosedjur-enhjorning-med-navn\/\"]}]},{\"@type\":\"ImageObject\",\"inLanguage\":\"nb-NO\",\"@id\":\"https:\/\/babylove.se\/no\/produkt\/gosedjur-enhjorning-med-navn\/#primaryimage\",\"url\":\"https:\/\/babylove.se\/no\/wp-content\/uploads\/sites\/3\/2025\/07\/6112b16163557.png\",\"contentUrl\":\"https:\/\/babylove.se\/no\/wp-content\/uploads\/sites\/3\/2025\/07\/6112b16163557.png\",\"width\":640,\"height\":474},{\"@type\":\"BreadcrumbList\",\"@id\":\"https:\/\/babylove.se\/no\/produkt\/gosedjur-enhjorning-med-navn\/#breadcrumb\",\"itemListElement\":[{\"@type\":\"ListItem\",\"position\":1,\"name\":\"Hem\",\"item\":\"https:\/\/babylove.se\/no\/\"},{\"@type\":\"ListItem\",\"position\":2,\"name\":\"Butik\",\"item\":\"https:\/\/babylove.se\/no\/butik\/\"},{\"@type\":\"ListItem\",\"position\":3,\"name\":\"Kosedyr enhj\u00f8rning med navn\"}]},{\"@type\":\"WebSite\",\"@id\":\"https:\/\/babylove.se\/no\/#website\",\"url\":\"https:\/\/babylove.se\/no\/\",\"name\":\"Babylove Norska\",\"description\":\"\",\"potentialAction\":[{\"@type\":\"SearchAction\",\"target\":{\"@type\":\"EntryPoint\",\"urlTemplate\":\"https:\/\/babylove.se\/no\/?s={search_term_string}\"},\"query-input\":{\"@type\":\"PropertyValueSpecification\",\"valueRequired\":true,\"valueName\":\"search_term_string\"}}],\"inLanguage\":\"nb-NO\"}]}<\/script>\n<meta property=\"product:brand\" content=\"metoodoll\" \/>\n<meta property=\"og:availability\" content=\"instock\" \/>\n<meta property=\"product:availability\" content=\"instock\" \/>\n<meta property=\"product:retailer_item_id\" content=\"S-17cm\" \/>\n<meta property=\"product:condition\" content=\"new\" \/>\n<!-- \/ Yoast SEO Premium plugin. -->","yoast_head_json":{"title":"Gosedjur Enh\u00f6rning - K\u00f6p Unicorn med namn - Babylove Norska","robots":{"index":"noindex","follow":"follow","max-snippet":"max-snippet:-1","max-image-preview":"max-image-preview:large","max-video-preview":"max-video-preview:-1"},"og_locale":"nb_NO","og_type":"article","og_title":"Kosedyr enhj\u00f8rning med navn","og_description":"En fantastisk og vakker enhj\u00f8rning som vil bli ditt barns favorittbamse i mange \u00e5r fremover. I tillegg til at den er myk med fine detaljer som vinger og en hjerteformet nese er den herlig fin \u00e5 ha p\u00e5 barnerommet som innredningsdetalj. Barnets navn trykkes p\u00e5 enhj\u00f8rningen. Laget helt av myk og vakker plysj og produktet [&hellip;]","og_url":"https:\/\/babylove.se\/no\/produkt\/gosedjur-enhjorning-med-navn\/","og_site_name":"Babylove Norska","article_modified_time":"2026-04-08T10:18:05+00:00","og_image":[{"width":640,"height":474,"url":"https:\/\/babylove.se\/no\/wp-content\/uploads\/sites\/3\/2025\/07\/6112b16163557.png","type":"image\/png"}],"twitter_card":"summary_large_image","twitter_misc":{"Availability":"In stock"},"schema":{"@context":"https:\/\/schema.org","@graph":[{"@type":"WebPage","@id":"https:\/\/babylove.se\/no\/produkt\/gosedjur-enhjorning-med-navn\/","url":"https:\/\/babylove.se\/no\/produkt\/gosedjur-enhjorning-med-navn\/","name":"Gosedjur Enh\u00f6rning - K\u00f6p Unicorn med namn - Babylove Norska","isPartOf":{"@id":"https:\/\/babylove.se\/no\/#website"},"primaryImageOfPage":{"@id":"https:\/\/babylove.se\/no\/produkt\/gosedjur-enhjorning-med-navn\/#primaryimage"},"image":{"@id":"https:\/\/babylove.se\/no\/produkt\/gosedjur-enhjorning-med-navn\/#primaryimage"},"thumbnailUrl":"https:\/\/babylove.se\/no\/wp-content\/uploads\/sites\/3\/2025\/07\/6112b16163557.png","datePublished":"2025-07-18T22:28:14+00:00","dateModified":"2026-04-08T10:18:05+00:00","breadcrumb":{"@id":"https:\/\/babylove.se\/no\/produkt\/gosedjur-enhjorning-med-navn\/#breadcrumb"},"inLanguage":"nb-NO","potentialAction":[{"@type":"ReadAction","target":["https:\/\/babylove.se\/no\/produkt\/gosedjur-enhjorning-med-navn\/"]}]},{"@type":"ImageObject","inLanguage":"nb-NO","@id":"https:\/\/babylove.se\/no\/produkt\/gosedjur-enhjorning-med-navn\/#primaryimage","url":"https:\/\/babylove.se\/no\/wp-content\/uploads\/sites\/3\/2025\/07\/6112b16163557.png","contentUrl":"https:\/\/babylove.se\/no\/wp-content\/uploads\/sites\/3\/2025\/07\/6112b16163557.png","width":640,"height":474},{"@type":"BreadcrumbList","@id":"https:\/\/babylove.se\/no\/produkt\/gosedjur-enhjorning-med-navn\/#breadcrumb","itemListElement":[{"@type":"ListItem","position":1,"name":"Hem","item":"https:\/\/babylove.se\/no\/"},{"@type":"ListItem","position":2,"name":"Butik","item":"https:\/\/babylove.se\/no\/butik\/"},{"@type":"ListItem","position":3,"name":"Kosedyr enhj\u00f8rning med navn"}]},{"@type":"WebSite","@id":"https:\/\/babylove.se\/no\/#website","url":"https:\/\/babylove.se\/no\/","name":"Babylove Norska","description":"","potentialAction":[{"@type":"SearchAction","target":{"@type":"EntryPoint","urlTemplate":"https:\/\/babylove.se\/no\/?s={search_term_string}"},"query-input":{"@type":"PropertyValueSpecification","valueRequired":true,"valueName":"search_term_string"}}],"inLanguage":"nb-NO"}]},"product_brand":"metoodoll","og_availability":"instock","product_availability":"instock","product_retailer_item_id":"S-17cm","product_condition":"new"},"_links":{"self":[{"href":"https:\/\/babylove.se\/no\/wp-json\/wp\/v2\/product\/26226","targetHints":{"allow":["GET"]}}],"collection":[{"href":"https:\/\/babylove.se\/no\/wp-json\/wp\/v2\/product"}],"about":[{"href":"https:\/\/babylove.se\/no\/wp-json\/wp\/v2\/types\/product"}],"replies":[{"embeddable":true,"href":"https:\/\/babylove.se\/no\/wp-json\/wp\/v2\/comments?post=26226"}],"wp:featuredmedia":[{"embeddable":true,"href":"https:\/\/babylove.se\/no\/wp-json\/wp\/v2\/media\/26228"}],"wp:attachment":[{"href":"https:\/\/babylove.se\/no\/wp-json\/wp\/v2\/media?parent=26226"}],"wp:term":[{"taxonomy":"product_brand","embeddable":true,"href":"https:\/\/babylove.se\/no\/wp-json\/wp\/v2\/product_brand?post=26226"},{"taxonomy":"product_cat","embeddable":true,"href":"https:\/\/babylove.se\/no\/wp-json\/wp\/v2\/product_cat?post=26226"},{"taxonomy":"product_tag","embeddable":true,"href":"https:\/\/babylove.se\/no\/wp-json\/wp\/v2\/product_tag?post=26226"}],"curies":[{"name":"wp","href":"https:\/\/api.w.org\/{rel}","templated":true}]}}