{"id":26242,"date":"2025-07-18T23:28:39","date_gmt":"2025-07-18T22:28:39","guid":{"rendered":"https:\/\/babylove.se\/produkt\/snuttefilt-med-namn\/"},"modified":"2026-04-08T11:18:11","modified_gmt":"2026-04-08T10:18:11","slug":"snuteteppe-med-navn","status":"publish","type":"product","link":"https:\/\/babylove.se\/no\/produkt\/snuteteppe-med-navn\/","title":{"rendered":"Koseklut med navn"},"content":{"rendered":"<p>Oppskriften p\u00e5 det perfekte kosekluttet? Ved \u00e5 kombinere mykt bomullsfiber og fint m\u00f8nster skaper man det optimale kosekluttet. Fargevalgene er barnesikre og teppet deilig koselig \u00e5 ha n\u00e6r seg. B\u00e5de barnet og foreldrene kommer til \u00e5 elske disse magiske kosekluttene.&nbsp;<\/p>\n<p>Kosekluttet broderes med barnets navn.&nbsp;<\/p>\n<p>Materiale: 100 % bomull &nbsp;&nbsp;<\/p>\n<p>M\u00e5l: Finnes i to st\u00f8rrelser:<\/p>\n<ul>\n<li>S: 55&#215;55 cm<\/li>\n<li>L: 120&#215;120 cm<\/li>\n<\/ul>\n<p>T\u00e5ler maskinvask i opptil 40 grader<\/p>\n","protected":false},"excerpt":{"rendered":"<p>Oppskriften p\u00e5 det perfekte kosekluttet? Ved \u00e5 kombinere mykt bomullsfiber og fint m\u00f8nster skaper man det optimale kosekluttet. Fargevalgene er barnesikre og teppet deilig koselig \u00e5 ha n\u00e6r seg. B\u00e5de barnet og foreldrene kommer til \u00e5 elske disse magiske kosekluttene.&nbsp; Kosekluttet broderes med barnets navn.&nbsp; Materiale: 100 % bomull &nbsp;&nbsp; M\u00e5l: Finnes i to st\u00f8rrelser: [&hellip;]<\/p>\n","protected":false},"featured_media":26244,"comment_status":"closed","ping_status":"open","template":"","meta":{"_acf_changed":false},"product_brand":[],"product_cat":[75,74,49],"product_tag":[],"class_list":{"0":"post-26242","1":"product","2":"type-product","3":"status-publish","4":"has-post-thumbnail","6":"product_cat-julklappar-med-gravering-broderi","7":"product_cat-personlige-dapsgaver","8":"product_cat-snutetepper","9":"pa_storlek-l-120cmx120-cm","10":"pa_storlek-s-55cmx55-cm","12":"first","13":"outofstock","14":"taxable","15":"shipping-taxable","16":"purchasable","17":"product-type-variable"},"acf":[],"yoast_head":"<!-- This site is optimized with the Yoast SEO Premium plugin v25.8 (Yoast SEO v27.2) - https:\/\/yoast.com\/product\/yoast-seo-premium-wordpress\/ -->\n<title>Koseklut med navn - Babylove Norska<\/title>\n<meta name=\"robots\" content=\"noindex, follow, max-snippet:-1, max-image-preview:large, max-video-preview:-1\" \/>\n<meta property=\"og:locale\" content=\"nb_NO\" \/>\n<meta property=\"og:type\" content=\"article\" \/>\n<meta property=\"og:title\" content=\"Koseklut med navn\" \/>\n<meta property=\"og:description\" content=\"Oppskriften p\u00e5 det perfekte kosekluttet? Ved \u00e5 kombinere mykt bomullsfiber og fint m\u00f8nster skaper man det optimale kosekluttet. Fargevalgene er barnesikre og teppet deilig koselig \u00e5 ha n\u00e6r seg. B\u00e5de barnet og foreldrene kommer til \u00e5 elske disse magiske kosekluttene.&nbsp; Kosekluttet broderes med barnets navn.&nbsp; Materiale: 100 % bomull &nbsp;&nbsp; M\u00e5l: Finnes i to st\u00f8rrelser: [&hellip;]\" \/>\n<meta property=\"og:url\" content=\"https:\/\/babylove.se\/no\/produkt\/snuteteppe-med-navn\/\" \/>\n<meta property=\"og:site_name\" content=\"Babylove Norska\" \/>\n<meta property=\"article:modified_time\" content=\"2026-04-08T10:18:11+00:00\" \/>\n<meta property=\"og:image\" content=\"https:\/\/babylove.se\/no\/wp-content\/uploads\/sites\/3\/2025\/07\/6112c80fccc25.png\" \/>\n\t<meta property=\"og:image:width\" content=\"624\" \/>\n\t<meta property=\"og:image:height\" content=\"750\" \/>\n\t<meta property=\"og:image:type\" content=\"image\/png\" \/>\n<meta name=\"twitter:card\" content=\"summary_large_image\" \/>\n<meta name=\"twitter:label1\" content=\"Availability\" \/>\n\t<meta name=\"twitter:data1\" content=\"Out of stock\" \/>\n<script type=\"application\/ld+json\" class=\"yoast-schema-graph\">{\"@context\":\"https:\/\/schema.org\",\"@graph\":[{\"@type\":\"WebPage\",\"@id\":\"https:\/\/babylove.se\/no\/produkt\/snuteteppe-med-navn\/\",\"url\":\"https:\/\/babylove.se\/no\/produkt\/snuteteppe-med-navn\/\",\"name\":\"Koseklut med navn - Babylove Norska\",\"isPartOf\":{\"@id\":\"https:\/\/babylove.se\/no\/#website\"},\"primaryImageOfPage\":{\"@id\":\"https:\/\/babylove.se\/no\/produkt\/snuteteppe-med-navn\/#primaryimage\"},\"image\":{\"@id\":\"https:\/\/babylove.se\/no\/produkt\/snuteteppe-med-navn\/#primaryimage\"},\"thumbnailUrl\":\"https:\/\/babylove.se\/no\/wp-content\/uploads\/sites\/3\/2025\/07\/6112c80fccc25.png\",\"datePublished\":\"2025-07-18T22:28:39+00:00\",\"dateModified\":\"2026-04-08T10:18:11+00:00\",\"breadcrumb\":{\"@id\":\"https:\/\/babylove.se\/no\/produkt\/snuteteppe-med-navn\/#breadcrumb\"},\"inLanguage\":\"nb-NO\",\"potentialAction\":[{\"@type\":\"ReadAction\",\"target\":[\"https:\/\/babylove.se\/no\/produkt\/snuteteppe-med-navn\/\"]}]},{\"@type\":\"ImageObject\",\"inLanguage\":\"nb-NO\",\"@id\":\"https:\/\/babylove.se\/no\/produkt\/snuteteppe-med-navn\/#primaryimage\",\"url\":\"https:\/\/babylove.se\/no\/wp-content\/uploads\/sites\/3\/2025\/07\/6112c80fccc25.png\",\"contentUrl\":\"https:\/\/babylove.se\/no\/wp-content\/uploads\/sites\/3\/2025\/07\/6112c80fccc25.png\",\"width\":624,\"height\":750},{\"@type\":\"BreadcrumbList\",\"@id\":\"https:\/\/babylove.se\/no\/produkt\/snuteteppe-med-navn\/#breadcrumb\",\"itemListElement\":[{\"@type\":\"ListItem\",\"position\":1,\"name\":\"Hem\",\"item\":\"https:\/\/babylove.se\/no\/\"},{\"@type\":\"ListItem\",\"position\":2,\"name\":\"Butik\",\"item\":\"https:\/\/babylove.se\/no\/butik\/\"},{\"@type\":\"ListItem\",\"position\":3,\"name\":\"Koseklut med navn\"}]},{\"@type\":\"WebSite\",\"@id\":\"https:\/\/babylove.se\/no\/#website\",\"url\":\"https:\/\/babylove.se\/no\/\",\"name\":\"Babylove Norska\",\"description\":\"\",\"potentialAction\":[{\"@type\":\"SearchAction\",\"target\":{\"@type\":\"EntryPoint\",\"urlTemplate\":\"https:\/\/babylove.se\/no\/?s={search_term_string}\"},\"query-input\":{\"@type\":\"PropertyValueSpecification\",\"valueRequired\":true,\"valueName\":\"search_term_string\"}}],\"inLanguage\":\"nb-NO\"}]}<\/script>\n<meta property=\"og:availability\" content=\"out of stock\" \/>\n<meta property=\"product:availability\" content=\"out of stock\" \/>\n<meta property=\"product:retailer_item_id\" content=\"S-55cmx55-cm\" \/>\n<meta property=\"product:condition\" content=\"new\" \/>\n<!-- \/ Yoast SEO Premium plugin. -->","yoast_head_json":{"title":"Koseklut med navn - Babylove Norska","robots":{"index":"noindex","follow":"follow","max-snippet":"max-snippet:-1","max-image-preview":"max-image-preview:large","max-video-preview":"max-video-preview:-1"},"og_locale":"nb_NO","og_type":"article","og_title":"Koseklut med navn","og_description":"Oppskriften p\u00e5 det perfekte kosekluttet? Ved \u00e5 kombinere mykt bomullsfiber og fint m\u00f8nster skaper man det optimale kosekluttet. Fargevalgene er barnesikre og teppet deilig koselig \u00e5 ha n\u00e6r seg. B\u00e5de barnet og foreldrene kommer til \u00e5 elske disse magiske kosekluttene.&nbsp; Kosekluttet broderes med barnets navn.&nbsp; Materiale: 100 % bomull &nbsp;&nbsp; M\u00e5l: Finnes i to st\u00f8rrelser: [&hellip;]","og_url":"https:\/\/babylove.se\/no\/produkt\/snuteteppe-med-navn\/","og_site_name":"Babylove Norska","article_modified_time":"2026-04-08T10:18:11+00:00","og_image":[{"width":624,"height":750,"url":"https:\/\/babylove.se\/no\/wp-content\/uploads\/sites\/3\/2025\/07\/6112c80fccc25.png","type":"image\/png"}],"twitter_card":"summary_large_image","twitter_misc":{"Availability":"Out of stock"},"schema":{"@context":"https:\/\/schema.org","@graph":[{"@type":"WebPage","@id":"https:\/\/babylove.se\/no\/produkt\/snuteteppe-med-navn\/","url":"https:\/\/babylove.se\/no\/produkt\/snuteteppe-med-navn\/","name":"Koseklut med navn - Babylove Norska","isPartOf":{"@id":"https:\/\/babylove.se\/no\/#website"},"primaryImageOfPage":{"@id":"https:\/\/babylove.se\/no\/produkt\/snuteteppe-med-navn\/#primaryimage"},"image":{"@id":"https:\/\/babylove.se\/no\/produkt\/snuteteppe-med-navn\/#primaryimage"},"thumbnailUrl":"https:\/\/babylove.se\/no\/wp-content\/uploads\/sites\/3\/2025\/07\/6112c80fccc25.png","datePublished":"2025-07-18T22:28:39+00:00","dateModified":"2026-04-08T10:18:11+00:00","breadcrumb":{"@id":"https:\/\/babylove.se\/no\/produkt\/snuteteppe-med-navn\/#breadcrumb"},"inLanguage":"nb-NO","potentialAction":[{"@type":"ReadAction","target":["https:\/\/babylove.se\/no\/produkt\/snuteteppe-med-navn\/"]}]},{"@type":"ImageObject","inLanguage":"nb-NO","@id":"https:\/\/babylove.se\/no\/produkt\/snuteteppe-med-navn\/#primaryimage","url":"https:\/\/babylove.se\/no\/wp-content\/uploads\/sites\/3\/2025\/07\/6112c80fccc25.png","contentUrl":"https:\/\/babylove.se\/no\/wp-content\/uploads\/sites\/3\/2025\/07\/6112c80fccc25.png","width":624,"height":750},{"@type":"BreadcrumbList","@id":"https:\/\/babylove.se\/no\/produkt\/snuteteppe-med-navn\/#breadcrumb","itemListElement":[{"@type":"ListItem","position":1,"name":"Hem","item":"https:\/\/babylove.se\/no\/"},{"@type":"ListItem","position":2,"name":"Butik","item":"https:\/\/babylove.se\/no\/butik\/"},{"@type":"ListItem","position":3,"name":"Koseklut med navn"}]},{"@type":"WebSite","@id":"https:\/\/babylove.se\/no\/#website","url":"https:\/\/babylove.se\/no\/","name":"Babylove Norska","description":"","potentialAction":[{"@type":"SearchAction","target":{"@type":"EntryPoint","urlTemplate":"https:\/\/babylove.se\/no\/?s={search_term_string}"},"query-input":{"@type":"PropertyValueSpecification","valueRequired":true,"valueName":"search_term_string"}}],"inLanguage":"nb-NO"}]},"og_availability":"out of stock","product_availability":"out of stock","product_retailer_item_id":"S-55cmx55-cm","product_condition":"new"},"_links":{"self":[{"href":"https:\/\/babylove.se\/no\/wp-json\/wp\/v2\/product\/26242","targetHints":{"allow":["GET"]}}],"collection":[{"href":"https:\/\/babylove.se\/no\/wp-json\/wp\/v2\/product"}],"about":[{"href":"https:\/\/babylove.se\/no\/wp-json\/wp\/v2\/types\/product"}],"replies":[{"embeddable":true,"href":"https:\/\/babylove.se\/no\/wp-json\/wp\/v2\/comments?post=26242"}],"wp:featuredmedia":[{"embeddable":true,"href":"https:\/\/babylove.se\/no\/wp-json\/wp\/v2\/media\/26244"}],"wp:attachment":[{"href":"https:\/\/babylove.se\/no\/wp-json\/wp\/v2\/media?parent=26242"}],"wp:term":[{"taxonomy":"product_brand","embeddable":true,"href":"https:\/\/babylove.se\/no\/wp-json\/wp\/v2\/product_brand?post=26242"},{"taxonomy":"product_cat","embeddable":true,"href":"https:\/\/babylove.se\/no\/wp-json\/wp\/v2\/product_cat?post=26242"},{"taxonomy":"product_tag","embeddable":true,"href":"https:\/\/babylove.se\/no\/wp-json\/wp\/v2\/product_tag?post=26242"}],"curies":[{"name":"wp","href":"https:\/\/api.w.org\/{rel}","templated":true}]}}