{"id":26388,"date":"2025-07-18T23:29:46","date_gmt":"2025-07-18T22:29:46","guid":{"rendered":"https:\/\/babylove.se\/produkt\/golvlampa-mustard-linne\/"},"modified":"2026-04-08T11:19:13","modified_gmt":"2026-04-08T10:19:13","slug":"gulvlampe-mustard-lin","status":"publish","type":"product","link":"https:\/\/babylove.se\/no\/produkt\/gulvlampe-mustard-lin\/","title":{"rendered":"Lamps&#038;Company, Gulvlampe mustard lin"},"content":{"rendered":"<p>Disse unike gulvlampene er ideelle for barnerommet som et supplement til \u00f8vrig belysning og vil gi barnerommet b\u00e5de varme og hjemmekos.<\/p>\n<p>Sengelampen er laget i b\u00f8ketre og tekstilet p\u00e5 lampeskjermen er laget i 100 % lin.<\/p>\n<p>Lampen fungerer utmerket sammen med andre produkter fra samme kolleksjon.<\/p>\n<p><strong>M\u00e5l:<\/strong> Lampeskjerm diameter 40 cm, h\u00f8yde 35 cm. Totalt er hele lampens <span style=\"background-color: initial; text-align: initial;\">h\u00f8yde 155 cm.<\/span><\/p>\n<p>Designer:<span>&nbsp;<\/span><a href=\"https:\/\/babylove.se\/varumarken\/lamps-and-co\">Lamps&amp;Company<\/a><\/p>\n","protected":false},"excerpt":{"rendered":"<p>Disse unike gulvlampene er ideelle for barnerommet som et supplement til \u00f8vrig belysning og vil gi barnerommet b\u00e5de varme og hjemmekos. Sengelampen er laget i b\u00f8ketre og tekstilet p\u00e5 lampeskjermen er laget i 100 % lin. Lampen fungerer utmerket sammen med andre produkter fra samme kolleksjon. M\u00e5l: Lampeskjerm diameter 40 cm, h\u00f8yde 35 cm. Totalt [&hellip;]<\/p>\n","protected":false},"featured_media":26390,"comment_status":"closed","ping_status":"open","template":"","meta":{"_acf_changed":false},"product_brand":[30],"product_cat":[180,31,34],"product_tag":[1689],"class_list":{"0":"post-26388","1":"product","2":"type-product","3":"status-publish","4":"has-post-thumbnail","6":"product_brand-lamps-co","7":"product_cat-gulvlamper","8":"product_cat-lamper","9":"product_cat-lamps-and-co","10":"product_tag-bestillingsvaror","12":"first","13":"instock","14":"taxable","15":"shipping-taxable","16":"purchasable","17":"product-type-simple"},"acf":[],"yoast_head":"<!-- This site is optimized with the Yoast SEO Premium plugin v25.8 (Yoast SEO v27.2) - https:\/\/yoast.com\/product\/yoast-seo-premium-wordpress\/ -->\n<title>Lamps&amp;Company, Gulvlampe mustard lin - Babylove Norska<\/title>\n<meta name=\"robots\" content=\"noindex, follow, max-snippet:-1, max-image-preview:large, max-video-preview:-1\" \/>\n<meta property=\"og:locale\" content=\"nb_NO\" \/>\n<meta property=\"og:type\" content=\"article\" \/>\n<meta property=\"og:title\" content=\"Lamps&amp;Company, Gulvlampe mustard lin\" \/>\n<meta property=\"og:description\" content=\"Disse unike gulvlampene er ideelle for barnerommet som et supplement til \u00f8vrig belysning og vil gi barnerommet b\u00e5de varme og hjemmekos. Sengelampen er laget i b\u00f8ketre og tekstilet p\u00e5 lampeskjermen er laget i 100 % lin. Lampen fungerer utmerket sammen med andre produkter fra samme kolleksjon. M\u00e5l: Lampeskjerm diameter 40 cm, h\u00f8yde 35 cm. Totalt [&hellip;]\" \/>\n<meta property=\"og:url\" content=\"https:\/\/babylove.se\/no\/produkt\/gulvlampe-mustard-lin\/\" \/>\n<meta property=\"og:site_name\" content=\"Babylove Norska\" \/>\n<meta property=\"article:modified_time\" content=\"2026-04-08T10:19:13+00:00\" \/>\n<meta property=\"og:image\" content=\"https:\/\/babylove.se\/no\/wp-content\/uploads\/sites\/3\/2025\/07\/61166fbd1cbb3.jpeg\" \/>\n\t<meta property=\"og:image:width\" content=\"563\" \/>\n\t<meta property=\"og:image:height\" content=\"750\" \/>\n\t<meta property=\"og:image:type\" content=\"image\/jpeg\" \/>\n<meta name=\"twitter:card\" content=\"summary_large_image\" \/>\n<meta name=\"twitter:label1\" content=\"Price\" \/>\n\t<meta name=\"twitter:data1\" content=\"3 399,00&nbsp;&#107;&#114;\" \/>\n\t<meta name=\"twitter:label2\" content=\"Availability\" \/>\n\t<meta name=\"twitter:data2\" content=\"In stock\" \/>\n<script type=\"application\/ld+json\" class=\"yoast-schema-graph\">{\"@context\":\"https:\/\/schema.org\",\"@graph\":[{\"@type\":\"WebPage\",\"@id\":\"https:\/\/babylove.se\/no\/produkt\/gulvlampe-mustard-lin\/\",\"url\":\"https:\/\/babylove.se\/no\/produkt\/gulvlampe-mustard-lin\/\",\"name\":\"Lamps&Company, Gulvlampe mustard lin - Babylove Norska\",\"isPartOf\":{\"@id\":\"https:\/\/babylove.se\/no\/#website\"},\"primaryImageOfPage\":{\"@id\":\"https:\/\/babylove.se\/no\/produkt\/gulvlampe-mustard-lin\/#primaryimage\"},\"image\":{\"@id\":\"https:\/\/babylove.se\/no\/produkt\/gulvlampe-mustard-lin\/#primaryimage\"},\"thumbnailUrl\":\"https:\/\/babylove.se\/no\/wp-content\/uploads\/sites\/3\/2025\/07\/61166fbd1cbb3.jpeg\",\"datePublished\":\"2025-07-18T22:29:46+00:00\",\"dateModified\":\"2026-04-08T10:19:13+00:00\",\"breadcrumb\":{\"@id\":\"https:\/\/babylove.se\/no\/produkt\/gulvlampe-mustard-lin\/#breadcrumb\"},\"inLanguage\":\"nb-NO\",\"potentialAction\":[{\"@type\":\"ReadAction\",\"target\":[\"https:\/\/babylove.se\/no\/produkt\/gulvlampe-mustard-lin\/\"]}]},{\"@type\":\"ImageObject\",\"inLanguage\":\"nb-NO\",\"@id\":\"https:\/\/babylove.se\/no\/produkt\/gulvlampe-mustard-lin\/#primaryimage\",\"url\":\"https:\/\/babylove.se\/no\/wp-content\/uploads\/sites\/3\/2025\/07\/61166fbd1cbb3.jpeg\",\"contentUrl\":\"https:\/\/babylove.se\/no\/wp-content\/uploads\/sites\/3\/2025\/07\/61166fbd1cbb3.jpeg\",\"width\":563,\"height\":750},{\"@type\":\"BreadcrumbList\",\"@id\":\"https:\/\/babylove.se\/no\/produkt\/gulvlampe-mustard-lin\/#breadcrumb\",\"itemListElement\":[{\"@type\":\"ListItem\",\"position\":1,\"name\":\"Hem\",\"item\":\"https:\/\/babylove.se\/no\/\"},{\"@type\":\"ListItem\",\"position\":2,\"name\":\"Butik\",\"item\":\"https:\/\/babylove.se\/no\/butik\/\"},{\"@type\":\"ListItem\",\"position\":3,\"name\":\"Lamps&#038;Company, Gulvlampe mustard lin\"}]},{\"@type\":\"WebSite\",\"@id\":\"https:\/\/babylove.se\/no\/#website\",\"url\":\"https:\/\/babylove.se\/no\/\",\"name\":\"Babylove Norska\",\"description\":\"\",\"potentialAction\":[{\"@type\":\"SearchAction\",\"target\":{\"@type\":\"EntryPoint\",\"urlTemplate\":\"https:\/\/babylove.se\/no\/?s={search_term_string}\"},\"query-input\":{\"@type\":\"PropertyValueSpecification\",\"valueRequired\":true,\"valueName\":\"search_term_string\"}}],\"inLanguage\":\"nb-NO\"}]}<\/script>\n<meta property=\"product:brand\" content=\"Lamps &amp; Co\" \/>\n<meta property=\"product:price:amount\" content=\"3399.00\" \/>\n<meta property=\"product:price:currency\" content=\"SEK\" \/>\n<meta property=\"og:availability\" content=\"instock\" \/>\n<meta property=\"product:availability\" content=\"instock\" \/>\n<meta property=\"product:retailer_item_id\" content=\"4612\" \/>\n<meta property=\"product:condition\" content=\"new\" \/>\n<!-- \/ Yoast SEO Premium plugin. -->","yoast_head_json":{"title":"Lamps&Company, Gulvlampe mustard lin - Babylove Norska","robots":{"index":"noindex","follow":"follow","max-snippet":"max-snippet:-1","max-image-preview":"max-image-preview:large","max-video-preview":"max-video-preview:-1"},"og_locale":"nb_NO","og_type":"article","og_title":"Lamps&Company, Gulvlampe mustard lin","og_description":"Disse unike gulvlampene er ideelle for barnerommet som et supplement til \u00f8vrig belysning og vil gi barnerommet b\u00e5de varme og hjemmekos. Sengelampen er laget i b\u00f8ketre og tekstilet p\u00e5 lampeskjermen er laget i 100 % lin. Lampen fungerer utmerket sammen med andre produkter fra samme kolleksjon. M\u00e5l: Lampeskjerm diameter 40 cm, h\u00f8yde 35 cm. Totalt [&hellip;]","og_url":"https:\/\/babylove.se\/no\/produkt\/gulvlampe-mustard-lin\/","og_site_name":"Babylove Norska","article_modified_time":"2026-04-08T10:19:13+00:00","og_image":[{"width":563,"height":750,"url":"https:\/\/babylove.se\/no\/wp-content\/uploads\/sites\/3\/2025\/07\/61166fbd1cbb3.jpeg","type":"image\/jpeg"}],"twitter_card":"summary_large_image","twitter_misc":{"Price":"3 399,00&nbsp;&#107;&#114;","Availability":"In stock"},"schema":{"@context":"https:\/\/schema.org","@graph":[{"@type":"WebPage","@id":"https:\/\/babylove.se\/no\/produkt\/gulvlampe-mustard-lin\/","url":"https:\/\/babylove.se\/no\/produkt\/gulvlampe-mustard-lin\/","name":"Lamps&Company, Gulvlampe mustard lin - Babylove Norska","isPartOf":{"@id":"https:\/\/babylove.se\/no\/#website"},"primaryImageOfPage":{"@id":"https:\/\/babylove.se\/no\/produkt\/gulvlampe-mustard-lin\/#primaryimage"},"image":{"@id":"https:\/\/babylove.se\/no\/produkt\/gulvlampe-mustard-lin\/#primaryimage"},"thumbnailUrl":"https:\/\/babylove.se\/no\/wp-content\/uploads\/sites\/3\/2025\/07\/61166fbd1cbb3.jpeg","datePublished":"2025-07-18T22:29:46+00:00","dateModified":"2026-04-08T10:19:13+00:00","breadcrumb":{"@id":"https:\/\/babylove.se\/no\/produkt\/gulvlampe-mustard-lin\/#breadcrumb"},"inLanguage":"nb-NO","potentialAction":[{"@type":"ReadAction","target":["https:\/\/babylove.se\/no\/produkt\/gulvlampe-mustard-lin\/"]}]},{"@type":"ImageObject","inLanguage":"nb-NO","@id":"https:\/\/babylove.se\/no\/produkt\/gulvlampe-mustard-lin\/#primaryimage","url":"https:\/\/babylove.se\/no\/wp-content\/uploads\/sites\/3\/2025\/07\/61166fbd1cbb3.jpeg","contentUrl":"https:\/\/babylove.se\/no\/wp-content\/uploads\/sites\/3\/2025\/07\/61166fbd1cbb3.jpeg","width":563,"height":750},{"@type":"BreadcrumbList","@id":"https:\/\/babylove.se\/no\/produkt\/gulvlampe-mustard-lin\/#breadcrumb","itemListElement":[{"@type":"ListItem","position":1,"name":"Hem","item":"https:\/\/babylove.se\/no\/"},{"@type":"ListItem","position":2,"name":"Butik","item":"https:\/\/babylove.se\/no\/butik\/"},{"@type":"ListItem","position":3,"name":"Lamps&#038;Company, Gulvlampe mustard lin"}]},{"@type":"WebSite","@id":"https:\/\/babylove.se\/no\/#website","url":"https:\/\/babylove.se\/no\/","name":"Babylove Norska","description":"","potentialAction":[{"@type":"SearchAction","target":{"@type":"EntryPoint","urlTemplate":"https:\/\/babylove.se\/no\/?s={search_term_string}"},"query-input":{"@type":"PropertyValueSpecification","valueRequired":true,"valueName":"search_term_string"}}],"inLanguage":"nb-NO"}]},"product_brand":"Lamps &amp; Co","product_price_amount":"3399.00","product_price_currency":"SEK","og_availability":"instock","product_availability":"instock","product_retailer_item_id":"4612","product_condition":"new"},"_links":{"self":[{"href":"https:\/\/babylove.se\/no\/wp-json\/wp\/v2\/product\/26388","targetHints":{"allow":["GET"]}}],"collection":[{"href":"https:\/\/babylove.se\/no\/wp-json\/wp\/v2\/product"}],"about":[{"href":"https:\/\/babylove.se\/no\/wp-json\/wp\/v2\/types\/product"}],"replies":[{"embeddable":true,"href":"https:\/\/babylove.se\/no\/wp-json\/wp\/v2\/comments?post=26388"}],"wp:featuredmedia":[{"embeddable":true,"href":"https:\/\/babylove.se\/no\/wp-json\/wp\/v2\/media\/26390"}],"wp:attachment":[{"href":"https:\/\/babylove.se\/no\/wp-json\/wp\/v2\/media?parent=26388"}],"wp:term":[{"taxonomy":"product_brand","embeddable":true,"href":"https:\/\/babylove.se\/no\/wp-json\/wp\/v2\/product_brand?post=26388"},{"taxonomy":"product_cat","embeddable":true,"href":"https:\/\/babylove.se\/no\/wp-json\/wp\/v2\/product_cat?post=26388"},{"taxonomy":"product_tag","embeddable":true,"href":"https:\/\/babylove.se\/no\/wp-json\/wp\/v2\/product_tag?post=26388"}],"curies":[{"name":"wp","href":"https:\/\/api.w.org\/{rel}","templated":true}]}}