{"id":26435,"date":"2025-07-18T23:30:14","date_gmt":"2025-07-18T22:30:14","guid":{"rendered":"https:\/\/babylove.se\/produkt\/bokhylla-med-hjul-vit-hus\/"},"modified":"2026-04-08T11:19:38","modified_gmt":"2026-04-08T10:19:38","slug":"bokhylle-med-hjul-hvitt-hus","status":"publish","type":"product","link":"https:\/\/babylove.se\/no\/produkt\/bokhylle-med-hjul-hvitt-hus\/","title":{"rendered":"Bokhylle med oppbevaringsboks, hvitt hus"},"content":{"rendered":"<p>Praktisk og vakker hvit hushylle konstruert med flere rom av ulik st\u00f8rrelse hvor du og ditt barn kan plassere alle sine ting. Eller hvorfor ikke sette favorittbamsen p\u00e5 beste plass?&nbsp;<\/p>\n<p>Du henger enkelt opp denne hyllen p\u00e5 veggen, men kan selvf\u00f8lgelig ha den st\u00e5ende p\u00e5 gulvet i stedet, eller hvorfor ikke stille den p\u00e5 en fin kommode. Uansett hva du velger \u00e5 gj\u00f8re s\u00e5 vil den gj\u00f8re det lettere n\u00e5r du vil innrede barnerommet p\u00e5 en vakker m\u00e5te. Oppbevaringsboksen rulles ut p\u00e5 hjul.&nbsp;<\/p>\n<p><strong>M\u00e5l<\/strong>: 99 x 75 x 24 cm<\/p>\n<p><strong>Materiale<\/strong>: Hvitlakkert tre.<\/p>\n","protected":false},"excerpt":{"rendered":"<p>Praktisk og vakker hvit hushylle konstruert med flere rom av ulik st\u00f8rrelse hvor du og ditt barn kan plassere alle sine ting. Eller hvorfor ikke sette favorittbamsen p\u00e5 beste plass?&nbsp; Du henger enkelt opp denne hyllen p\u00e5 veggen, men kan selvf\u00f8lgelig ha den st\u00e5ende p\u00e5 gulvet i stedet, eller hvorfor ikke stille den p\u00e5 en [&hellip;]<\/p>\n","protected":false},"featured_media":26437,"comment_status":"closed","ping_status":"open","template":"","meta":{"_acf_changed":false},"product_brand":[972],"product_cat":[973,146,89,87,43],"product_tag":[],"class_list":{"0":"post-26435","1":"product","2":"type-product","3":"status-publish","4":"has-post-thumbnail","6":"product_brand-atmosphera","7":"product_cat-atmosphera","8":"product_cat-bokoppbevaring","9":"product_cat-dukkehus","10":"product_cat-hyller","11":"product_cat-oppbevaringskurver","13":"first","14":"outofstock","15":"taxable","16":"shipping-taxable","17":"purchasable","18":"product-type-simple"},"acf":[],"yoast_head":"<!-- This site is optimized with the Yoast SEO Premium plugin v25.8 (Yoast SEO v27.2) - https:\/\/yoast.com\/product\/yoast-seo-premium-wordpress\/ -->\n<title>Bokhylle med oppbevaringsboks, hvitt hus - Babylove Norska<\/title>\n<meta name=\"robots\" content=\"noindex, follow, max-snippet:-1, max-image-preview:large, max-video-preview:-1\" \/>\n<meta property=\"og:locale\" content=\"nb_NO\" \/>\n<meta property=\"og:type\" content=\"article\" \/>\n<meta property=\"og:title\" content=\"Bokhylle med oppbevaringsboks, hvitt hus\" \/>\n<meta property=\"og:description\" content=\"Praktisk og vakker hvit hushylle konstruert med flere rom av ulik st\u00f8rrelse hvor du og ditt barn kan plassere alle sine ting. Eller hvorfor ikke sette favorittbamsen p\u00e5 beste plass?&nbsp; Du henger enkelt opp denne hyllen p\u00e5 veggen, men kan selvf\u00f8lgelig ha den st\u00e5ende p\u00e5 gulvet i stedet, eller hvorfor ikke stille den p\u00e5 en [&hellip;]\" \/>\n<meta property=\"og:url\" content=\"https:\/\/babylove.se\/no\/produkt\/bokhylle-med-hjul-hvitt-hus\/\" \/>\n<meta property=\"og:site_name\" content=\"Babylove Norska\" \/>\n<meta property=\"article:modified_time\" content=\"2026-04-08T10:19:38+00:00\" \/>\n<meta property=\"og:image\" content=\"https:\/\/babylove.se\/no\/wp-content\/uploads\/sites\/3\/2025\/07\/6116d3ebf40c1.jpeg\" \/>\n\t<meta property=\"og:image:width\" content=\"750\" \/>\n\t<meta property=\"og:image:height\" content=\"750\" \/>\n\t<meta property=\"og:image:type\" content=\"image\/jpeg\" \/>\n<meta name=\"twitter:card\" content=\"summary_large_image\" \/>\n<meta name=\"twitter:label1\" content=\"Price\" \/>\n\t<meta name=\"twitter:data1\" content=\"1 499,00&nbsp;&#107;&#114;\" \/>\n\t<meta name=\"twitter:label2\" content=\"Availability\" \/>\n\t<meta name=\"twitter:data2\" content=\"Out of stock\" \/>\n<script type=\"application\/ld+json\" class=\"yoast-schema-graph\">{\"@context\":\"https:\/\/schema.org\",\"@graph\":[{\"@type\":\"WebPage\",\"@id\":\"https:\/\/babylove.se\/no\/produkt\/bokhylle-med-hjul-hvitt-hus\/\",\"url\":\"https:\/\/babylove.se\/no\/produkt\/bokhylle-med-hjul-hvitt-hus\/\",\"name\":\"Bokhylle med oppbevaringsboks, hvitt hus - Babylove Norska\",\"isPartOf\":{\"@id\":\"https:\/\/babylove.se\/no\/#website\"},\"primaryImageOfPage\":{\"@id\":\"https:\/\/babylove.se\/no\/produkt\/bokhylle-med-hjul-hvitt-hus\/#primaryimage\"},\"image\":{\"@id\":\"https:\/\/babylove.se\/no\/produkt\/bokhylle-med-hjul-hvitt-hus\/#primaryimage\"},\"thumbnailUrl\":\"https:\/\/babylove.se\/no\/wp-content\/uploads\/sites\/3\/2025\/07\/6116d3ebf40c1.jpeg\",\"datePublished\":\"2025-07-18T22:30:14+00:00\",\"dateModified\":\"2026-04-08T10:19:38+00:00\",\"breadcrumb\":{\"@id\":\"https:\/\/babylove.se\/no\/produkt\/bokhylle-med-hjul-hvitt-hus\/#breadcrumb\"},\"inLanguage\":\"nb-NO\",\"potentialAction\":[{\"@type\":\"ReadAction\",\"target\":[\"https:\/\/babylove.se\/no\/produkt\/bokhylle-med-hjul-hvitt-hus\/\"]}]},{\"@type\":\"ImageObject\",\"inLanguage\":\"nb-NO\",\"@id\":\"https:\/\/babylove.se\/no\/produkt\/bokhylle-med-hjul-hvitt-hus\/#primaryimage\",\"url\":\"https:\/\/babylove.se\/no\/wp-content\/uploads\/sites\/3\/2025\/07\/6116d3ebf40c1.jpeg\",\"contentUrl\":\"https:\/\/babylove.se\/no\/wp-content\/uploads\/sites\/3\/2025\/07\/6116d3ebf40c1.jpeg\",\"width\":750,\"height\":750},{\"@type\":\"BreadcrumbList\",\"@id\":\"https:\/\/babylove.se\/no\/produkt\/bokhylle-med-hjul-hvitt-hus\/#breadcrumb\",\"itemListElement\":[{\"@type\":\"ListItem\",\"position\":1,\"name\":\"Hem\",\"item\":\"https:\/\/babylove.se\/no\/\"},{\"@type\":\"ListItem\",\"position\":2,\"name\":\"Butik\",\"item\":\"https:\/\/babylove.se\/no\/butik\/\"},{\"@type\":\"ListItem\",\"position\":3,\"name\":\"Bokhylle med oppbevaringsboks, hvitt hus\"}]},{\"@type\":\"WebSite\",\"@id\":\"https:\/\/babylove.se\/no\/#website\",\"url\":\"https:\/\/babylove.se\/no\/\",\"name\":\"Babylove Norska\",\"description\":\"\",\"potentialAction\":[{\"@type\":\"SearchAction\",\"target\":{\"@type\":\"EntryPoint\",\"urlTemplate\":\"https:\/\/babylove.se\/no\/?s={search_term_string}\"},\"query-input\":{\"@type\":\"PropertyValueSpecification\",\"valueRequired\":true,\"valueName\":\"search_term_string\"}}],\"inLanguage\":\"nb-NO\"}]}<\/script>\n<meta property=\"product:brand\" content=\"Atmosphera\" \/>\n<meta property=\"product:price:amount\" content=\"1499.00\" \/>\n<meta property=\"product:price:currency\" content=\"SEK\" \/>\n<meta property=\"og:availability\" content=\"out of stock\" \/>\n<meta property=\"product:availability\" content=\"out of stock\" \/>\n<meta property=\"product:retailer_item_id\" content=\"174134\" \/>\n<meta property=\"product:condition\" content=\"new\" \/>\n<!-- \/ Yoast SEO Premium plugin. -->","yoast_head_json":{"title":"Bokhylle med oppbevaringsboks, hvitt hus - Babylove Norska","robots":{"index":"noindex","follow":"follow","max-snippet":"max-snippet:-1","max-image-preview":"max-image-preview:large","max-video-preview":"max-video-preview:-1"},"og_locale":"nb_NO","og_type":"article","og_title":"Bokhylle med oppbevaringsboks, hvitt hus","og_description":"Praktisk og vakker hvit hushylle konstruert med flere rom av ulik st\u00f8rrelse hvor du og ditt barn kan plassere alle sine ting. Eller hvorfor ikke sette favorittbamsen p\u00e5 beste plass?&nbsp; Du henger enkelt opp denne hyllen p\u00e5 veggen, men kan selvf\u00f8lgelig ha den st\u00e5ende p\u00e5 gulvet i stedet, eller hvorfor ikke stille den p\u00e5 en [&hellip;]","og_url":"https:\/\/babylove.se\/no\/produkt\/bokhylle-med-hjul-hvitt-hus\/","og_site_name":"Babylove Norska","article_modified_time":"2026-04-08T10:19:38+00:00","og_image":[{"width":750,"height":750,"url":"https:\/\/babylove.se\/no\/wp-content\/uploads\/sites\/3\/2025\/07\/6116d3ebf40c1.jpeg","type":"image\/jpeg"}],"twitter_card":"summary_large_image","twitter_misc":{"Price":"1 499,00&nbsp;&#107;&#114;","Availability":"Out of stock"},"schema":{"@context":"https:\/\/schema.org","@graph":[{"@type":"WebPage","@id":"https:\/\/babylove.se\/no\/produkt\/bokhylle-med-hjul-hvitt-hus\/","url":"https:\/\/babylove.se\/no\/produkt\/bokhylle-med-hjul-hvitt-hus\/","name":"Bokhylle med oppbevaringsboks, hvitt hus - Babylove Norska","isPartOf":{"@id":"https:\/\/babylove.se\/no\/#website"},"primaryImageOfPage":{"@id":"https:\/\/babylove.se\/no\/produkt\/bokhylle-med-hjul-hvitt-hus\/#primaryimage"},"image":{"@id":"https:\/\/babylove.se\/no\/produkt\/bokhylle-med-hjul-hvitt-hus\/#primaryimage"},"thumbnailUrl":"https:\/\/babylove.se\/no\/wp-content\/uploads\/sites\/3\/2025\/07\/6116d3ebf40c1.jpeg","datePublished":"2025-07-18T22:30:14+00:00","dateModified":"2026-04-08T10:19:38+00:00","breadcrumb":{"@id":"https:\/\/babylove.se\/no\/produkt\/bokhylle-med-hjul-hvitt-hus\/#breadcrumb"},"inLanguage":"nb-NO","potentialAction":[{"@type":"ReadAction","target":["https:\/\/babylove.se\/no\/produkt\/bokhylle-med-hjul-hvitt-hus\/"]}]},{"@type":"ImageObject","inLanguage":"nb-NO","@id":"https:\/\/babylove.se\/no\/produkt\/bokhylle-med-hjul-hvitt-hus\/#primaryimage","url":"https:\/\/babylove.se\/no\/wp-content\/uploads\/sites\/3\/2025\/07\/6116d3ebf40c1.jpeg","contentUrl":"https:\/\/babylove.se\/no\/wp-content\/uploads\/sites\/3\/2025\/07\/6116d3ebf40c1.jpeg","width":750,"height":750},{"@type":"BreadcrumbList","@id":"https:\/\/babylove.se\/no\/produkt\/bokhylle-med-hjul-hvitt-hus\/#breadcrumb","itemListElement":[{"@type":"ListItem","position":1,"name":"Hem","item":"https:\/\/babylove.se\/no\/"},{"@type":"ListItem","position":2,"name":"Butik","item":"https:\/\/babylove.se\/no\/butik\/"},{"@type":"ListItem","position":3,"name":"Bokhylle med oppbevaringsboks, hvitt hus"}]},{"@type":"WebSite","@id":"https:\/\/babylove.se\/no\/#website","url":"https:\/\/babylove.se\/no\/","name":"Babylove Norska","description":"","potentialAction":[{"@type":"SearchAction","target":{"@type":"EntryPoint","urlTemplate":"https:\/\/babylove.se\/no\/?s={search_term_string}"},"query-input":{"@type":"PropertyValueSpecification","valueRequired":true,"valueName":"search_term_string"}}],"inLanguage":"nb-NO"}]},"product_brand":"Atmosphera","product_price_amount":"1499.00","product_price_currency":"SEK","og_availability":"out of stock","product_availability":"out of stock","product_retailer_item_id":"174134","product_condition":"new"},"_links":{"self":[{"href":"https:\/\/babylove.se\/no\/wp-json\/wp\/v2\/product\/26435","targetHints":{"allow":["GET"]}}],"collection":[{"href":"https:\/\/babylove.se\/no\/wp-json\/wp\/v2\/product"}],"about":[{"href":"https:\/\/babylove.se\/no\/wp-json\/wp\/v2\/types\/product"}],"replies":[{"embeddable":true,"href":"https:\/\/babylove.se\/no\/wp-json\/wp\/v2\/comments?post=26435"}],"wp:featuredmedia":[{"embeddable":true,"href":"https:\/\/babylove.se\/no\/wp-json\/wp\/v2\/media\/26437"}],"wp:attachment":[{"href":"https:\/\/babylove.se\/no\/wp-json\/wp\/v2\/media?parent=26435"}],"wp:term":[{"taxonomy":"product_brand","embeddable":true,"href":"https:\/\/babylove.se\/no\/wp-json\/wp\/v2\/product_brand?post=26435"},{"taxonomy":"product_cat","embeddable":true,"href":"https:\/\/babylove.se\/no\/wp-json\/wp\/v2\/product_cat?post=26435"},{"taxonomy":"product_tag","embeddable":true,"href":"https:\/\/babylove.se\/no\/wp-json\/wp\/v2\/product_tag?post=26435"}],"curies":[{"name":"wp","href":"https:\/\/api.w.org\/{rel}","templated":true}]}}