{"id":26461,"date":"2025-07-18T23:30:35","date_gmt":"2025-07-18T22:30:35","guid":{"rendered":"https:\/\/babylove.se\/produkt\/forvaringsbank-vit\/"},"modified":"2026-04-08T11:19:56","modified_gmt":"2026-04-08T10:19:56","slug":"oppbevaringsbank-hvit","status":"publish","type":"product","link":"https:\/\/babylove.se\/no\/produkt\/oppbevaringsbank-hvit\/","title":{"rendered":"Oppbevaringsbenk hvit"},"content":{"rendered":"<p>En smart kombinasjon av oppbevaring og mini-benk, helt tilpasset barnerommet. Et optimalt m\u00f8bel \u00e5 innrede med.<span lang=\"en\"><span title=\"Charakteryzuje si? r\u00f3wnie? du?? odporno?ci? na ?cieranie. \"><br \/><\/span><\/span><\/p>\n<p><span lang=\"en\"><span title=\"Przywi?zana jest w dw\u00f3ch miejscach do siedziska co uniemo?liwi jej zsuwanie si? przy otwieraniu kufra. \">Oppbevaringen under er romslig, og det f\u00e5r plass flere ting enn du tror, perfekt for \u00e5 hjelpe barnet med \u00e5 holde orden i rommet sitt.<\/span><\/span><\/p>\n<p><strong>M\u00e5l:<\/strong> 74 x 34 x 64 cm&nbsp;<\/p>\n<p><strong>Materiale<\/strong>: Tre<\/p>\n","protected":false},"excerpt":{"rendered":"<p>En smart kombinasjon av oppbevaring og mini-benk, helt tilpasset barnerommet. Et optimalt m\u00f8bel \u00e5 innrede med. Oppbevaringen under er romslig, og det f\u00e5r plass flere ting enn du tror, perfekt for \u00e5 hjelpe barnet med \u00e5 holde orden i rommet sitt. M\u00e5l: 74 x 34 x 64 cm&nbsp; Materiale: Tre<\/p>\n","protected":false},"featured_media":26463,"comment_status":"closed","ping_status":"open","template":"","meta":{"_acf_changed":false},"product_brand":[972],"product_cat":[973,79,814,43],"product_tag":[],"class_list":{"0":"post-26461","1":"product","2":"type-product","3":"status-publish","4":"has-post-thumbnail","6":"product_brand-atmosphera","7":"product_cat-atmosphera","8":"product_cat-barnemobler","9":"product_cat-oppbevaringsbenker","10":"product_cat-oppbevaringskurver","12":"first","13":"instock","14":"taxable","15":"shipping-taxable","16":"purchasable","17":"product-type-simple"},"acf":[],"yoast_head":"<!-- This site is optimized with the Yoast SEO Premium plugin v25.8 (Yoast SEO v27.2) - https:\/\/yoast.com\/product\/yoast-seo-premium-wordpress\/ -->\n<title>Oppbevaringsbenk hvit - Babylove Norska<\/title>\n<meta name=\"robots\" content=\"noindex, follow, max-snippet:-1, max-image-preview:large, max-video-preview:-1\" \/>\n<meta property=\"og:locale\" content=\"nb_NO\" \/>\n<meta property=\"og:type\" content=\"article\" \/>\n<meta property=\"og:title\" content=\"Oppbevaringsbenk hvit\" \/>\n<meta property=\"og:description\" content=\"En smart kombinasjon av oppbevaring og mini-benk, helt tilpasset barnerommet. Et optimalt m\u00f8bel \u00e5 innrede med. Oppbevaringen under er romslig, og det f\u00e5r plass flere ting enn du tror, perfekt for \u00e5 hjelpe barnet med \u00e5 holde orden i rommet sitt. M\u00e5l: 74 x 34 x 64 cm&nbsp; Materiale: Tre\" \/>\n<meta property=\"og:url\" content=\"https:\/\/babylove.se\/no\/produkt\/oppbevaringsbank-hvit\/\" \/>\n<meta property=\"og:site_name\" content=\"Babylove Norska\" \/>\n<meta property=\"article:modified_time\" content=\"2026-04-08T10:19:56+00:00\" \/>\n<meta property=\"og:image\" content=\"https:\/\/babylove.se\/no\/wp-content\/uploads\/sites\/3\/2025\/07\/6116e1ba51ba8.jpeg\" \/>\n\t<meta property=\"og:image:width\" content=\"750\" \/>\n\t<meta property=\"og:image:height\" content=\"750\" \/>\n\t<meta property=\"og:image:type\" content=\"image\/jpeg\" \/>\n<meta name=\"twitter:card\" content=\"summary_large_image\" \/>\n<meta name=\"twitter:label1\" content=\"Price\" \/>\n\t<meta name=\"twitter:data1\" content=\"1 199,00&nbsp;&#107;&#114;\" \/>\n\t<meta name=\"twitter:label2\" content=\"Availability\" \/>\n\t<meta name=\"twitter:data2\" content=\"In stock\" \/>\n<script type=\"application\/ld+json\" class=\"yoast-schema-graph\">{\"@context\":\"https:\/\/schema.org\",\"@graph\":[{\"@type\":\"WebPage\",\"@id\":\"https:\/\/babylove.se\/no\/produkt\/oppbevaringsbank-hvit\/\",\"url\":\"https:\/\/babylove.se\/no\/produkt\/oppbevaringsbank-hvit\/\",\"name\":\"Oppbevaringsbenk hvit - Babylove Norska\",\"isPartOf\":{\"@id\":\"https:\/\/babylove.se\/no\/#website\"},\"primaryImageOfPage\":{\"@id\":\"https:\/\/babylove.se\/no\/produkt\/oppbevaringsbank-hvit\/#primaryimage\"},\"image\":{\"@id\":\"https:\/\/babylove.se\/no\/produkt\/oppbevaringsbank-hvit\/#primaryimage\"},\"thumbnailUrl\":\"https:\/\/babylove.se\/no\/wp-content\/uploads\/sites\/3\/2025\/07\/6116e1ba51ba8.jpeg\",\"datePublished\":\"2025-07-18T22:30:35+00:00\",\"dateModified\":\"2026-04-08T10:19:56+00:00\",\"breadcrumb\":{\"@id\":\"https:\/\/babylove.se\/no\/produkt\/oppbevaringsbank-hvit\/#breadcrumb\"},\"inLanguage\":\"nb-NO\",\"potentialAction\":[{\"@type\":\"ReadAction\",\"target\":[\"https:\/\/babylove.se\/no\/produkt\/oppbevaringsbank-hvit\/\"]}]},{\"@type\":\"ImageObject\",\"inLanguage\":\"nb-NO\",\"@id\":\"https:\/\/babylove.se\/no\/produkt\/oppbevaringsbank-hvit\/#primaryimage\",\"url\":\"https:\/\/babylove.se\/no\/wp-content\/uploads\/sites\/3\/2025\/07\/6116e1ba51ba8.jpeg\",\"contentUrl\":\"https:\/\/babylove.se\/no\/wp-content\/uploads\/sites\/3\/2025\/07\/6116e1ba51ba8.jpeg\",\"width\":750,\"height\":750},{\"@type\":\"BreadcrumbList\",\"@id\":\"https:\/\/babylove.se\/no\/produkt\/oppbevaringsbank-hvit\/#breadcrumb\",\"itemListElement\":[{\"@type\":\"ListItem\",\"position\":1,\"name\":\"Hem\",\"item\":\"https:\/\/babylove.se\/no\/\"},{\"@type\":\"ListItem\",\"position\":2,\"name\":\"Butik\",\"item\":\"https:\/\/babylove.se\/no\/butik\/\"},{\"@type\":\"ListItem\",\"position\":3,\"name\":\"Oppbevaringsbenk hvit\"}]},{\"@type\":\"WebSite\",\"@id\":\"https:\/\/babylove.se\/no\/#website\",\"url\":\"https:\/\/babylove.se\/no\/\",\"name\":\"Babylove Norska\",\"description\":\"\",\"potentialAction\":[{\"@type\":\"SearchAction\",\"target\":{\"@type\":\"EntryPoint\",\"urlTemplate\":\"https:\/\/babylove.se\/no\/?s={search_term_string}\"},\"query-input\":{\"@type\":\"PropertyValueSpecification\",\"valueRequired\":true,\"valueName\":\"search_term_string\"}}],\"inLanguage\":\"nb-NO\"}]}<\/script>\n<meta property=\"product:brand\" content=\"Atmosphera\" \/>\n<meta property=\"product:price:amount\" content=\"1199.00\" \/>\n<meta property=\"product:price:currency\" content=\"SEK\" \/>\n<meta property=\"og:availability\" content=\"instock\" \/>\n<meta property=\"product:availability\" content=\"instock\" \/>\n<meta property=\"product:retailer_item_id\" content=\"158699\" \/>\n<meta property=\"product:condition\" content=\"new\" \/>\n<!-- \/ Yoast SEO Premium plugin. -->","yoast_head_json":{"title":"Oppbevaringsbenk hvit - Babylove Norska","robots":{"index":"noindex","follow":"follow","max-snippet":"max-snippet:-1","max-image-preview":"max-image-preview:large","max-video-preview":"max-video-preview:-1"},"og_locale":"nb_NO","og_type":"article","og_title":"Oppbevaringsbenk hvit","og_description":"En smart kombinasjon av oppbevaring og mini-benk, helt tilpasset barnerommet. Et optimalt m\u00f8bel \u00e5 innrede med. Oppbevaringen under er romslig, og det f\u00e5r plass flere ting enn du tror, perfekt for \u00e5 hjelpe barnet med \u00e5 holde orden i rommet sitt. M\u00e5l: 74 x 34 x 64 cm&nbsp; Materiale: Tre","og_url":"https:\/\/babylove.se\/no\/produkt\/oppbevaringsbank-hvit\/","og_site_name":"Babylove Norska","article_modified_time":"2026-04-08T10:19:56+00:00","og_image":[{"width":750,"height":750,"url":"https:\/\/babylove.se\/no\/wp-content\/uploads\/sites\/3\/2025\/07\/6116e1ba51ba8.jpeg","type":"image\/jpeg"}],"twitter_card":"summary_large_image","twitter_misc":{"Price":"1 199,00&nbsp;&#107;&#114;","Availability":"In stock"},"schema":{"@context":"https:\/\/schema.org","@graph":[{"@type":"WebPage","@id":"https:\/\/babylove.se\/no\/produkt\/oppbevaringsbank-hvit\/","url":"https:\/\/babylove.se\/no\/produkt\/oppbevaringsbank-hvit\/","name":"Oppbevaringsbenk hvit - Babylove Norska","isPartOf":{"@id":"https:\/\/babylove.se\/no\/#website"},"primaryImageOfPage":{"@id":"https:\/\/babylove.se\/no\/produkt\/oppbevaringsbank-hvit\/#primaryimage"},"image":{"@id":"https:\/\/babylove.se\/no\/produkt\/oppbevaringsbank-hvit\/#primaryimage"},"thumbnailUrl":"https:\/\/babylove.se\/no\/wp-content\/uploads\/sites\/3\/2025\/07\/6116e1ba51ba8.jpeg","datePublished":"2025-07-18T22:30:35+00:00","dateModified":"2026-04-08T10:19:56+00:00","breadcrumb":{"@id":"https:\/\/babylove.se\/no\/produkt\/oppbevaringsbank-hvit\/#breadcrumb"},"inLanguage":"nb-NO","potentialAction":[{"@type":"ReadAction","target":["https:\/\/babylove.se\/no\/produkt\/oppbevaringsbank-hvit\/"]}]},{"@type":"ImageObject","inLanguage":"nb-NO","@id":"https:\/\/babylove.se\/no\/produkt\/oppbevaringsbank-hvit\/#primaryimage","url":"https:\/\/babylove.se\/no\/wp-content\/uploads\/sites\/3\/2025\/07\/6116e1ba51ba8.jpeg","contentUrl":"https:\/\/babylove.se\/no\/wp-content\/uploads\/sites\/3\/2025\/07\/6116e1ba51ba8.jpeg","width":750,"height":750},{"@type":"BreadcrumbList","@id":"https:\/\/babylove.se\/no\/produkt\/oppbevaringsbank-hvit\/#breadcrumb","itemListElement":[{"@type":"ListItem","position":1,"name":"Hem","item":"https:\/\/babylove.se\/no\/"},{"@type":"ListItem","position":2,"name":"Butik","item":"https:\/\/babylove.se\/no\/butik\/"},{"@type":"ListItem","position":3,"name":"Oppbevaringsbenk hvit"}]},{"@type":"WebSite","@id":"https:\/\/babylove.se\/no\/#website","url":"https:\/\/babylove.se\/no\/","name":"Babylove Norska","description":"","potentialAction":[{"@type":"SearchAction","target":{"@type":"EntryPoint","urlTemplate":"https:\/\/babylove.se\/no\/?s={search_term_string}"},"query-input":{"@type":"PropertyValueSpecification","valueRequired":true,"valueName":"search_term_string"}}],"inLanguage":"nb-NO"}]},"product_brand":"Atmosphera","product_price_amount":"1199.00","product_price_currency":"SEK","og_availability":"instock","product_availability":"instock","product_retailer_item_id":"158699","product_condition":"new"},"_links":{"self":[{"href":"https:\/\/babylove.se\/no\/wp-json\/wp\/v2\/product\/26461","targetHints":{"allow":["GET"]}}],"collection":[{"href":"https:\/\/babylove.se\/no\/wp-json\/wp\/v2\/product"}],"about":[{"href":"https:\/\/babylove.se\/no\/wp-json\/wp\/v2\/types\/product"}],"replies":[{"embeddable":true,"href":"https:\/\/babylove.se\/no\/wp-json\/wp\/v2\/comments?post=26461"}],"wp:featuredmedia":[{"embeddable":true,"href":"https:\/\/babylove.se\/no\/wp-json\/wp\/v2\/media\/26463"}],"wp:attachment":[{"href":"https:\/\/babylove.se\/no\/wp-json\/wp\/v2\/media?parent=26461"}],"wp:term":[{"taxonomy":"product_brand","embeddable":true,"href":"https:\/\/babylove.se\/no\/wp-json\/wp\/v2\/product_brand?post=26461"},{"taxonomy":"product_cat","embeddable":true,"href":"https:\/\/babylove.se\/no\/wp-json\/wp\/v2\/product_cat?post=26461"},{"taxonomy":"product_tag","embeddable":true,"href":"https:\/\/babylove.se\/no\/wp-json\/wp\/v2\/product_tag?post=26461"}],"curies":[{"name":"wp","href":"https:\/\/api.w.org\/{rel}","templated":true}]}}