{"id":26580,"date":"2025-07-18T23:31:16","date_gmt":"2025-07-18T22:31:16","guid":{"rendered":"https:\/\/babylove.se\/produkt\/mrs-mighetto-poster-mr-john\/"},"modified":"2026-04-08T11:21:12","modified_gmt":"2026-04-08T10:21:12","slug":"mrs-mighetto-plakat-mr-john","status":"publish","type":"product","link":"https:\/\/babylove.se\/no\/produkt\/mrs-mighetto-plakat-mr-john\/","title":{"rendered":"Mrs Mighetto, plakat Mr John"},"content":{"rendered":"<p>Fantastisk vakker plakat av svenske Mrs Mighetto. Med denne plakaten kan du enkelt skape en unik f\u00f8lelse i barneromsinnredningen din og barnet ditt kommer til \u00e5 elske de sagalignende motivene. <\/p>\n<p>Trykket er gjort p\u00e5 et meget h\u00f8ykvalitativt 170g matt papir, som gj\u00f8r at plakaten bevarer f\u00f8lelsen av akvarell. <\/p>\n<p><strong>M\u00e5l<\/strong>: 50&#215;70 cm <\/p>\n<p>Designer: <a href=\"https:\/\/babylove.se\/varumarken\/mrs-mighetto\">Mrs Mighetto<\/a> <\/p>\n<p>&#8220;<em>?En tidlig morgen da John ble f\u00f8dt, tentes en ny sol p\u00e5 himmelen. I tillegg til den solen som allerede fantes, str\u00e5lte n\u00e5 en betydelig mindre, men m\u00f8rkere, dobbeltgjenger. John er lyset p\u00e5 dagen og m\u00f8rket p\u00e5 natten. Hans sol har mye kraft, styres ved hjelp av Johns tanker og lyser der det trengs. Selv om natten finnes det alltid en gnist lys rundt John og i hans n\u00e6rv\u00e6r er det alltid litt varmere.<\/em>&#8220;<\/p>\n","protected":false},"excerpt":{"rendered":"<p>Fantastisk vakker plakat av svenske Mrs Mighetto. Med denne plakaten kan du enkelt skape en unik f\u00f8lelse i barneromsinnredningen din og barnet ditt kommer til \u00e5 elske de sagalignende motivene. Trykket er gjort p\u00e5 et meget h\u00f8ykvalitativt 170g matt papir, som gj\u00f8r at plakaten bevarer f\u00f8lelsen av akvarell. M\u00e5l: 50&#215;70 cm Designer: Mrs Mighetto &#8220;?En [&hellip;]<\/p>\n","protected":false},"featured_media":26582,"comment_status":"closed","ping_status":"closed","template":"","meta":{"_acf_changed":false},"product_brand":[974],"product_cat":[975,255],"product_tag":[1709],"class_list":{"0":"post-26580","1":"product","2":"type-product","3":"status-publish","4":"has-post-thumbnail","6":"product_brand-mrs-mighetto","7":"product_cat-mrs-mighetto","8":"product_cat-plakater","9":"product_tag-utforsalg","11":"first","12":"instock","13":"taxable","14":"shipping-taxable","15":"purchasable","16":"product-type-simple"},"acf":[],"yoast_head":"<!-- This site is optimized with the Yoast SEO Premium plugin v25.8 (Yoast SEO v27.2) - https:\/\/yoast.com\/product\/yoast-seo-premium-wordpress\/ -->\n<title>Mrs Mighetto, plakat Mr John - Babylove Norska<\/title>\n<meta name=\"robots\" content=\"noindex, follow, max-snippet:-1, max-image-preview:large, max-video-preview:-1\" \/>\n<meta property=\"og:locale\" content=\"nb_NO\" \/>\n<meta property=\"og:type\" content=\"article\" \/>\n<meta property=\"og:title\" content=\"Mrs Mighetto, plakat Mr John\" \/>\n<meta property=\"og:description\" content=\"Fantastisk vakker plakat av svenske Mrs Mighetto. Med denne plakaten kan du enkelt skape en unik f\u00f8lelse i barneromsinnredningen din og barnet ditt kommer til \u00e5 elske de sagalignende motivene. Trykket er gjort p\u00e5 et meget h\u00f8ykvalitativt 170g matt papir, som gj\u00f8r at plakaten bevarer f\u00f8lelsen av akvarell. M\u00e5l: 50&#215;70 cm Designer: Mrs Mighetto &#8220;?En [&hellip;]\" \/>\n<meta property=\"og:url\" content=\"https:\/\/babylove.se\/no\/produkt\/mrs-mighetto-plakat-mr-john\/\" \/>\n<meta property=\"og:site_name\" content=\"Babylove Norska\" \/>\n<meta property=\"article:modified_time\" content=\"2026-04-08T10:21:12+00:00\" \/>\n<meta property=\"og:image\" content=\"https:\/\/babylove.se\/no\/wp-content\/uploads\/sites\/3\/2025\/07\/611bf6f898b41.jpeg\" \/>\n\t<meta property=\"og:image:width\" content=\"500\" \/>\n\t<meta property=\"og:image:height\" content=\"750\" \/>\n\t<meta property=\"og:image:type\" content=\"image\/jpeg\" \/>\n<meta name=\"twitter:card\" content=\"summary_large_image\" \/>\n<meta name=\"twitter:label1\" content=\"Price\" \/>\n\t<meta name=\"twitter:data1\" content=\"449,00&nbsp;&#107;&#114;\" \/>\n\t<meta name=\"twitter:label2\" content=\"Availability\" \/>\n\t<meta name=\"twitter:data2\" content=\"In stock\" \/>\n<script type=\"application\/ld+json\" class=\"yoast-schema-graph\">{\"@context\":\"https:\/\/schema.org\",\"@graph\":[{\"@type\":\"WebPage\",\"@id\":\"https:\/\/babylove.se\/no\/produkt\/mrs-mighetto-plakat-mr-john\/\",\"url\":\"https:\/\/babylove.se\/no\/produkt\/mrs-mighetto-plakat-mr-john\/\",\"name\":\"Mrs Mighetto, plakat Mr John - Babylove Norska\",\"isPartOf\":{\"@id\":\"https:\/\/babylove.se\/no\/#website\"},\"primaryImageOfPage\":{\"@id\":\"https:\/\/babylove.se\/no\/produkt\/mrs-mighetto-plakat-mr-john\/#primaryimage\"},\"image\":{\"@id\":\"https:\/\/babylove.se\/no\/produkt\/mrs-mighetto-plakat-mr-john\/#primaryimage\"},\"thumbnailUrl\":\"https:\/\/babylove.se\/no\/wp-content\/uploads\/sites\/3\/2025\/07\/611bf6f898b41.jpeg\",\"datePublished\":\"2025-07-18T22:31:16+00:00\",\"dateModified\":\"2026-04-08T10:21:12+00:00\",\"breadcrumb\":{\"@id\":\"https:\/\/babylove.se\/no\/produkt\/mrs-mighetto-plakat-mr-john\/#breadcrumb\"},\"inLanguage\":\"nb-NO\",\"potentialAction\":[{\"@type\":\"ReadAction\",\"target\":[\"https:\/\/babylove.se\/no\/produkt\/mrs-mighetto-plakat-mr-john\/\"]}]},{\"@type\":\"ImageObject\",\"inLanguage\":\"nb-NO\",\"@id\":\"https:\/\/babylove.se\/no\/produkt\/mrs-mighetto-plakat-mr-john\/#primaryimage\",\"url\":\"https:\/\/babylove.se\/no\/wp-content\/uploads\/sites\/3\/2025\/07\/611bf6f898b41.jpeg\",\"contentUrl\":\"https:\/\/babylove.se\/no\/wp-content\/uploads\/sites\/3\/2025\/07\/611bf6f898b41.jpeg\",\"width\":500,\"height\":750},{\"@type\":\"BreadcrumbList\",\"@id\":\"https:\/\/babylove.se\/no\/produkt\/mrs-mighetto-plakat-mr-john\/#breadcrumb\",\"itemListElement\":[{\"@type\":\"ListItem\",\"position\":1,\"name\":\"Hem\",\"item\":\"https:\/\/babylove.se\/no\/\"},{\"@type\":\"ListItem\",\"position\":2,\"name\":\"Butik\",\"item\":\"https:\/\/babylove.se\/no\/butik\/\"},{\"@type\":\"ListItem\",\"position\":3,\"name\":\"Mrs Mighetto, plakat Mr John\"}]},{\"@type\":\"WebSite\",\"@id\":\"https:\/\/babylove.se\/no\/#website\",\"url\":\"https:\/\/babylove.se\/no\/\",\"name\":\"Babylove Norska\",\"description\":\"\",\"potentialAction\":[{\"@type\":\"SearchAction\",\"target\":{\"@type\":\"EntryPoint\",\"urlTemplate\":\"https:\/\/babylove.se\/no\/?s={search_term_string}\"},\"query-input\":{\"@type\":\"PropertyValueSpecification\",\"valueRequired\":true,\"valueName\":\"search_term_string\"}}],\"inLanguage\":\"nb-NO\"}]}<\/script>\n<meta property=\"product:brand\" content=\"Mrs Mighetto\" \/>\n<meta property=\"product:price:amount\" content=\"449.00\" \/>\n<meta property=\"product:price:currency\" content=\"SEK\" \/>\n<meta property=\"og:availability\" content=\"instock\" \/>\n<meta property=\"product:availability\" content=\"instock\" \/>\n<meta property=\"product:retailer_item_id\" content=\"PO-TT-JOHN-5070\" \/>\n<meta property=\"product:condition\" content=\"new\" \/>\n<!-- \/ Yoast SEO Premium plugin. -->","yoast_head_json":{"title":"Mrs Mighetto, plakat Mr John - Babylove Norska","robots":{"index":"noindex","follow":"follow","max-snippet":"max-snippet:-1","max-image-preview":"max-image-preview:large","max-video-preview":"max-video-preview:-1"},"og_locale":"nb_NO","og_type":"article","og_title":"Mrs Mighetto, plakat Mr John","og_description":"Fantastisk vakker plakat av svenske Mrs Mighetto. Med denne plakaten kan du enkelt skape en unik f\u00f8lelse i barneromsinnredningen din og barnet ditt kommer til \u00e5 elske de sagalignende motivene. Trykket er gjort p\u00e5 et meget h\u00f8ykvalitativt 170g matt papir, som gj\u00f8r at plakaten bevarer f\u00f8lelsen av akvarell. M\u00e5l: 50&#215;70 cm Designer: Mrs Mighetto &#8220;?En [&hellip;]","og_url":"https:\/\/babylove.se\/no\/produkt\/mrs-mighetto-plakat-mr-john\/","og_site_name":"Babylove Norska","article_modified_time":"2026-04-08T10:21:12+00:00","og_image":[{"width":500,"height":750,"url":"https:\/\/babylove.se\/no\/wp-content\/uploads\/sites\/3\/2025\/07\/611bf6f898b41.jpeg","type":"image\/jpeg"}],"twitter_card":"summary_large_image","twitter_misc":{"Price":"449,00&nbsp;&#107;&#114;","Availability":"In stock"},"schema":{"@context":"https:\/\/schema.org","@graph":[{"@type":"WebPage","@id":"https:\/\/babylove.se\/no\/produkt\/mrs-mighetto-plakat-mr-john\/","url":"https:\/\/babylove.se\/no\/produkt\/mrs-mighetto-plakat-mr-john\/","name":"Mrs Mighetto, plakat Mr John - Babylove Norska","isPartOf":{"@id":"https:\/\/babylove.se\/no\/#website"},"primaryImageOfPage":{"@id":"https:\/\/babylove.se\/no\/produkt\/mrs-mighetto-plakat-mr-john\/#primaryimage"},"image":{"@id":"https:\/\/babylove.se\/no\/produkt\/mrs-mighetto-plakat-mr-john\/#primaryimage"},"thumbnailUrl":"https:\/\/babylove.se\/no\/wp-content\/uploads\/sites\/3\/2025\/07\/611bf6f898b41.jpeg","datePublished":"2025-07-18T22:31:16+00:00","dateModified":"2026-04-08T10:21:12+00:00","breadcrumb":{"@id":"https:\/\/babylove.se\/no\/produkt\/mrs-mighetto-plakat-mr-john\/#breadcrumb"},"inLanguage":"nb-NO","potentialAction":[{"@type":"ReadAction","target":["https:\/\/babylove.se\/no\/produkt\/mrs-mighetto-plakat-mr-john\/"]}]},{"@type":"ImageObject","inLanguage":"nb-NO","@id":"https:\/\/babylove.se\/no\/produkt\/mrs-mighetto-plakat-mr-john\/#primaryimage","url":"https:\/\/babylove.se\/no\/wp-content\/uploads\/sites\/3\/2025\/07\/611bf6f898b41.jpeg","contentUrl":"https:\/\/babylove.se\/no\/wp-content\/uploads\/sites\/3\/2025\/07\/611bf6f898b41.jpeg","width":500,"height":750},{"@type":"BreadcrumbList","@id":"https:\/\/babylove.se\/no\/produkt\/mrs-mighetto-plakat-mr-john\/#breadcrumb","itemListElement":[{"@type":"ListItem","position":1,"name":"Hem","item":"https:\/\/babylove.se\/no\/"},{"@type":"ListItem","position":2,"name":"Butik","item":"https:\/\/babylove.se\/no\/butik\/"},{"@type":"ListItem","position":3,"name":"Mrs Mighetto, plakat Mr John"}]},{"@type":"WebSite","@id":"https:\/\/babylove.se\/no\/#website","url":"https:\/\/babylove.se\/no\/","name":"Babylove Norska","description":"","potentialAction":[{"@type":"SearchAction","target":{"@type":"EntryPoint","urlTemplate":"https:\/\/babylove.se\/no\/?s={search_term_string}"},"query-input":{"@type":"PropertyValueSpecification","valueRequired":true,"valueName":"search_term_string"}}],"inLanguage":"nb-NO"}]},"product_brand":"Mrs Mighetto","product_price_amount":"449.00","product_price_currency":"SEK","og_availability":"instock","product_availability":"instock","product_retailer_item_id":"PO-TT-JOHN-5070","product_condition":"new"},"_links":{"self":[{"href":"https:\/\/babylove.se\/no\/wp-json\/wp\/v2\/product\/26580","targetHints":{"allow":["GET"]}}],"collection":[{"href":"https:\/\/babylove.se\/no\/wp-json\/wp\/v2\/product"}],"about":[{"href":"https:\/\/babylove.se\/no\/wp-json\/wp\/v2\/types\/product"}],"replies":[{"embeddable":true,"href":"https:\/\/babylove.se\/no\/wp-json\/wp\/v2\/comments?post=26580"}],"wp:featuredmedia":[{"embeddable":true,"href":"https:\/\/babylove.se\/no\/wp-json\/wp\/v2\/media\/26582"}],"wp:attachment":[{"href":"https:\/\/babylove.se\/no\/wp-json\/wp\/v2\/media?parent=26580"}],"wp:term":[{"taxonomy":"product_brand","embeddable":true,"href":"https:\/\/babylove.se\/no\/wp-json\/wp\/v2\/product_brand?post=26580"},{"taxonomy":"product_cat","embeddable":true,"href":"https:\/\/babylove.se\/no\/wp-json\/wp\/v2\/product_cat?post=26580"},{"taxonomy":"product_tag","embeddable":true,"href":"https:\/\/babylove.se\/no\/wp-json\/wp\/v2\/product_tag?post=26580"}],"curies":[{"name":"wp","href":"https:\/\/api.w.org\/{rel}","templated":true}]}}