{"id":2664,"date":"2025-07-18T20:10:13","date_gmt":"2025-07-18T19:10:13","guid":{"rendered":"https:\/\/babylove.se\/produkt\/kudde-puderrosa-mane-effii-children-world\/"},"modified":"2026-04-08T07:53:10","modified_gmt":"2026-04-08T06:53:10","slug":"pute-pudderrosa-manke-effii-children-world","status":"publish","type":"product","link":"https:\/\/babylove.se\/no\/produkt\/pute-pudderrosa-manke-effii-children-world\/","title":{"rendered":"Pute pudderrosa m\u00e5ne, Effii Children World"},"content":{"rendered":"<p><strong>Pute pudderrosa m\u00e5ne.&nbsp;<\/strong><\/p>\n<p>En liten men fantastisk pute med unike m\u00f8nstre og perfekt p\u00e5 barnerommet allerede fra de f\u00f8rste \u00f8yeblikkene av livet. Puten er uunnv\u00e6rlig p\u00e5 reiser, og fungerer som en stabilisator for barnets hode n\u00e5r det sovner i barnestolen eller barnevognen. I tillegg er puten en meget vakker interi\u00f8rdetalj.&nbsp;<\/p>\n<p><strong>Materiale<\/strong>: 100 % OEKO-TEX bomull med en fylling av silikonkuler<\/p>\n<p><strong>M\u00e5l<\/strong>: &nbsp;28x 24 cm. Puten er enkel \u00e5 holde ren, da trekket er avtakbart og vaskbart.<\/p>\n","protected":false},"excerpt":{"rendered":"<p>Pute pudderrosa m\u00e5ne.&nbsp; En liten men fantastisk pute med unike m\u00f8nstre og perfekt p\u00e5 barnerommet allerede fra de f\u00f8rste \u00f8yeblikkene av livet. Puten er uunnv\u00e6rlig p\u00e5 reiser, og fungerer som en stabilisator for barnets hode n\u00e5r det sovner i barnestolen eller barnevognen. I tillegg er puten en meget vakker interi\u00f8rdetalj.&nbsp; Materiale: 100 % OEKO-TEX bomull [&hellip;]<\/p>\n","protected":false},"featured_media":2666,"comment_status":"closed","ping_status":"open","template":"","meta":{"_acf_changed":false},"product_brand":[46],"product_cat":[23,105,40],"product_tag":[],"class_list":{"0":"post-2664","1":"product","2":"type-product","3":"status-publish","4":"has-post-thumbnail","6":"product_brand-effii-childrens-world","7":"product_cat-barnerom","8":"product_cat-puter","9":"product_cat-soverom-barn","11":"first","12":"outofstock","13":"taxable","14":"shipping-taxable","15":"purchasable","16":"product-type-simple"},"acf":[],"yoast_head":"<!-- This site is optimized with the Yoast SEO Premium plugin v25.8 (Yoast SEO v27.2) - https:\/\/yoast.com\/product\/yoast-seo-premium-wordpress\/ -->\n<title>Pute pudderrosa m\u00e5ne, Effii Children World - Babylove Norska<\/title>\n<meta name=\"robots\" content=\"noindex, follow, max-snippet:-1, max-image-preview:large, max-video-preview:-1\" \/>\n<meta property=\"og:locale\" content=\"nb_NO\" \/>\n<meta property=\"og:type\" content=\"article\" \/>\n<meta property=\"og:title\" content=\"Pute pudderrosa m\u00e5ne, Effii Children World\" \/>\n<meta property=\"og:description\" content=\"Pute pudderrosa m\u00e5ne.&nbsp; En liten men fantastisk pute med unike m\u00f8nstre og perfekt p\u00e5 barnerommet allerede fra de f\u00f8rste \u00f8yeblikkene av livet. Puten er uunnv\u00e6rlig p\u00e5 reiser, og fungerer som en stabilisator for barnets hode n\u00e5r det sovner i barnestolen eller barnevognen. I tillegg er puten en meget vakker interi\u00f8rdetalj.&nbsp; Materiale: 100 % OEKO-TEX bomull [&hellip;]\" \/>\n<meta property=\"og:url\" content=\"https:\/\/babylove.se\/no\/produkt\/pute-pudderrosa-manke-effii-children-world\/\" \/>\n<meta property=\"og:site_name\" content=\"Babylove Norska\" \/>\n<meta property=\"article:modified_time\" content=\"2026-04-08T06:53:10+00:00\" \/>\n<meta property=\"og:image\" content=\"https:\/\/babylove.se\/no\/wp-content\/uploads\/sites\/3\/2025\/07\/58b483ea20119.jpeg\" \/>\n\t<meta property=\"og:image:width\" content=\"750\" \/>\n\t<meta property=\"og:image:height\" content=\"500\" \/>\n\t<meta property=\"og:image:type\" content=\"image\/jpeg\" \/>\n<meta name=\"twitter:card\" content=\"summary_large_image\" \/>\n<meta name=\"twitter:label1\" content=\"Price\" \/>\n\t<meta name=\"twitter:data1\" content=\"269,00&nbsp;&#107;&#114;\" \/>\n\t<meta name=\"twitter:label2\" content=\"Availability\" \/>\n\t<meta name=\"twitter:data2\" content=\"Out of stock\" \/>\n<script type=\"application\/ld+json\" class=\"yoast-schema-graph\">{\"@context\":\"https:\/\/schema.org\",\"@graph\":[{\"@type\":\"WebPage\",\"@id\":\"https:\/\/babylove.se\/no\/produkt\/pute-pudderrosa-manke-effii-children-world\/\",\"url\":\"https:\/\/babylove.se\/no\/produkt\/pute-pudderrosa-manke-effii-children-world\/\",\"name\":\"Pute pudderrosa m\u00e5ne, Effii Children World - Babylove Norska\",\"isPartOf\":{\"@id\":\"https:\/\/babylove.se\/no\/#website\"},\"primaryImageOfPage\":{\"@id\":\"https:\/\/babylove.se\/no\/produkt\/pute-pudderrosa-manke-effii-children-world\/#primaryimage\"},\"image\":{\"@id\":\"https:\/\/babylove.se\/no\/produkt\/pute-pudderrosa-manke-effii-children-world\/#primaryimage\"},\"thumbnailUrl\":\"https:\/\/babylove.se\/no\/wp-content\/uploads\/sites\/3\/2025\/07\/58b483ea20119.jpeg\",\"datePublished\":\"2025-07-18T19:10:13+00:00\",\"dateModified\":\"2026-04-08T06:53:10+00:00\",\"breadcrumb\":{\"@id\":\"https:\/\/babylove.se\/no\/produkt\/pute-pudderrosa-manke-effii-children-world\/#breadcrumb\"},\"inLanguage\":\"nb-NO\",\"potentialAction\":[{\"@type\":\"ReadAction\",\"target\":[\"https:\/\/babylove.se\/no\/produkt\/pute-pudderrosa-manke-effii-children-world\/\"]}]},{\"@type\":\"ImageObject\",\"inLanguage\":\"nb-NO\",\"@id\":\"https:\/\/babylove.se\/no\/produkt\/pute-pudderrosa-manke-effii-children-world\/#primaryimage\",\"url\":\"https:\/\/babylove.se\/no\/wp-content\/uploads\/sites\/3\/2025\/07\/58b483ea20119.jpeg\",\"contentUrl\":\"https:\/\/babylove.se\/no\/wp-content\/uploads\/sites\/3\/2025\/07\/58b483ea20119.jpeg\",\"width\":750,\"height\":500},{\"@type\":\"BreadcrumbList\",\"@id\":\"https:\/\/babylove.se\/no\/produkt\/pute-pudderrosa-manke-effii-children-world\/#breadcrumb\",\"itemListElement\":[{\"@type\":\"ListItem\",\"position\":1,\"name\":\"Hem\",\"item\":\"https:\/\/babylove.se\/no\/\"},{\"@type\":\"ListItem\",\"position\":2,\"name\":\"Butik\",\"item\":\"https:\/\/babylove.se\/no\/butik\/\"},{\"@type\":\"ListItem\",\"position\":3,\"name\":\"Pute pudderrosa m\u00e5ne, Effii Children World\"}]},{\"@type\":\"WebSite\",\"@id\":\"https:\/\/babylove.se\/no\/#website\",\"url\":\"https:\/\/babylove.se\/no\/\",\"name\":\"Babylove Norska\",\"description\":\"\",\"potentialAction\":[{\"@type\":\"SearchAction\",\"target\":{\"@type\":\"EntryPoint\",\"urlTemplate\":\"https:\/\/babylove.se\/no\/?s={search_term_string}\"},\"query-input\":{\"@type\":\"PropertyValueSpecification\",\"valueRequired\":true,\"valueName\":\"search_term_string\"}}],\"inLanguage\":\"nb-NO\"}]}<\/script>\n<meta property=\"product:brand\" content=\"Effii Children&#039;s World\" \/>\n<meta property=\"product:price:amount\" content=\"269.00\" \/>\n<meta property=\"product:price:currency\" content=\"SEK\" \/>\n<meta property=\"og:availability\" content=\"out of stock\" \/>\n<meta property=\"product:availability\" content=\"out of stock\" \/>\n<meta property=\"product:retailer_item_id\" content=\"1016\" \/>\n<meta property=\"product:condition\" content=\"new\" \/>\n<!-- \/ Yoast SEO Premium plugin. -->","yoast_head_json":{"title":"Pute pudderrosa m\u00e5ne, Effii Children World - Babylove Norska","robots":{"index":"noindex","follow":"follow","max-snippet":"max-snippet:-1","max-image-preview":"max-image-preview:large","max-video-preview":"max-video-preview:-1"},"og_locale":"nb_NO","og_type":"article","og_title":"Pute pudderrosa m\u00e5ne, Effii Children World","og_description":"Pute pudderrosa m\u00e5ne.&nbsp; En liten men fantastisk pute med unike m\u00f8nstre og perfekt p\u00e5 barnerommet allerede fra de f\u00f8rste \u00f8yeblikkene av livet. Puten er uunnv\u00e6rlig p\u00e5 reiser, og fungerer som en stabilisator for barnets hode n\u00e5r det sovner i barnestolen eller barnevognen. I tillegg er puten en meget vakker interi\u00f8rdetalj.&nbsp; Materiale: 100 % OEKO-TEX bomull [&hellip;]","og_url":"https:\/\/babylove.se\/no\/produkt\/pute-pudderrosa-manke-effii-children-world\/","og_site_name":"Babylove Norska","article_modified_time":"2026-04-08T06:53:10+00:00","og_image":[{"width":750,"height":500,"url":"https:\/\/babylove.se\/no\/wp-content\/uploads\/sites\/3\/2025\/07\/58b483ea20119.jpeg","type":"image\/jpeg"}],"twitter_card":"summary_large_image","twitter_misc":{"Price":"269,00&nbsp;&#107;&#114;","Availability":"Out of stock"},"schema":{"@context":"https:\/\/schema.org","@graph":[{"@type":"WebPage","@id":"https:\/\/babylove.se\/no\/produkt\/pute-pudderrosa-manke-effii-children-world\/","url":"https:\/\/babylove.se\/no\/produkt\/pute-pudderrosa-manke-effii-children-world\/","name":"Pute pudderrosa m\u00e5ne, Effii Children World - Babylove Norska","isPartOf":{"@id":"https:\/\/babylove.se\/no\/#website"},"primaryImageOfPage":{"@id":"https:\/\/babylove.se\/no\/produkt\/pute-pudderrosa-manke-effii-children-world\/#primaryimage"},"image":{"@id":"https:\/\/babylove.se\/no\/produkt\/pute-pudderrosa-manke-effii-children-world\/#primaryimage"},"thumbnailUrl":"https:\/\/babylove.se\/no\/wp-content\/uploads\/sites\/3\/2025\/07\/58b483ea20119.jpeg","datePublished":"2025-07-18T19:10:13+00:00","dateModified":"2026-04-08T06:53:10+00:00","breadcrumb":{"@id":"https:\/\/babylove.se\/no\/produkt\/pute-pudderrosa-manke-effii-children-world\/#breadcrumb"},"inLanguage":"nb-NO","potentialAction":[{"@type":"ReadAction","target":["https:\/\/babylove.se\/no\/produkt\/pute-pudderrosa-manke-effii-children-world\/"]}]},{"@type":"ImageObject","inLanguage":"nb-NO","@id":"https:\/\/babylove.se\/no\/produkt\/pute-pudderrosa-manke-effii-children-world\/#primaryimage","url":"https:\/\/babylove.se\/no\/wp-content\/uploads\/sites\/3\/2025\/07\/58b483ea20119.jpeg","contentUrl":"https:\/\/babylove.se\/no\/wp-content\/uploads\/sites\/3\/2025\/07\/58b483ea20119.jpeg","width":750,"height":500},{"@type":"BreadcrumbList","@id":"https:\/\/babylove.se\/no\/produkt\/pute-pudderrosa-manke-effii-children-world\/#breadcrumb","itemListElement":[{"@type":"ListItem","position":1,"name":"Hem","item":"https:\/\/babylove.se\/no\/"},{"@type":"ListItem","position":2,"name":"Butik","item":"https:\/\/babylove.se\/no\/butik\/"},{"@type":"ListItem","position":3,"name":"Pute pudderrosa m\u00e5ne, Effii Children World"}]},{"@type":"WebSite","@id":"https:\/\/babylove.se\/no\/#website","url":"https:\/\/babylove.se\/no\/","name":"Babylove Norska","description":"","potentialAction":[{"@type":"SearchAction","target":{"@type":"EntryPoint","urlTemplate":"https:\/\/babylove.se\/no\/?s={search_term_string}"},"query-input":{"@type":"PropertyValueSpecification","valueRequired":true,"valueName":"search_term_string"}}],"inLanguage":"nb-NO"}]},"product_brand":"Effii Children's World","product_price_amount":"269.00","product_price_currency":"SEK","og_availability":"out of stock","product_availability":"out of stock","product_retailer_item_id":"1016","product_condition":"new"},"_links":{"self":[{"href":"https:\/\/babylove.se\/no\/wp-json\/wp\/v2\/product\/2664","targetHints":{"allow":["GET"]}}],"collection":[{"href":"https:\/\/babylove.se\/no\/wp-json\/wp\/v2\/product"}],"about":[{"href":"https:\/\/babylove.se\/no\/wp-json\/wp\/v2\/types\/product"}],"replies":[{"embeddable":true,"href":"https:\/\/babylove.se\/no\/wp-json\/wp\/v2\/comments?post=2664"}],"wp:featuredmedia":[{"embeddable":true,"href":"https:\/\/babylove.se\/no\/wp-json\/wp\/v2\/media\/2666"}],"wp:attachment":[{"href":"https:\/\/babylove.se\/no\/wp-json\/wp\/v2\/media?parent=2664"}],"wp:term":[{"taxonomy":"product_brand","embeddable":true,"href":"https:\/\/babylove.se\/no\/wp-json\/wp\/v2\/product_brand?post=2664"},{"taxonomy":"product_cat","embeddable":true,"href":"https:\/\/babylove.se\/no\/wp-json\/wp\/v2\/product_cat?post=2664"},{"taxonomy":"product_tag","embeddable":true,"href":"https:\/\/babylove.se\/no\/wp-json\/wp\/v2\/product_tag?post=2664"}],"curies":[{"name":"wp","href":"https:\/\/api.w.org\/{rel}","templated":true}]}}