{"id":26648,"date":"2025-07-18T23:31:42","date_gmt":"2025-07-18T22:31:42","guid":{"rendered":"https:\/\/babylove.se\/produkt\/mrs-mighetto-poster-dear-whalie\/"},"modified":"2026-04-08T11:21:44","modified_gmt":"2026-04-08T10:21:44","slug":"mrs-mighetto-plakat-kjaere-whalie","status":"publish","type":"product","link":"https:\/\/babylove.se\/no\/produkt\/mrs-mighetto-plakat-kjaere-whalie\/","title":{"rendered":"Mrs Mighetto, plakat Dear Whalie"},"content":{"rendered":"<p>Fantastisk vakker plakat av svenske Mrs Mighetto. Med denne plakaten kan du enkelt skape en unik f\u00f8lelse i barneroms-innredningen din og barnet ditt kommer til \u00e5 elske de eventyrliknende motivene. <\/p>\n<p>Trykket er laget p\u00e5 et meget h\u00f8ykvalitets 170g matt papir, som gj\u00f8r at plakaten bevarer f\u00f8lelsen av akvarell. <\/p>\n<p><strong>M\u00e5l<\/strong>: 50&#215;70 cm <\/p>\n<p>Designer: <a href=\"https:\/\/babylove.se\/varumarken\/mrs-mighetto\">Mrs Mighetto<\/a> <\/p>\n<p>&#8220;?<em>Whalie har alltid f\u00f8lt seg stor og klumpete, en f\u00f8lelse av at han aldri passer inn og alltid tar opp for mye plass. Men i stedet for \u00e5 legge all sin energi p\u00e5 det, har han f\u00e5tt l\u00e6re at alle levende vesener har en spesiell plass \u00e5 fylle, man trenger bare \u00e5 vente p\u00e5 at det rette \u00f8yeblikket skal dukke opp, da vet man det. Da kjenner man det i hvalsjelen.<\/em>&#8220;<\/p>\n","protected":false},"excerpt":{"rendered":"<p>Fantastisk vakker plakat av svenske Mrs Mighetto. Med denne plakaten kan du enkelt skape en unik f\u00f8lelse i barneroms-innredningen din og barnet ditt kommer til \u00e5 elske de eventyrliknende motivene. Trykket er laget p\u00e5 et meget h\u00f8ykvalitets 170g matt papir, som gj\u00f8r at plakaten bevarer f\u00f8lelsen av akvarell. M\u00e5l: 50&#215;70 cm Designer: Mrs Mighetto &#8220;?Whalie [&hellip;]<\/p>\n","protected":false},"featured_media":26650,"comment_status":"closed","ping_status":"closed","template":"","meta":{"_acf_changed":false},"product_brand":[974],"product_cat":[975,255],"product_tag":[],"class_list":{"0":"post-26648","1":"product","2":"type-product","3":"status-publish","4":"has-post-thumbnail","6":"product_brand-mrs-mighetto","7":"product_cat-mrs-mighetto","8":"product_cat-plakater","10":"first","11":"outofstock","12":"taxable","13":"shipping-taxable","14":"purchasable","15":"product-type-simple"},"acf":[],"yoast_head":"<!-- This site is optimized with the Yoast SEO Premium plugin v25.8 (Yoast SEO v27.2) - https:\/\/yoast.com\/product\/yoast-seo-premium-wordpress\/ -->\n<title>Mrs Mighetto, plakat Dear Whalie - Babylove Norska<\/title>\n<meta name=\"robots\" content=\"noindex, follow, max-snippet:-1, max-image-preview:large, max-video-preview:-1\" \/>\n<meta property=\"og:locale\" content=\"nb_NO\" \/>\n<meta property=\"og:type\" content=\"article\" \/>\n<meta property=\"og:title\" content=\"Mrs Mighetto, plakat Dear Whalie\" \/>\n<meta property=\"og:description\" content=\"Fantastisk vakker plakat av svenske Mrs Mighetto. Med denne plakaten kan du enkelt skape en unik f\u00f8lelse i barneroms-innredningen din og barnet ditt kommer til \u00e5 elske de eventyrliknende motivene. Trykket er laget p\u00e5 et meget h\u00f8ykvalitets 170g matt papir, som gj\u00f8r at plakaten bevarer f\u00f8lelsen av akvarell. M\u00e5l: 50&#215;70 cm Designer: Mrs Mighetto &#8220;?Whalie [&hellip;]\" \/>\n<meta property=\"og:url\" content=\"https:\/\/babylove.se\/no\/produkt\/mrs-mighetto-plakat-kjaere-whalie\/\" \/>\n<meta property=\"og:site_name\" content=\"Babylove Norska\" \/>\n<meta property=\"article:modified_time\" content=\"2026-04-08T10:21:44+00:00\" \/>\n<meta property=\"og:image\" content=\"https:\/\/babylove.se\/no\/wp-content\/uploads\/sites\/3\/2025\/07\/611bffa3a81fb.jpeg\" \/>\n\t<meta property=\"og:image:width\" content=\"500\" \/>\n\t<meta property=\"og:image:height\" content=\"750\" \/>\n\t<meta property=\"og:image:type\" content=\"image\/jpeg\" \/>\n<meta name=\"twitter:card\" content=\"summary_large_image\" \/>\n<meta name=\"twitter:label1\" content=\"Price\" \/>\n\t<meta name=\"twitter:data1\" content=\"449,00&nbsp;&#107;&#114;\" \/>\n\t<meta name=\"twitter:label2\" content=\"Availability\" \/>\n\t<meta name=\"twitter:data2\" content=\"Out of stock\" \/>\n<script type=\"application\/ld+json\" class=\"yoast-schema-graph\">{\"@context\":\"https:\/\/schema.org\",\"@graph\":[{\"@type\":\"WebPage\",\"@id\":\"https:\/\/babylove.se\/no\/produkt\/mrs-mighetto-plakat-kjaere-whalie\/\",\"url\":\"https:\/\/babylove.se\/no\/produkt\/mrs-mighetto-plakat-kjaere-whalie\/\",\"name\":\"Mrs Mighetto, plakat Dear Whalie - Babylove Norska\",\"isPartOf\":{\"@id\":\"https:\/\/babylove.se\/no\/#website\"},\"primaryImageOfPage\":{\"@id\":\"https:\/\/babylove.se\/no\/produkt\/mrs-mighetto-plakat-kjaere-whalie\/#primaryimage\"},\"image\":{\"@id\":\"https:\/\/babylove.se\/no\/produkt\/mrs-mighetto-plakat-kjaere-whalie\/#primaryimage\"},\"thumbnailUrl\":\"https:\/\/babylove.se\/no\/wp-content\/uploads\/sites\/3\/2025\/07\/611bffa3a81fb.jpeg\",\"datePublished\":\"2025-07-18T22:31:42+00:00\",\"dateModified\":\"2026-04-08T10:21:44+00:00\",\"breadcrumb\":{\"@id\":\"https:\/\/babylove.se\/no\/produkt\/mrs-mighetto-plakat-kjaere-whalie\/#breadcrumb\"},\"inLanguage\":\"nb-NO\",\"potentialAction\":[{\"@type\":\"ReadAction\",\"target\":[\"https:\/\/babylove.se\/no\/produkt\/mrs-mighetto-plakat-kjaere-whalie\/\"]}]},{\"@type\":\"ImageObject\",\"inLanguage\":\"nb-NO\",\"@id\":\"https:\/\/babylove.se\/no\/produkt\/mrs-mighetto-plakat-kjaere-whalie\/#primaryimage\",\"url\":\"https:\/\/babylove.se\/no\/wp-content\/uploads\/sites\/3\/2025\/07\/611bffa3a81fb.jpeg\",\"contentUrl\":\"https:\/\/babylove.se\/no\/wp-content\/uploads\/sites\/3\/2025\/07\/611bffa3a81fb.jpeg\",\"width\":500,\"height\":750},{\"@type\":\"BreadcrumbList\",\"@id\":\"https:\/\/babylove.se\/no\/produkt\/mrs-mighetto-plakat-kjaere-whalie\/#breadcrumb\",\"itemListElement\":[{\"@type\":\"ListItem\",\"position\":1,\"name\":\"Hem\",\"item\":\"https:\/\/babylove.se\/no\/\"},{\"@type\":\"ListItem\",\"position\":2,\"name\":\"Butik\",\"item\":\"https:\/\/babylove.se\/no\/butik\/\"},{\"@type\":\"ListItem\",\"position\":3,\"name\":\"Mrs Mighetto, plakat Dear Whalie\"}]},{\"@type\":\"WebSite\",\"@id\":\"https:\/\/babylove.se\/no\/#website\",\"url\":\"https:\/\/babylove.se\/no\/\",\"name\":\"Babylove Norska\",\"description\":\"\",\"potentialAction\":[{\"@type\":\"SearchAction\",\"target\":{\"@type\":\"EntryPoint\",\"urlTemplate\":\"https:\/\/babylove.se\/no\/?s={search_term_string}\"},\"query-input\":{\"@type\":\"PropertyValueSpecification\",\"valueRequired\":true,\"valueName\":\"search_term_string\"}}],\"inLanguage\":\"nb-NO\"}]}<\/script>\n<meta property=\"product:brand\" content=\"Mrs Mighetto\" \/>\n<meta property=\"product:price:amount\" content=\"449.00\" \/>\n<meta property=\"product:price:currency\" content=\"SEK\" \/>\n<meta property=\"og:availability\" content=\"out of stock\" \/>\n<meta property=\"product:availability\" content=\"out of stock\" \/>\n<meta property=\"product:retailer_item_id\" content=\"PO-LOB-WHALIE-5070\" \/>\n<meta property=\"product:condition\" content=\"new\" \/>\n<!-- \/ Yoast SEO Premium plugin. -->","yoast_head_json":{"title":"Mrs Mighetto, plakat Dear Whalie - Babylove Norska","robots":{"index":"noindex","follow":"follow","max-snippet":"max-snippet:-1","max-image-preview":"max-image-preview:large","max-video-preview":"max-video-preview:-1"},"og_locale":"nb_NO","og_type":"article","og_title":"Mrs Mighetto, plakat Dear Whalie","og_description":"Fantastisk vakker plakat av svenske Mrs Mighetto. Med denne plakaten kan du enkelt skape en unik f\u00f8lelse i barneroms-innredningen din og barnet ditt kommer til \u00e5 elske de eventyrliknende motivene. Trykket er laget p\u00e5 et meget h\u00f8ykvalitets 170g matt papir, som gj\u00f8r at plakaten bevarer f\u00f8lelsen av akvarell. M\u00e5l: 50&#215;70 cm Designer: Mrs Mighetto &#8220;?Whalie [&hellip;]","og_url":"https:\/\/babylove.se\/no\/produkt\/mrs-mighetto-plakat-kjaere-whalie\/","og_site_name":"Babylove Norska","article_modified_time":"2026-04-08T10:21:44+00:00","og_image":[{"width":500,"height":750,"url":"https:\/\/babylove.se\/no\/wp-content\/uploads\/sites\/3\/2025\/07\/611bffa3a81fb.jpeg","type":"image\/jpeg"}],"twitter_card":"summary_large_image","twitter_misc":{"Price":"449,00&nbsp;&#107;&#114;","Availability":"Out of stock"},"schema":{"@context":"https:\/\/schema.org","@graph":[{"@type":"WebPage","@id":"https:\/\/babylove.se\/no\/produkt\/mrs-mighetto-plakat-kjaere-whalie\/","url":"https:\/\/babylove.se\/no\/produkt\/mrs-mighetto-plakat-kjaere-whalie\/","name":"Mrs Mighetto, plakat Dear Whalie - Babylove Norska","isPartOf":{"@id":"https:\/\/babylove.se\/no\/#website"},"primaryImageOfPage":{"@id":"https:\/\/babylove.se\/no\/produkt\/mrs-mighetto-plakat-kjaere-whalie\/#primaryimage"},"image":{"@id":"https:\/\/babylove.se\/no\/produkt\/mrs-mighetto-plakat-kjaere-whalie\/#primaryimage"},"thumbnailUrl":"https:\/\/babylove.se\/no\/wp-content\/uploads\/sites\/3\/2025\/07\/611bffa3a81fb.jpeg","datePublished":"2025-07-18T22:31:42+00:00","dateModified":"2026-04-08T10:21:44+00:00","breadcrumb":{"@id":"https:\/\/babylove.se\/no\/produkt\/mrs-mighetto-plakat-kjaere-whalie\/#breadcrumb"},"inLanguage":"nb-NO","potentialAction":[{"@type":"ReadAction","target":["https:\/\/babylove.se\/no\/produkt\/mrs-mighetto-plakat-kjaere-whalie\/"]}]},{"@type":"ImageObject","inLanguage":"nb-NO","@id":"https:\/\/babylove.se\/no\/produkt\/mrs-mighetto-plakat-kjaere-whalie\/#primaryimage","url":"https:\/\/babylove.se\/no\/wp-content\/uploads\/sites\/3\/2025\/07\/611bffa3a81fb.jpeg","contentUrl":"https:\/\/babylove.se\/no\/wp-content\/uploads\/sites\/3\/2025\/07\/611bffa3a81fb.jpeg","width":500,"height":750},{"@type":"BreadcrumbList","@id":"https:\/\/babylove.se\/no\/produkt\/mrs-mighetto-plakat-kjaere-whalie\/#breadcrumb","itemListElement":[{"@type":"ListItem","position":1,"name":"Hem","item":"https:\/\/babylove.se\/no\/"},{"@type":"ListItem","position":2,"name":"Butik","item":"https:\/\/babylove.se\/no\/butik\/"},{"@type":"ListItem","position":3,"name":"Mrs Mighetto, plakat Dear Whalie"}]},{"@type":"WebSite","@id":"https:\/\/babylove.se\/no\/#website","url":"https:\/\/babylove.se\/no\/","name":"Babylove Norska","description":"","potentialAction":[{"@type":"SearchAction","target":{"@type":"EntryPoint","urlTemplate":"https:\/\/babylove.se\/no\/?s={search_term_string}"},"query-input":{"@type":"PropertyValueSpecification","valueRequired":true,"valueName":"search_term_string"}}],"inLanguage":"nb-NO"}]},"product_brand":"Mrs Mighetto","product_price_amount":"449.00","product_price_currency":"SEK","og_availability":"out of stock","product_availability":"out of stock","product_retailer_item_id":"PO-LOB-WHALIE-5070","product_condition":"new"},"_links":{"self":[{"href":"https:\/\/babylove.se\/no\/wp-json\/wp\/v2\/product\/26648","targetHints":{"allow":["GET"]}}],"collection":[{"href":"https:\/\/babylove.se\/no\/wp-json\/wp\/v2\/product"}],"about":[{"href":"https:\/\/babylove.se\/no\/wp-json\/wp\/v2\/types\/product"}],"replies":[{"embeddable":true,"href":"https:\/\/babylove.se\/no\/wp-json\/wp\/v2\/comments?post=26648"}],"wp:featuredmedia":[{"embeddable":true,"href":"https:\/\/babylove.se\/no\/wp-json\/wp\/v2\/media\/26650"}],"wp:attachment":[{"href":"https:\/\/babylove.se\/no\/wp-json\/wp\/v2\/media?parent=26648"}],"wp:term":[{"taxonomy":"product_brand","embeddable":true,"href":"https:\/\/babylove.se\/no\/wp-json\/wp\/v2\/product_brand?post=26648"},{"taxonomy":"product_cat","embeddable":true,"href":"https:\/\/babylove.se\/no\/wp-json\/wp\/v2\/product_cat?post=26648"},{"taxonomy":"product_tag","embeddable":true,"href":"https:\/\/babylove.se\/no\/wp-json\/wp\/v2\/product_tag?post=26648"}],"curies":[{"name":"wp","href":"https:\/\/api.w.org\/{rel}","templated":true}]}}