{"id":26671,"date":"2025-07-18T23:32:11","date_gmt":"2025-07-18T22:32:11","guid":{"rendered":"https:\/\/babylove.se\/produkt\/mrs-mighetto-poster-miss-anniemiss-sofia-2-pack\/"},"modified":"2026-04-08T11:21:55","modified_gmt":"2026-04-08T10:21:55","slug":"mrs-mighetto-plakat-miss-anniemiss-sofia-2-pack","status":"publish","type":"product","link":"https:\/\/babylove.se\/no\/produkt\/mrs-mighetto-plakat-miss-anniemiss-sofia-2-pack\/","title":{"rendered":"Mrs Mighetto, plakat Miss Annie\/Miss Sofia 2-pakk"},"content":{"rendered":"<p>Fantastisk vakre plakater fra svenske Mrs Mighetto. Med disse plakatene kan du enkelt skape en unik f\u00f8lelse i barnerommets innredning og ditt barn kommer til \u00e5 elske de eventyrlige motivene. <\/p>\n<p>Trykket er gjort p\u00e5 et meget h\u00f8ykvalitets 200g matt papir, som gj\u00f8r at plakaten bevarer f\u00f8lelsen av akvarell. <\/p>\n<p><strong>M\u00e5l<\/strong>: 18&#215;24 cm <\/p>\n<p>Designer: <a href=\"https:\/\/babylove.se\/varumarken\/mrs-mighetto\">Mrs Mighetto<\/a> <\/p>\n<p>&nbsp; <\/p>\n<p>&#8220;MISS ANNIE <\/p>\n<p><em>?\u00c5 bli f\u00f8dt uten vinger i Fuglenes Land er vanskelig og noen ganger tar det tid \u00e5 oppdage den gaven man har f\u00e5tt. Ved f\u00f8dselen fikk Annie en stor \u00f8rn som skulle beskytte henne til hennes begavelse utviklet seg. Men en dag ble to enorme fugler sett h\u00f8yt oppe p\u00e5 himmelen, det viste seg at Miss Annie n\u00e5r som helst kunne skifte skikkelse og bli den modigste \u00f8rnen riket noensinne hadde sett.<\/em> <\/p>\n<p>MISS SOFIA <\/p>\n<section data-content-field=\"main-content\"><em>?Miss Sofia er mye mindre enn landets \u00f8vrige innbyggere. Hun ble reddet av en spurvefamilie da hun ble tvunget til \u00e5 flykte fra sitt hjemland og siden da har hun bodd med sin nye familie, i et fuglereir p\u00e5 toppen av et frodig m\u00f8rkegr\u00f8nt piletre. Sofia har gjort alt for \u00e5 passe inn men slutter aldri \u00e5 tenke p\u00e5 sitt opphav.&#8221;<\/em> <\/p>\n<\/section>\n","protected":false},"excerpt":{"rendered":"<p>Fantastisk vakre plakater fra svenske Mrs Mighetto. Med disse plakatene kan du enkelt skape en unik f\u00f8lelse i barnerommets innredning og ditt barn kommer til \u00e5 elske de eventyrlige motivene. Trykket er gjort p\u00e5 et meget h\u00f8ykvalitets 200g matt papir, som gj\u00f8r at plakaten bevarer f\u00f8lelsen av akvarell. M\u00e5l: 18&#215;24 cm Designer: Mrs Mighetto &nbsp; [&hellip;]<\/p>\n","protected":false},"featured_media":26673,"comment_status":"closed","ping_status":"closed","template":"","meta":{"_acf_changed":false},"product_brand":[974],"product_cat":[975,255],"product_tag":[],"class_list":{"0":"post-26671","1":"product","2":"type-product","3":"status-publish","4":"has-post-thumbnail","6":"product_brand-mrs-mighetto","7":"product_cat-mrs-mighetto","8":"product_cat-plakater","10":"first","11":"outofstock","12":"taxable","13":"shipping-taxable","14":"purchasable","15":"product-type-simple"},"acf":[],"yoast_head":"<!-- This site is optimized with the Yoast SEO Premium plugin v25.8 (Yoast SEO v27.2) - https:\/\/yoast.com\/product\/yoast-seo-premium-wordpress\/ -->\n<title>Mrs Mighetto, plakat Miss Annie\/Miss Sofia 2-pakk - Babylove Norska<\/title>\n<meta name=\"robots\" content=\"noindex, follow, max-snippet:-1, max-image-preview:large, max-video-preview:-1\" \/>\n<meta property=\"og:locale\" content=\"nb_NO\" \/>\n<meta property=\"og:type\" content=\"article\" \/>\n<meta property=\"og:title\" content=\"Mrs Mighetto, plakat Miss Annie\/Miss Sofia 2-pakk\" \/>\n<meta property=\"og:description\" content=\"Fantastisk vakre plakater fra svenske Mrs Mighetto. Med disse plakatene kan du enkelt skape en unik f\u00f8lelse i barnerommets innredning og ditt barn kommer til \u00e5 elske de eventyrlige motivene. Trykket er gjort p\u00e5 et meget h\u00f8ykvalitets 200g matt papir, som gj\u00f8r at plakaten bevarer f\u00f8lelsen av akvarell. M\u00e5l: 18&#215;24 cm Designer: Mrs Mighetto &nbsp; [&hellip;]\" \/>\n<meta property=\"og:url\" content=\"https:\/\/babylove.se\/no\/produkt\/mrs-mighetto-plakat-miss-anniemiss-sofia-2-pack\/\" \/>\n<meta property=\"og:site_name\" content=\"Babylove Norska\" \/>\n<meta property=\"article:modified_time\" content=\"2026-04-08T10:21:55+00:00\" \/>\n<meta property=\"og:image\" content=\"https:\/\/babylove.se\/no\/wp-content\/uploads\/sites\/3\/2025\/07\/611c0394a28ed.jpeg\" \/>\n\t<meta property=\"og:image:width\" content=\"500\" \/>\n\t<meta property=\"og:image:height\" content=\"750\" \/>\n\t<meta property=\"og:image:type\" content=\"image\/jpeg\" \/>\n<meta name=\"twitter:card\" content=\"summary_large_image\" \/>\n<meta name=\"twitter:label1\" content=\"Price\" \/>\n\t<meta name=\"twitter:data1\" content=\"269,40&nbsp;&#107;&#114;\" \/>\n\t<meta name=\"twitter:label2\" content=\"Availability\" \/>\n\t<meta name=\"twitter:data2\" content=\"Out of stock\" \/>\n<script type=\"application\/ld+json\" class=\"yoast-schema-graph\">{\"@context\":\"https:\/\/schema.org\",\"@graph\":[{\"@type\":\"WebPage\",\"@id\":\"https:\/\/babylove.se\/no\/produkt\/mrs-mighetto-plakat-miss-anniemiss-sofia-2-pack\/\",\"url\":\"https:\/\/babylove.se\/no\/produkt\/mrs-mighetto-plakat-miss-anniemiss-sofia-2-pack\/\",\"name\":\"Mrs Mighetto, plakat Miss Annie\/Miss Sofia 2-pakk - Babylove Norska\",\"isPartOf\":{\"@id\":\"https:\/\/babylove.se\/no\/#website\"},\"primaryImageOfPage\":{\"@id\":\"https:\/\/babylove.se\/no\/produkt\/mrs-mighetto-plakat-miss-anniemiss-sofia-2-pack\/#primaryimage\"},\"image\":{\"@id\":\"https:\/\/babylove.se\/no\/produkt\/mrs-mighetto-plakat-miss-anniemiss-sofia-2-pack\/#primaryimage\"},\"thumbnailUrl\":\"https:\/\/babylove.se\/no\/wp-content\/uploads\/sites\/3\/2025\/07\/611c0394a28ed.jpeg\",\"datePublished\":\"2025-07-18T22:32:11+00:00\",\"dateModified\":\"2026-04-08T10:21:55+00:00\",\"breadcrumb\":{\"@id\":\"https:\/\/babylove.se\/no\/produkt\/mrs-mighetto-plakat-miss-anniemiss-sofia-2-pack\/#breadcrumb\"},\"inLanguage\":\"nb-NO\",\"potentialAction\":[{\"@type\":\"ReadAction\",\"target\":[\"https:\/\/babylove.se\/no\/produkt\/mrs-mighetto-plakat-miss-anniemiss-sofia-2-pack\/\"]}]},{\"@type\":\"ImageObject\",\"inLanguage\":\"nb-NO\",\"@id\":\"https:\/\/babylove.se\/no\/produkt\/mrs-mighetto-plakat-miss-anniemiss-sofia-2-pack\/#primaryimage\",\"url\":\"https:\/\/babylove.se\/no\/wp-content\/uploads\/sites\/3\/2025\/07\/611c0394a28ed.jpeg\",\"contentUrl\":\"https:\/\/babylove.se\/no\/wp-content\/uploads\/sites\/3\/2025\/07\/611c0394a28ed.jpeg\",\"width\":500,\"height\":750},{\"@type\":\"BreadcrumbList\",\"@id\":\"https:\/\/babylove.se\/no\/produkt\/mrs-mighetto-plakat-miss-anniemiss-sofia-2-pack\/#breadcrumb\",\"itemListElement\":[{\"@type\":\"ListItem\",\"position\":1,\"name\":\"Hem\",\"item\":\"https:\/\/babylove.se\/no\/\"},{\"@type\":\"ListItem\",\"position\":2,\"name\":\"Butik\",\"item\":\"https:\/\/babylove.se\/no\/butik\/\"},{\"@type\":\"ListItem\",\"position\":3,\"name\":\"Mrs Mighetto, plakat Miss Annie\/Miss Sofia 2-pakk\"}]},{\"@type\":\"WebSite\",\"@id\":\"https:\/\/babylove.se\/no\/#website\",\"url\":\"https:\/\/babylove.se\/no\/\",\"name\":\"Babylove Norska\",\"description\":\"\",\"potentialAction\":[{\"@type\":\"SearchAction\",\"target\":{\"@type\":\"EntryPoint\",\"urlTemplate\":\"https:\/\/babylove.se\/no\/?s={search_term_string}\"},\"query-input\":{\"@type\":\"PropertyValueSpecification\",\"valueRequired\":true,\"valueName\":\"search_term_string\"}}],\"inLanguage\":\"nb-NO\"}]}<\/script>\n<meta property=\"product:brand\" content=\"Mrs Mighetto\" \/>\n<meta property=\"product:price:amount\" content=\"269.40\" \/>\n<meta property=\"product:price:currency\" content=\"SEK\" \/>\n<meta property=\"og:availability\" content=\"out of stock\" \/>\n<meta property=\"product:availability\" content=\"out of stock\" \/>\n<meta property=\"product:retailer_item_id\" content=\"PO-LOB-SOFIAANNIE-1824-2P\" \/>\n<meta property=\"product:condition\" content=\"new\" \/>\n<!-- \/ Yoast SEO Premium plugin. -->","yoast_head_json":{"title":"Mrs Mighetto, plakat Miss Annie\/Miss Sofia 2-pakk - Babylove Norska","robots":{"index":"noindex","follow":"follow","max-snippet":"max-snippet:-1","max-image-preview":"max-image-preview:large","max-video-preview":"max-video-preview:-1"},"og_locale":"nb_NO","og_type":"article","og_title":"Mrs Mighetto, plakat Miss Annie\/Miss Sofia 2-pakk","og_description":"Fantastisk vakre plakater fra svenske Mrs Mighetto. Med disse plakatene kan du enkelt skape en unik f\u00f8lelse i barnerommets innredning og ditt barn kommer til \u00e5 elske de eventyrlige motivene. Trykket er gjort p\u00e5 et meget h\u00f8ykvalitets 200g matt papir, som gj\u00f8r at plakaten bevarer f\u00f8lelsen av akvarell. M\u00e5l: 18&#215;24 cm Designer: Mrs Mighetto &nbsp; [&hellip;]","og_url":"https:\/\/babylove.se\/no\/produkt\/mrs-mighetto-plakat-miss-anniemiss-sofia-2-pack\/","og_site_name":"Babylove Norska","article_modified_time":"2026-04-08T10:21:55+00:00","og_image":[{"width":500,"height":750,"url":"https:\/\/babylove.se\/no\/wp-content\/uploads\/sites\/3\/2025\/07\/611c0394a28ed.jpeg","type":"image\/jpeg"}],"twitter_card":"summary_large_image","twitter_misc":{"Price":"269,40&nbsp;&#107;&#114;","Availability":"Out of stock"},"schema":{"@context":"https:\/\/schema.org","@graph":[{"@type":"WebPage","@id":"https:\/\/babylove.se\/no\/produkt\/mrs-mighetto-plakat-miss-anniemiss-sofia-2-pack\/","url":"https:\/\/babylove.se\/no\/produkt\/mrs-mighetto-plakat-miss-anniemiss-sofia-2-pack\/","name":"Mrs Mighetto, plakat Miss Annie\/Miss Sofia 2-pakk - Babylove Norska","isPartOf":{"@id":"https:\/\/babylove.se\/no\/#website"},"primaryImageOfPage":{"@id":"https:\/\/babylove.se\/no\/produkt\/mrs-mighetto-plakat-miss-anniemiss-sofia-2-pack\/#primaryimage"},"image":{"@id":"https:\/\/babylove.se\/no\/produkt\/mrs-mighetto-plakat-miss-anniemiss-sofia-2-pack\/#primaryimage"},"thumbnailUrl":"https:\/\/babylove.se\/no\/wp-content\/uploads\/sites\/3\/2025\/07\/611c0394a28ed.jpeg","datePublished":"2025-07-18T22:32:11+00:00","dateModified":"2026-04-08T10:21:55+00:00","breadcrumb":{"@id":"https:\/\/babylove.se\/no\/produkt\/mrs-mighetto-plakat-miss-anniemiss-sofia-2-pack\/#breadcrumb"},"inLanguage":"nb-NO","potentialAction":[{"@type":"ReadAction","target":["https:\/\/babylove.se\/no\/produkt\/mrs-mighetto-plakat-miss-anniemiss-sofia-2-pack\/"]}]},{"@type":"ImageObject","inLanguage":"nb-NO","@id":"https:\/\/babylove.se\/no\/produkt\/mrs-mighetto-plakat-miss-anniemiss-sofia-2-pack\/#primaryimage","url":"https:\/\/babylove.se\/no\/wp-content\/uploads\/sites\/3\/2025\/07\/611c0394a28ed.jpeg","contentUrl":"https:\/\/babylove.se\/no\/wp-content\/uploads\/sites\/3\/2025\/07\/611c0394a28ed.jpeg","width":500,"height":750},{"@type":"BreadcrumbList","@id":"https:\/\/babylove.se\/no\/produkt\/mrs-mighetto-plakat-miss-anniemiss-sofia-2-pack\/#breadcrumb","itemListElement":[{"@type":"ListItem","position":1,"name":"Hem","item":"https:\/\/babylove.se\/no\/"},{"@type":"ListItem","position":2,"name":"Butik","item":"https:\/\/babylove.se\/no\/butik\/"},{"@type":"ListItem","position":3,"name":"Mrs Mighetto, plakat Miss Annie\/Miss Sofia 2-pakk"}]},{"@type":"WebSite","@id":"https:\/\/babylove.se\/no\/#website","url":"https:\/\/babylove.se\/no\/","name":"Babylove Norska","description":"","potentialAction":[{"@type":"SearchAction","target":{"@type":"EntryPoint","urlTemplate":"https:\/\/babylove.se\/no\/?s={search_term_string}"},"query-input":{"@type":"PropertyValueSpecification","valueRequired":true,"valueName":"search_term_string"}}],"inLanguage":"nb-NO"}]},"product_brand":"Mrs Mighetto","product_price_amount":"269.40","product_price_currency":"SEK","og_availability":"out of stock","product_availability":"out of stock","product_retailer_item_id":"PO-LOB-SOFIAANNIE-1824-2P","product_condition":"new"},"_links":{"self":[{"href":"https:\/\/babylove.se\/no\/wp-json\/wp\/v2\/product\/26671","targetHints":{"allow":["GET"]}}],"collection":[{"href":"https:\/\/babylove.se\/no\/wp-json\/wp\/v2\/product"}],"about":[{"href":"https:\/\/babylove.se\/no\/wp-json\/wp\/v2\/types\/product"}],"replies":[{"embeddable":true,"href":"https:\/\/babylove.se\/no\/wp-json\/wp\/v2\/comments?post=26671"}],"wp:featuredmedia":[{"embeddable":true,"href":"https:\/\/babylove.se\/no\/wp-json\/wp\/v2\/media\/26673"}],"wp:attachment":[{"href":"https:\/\/babylove.se\/no\/wp-json\/wp\/v2\/media?parent=26671"}],"wp:term":[{"taxonomy":"product_brand","embeddable":true,"href":"https:\/\/babylove.se\/no\/wp-json\/wp\/v2\/product_brand?post=26671"},{"taxonomy":"product_cat","embeddable":true,"href":"https:\/\/babylove.se\/no\/wp-json\/wp\/v2\/product_cat?post=26671"},{"taxonomy":"product_tag","embeddable":true,"href":"https:\/\/babylove.se\/no\/wp-json\/wp\/v2\/product_tag?post=26671"}],"curies":[{"name":"wp","href":"https:\/\/api.w.org\/{rel}","templated":true}]}}