{"id":26735,"date":"2025-07-18T23:32:36","date_gmt":"2025-07-18T22:32:36","guid":{"rendered":"https:\/\/babylove.se\/produkt\/mrs-mighetto-vaggklistermarke-3-pack-anemones\/"},"modified":"2026-04-08T11:22:17","modified_gmt":"2026-04-08T10:22:17","slug":"mrs-mighetto-veggklistremerke-3-pack-anemones","status":"publish","type":"product","link":"https:\/\/babylove.se\/no\/produkt\/mrs-mighetto-veggklistremerke-3-pack-anemones\/","title":{"rendered":"Mrs Mighetto, veggklistremerke 3-pack Anemones"},"content":{"rendered":"<p>Et fantastisk motiv som du har mulighet til \u00e5 innrede barnerommet ditt med for \u00e5 skape et deilig og vakkert milj\u00f8. Vi garanterer at du vil ha mye glede og forn\u00f8yelse med disse. \\n \\nDu monterer dem enkelt hver for seg og kan enkelt flytte rundt p\u00e5 dem for \u00e5 finne nye motiver og utseender. Klistremerkene kan gjenbrukes mange ganger. \\n \\n<strong>M\u00e5l<\/strong>: Cirka 17 cm. \\n \\n<strong>Material<\/strong>: Polypropen. Papirr\u00e5varen kommer fra FSC- og PEFC-sertifiserte kilder, milj\u00f8vennlig vannbasert lim og PVC-fritt. \\n \\nProdusert i Sverige. \\n \\nDesigner: <a href=\"https:\/\/babylove.se\/varumarken\/mrs-mighetto\">Mrs Mighetto<\/a> \\n \\n<u>Obs! Klistremerkene er ikke egnet for vegger med ru overflate. Kontroller at veggen er ren og glatt f\u00f8r du p\u00e5f\u00f8rer klistremerket. <\/u><\/p>\n","protected":false},"excerpt":{"rendered":"<p>Et fantastisk motiv som du har mulighet til \u00e5 innrede barnerommet ditt med for \u00e5 skape et deilig og vakkert milj\u00f8. Vi garanterer at du vil ha mye glede og forn\u00f8yelse med disse. \\n \\nDu monterer dem enkelt hver for seg og kan enkelt flytte rundt p\u00e5 dem for \u00e5 finne nye motiver og utseender. [&hellip;]<\/p>\n","protected":false},"featured_media":26737,"comment_status":"closed","ping_status":"closed","template":"","meta":{"_acf_changed":false},"product_brand":[974],"product_cat":[975,24],"product_tag":[],"class_list":{"0":"post-26735","1":"product","2":"type-product","3":"status-publish","4":"has-post-thumbnail","6":"product_brand-mrs-mighetto","7":"product_cat-mrs-mighetto","8":"product_cat-veggklistremerker","10":"first","11":"outofstock","12":"taxable","13":"shipping-taxable","14":"purchasable","15":"product-type-simple"},"acf":[],"yoast_head":"<!-- This site is optimized with the Yoast SEO Premium plugin v25.8 (Yoast SEO v27.2) - https:\/\/yoast.com\/product\/yoast-seo-premium-wordpress\/ -->\n<title>Mrs Mighetto, veggklistremerke 3-pack Anemones - Babylove Norska<\/title>\n<meta name=\"robots\" content=\"noindex, follow, max-snippet:-1, max-image-preview:large, max-video-preview:-1\" \/>\n<meta property=\"og:locale\" content=\"nb_NO\" \/>\n<meta property=\"og:type\" content=\"article\" \/>\n<meta property=\"og:title\" content=\"Mrs Mighetto, veggklistremerke 3-pack Anemones\" \/>\n<meta property=\"og:description\" content=\"Et fantastisk motiv som du har mulighet til \u00e5 innrede barnerommet ditt med for \u00e5 skape et deilig og vakkert milj\u00f8. Vi garanterer at du vil ha mye glede og forn\u00f8yelse med disse. n nDu monterer dem enkelt hver for seg og kan enkelt flytte rundt p\u00e5 dem for \u00e5 finne nye motiver og utseender. [&hellip;]\" \/>\n<meta property=\"og:url\" content=\"https:\/\/babylove.se\/no\/produkt\/mrs-mighetto-veggklistremerke-3-pack-anemones\/\" \/>\n<meta property=\"og:site_name\" content=\"Babylove Norska\" \/>\n<meta property=\"article:modified_time\" content=\"2026-04-08T10:22:17+00:00\" \/>\n<meta property=\"og:image\" content=\"https:\/\/babylove.se\/no\/wp-content\/uploads\/sites\/3\/2025\/07\/611c1aebaa508.jpeg\" \/>\n\t<meta property=\"og:image:width\" content=\"500\" \/>\n\t<meta property=\"og:image:height\" content=\"750\" \/>\n\t<meta property=\"og:image:type\" content=\"image\/jpeg\" \/>\n<meta name=\"twitter:card\" content=\"summary_large_image\" \/>\n<meta name=\"twitter:label1\" content=\"Price\" \/>\n\t<meta name=\"twitter:data1\" content=\"449,00&nbsp;&#107;&#114;\" \/>\n\t<meta name=\"twitter:label2\" content=\"Availability\" \/>\n\t<meta name=\"twitter:data2\" content=\"Out of stock\" \/>\n<script type=\"application\/ld+json\" class=\"yoast-schema-graph\">{\"@context\":\"https:\/\/schema.org\",\"@graph\":[{\"@type\":\"WebPage\",\"@id\":\"https:\/\/babylove.se\/no\/produkt\/mrs-mighetto-veggklistremerke-3-pack-anemones\/\",\"url\":\"https:\/\/babylove.se\/no\/produkt\/mrs-mighetto-veggklistremerke-3-pack-anemones\/\",\"name\":\"Mrs Mighetto, veggklistremerke 3-pack Anemones - Babylove Norska\",\"isPartOf\":{\"@id\":\"https:\/\/babylove.se\/no\/#website\"},\"primaryImageOfPage\":{\"@id\":\"https:\/\/babylove.se\/no\/produkt\/mrs-mighetto-veggklistremerke-3-pack-anemones\/#primaryimage\"},\"image\":{\"@id\":\"https:\/\/babylove.se\/no\/produkt\/mrs-mighetto-veggklistremerke-3-pack-anemones\/#primaryimage\"},\"thumbnailUrl\":\"https:\/\/babylove.se\/no\/wp-content\/uploads\/sites\/3\/2025\/07\/611c1aebaa508.jpeg\",\"datePublished\":\"2025-07-18T22:32:36+00:00\",\"dateModified\":\"2026-04-08T10:22:17+00:00\",\"breadcrumb\":{\"@id\":\"https:\/\/babylove.se\/no\/produkt\/mrs-mighetto-veggklistremerke-3-pack-anemones\/#breadcrumb\"},\"inLanguage\":\"nb-NO\",\"potentialAction\":[{\"@type\":\"ReadAction\",\"target\":[\"https:\/\/babylove.se\/no\/produkt\/mrs-mighetto-veggklistremerke-3-pack-anemones\/\"]}]},{\"@type\":\"ImageObject\",\"inLanguage\":\"nb-NO\",\"@id\":\"https:\/\/babylove.se\/no\/produkt\/mrs-mighetto-veggklistremerke-3-pack-anemones\/#primaryimage\",\"url\":\"https:\/\/babylove.se\/no\/wp-content\/uploads\/sites\/3\/2025\/07\/611c1aebaa508.jpeg\",\"contentUrl\":\"https:\/\/babylove.se\/no\/wp-content\/uploads\/sites\/3\/2025\/07\/611c1aebaa508.jpeg\",\"width\":500,\"height\":750},{\"@type\":\"BreadcrumbList\",\"@id\":\"https:\/\/babylove.se\/no\/produkt\/mrs-mighetto-veggklistremerke-3-pack-anemones\/#breadcrumb\",\"itemListElement\":[{\"@type\":\"ListItem\",\"position\":1,\"name\":\"Hem\",\"item\":\"https:\/\/babylove.se\/no\/\"},{\"@type\":\"ListItem\",\"position\":2,\"name\":\"Butik\",\"item\":\"https:\/\/babylove.se\/no\/butik\/\"},{\"@type\":\"ListItem\",\"position\":3,\"name\":\"Mrs Mighetto, veggklistremerke 3-pack Anemones\"}]},{\"@type\":\"WebSite\",\"@id\":\"https:\/\/babylove.se\/no\/#website\",\"url\":\"https:\/\/babylove.se\/no\/\",\"name\":\"Babylove Norska\",\"description\":\"\",\"potentialAction\":[{\"@type\":\"SearchAction\",\"target\":{\"@type\":\"EntryPoint\",\"urlTemplate\":\"https:\/\/babylove.se\/no\/?s={search_term_string}\"},\"query-input\":{\"@type\":\"PropertyValueSpecification\",\"valueRequired\":true,\"valueName\":\"search_term_string\"}}],\"inLanguage\":\"nb-NO\"}]}<\/script>\n<meta property=\"product:brand\" content=\"Mrs Mighetto\" \/>\n<meta property=\"product:price:amount\" content=\"449.00\" \/>\n<meta property=\"product:price:currency\" content=\"SEK\" \/>\n<meta property=\"og:availability\" content=\"out of stock\" \/>\n<meta property=\"product:availability\" content=\"out of stock\" \/>\n<meta property=\"product:retailer_item_id\" content=\"WD-ANEMONES-3P\" \/>\n<meta property=\"product:condition\" content=\"new\" \/>\n<!-- \/ Yoast SEO Premium plugin. -->","yoast_head_json":{"title":"Mrs Mighetto, veggklistremerke 3-pack Anemones - Babylove Norska","robots":{"index":"noindex","follow":"follow","max-snippet":"max-snippet:-1","max-image-preview":"max-image-preview:large","max-video-preview":"max-video-preview:-1"},"og_locale":"nb_NO","og_type":"article","og_title":"Mrs Mighetto, veggklistremerke 3-pack Anemones","og_description":"Et fantastisk motiv som du har mulighet til \u00e5 innrede barnerommet ditt med for \u00e5 skape et deilig og vakkert milj\u00f8. Vi garanterer at du vil ha mye glede og forn\u00f8yelse med disse. n nDu monterer dem enkelt hver for seg og kan enkelt flytte rundt p\u00e5 dem for \u00e5 finne nye motiver og utseender. [&hellip;]","og_url":"https:\/\/babylove.se\/no\/produkt\/mrs-mighetto-veggklistremerke-3-pack-anemones\/","og_site_name":"Babylove Norska","article_modified_time":"2026-04-08T10:22:17+00:00","og_image":[{"width":500,"height":750,"url":"https:\/\/babylove.se\/no\/wp-content\/uploads\/sites\/3\/2025\/07\/611c1aebaa508.jpeg","type":"image\/jpeg"}],"twitter_card":"summary_large_image","twitter_misc":{"Price":"449,00&nbsp;&#107;&#114;","Availability":"Out of stock"},"schema":{"@context":"https:\/\/schema.org","@graph":[{"@type":"WebPage","@id":"https:\/\/babylove.se\/no\/produkt\/mrs-mighetto-veggklistremerke-3-pack-anemones\/","url":"https:\/\/babylove.se\/no\/produkt\/mrs-mighetto-veggklistremerke-3-pack-anemones\/","name":"Mrs Mighetto, veggklistremerke 3-pack Anemones - Babylove Norska","isPartOf":{"@id":"https:\/\/babylove.se\/no\/#website"},"primaryImageOfPage":{"@id":"https:\/\/babylove.se\/no\/produkt\/mrs-mighetto-veggklistremerke-3-pack-anemones\/#primaryimage"},"image":{"@id":"https:\/\/babylove.se\/no\/produkt\/mrs-mighetto-veggklistremerke-3-pack-anemones\/#primaryimage"},"thumbnailUrl":"https:\/\/babylove.se\/no\/wp-content\/uploads\/sites\/3\/2025\/07\/611c1aebaa508.jpeg","datePublished":"2025-07-18T22:32:36+00:00","dateModified":"2026-04-08T10:22:17+00:00","breadcrumb":{"@id":"https:\/\/babylove.se\/no\/produkt\/mrs-mighetto-veggklistremerke-3-pack-anemones\/#breadcrumb"},"inLanguage":"nb-NO","potentialAction":[{"@type":"ReadAction","target":["https:\/\/babylove.se\/no\/produkt\/mrs-mighetto-veggklistremerke-3-pack-anemones\/"]}]},{"@type":"ImageObject","inLanguage":"nb-NO","@id":"https:\/\/babylove.se\/no\/produkt\/mrs-mighetto-veggklistremerke-3-pack-anemones\/#primaryimage","url":"https:\/\/babylove.se\/no\/wp-content\/uploads\/sites\/3\/2025\/07\/611c1aebaa508.jpeg","contentUrl":"https:\/\/babylove.se\/no\/wp-content\/uploads\/sites\/3\/2025\/07\/611c1aebaa508.jpeg","width":500,"height":750},{"@type":"BreadcrumbList","@id":"https:\/\/babylove.se\/no\/produkt\/mrs-mighetto-veggklistremerke-3-pack-anemones\/#breadcrumb","itemListElement":[{"@type":"ListItem","position":1,"name":"Hem","item":"https:\/\/babylove.se\/no\/"},{"@type":"ListItem","position":2,"name":"Butik","item":"https:\/\/babylove.se\/no\/butik\/"},{"@type":"ListItem","position":3,"name":"Mrs Mighetto, veggklistremerke 3-pack Anemones"}]},{"@type":"WebSite","@id":"https:\/\/babylove.se\/no\/#website","url":"https:\/\/babylove.se\/no\/","name":"Babylove Norska","description":"","potentialAction":[{"@type":"SearchAction","target":{"@type":"EntryPoint","urlTemplate":"https:\/\/babylove.se\/no\/?s={search_term_string}"},"query-input":{"@type":"PropertyValueSpecification","valueRequired":true,"valueName":"search_term_string"}}],"inLanguage":"nb-NO"}]},"product_brand":"Mrs Mighetto","product_price_amount":"449.00","product_price_currency":"SEK","og_availability":"out of stock","product_availability":"out of stock","product_retailer_item_id":"WD-ANEMONES-3P","product_condition":"new"},"_links":{"self":[{"href":"https:\/\/babylove.se\/no\/wp-json\/wp\/v2\/product\/26735","targetHints":{"allow":["GET"]}}],"collection":[{"href":"https:\/\/babylove.se\/no\/wp-json\/wp\/v2\/product"}],"about":[{"href":"https:\/\/babylove.se\/no\/wp-json\/wp\/v2\/types\/product"}],"replies":[{"embeddable":true,"href":"https:\/\/babylove.se\/no\/wp-json\/wp\/v2\/comments?post=26735"}],"wp:featuredmedia":[{"embeddable":true,"href":"https:\/\/babylove.se\/no\/wp-json\/wp\/v2\/media\/26737"}],"wp:attachment":[{"href":"https:\/\/babylove.se\/no\/wp-json\/wp\/v2\/media?parent=26735"}],"wp:term":[{"taxonomy":"product_brand","embeddable":true,"href":"https:\/\/babylove.se\/no\/wp-json\/wp\/v2\/product_brand?post=26735"},{"taxonomy":"product_cat","embeddable":true,"href":"https:\/\/babylove.se\/no\/wp-json\/wp\/v2\/product_cat?post=26735"},{"taxonomy":"product_tag","embeddable":true,"href":"https:\/\/babylove.se\/no\/wp-json\/wp\/v2\/product_tag?post=26735"}],"curies":[{"name":"wp","href":"https:\/\/api.w.org\/{rel}","templated":true}]}}