{"id":26784,"date":"2025-07-18T23:33:10","date_gmt":"2025-07-18T22:33:10","guid":{"rendered":"https:\/\/babylove.se\/produkt\/mrs-mighetto-vaggklistermarke-mr-anton\/"},"modified":"2026-04-08T11:22:37","modified_gmt":"2026-04-08T10:22:37","slug":"mrs-mighetto-veggklistremerke-mr-anton","status":"publish","type":"product","link":"https:\/\/babylove.se\/no\/produkt\/mrs-mighetto-veggklistremerke-mr-anton\/","title":{"rendered":"Mrs Mighetto, veggklistremerke Mr Anton"},"content":{"rendered":"<p>Ett fantastisk motiv som du har mulighet til \u00e5 innrede barnerommet ditt med for \u00e5 skape et deilig og vakkert milj\u00f8. Vi garanterer at du kommer til \u00e5 ha mye glede og forn\u00f8yelse med disse. Klistremerkene kan gjenbrukes mange ganger. \\n \\n<strong>M\u00e5l<\/strong>: cirka 22 cm. \\n \\n<strong>Material<\/strong>: Polypropen. Papirr\u00e5stoffet kommer fra FSC- og PEFC-sertifiserte kilder, milj\u00f8vennlig vannbasert lim og PVC-fritt. \\n \\nProdusert i Sverige. \\n \\nDesigner: <a href=\"https:\/\/babylove.se\/varumarken\/mrs-mighetto\">Mrs Mighetto<\/a> \\n \\n<u>Obs! Klistremerkene er ikke egnet for vegger med grov overflate. Kontroller at veggen er ren og glatt f\u00f8r du p\u00e5f\u00f8rer klistremerket.<\/u><\/p>\n","protected":false},"excerpt":{"rendered":"<p>Ett fantastisk motiv som du har mulighet til \u00e5 innrede barnerommet ditt med for \u00e5 skape et deilig og vakkert milj\u00f8. Vi garanterer at du kommer til \u00e5 ha mye glede og forn\u00f8yelse med disse. Klistremerkene kan gjenbrukes mange ganger. \\n \\nM\u00e5l: cirka 22 cm. \\n \\nMaterial: Polypropen. Papirr\u00e5stoffet kommer fra FSC- og PEFC-sertifiserte kilder, [&hellip;]<\/p>\n","protected":false},"featured_media":26786,"comment_status":"closed","ping_status":"closed","template":"","meta":{"_acf_changed":false},"product_brand":[974],"product_cat":[975,24],"product_tag":[1709],"class_list":{"0":"post-26784","1":"product","2":"type-product","3":"status-publish","4":"has-post-thumbnail","6":"product_brand-mrs-mighetto","7":"product_cat-mrs-mighetto","8":"product_cat-veggklistremerker","9":"product_tag-utforsalg","11":"first","12":"instock","13":"taxable","14":"shipping-taxable","15":"purchasable","16":"product-type-simple"},"acf":[],"yoast_head":"<!-- This site is optimized with the Yoast SEO Premium plugin v25.8 (Yoast SEO v27.2) - https:\/\/yoast.com\/product\/yoast-seo-premium-wordpress\/ -->\n<title>Mrs Mighetto, veggklistremerke Mr Anton - Babylove Norska<\/title>\n<meta name=\"robots\" content=\"noindex, follow, max-snippet:-1, max-image-preview:large, max-video-preview:-1\" \/>\n<meta property=\"og:locale\" content=\"nb_NO\" \/>\n<meta property=\"og:type\" content=\"article\" \/>\n<meta property=\"og:title\" content=\"Mrs Mighetto, veggklistremerke Mr Anton\" \/>\n<meta property=\"og:description\" content=\"Ett fantastisk motiv som du har mulighet til \u00e5 innrede barnerommet ditt med for \u00e5 skape et deilig og vakkert milj\u00f8. Vi garanterer at du kommer til \u00e5 ha mye glede og forn\u00f8yelse med disse. Klistremerkene kan gjenbrukes mange ganger. n nM\u00e5l: cirka 22 cm. n nMaterial: Polypropen. Papirr\u00e5stoffet kommer fra FSC- og PEFC-sertifiserte kilder, [&hellip;]\" \/>\n<meta property=\"og:url\" content=\"https:\/\/babylove.se\/no\/produkt\/mrs-mighetto-veggklistremerke-mr-anton\/\" \/>\n<meta property=\"og:site_name\" content=\"Babylove Norska\" \/>\n<meta property=\"article:modified_time\" content=\"2026-04-08T10:22:37+00:00\" \/>\n<meta property=\"og:image\" content=\"https:\/\/babylove.se\/no\/wp-content\/uploads\/sites\/3\/2025\/07\/611c21428fb8e.jpeg\" \/>\n\t<meta property=\"og:image:width\" content=\"450\" \/>\n\t<meta property=\"og:image:height\" content=\"675\" \/>\n\t<meta property=\"og:image:type\" content=\"image\/jpeg\" \/>\n<meta name=\"twitter:card\" content=\"summary_large_image\" \/>\n<meta name=\"twitter:label1\" content=\"Price\" \/>\n\t<meta name=\"twitter:data1\" content=\"225,00&nbsp;&#107;&#114;\" \/>\n\t<meta name=\"twitter:label2\" content=\"Availability\" \/>\n\t<meta name=\"twitter:data2\" content=\"In stock\" \/>\n<script type=\"application\/ld+json\" class=\"yoast-schema-graph\">{\"@context\":\"https:\/\/schema.org\",\"@graph\":[{\"@type\":\"WebPage\",\"@id\":\"https:\/\/babylove.se\/no\/produkt\/mrs-mighetto-veggklistremerke-mr-anton\/\",\"url\":\"https:\/\/babylove.se\/no\/produkt\/mrs-mighetto-veggklistremerke-mr-anton\/\",\"name\":\"Mrs Mighetto, veggklistremerke Mr Anton - Babylove Norska\",\"isPartOf\":{\"@id\":\"https:\/\/babylove.se\/no\/#website\"},\"primaryImageOfPage\":{\"@id\":\"https:\/\/babylove.se\/no\/produkt\/mrs-mighetto-veggklistremerke-mr-anton\/#primaryimage\"},\"image\":{\"@id\":\"https:\/\/babylove.se\/no\/produkt\/mrs-mighetto-veggklistremerke-mr-anton\/#primaryimage\"},\"thumbnailUrl\":\"https:\/\/babylove.se\/no\/wp-content\/uploads\/sites\/3\/2025\/07\/611c21428fb8e.jpeg\",\"datePublished\":\"2025-07-18T22:33:10+00:00\",\"dateModified\":\"2026-04-08T10:22:37+00:00\",\"breadcrumb\":{\"@id\":\"https:\/\/babylove.se\/no\/produkt\/mrs-mighetto-veggklistremerke-mr-anton\/#breadcrumb\"},\"inLanguage\":\"nb-NO\",\"potentialAction\":[{\"@type\":\"ReadAction\",\"target\":[\"https:\/\/babylove.se\/no\/produkt\/mrs-mighetto-veggklistremerke-mr-anton\/\"]}]},{\"@type\":\"ImageObject\",\"inLanguage\":\"nb-NO\",\"@id\":\"https:\/\/babylove.se\/no\/produkt\/mrs-mighetto-veggklistremerke-mr-anton\/#primaryimage\",\"url\":\"https:\/\/babylove.se\/no\/wp-content\/uploads\/sites\/3\/2025\/07\/611c21428fb8e.jpeg\",\"contentUrl\":\"https:\/\/babylove.se\/no\/wp-content\/uploads\/sites\/3\/2025\/07\/611c21428fb8e.jpeg\",\"width\":450,\"height\":675},{\"@type\":\"BreadcrumbList\",\"@id\":\"https:\/\/babylove.se\/no\/produkt\/mrs-mighetto-veggklistremerke-mr-anton\/#breadcrumb\",\"itemListElement\":[{\"@type\":\"ListItem\",\"position\":1,\"name\":\"Hem\",\"item\":\"https:\/\/babylove.se\/no\/\"},{\"@type\":\"ListItem\",\"position\":2,\"name\":\"Butik\",\"item\":\"https:\/\/babylove.se\/no\/butik\/\"},{\"@type\":\"ListItem\",\"position\":3,\"name\":\"Mrs Mighetto, veggklistremerke Mr Anton\"}]},{\"@type\":\"WebSite\",\"@id\":\"https:\/\/babylove.se\/no\/#website\",\"url\":\"https:\/\/babylove.se\/no\/\",\"name\":\"Babylove Norska\",\"description\":\"\",\"potentialAction\":[{\"@type\":\"SearchAction\",\"target\":{\"@type\":\"EntryPoint\",\"urlTemplate\":\"https:\/\/babylove.se\/no\/?s={search_term_string}\"},\"query-input\":{\"@type\":\"PropertyValueSpecification\",\"valueRequired\":true,\"valueName\":\"search_term_string\"}}],\"inLanguage\":\"nb-NO\"}]}<\/script>\n<meta property=\"product:brand\" content=\"Mrs Mighetto\" \/>\n<meta property=\"product:price:amount\" content=\"225.00\" \/>\n<meta property=\"product:price:currency\" content=\"SEK\" \/>\n<meta property=\"og:availability\" content=\"instock\" \/>\n<meta property=\"product:availability\" content=\"instock\" \/>\n<meta property=\"product:retailer_item_id\" content=\"WD-ANTON\" \/>\n<meta property=\"product:condition\" content=\"new\" \/>\n<!-- \/ Yoast SEO Premium plugin. -->","yoast_head_json":{"title":"Mrs Mighetto, veggklistremerke Mr Anton - Babylove Norska","robots":{"index":"noindex","follow":"follow","max-snippet":"max-snippet:-1","max-image-preview":"max-image-preview:large","max-video-preview":"max-video-preview:-1"},"og_locale":"nb_NO","og_type":"article","og_title":"Mrs Mighetto, veggklistremerke Mr Anton","og_description":"Ett fantastisk motiv som du har mulighet til \u00e5 innrede barnerommet ditt med for \u00e5 skape et deilig og vakkert milj\u00f8. Vi garanterer at du kommer til \u00e5 ha mye glede og forn\u00f8yelse med disse. Klistremerkene kan gjenbrukes mange ganger. n nM\u00e5l: cirka 22 cm. n nMaterial: Polypropen. Papirr\u00e5stoffet kommer fra FSC- og PEFC-sertifiserte kilder, [&hellip;]","og_url":"https:\/\/babylove.se\/no\/produkt\/mrs-mighetto-veggklistremerke-mr-anton\/","og_site_name":"Babylove Norska","article_modified_time":"2026-04-08T10:22:37+00:00","og_image":[{"width":450,"height":675,"url":"https:\/\/babylove.se\/no\/wp-content\/uploads\/sites\/3\/2025\/07\/611c21428fb8e.jpeg","type":"image\/jpeg"}],"twitter_card":"summary_large_image","twitter_misc":{"Price":"225,00&nbsp;&#107;&#114;","Availability":"In stock"},"schema":{"@context":"https:\/\/schema.org","@graph":[{"@type":"WebPage","@id":"https:\/\/babylove.se\/no\/produkt\/mrs-mighetto-veggklistremerke-mr-anton\/","url":"https:\/\/babylove.se\/no\/produkt\/mrs-mighetto-veggklistremerke-mr-anton\/","name":"Mrs Mighetto, veggklistremerke Mr Anton - Babylove Norska","isPartOf":{"@id":"https:\/\/babylove.se\/no\/#website"},"primaryImageOfPage":{"@id":"https:\/\/babylove.se\/no\/produkt\/mrs-mighetto-veggklistremerke-mr-anton\/#primaryimage"},"image":{"@id":"https:\/\/babylove.se\/no\/produkt\/mrs-mighetto-veggklistremerke-mr-anton\/#primaryimage"},"thumbnailUrl":"https:\/\/babylove.se\/no\/wp-content\/uploads\/sites\/3\/2025\/07\/611c21428fb8e.jpeg","datePublished":"2025-07-18T22:33:10+00:00","dateModified":"2026-04-08T10:22:37+00:00","breadcrumb":{"@id":"https:\/\/babylove.se\/no\/produkt\/mrs-mighetto-veggklistremerke-mr-anton\/#breadcrumb"},"inLanguage":"nb-NO","potentialAction":[{"@type":"ReadAction","target":["https:\/\/babylove.se\/no\/produkt\/mrs-mighetto-veggklistremerke-mr-anton\/"]}]},{"@type":"ImageObject","inLanguage":"nb-NO","@id":"https:\/\/babylove.se\/no\/produkt\/mrs-mighetto-veggklistremerke-mr-anton\/#primaryimage","url":"https:\/\/babylove.se\/no\/wp-content\/uploads\/sites\/3\/2025\/07\/611c21428fb8e.jpeg","contentUrl":"https:\/\/babylove.se\/no\/wp-content\/uploads\/sites\/3\/2025\/07\/611c21428fb8e.jpeg","width":450,"height":675},{"@type":"BreadcrumbList","@id":"https:\/\/babylove.se\/no\/produkt\/mrs-mighetto-veggklistremerke-mr-anton\/#breadcrumb","itemListElement":[{"@type":"ListItem","position":1,"name":"Hem","item":"https:\/\/babylove.se\/no\/"},{"@type":"ListItem","position":2,"name":"Butik","item":"https:\/\/babylove.se\/no\/butik\/"},{"@type":"ListItem","position":3,"name":"Mrs Mighetto, veggklistremerke Mr Anton"}]},{"@type":"WebSite","@id":"https:\/\/babylove.se\/no\/#website","url":"https:\/\/babylove.se\/no\/","name":"Babylove Norska","description":"","potentialAction":[{"@type":"SearchAction","target":{"@type":"EntryPoint","urlTemplate":"https:\/\/babylove.se\/no\/?s={search_term_string}"},"query-input":{"@type":"PropertyValueSpecification","valueRequired":true,"valueName":"search_term_string"}}],"inLanguage":"nb-NO"}]},"product_brand":"Mrs Mighetto","product_price_amount":"225.00","product_price_currency":"SEK","og_availability":"instock","product_availability":"instock","product_retailer_item_id":"WD-ANTON","product_condition":"new"},"_links":{"self":[{"href":"https:\/\/babylove.se\/no\/wp-json\/wp\/v2\/product\/26784","targetHints":{"allow":["GET"]}}],"collection":[{"href":"https:\/\/babylove.se\/no\/wp-json\/wp\/v2\/product"}],"about":[{"href":"https:\/\/babylove.se\/no\/wp-json\/wp\/v2\/types\/product"}],"replies":[{"embeddable":true,"href":"https:\/\/babylove.se\/no\/wp-json\/wp\/v2\/comments?post=26784"}],"wp:featuredmedia":[{"embeddable":true,"href":"https:\/\/babylove.se\/no\/wp-json\/wp\/v2\/media\/26786"}],"wp:attachment":[{"href":"https:\/\/babylove.se\/no\/wp-json\/wp\/v2\/media?parent=26784"}],"wp:term":[{"taxonomy":"product_brand","embeddable":true,"href":"https:\/\/babylove.se\/no\/wp-json\/wp\/v2\/product_brand?post=26784"},{"taxonomy":"product_cat","embeddable":true,"href":"https:\/\/babylove.se\/no\/wp-json\/wp\/v2\/product_cat?post=26784"},{"taxonomy":"product_tag","embeddable":true,"href":"https:\/\/babylove.se\/no\/wp-json\/wp\/v2\/product_tag?post=26784"}],"curies":[{"name":"wp","href":"https:\/\/api.w.org\/{rel}","templated":true}]}}