{"id":26790,"date":"2025-07-18T23:33:10","date_gmt":"2025-07-18T22:33:10","guid":{"rendered":"https:\/\/babylove.se\/produkt\/mrs-mighetto-barnbok-ensam-i-bokstavernas-land\/"},"modified":"2026-04-08T11:22:40","modified_gmt":"2026-04-08T10:22:40","slug":"mrs-mighetto-barnebok-alene-i-bokstavenes-land","status":"publish","type":"product","link":"https:\/\/babylove.se\/no\/produkt\/mrs-mighetto-barnebok-alene-i-bokstavenes-land\/","title":{"rendered":"Mrs Mighetto, barnebok Alene i bokstavenes land 3-9 \u00e5r"},"content":{"rendered":"<p>Alene i bokstavenes land handler om Elba og hennes magiske reise i Bokstavenes fortryllede land. I det magiske landet kommer Elba i kontakt med sine st\u00f8rste redslene og hun m\u00e5 v\u00e5ge \u00e5 utfordre seg selv. Denne fantastiske h\u00f8ytlesningsboken egner seg best for barn i alderen 3-9 \u00e5r og har alfabetet i fokus. <\/p>\n<p>Antall sider: 36 av Mrs Mighettos akvarellmalerier <\/p>\n<p>Designer: <a href=\"https:\/\/babylove.se\/varumarken\/mrs-mighetto\">Mrs Mighetto<\/a> <\/p>\n<p>&#8220;<em>?Jeg blir redd, men nysgjerrigheten tar beslutningen for meg. Med lukkede \u00f8yne presser jeg lappen hardt mellom hendene. Forsiktig hvisker jeg landet med det merkelige navnet. Det g\u00e5r en stund og jeg v\u00e5ger knapt \u00e5 puste. Det f\u00f8les som jeg forvandles til et glass boblevann. Det lukter plutselig dagmark, som det gj\u00f8r etter regn, og n\u00e5r jeg \u00e5pner \u00f8ynene er jeg omringet av fjell.&#8221;<\/em><\/p>\n","protected":false},"excerpt":{"rendered":"<p>Alene i bokstavenes land handler om Elba og hennes magiske reise i Bokstavenes fortryllede land. I det magiske landet kommer Elba i kontakt med sine st\u00f8rste redslene og hun m\u00e5 v\u00e5ge \u00e5 utfordre seg selv. Denne fantastiske h\u00f8ytlesningsboken egner seg best for barn i alderen 3-9 \u00e5r og har alfabetet i fokus. Antall sider: 36 [&hellip;]<\/p>\n","protected":false},"featured_media":26792,"comment_status":"closed","ping_status":"closed","template":"","meta":{"_acf_changed":false},"product_brand":[974],"product_cat":[977,975],"product_tag":[1709],"class_list":{"0":"post-26790","1":"product","2":"type-product","3":"status-publish","4":"has-post-thumbnail","6":"product_brand-mrs-mighetto","7":"product_cat-barneboker","8":"product_cat-mrs-mighetto","9":"product_tag-utforsalg","11":"first","12":"instock","13":"taxable","14":"shipping-taxable","15":"purchasable","16":"product-type-simple"},"acf":[],"yoast_head":"<!-- This site is optimized with the Yoast SEO Premium plugin v25.8 (Yoast SEO v27.2) - https:\/\/yoast.com\/product\/yoast-seo-premium-wordpress\/ -->\n<title>Mrs Mighetto, barnebok Alene i bokstavenes land 3-9 \u00e5r - Babylove Norska<\/title>\n<meta name=\"robots\" content=\"noindex, follow, max-snippet:-1, max-image-preview:large, max-video-preview:-1\" \/>\n<meta property=\"og:locale\" content=\"nb_NO\" \/>\n<meta property=\"og:type\" content=\"article\" \/>\n<meta property=\"og:title\" content=\"Mrs Mighetto, barnebok Alene i bokstavenes land 3-9 \u00e5r\" \/>\n<meta property=\"og:description\" content=\"Alene i bokstavenes land handler om Elba og hennes magiske reise i Bokstavenes fortryllede land. I det magiske landet kommer Elba i kontakt med sine st\u00f8rste redslene og hun m\u00e5 v\u00e5ge \u00e5 utfordre seg selv. Denne fantastiske h\u00f8ytlesningsboken egner seg best for barn i alderen 3-9 \u00e5r og har alfabetet i fokus. Antall sider: 36 [&hellip;]\" \/>\n<meta property=\"og:url\" content=\"https:\/\/babylove.se\/no\/produkt\/mrs-mighetto-barnebok-alene-i-bokstavenes-land\/\" \/>\n<meta property=\"og:site_name\" content=\"Babylove Norska\" \/>\n<meta property=\"article:modified_time\" content=\"2026-04-08T10:22:40+00:00\" \/>\n<meta property=\"og:image\" content=\"https:\/\/babylove.se\/no\/wp-content\/uploads\/sites\/3\/2025\/07\/611c2448c958d.jpeg\" \/>\n\t<meta property=\"og:image:width\" content=\"500\" \/>\n\t<meta property=\"og:image:height\" content=\"750\" \/>\n\t<meta property=\"og:image:type\" content=\"image\/jpeg\" \/>\n<meta name=\"twitter:card\" content=\"summary_large_image\" \/>\n<meta name=\"twitter:label1\" content=\"Price\" \/>\n\t<meta name=\"twitter:data1\" content=\"229,00&nbsp;&#107;&#114;\" \/>\n\t<meta name=\"twitter:label2\" content=\"Availability\" \/>\n\t<meta name=\"twitter:data2\" content=\"In stock\" \/>\n<script type=\"application\/ld+json\" class=\"yoast-schema-graph\">{\"@context\":\"https:\/\/schema.org\",\"@graph\":[{\"@type\":\"WebPage\",\"@id\":\"https:\/\/babylove.se\/no\/produkt\/mrs-mighetto-barnebok-alene-i-bokstavenes-land\/\",\"url\":\"https:\/\/babylove.se\/no\/produkt\/mrs-mighetto-barnebok-alene-i-bokstavenes-land\/\",\"name\":\"Mrs Mighetto, barnebok Alene i bokstavenes land 3-9 \u00e5r - Babylove Norska\",\"isPartOf\":{\"@id\":\"https:\/\/babylove.se\/no\/#website\"},\"primaryImageOfPage\":{\"@id\":\"https:\/\/babylove.se\/no\/produkt\/mrs-mighetto-barnebok-alene-i-bokstavenes-land\/#primaryimage\"},\"image\":{\"@id\":\"https:\/\/babylove.se\/no\/produkt\/mrs-mighetto-barnebok-alene-i-bokstavenes-land\/#primaryimage\"},\"thumbnailUrl\":\"https:\/\/babylove.se\/no\/wp-content\/uploads\/sites\/3\/2025\/07\/611c2448c958d.jpeg\",\"datePublished\":\"2025-07-18T22:33:10+00:00\",\"dateModified\":\"2026-04-08T10:22:40+00:00\",\"breadcrumb\":{\"@id\":\"https:\/\/babylove.se\/no\/produkt\/mrs-mighetto-barnebok-alene-i-bokstavenes-land\/#breadcrumb\"},\"inLanguage\":\"nb-NO\",\"potentialAction\":[{\"@type\":\"ReadAction\",\"target\":[\"https:\/\/babylove.se\/no\/produkt\/mrs-mighetto-barnebok-alene-i-bokstavenes-land\/\"]}]},{\"@type\":\"ImageObject\",\"inLanguage\":\"nb-NO\",\"@id\":\"https:\/\/babylove.se\/no\/produkt\/mrs-mighetto-barnebok-alene-i-bokstavenes-land\/#primaryimage\",\"url\":\"https:\/\/babylove.se\/no\/wp-content\/uploads\/sites\/3\/2025\/07\/611c2448c958d.jpeg\",\"contentUrl\":\"https:\/\/babylove.se\/no\/wp-content\/uploads\/sites\/3\/2025\/07\/611c2448c958d.jpeg\",\"width\":500,\"height\":750},{\"@type\":\"BreadcrumbList\",\"@id\":\"https:\/\/babylove.se\/no\/produkt\/mrs-mighetto-barnebok-alene-i-bokstavenes-land\/#breadcrumb\",\"itemListElement\":[{\"@type\":\"ListItem\",\"position\":1,\"name\":\"Hem\",\"item\":\"https:\/\/babylove.se\/no\/\"},{\"@type\":\"ListItem\",\"position\":2,\"name\":\"Butik\",\"item\":\"https:\/\/babylove.se\/no\/butik\/\"},{\"@type\":\"ListItem\",\"position\":3,\"name\":\"Mrs Mighetto, barnebok Alene i bokstavenes land 3-9 \u00e5r\"}]},{\"@type\":\"WebSite\",\"@id\":\"https:\/\/babylove.se\/no\/#website\",\"url\":\"https:\/\/babylove.se\/no\/\",\"name\":\"Babylove Norska\",\"description\":\"\",\"potentialAction\":[{\"@type\":\"SearchAction\",\"target\":{\"@type\":\"EntryPoint\",\"urlTemplate\":\"https:\/\/babylove.se\/no\/?s={search_term_string}\"},\"query-input\":{\"@type\":\"PropertyValueSpecification\",\"valueRequired\":true,\"valueName\":\"search_term_string\"}}],\"inLanguage\":\"nb-NO\"}]}<\/script>\n<meta property=\"product:brand\" content=\"Mrs Mighetto\" \/>\n<meta property=\"product:price:amount\" content=\"229.00\" \/>\n<meta property=\"product:price:currency\" content=\"SEK\" \/>\n<meta property=\"og:availability\" content=\"instock\" \/>\n<meta property=\"product:availability\" content=\"instock\" \/>\n<meta property=\"product:retailer_item_id\" content=\"BK-LOL-ENSAM-SV\" \/>\n<meta property=\"product:condition\" content=\"new\" \/>\n<!-- \/ Yoast SEO Premium plugin. -->","yoast_head_json":{"title":"Mrs Mighetto, barnebok Alene i bokstavenes land 3-9 \u00e5r - Babylove Norska","robots":{"index":"noindex","follow":"follow","max-snippet":"max-snippet:-1","max-image-preview":"max-image-preview:large","max-video-preview":"max-video-preview:-1"},"og_locale":"nb_NO","og_type":"article","og_title":"Mrs Mighetto, barnebok Alene i bokstavenes land 3-9 \u00e5r","og_description":"Alene i bokstavenes land handler om Elba og hennes magiske reise i Bokstavenes fortryllede land. I det magiske landet kommer Elba i kontakt med sine st\u00f8rste redslene og hun m\u00e5 v\u00e5ge \u00e5 utfordre seg selv. Denne fantastiske h\u00f8ytlesningsboken egner seg best for barn i alderen 3-9 \u00e5r og har alfabetet i fokus. Antall sider: 36 [&hellip;]","og_url":"https:\/\/babylove.se\/no\/produkt\/mrs-mighetto-barnebok-alene-i-bokstavenes-land\/","og_site_name":"Babylove Norska","article_modified_time":"2026-04-08T10:22:40+00:00","og_image":[{"width":500,"height":750,"url":"https:\/\/babylove.se\/no\/wp-content\/uploads\/sites\/3\/2025\/07\/611c2448c958d.jpeg","type":"image\/jpeg"}],"twitter_card":"summary_large_image","twitter_misc":{"Price":"229,00&nbsp;&#107;&#114;","Availability":"In stock"},"schema":{"@context":"https:\/\/schema.org","@graph":[{"@type":"WebPage","@id":"https:\/\/babylove.se\/no\/produkt\/mrs-mighetto-barnebok-alene-i-bokstavenes-land\/","url":"https:\/\/babylove.se\/no\/produkt\/mrs-mighetto-barnebok-alene-i-bokstavenes-land\/","name":"Mrs Mighetto, barnebok Alene i bokstavenes land 3-9 \u00e5r - Babylove Norska","isPartOf":{"@id":"https:\/\/babylove.se\/no\/#website"},"primaryImageOfPage":{"@id":"https:\/\/babylove.se\/no\/produkt\/mrs-mighetto-barnebok-alene-i-bokstavenes-land\/#primaryimage"},"image":{"@id":"https:\/\/babylove.se\/no\/produkt\/mrs-mighetto-barnebok-alene-i-bokstavenes-land\/#primaryimage"},"thumbnailUrl":"https:\/\/babylove.se\/no\/wp-content\/uploads\/sites\/3\/2025\/07\/611c2448c958d.jpeg","datePublished":"2025-07-18T22:33:10+00:00","dateModified":"2026-04-08T10:22:40+00:00","breadcrumb":{"@id":"https:\/\/babylove.se\/no\/produkt\/mrs-mighetto-barnebok-alene-i-bokstavenes-land\/#breadcrumb"},"inLanguage":"nb-NO","potentialAction":[{"@type":"ReadAction","target":["https:\/\/babylove.se\/no\/produkt\/mrs-mighetto-barnebok-alene-i-bokstavenes-land\/"]}]},{"@type":"ImageObject","inLanguage":"nb-NO","@id":"https:\/\/babylove.se\/no\/produkt\/mrs-mighetto-barnebok-alene-i-bokstavenes-land\/#primaryimage","url":"https:\/\/babylove.se\/no\/wp-content\/uploads\/sites\/3\/2025\/07\/611c2448c958d.jpeg","contentUrl":"https:\/\/babylove.se\/no\/wp-content\/uploads\/sites\/3\/2025\/07\/611c2448c958d.jpeg","width":500,"height":750},{"@type":"BreadcrumbList","@id":"https:\/\/babylove.se\/no\/produkt\/mrs-mighetto-barnebok-alene-i-bokstavenes-land\/#breadcrumb","itemListElement":[{"@type":"ListItem","position":1,"name":"Hem","item":"https:\/\/babylove.se\/no\/"},{"@type":"ListItem","position":2,"name":"Butik","item":"https:\/\/babylove.se\/no\/butik\/"},{"@type":"ListItem","position":3,"name":"Mrs Mighetto, barnebok Alene i bokstavenes land 3-9 \u00e5r"}]},{"@type":"WebSite","@id":"https:\/\/babylove.se\/no\/#website","url":"https:\/\/babylove.se\/no\/","name":"Babylove Norska","description":"","potentialAction":[{"@type":"SearchAction","target":{"@type":"EntryPoint","urlTemplate":"https:\/\/babylove.se\/no\/?s={search_term_string}"},"query-input":{"@type":"PropertyValueSpecification","valueRequired":true,"valueName":"search_term_string"}}],"inLanguage":"nb-NO"}]},"product_brand":"Mrs Mighetto","product_price_amount":"229.00","product_price_currency":"SEK","og_availability":"instock","product_availability":"instock","product_retailer_item_id":"BK-LOL-ENSAM-SV","product_condition":"new"},"_links":{"self":[{"href":"https:\/\/babylove.se\/no\/wp-json\/wp\/v2\/product\/26790","targetHints":{"allow":["GET"]}}],"collection":[{"href":"https:\/\/babylove.se\/no\/wp-json\/wp\/v2\/product"}],"about":[{"href":"https:\/\/babylove.se\/no\/wp-json\/wp\/v2\/types\/product"}],"replies":[{"embeddable":true,"href":"https:\/\/babylove.se\/no\/wp-json\/wp\/v2\/comments?post=26790"}],"wp:featuredmedia":[{"embeddable":true,"href":"https:\/\/babylove.se\/no\/wp-json\/wp\/v2\/media\/26792"}],"wp:attachment":[{"href":"https:\/\/babylove.se\/no\/wp-json\/wp\/v2\/media?parent=26790"}],"wp:term":[{"taxonomy":"product_brand","embeddable":true,"href":"https:\/\/babylove.se\/no\/wp-json\/wp\/v2\/product_brand?post=26790"},{"taxonomy":"product_cat","embeddable":true,"href":"https:\/\/babylove.se\/no\/wp-json\/wp\/v2\/product_cat?post=26790"},{"taxonomy":"product_tag","embeddable":true,"href":"https:\/\/babylove.se\/no\/wp-json\/wp\/v2\/product_tag?post=26790"}],"curies":[{"name":"wp","href":"https:\/\/api.w.org\/{rel}","templated":true}]}}