{"id":26833,"date":"2025-07-18T23:33:10","date_gmt":"2025-07-18T22:33:10","guid":{"rendered":"https:\/\/babylove.se\/produkt\/mrs-mighetto-gnuggis-fake-tatuering-ocean-kids\/"},"modified":"2026-04-08T11:22:57","modified_gmt":"2026-04-08T10:22:57","slug":"mrs-mighetto-gnuggis-falsk-tatovering-ocean-kids","status":"publish","type":"product","link":"https:\/\/babylove.se\/no\/produkt\/mrs-mighetto-gnuggis-falsk-tatovering-ocean-kids\/","title":{"rendered":"Mrs Mighetto, gnuggis falsk tatovering Ocean Kids"},"content":{"rendered":"<p>Fantastiske midlertidige tatoveringer inspirert av havsmotiver for b\u00e5de de sm\u00e5 og voksne. P\u00e5f\u00f8res enkelt ved hjelp av vann. Tatoveringene er selvsagt trygge \u00e5 bruke, giftfrie og ikke-allergiframkallende. Holder omtrent 2-7 dager avhengig av hudtype og plassering. <\/p>\n<p><strong>M\u00e5l<\/strong>: Varierer i st\u00f8rrelse. De minste er cirka 1 cm og de st\u00f8rste cirka 9 cm. <\/p>\n<p><strong>Antall<\/strong>: 15 stk. <\/p>\n<p>Designer: <a href=\"https:\/\/babylove.se\/varumarken\/mrs-mighetto\">Mrs Mighetto<\/a> <\/p>\n<p>&#8220;<em>? Langsomt sveiper vinden forbi. Den har roet seg n\u00e5. Den tapre skaren havsbarn har sovnet, b\u00f8lgene har vugget dem til s\u00f8vns. En skare barn sammensatt av skjebnen som eksisterer bare takket v\u00e6re deres gaver. Den lille gruppen overlevde da bris ble storm og n\u00e5r dugg ble monsun. Der kraft var n\u00f8dvendig og magi var p\u00e5krevd.<\/em> <\/p>\n<p><em>Dear Sparrow<br \/>\n<\/em><em>?Dear Sparrow er transporten der reisen er viktigere enn m\u00e5let, der ingen ruter spiller noen rolle. En tur med Dear Sparrow tar n\u00f8yaktig 12 minutter uansett om man er bortreist en uke eller femtito \u00e5r. P\u00e5 den trygge ryggen st\u00e5r tiden stille og n\u00e5r det er p\u00e5 tide \u00e5 stige av er man fremme ved sitt reisem\u00e5l.&#8221;<\/em> <\/p>\n<p><u>OBS! P\u00e5f\u00f8r ikke tatoveringene n\u00e6r \u00f8ynene, p\u00e5 sensitiv\/skadet hud eller ved allergi mot hudlim.<\/u><\/p>\n","protected":false},"excerpt":{"rendered":"<p>Fantastiske midlertidige tatoveringer inspirert av havsmotiver for b\u00e5de de sm\u00e5 og voksne. P\u00e5f\u00f8res enkelt ved hjelp av vann. Tatoveringene er selvsagt trygge \u00e5 bruke, giftfrie og ikke-allergiframkallende. Holder omtrent 2-7 dager avhengig av hudtype og plassering. M\u00e5l: Varierer i st\u00f8rrelse. De minste er cirka 1 cm og de st\u00f8rste cirka 9 cm. Antall: 15 stk. [&hellip;]<\/p>\n","protected":false},"featured_media":26835,"comment_status":"closed","ping_status":"closed","template":"","meta":{"_acf_changed":false},"product_brand":[974],"product_cat":[975],"product_tag":[],"class_list":{"0":"post-26833","1":"product","2":"type-product","3":"status-publish","4":"has-post-thumbnail","6":"product_brand-mrs-mighetto","7":"product_cat-mrs-mighetto","9":"first","10":"outofstock","11":"taxable","12":"shipping-taxable","13":"purchasable","14":"product-type-simple"},"acf":[],"yoast_head":"<!-- This site is optimized with the Yoast SEO Premium plugin v25.8 (Yoast SEO v27.2) - https:\/\/yoast.com\/product\/yoast-seo-premium-wordpress\/ -->\n<title>Mrs Mighetto, gnuggis falsk tatovering Ocean Kids - Babylove Norska<\/title>\n<meta name=\"robots\" content=\"noindex, follow, max-snippet:-1, max-image-preview:large, max-video-preview:-1\" \/>\n<meta property=\"og:locale\" content=\"nb_NO\" \/>\n<meta property=\"og:type\" content=\"article\" \/>\n<meta property=\"og:title\" content=\"Mrs Mighetto, gnuggis falsk tatovering Ocean Kids\" \/>\n<meta property=\"og:description\" content=\"Fantastiske midlertidige tatoveringer inspirert av havsmotiver for b\u00e5de de sm\u00e5 og voksne. P\u00e5f\u00f8res enkelt ved hjelp av vann. Tatoveringene er selvsagt trygge \u00e5 bruke, giftfrie og ikke-allergiframkallende. Holder omtrent 2-7 dager avhengig av hudtype og plassering. M\u00e5l: Varierer i st\u00f8rrelse. De minste er cirka 1 cm og de st\u00f8rste cirka 9 cm. Antall: 15 stk. [&hellip;]\" \/>\n<meta property=\"og:url\" content=\"https:\/\/babylove.se\/no\/produkt\/mrs-mighetto-gnuggis-falsk-tatovering-ocean-kids\/\" \/>\n<meta property=\"og:site_name\" content=\"Babylove Norska\" \/>\n<meta property=\"article:modified_time\" content=\"2026-04-08T10:22:57+00:00\" \/>\n<meta property=\"og:image\" content=\"https:\/\/babylove.se\/no\/wp-content\/uploads\/sites\/3\/2025\/07\/611e46b63bea8.jpeg\" \/>\n\t<meta property=\"og:image:width\" content=\"500\" \/>\n\t<meta property=\"og:image:height\" content=\"750\" \/>\n\t<meta property=\"og:image:type\" content=\"image\/jpeg\" \/>\n<meta name=\"twitter:card\" content=\"summary_large_image\" \/>\n<meta name=\"twitter:label1\" content=\"Price\" \/>\n\t<meta name=\"twitter:data1\" content=\"75,00&nbsp;&#107;&#114;\" \/>\n\t<meta name=\"twitter:label2\" content=\"Availability\" \/>\n\t<meta name=\"twitter:data2\" content=\"Out of stock\" \/>\n<script type=\"application\/ld+json\" class=\"yoast-schema-graph\">{\"@context\":\"https:\/\/schema.org\",\"@graph\":[{\"@type\":\"WebPage\",\"@id\":\"https:\/\/babylove.se\/no\/produkt\/mrs-mighetto-gnuggis-falsk-tatovering-ocean-kids\/\",\"url\":\"https:\/\/babylove.se\/no\/produkt\/mrs-mighetto-gnuggis-falsk-tatovering-ocean-kids\/\",\"name\":\"Mrs Mighetto, gnuggis falsk tatovering Ocean Kids - Babylove Norska\",\"isPartOf\":{\"@id\":\"https:\/\/babylove.se\/no\/#website\"},\"primaryImageOfPage\":{\"@id\":\"https:\/\/babylove.se\/no\/produkt\/mrs-mighetto-gnuggis-falsk-tatovering-ocean-kids\/#primaryimage\"},\"image\":{\"@id\":\"https:\/\/babylove.se\/no\/produkt\/mrs-mighetto-gnuggis-falsk-tatovering-ocean-kids\/#primaryimage\"},\"thumbnailUrl\":\"https:\/\/babylove.se\/no\/wp-content\/uploads\/sites\/3\/2025\/07\/611e46b63bea8.jpeg\",\"datePublished\":\"2025-07-18T22:33:10+00:00\",\"dateModified\":\"2026-04-08T10:22:57+00:00\",\"breadcrumb\":{\"@id\":\"https:\/\/babylove.se\/no\/produkt\/mrs-mighetto-gnuggis-falsk-tatovering-ocean-kids\/#breadcrumb\"},\"inLanguage\":\"nb-NO\",\"potentialAction\":[{\"@type\":\"ReadAction\",\"target\":[\"https:\/\/babylove.se\/no\/produkt\/mrs-mighetto-gnuggis-falsk-tatovering-ocean-kids\/\"]}]},{\"@type\":\"ImageObject\",\"inLanguage\":\"nb-NO\",\"@id\":\"https:\/\/babylove.se\/no\/produkt\/mrs-mighetto-gnuggis-falsk-tatovering-ocean-kids\/#primaryimage\",\"url\":\"https:\/\/babylove.se\/no\/wp-content\/uploads\/sites\/3\/2025\/07\/611e46b63bea8.jpeg\",\"contentUrl\":\"https:\/\/babylove.se\/no\/wp-content\/uploads\/sites\/3\/2025\/07\/611e46b63bea8.jpeg\",\"width\":500,\"height\":750},{\"@type\":\"BreadcrumbList\",\"@id\":\"https:\/\/babylove.se\/no\/produkt\/mrs-mighetto-gnuggis-falsk-tatovering-ocean-kids\/#breadcrumb\",\"itemListElement\":[{\"@type\":\"ListItem\",\"position\":1,\"name\":\"Hem\",\"item\":\"https:\/\/babylove.se\/no\/\"},{\"@type\":\"ListItem\",\"position\":2,\"name\":\"Butik\",\"item\":\"https:\/\/babylove.se\/no\/butik\/\"},{\"@type\":\"ListItem\",\"position\":3,\"name\":\"Mrs Mighetto, gnuggis falsk tatovering Ocean Kids\"}]},{\"@type\":\"WebSite\",\"@id\":\"https:\/\/babylove.se\/no\/#website\",\"url\":\"https:\/\/babylove.se\/no\/\",\"name\":\"Babylove Norska\",\"description\":\"\",\"potentialAction\":[{\"@type\":\"SearchAction\",\"target\":{\"@type\":\"EntryPoint\",\"urlTemplate\":\"https:\/\/babylove.se\/no\/?s={search_term_string}\"},\"query-input\":{\"@type\":\"PropertyValueSpecification\",\"valueRequired\":true,\"valueName\":\"search_term_string\"}}],\"inLanguage\":\"nb-NO\"}]}<\/script>\n<meta property=\"product:brand\" content=\"Mrs Mighetto\" \/>\n<meta property=\"product:price:amount\" content=\"75.00\" \/>\n<meta property=\"product:price:currency\" content=\"SEK\" \/>\n<meta property=\"og:availability\" content=\"out of stock\" \/>\n<meta property=\"product:availability\" content=\"out of stock\" \/>\n<meta property=\"product:retailer_item_id\" content=\"PP-OK-OCEANKIDS-TATTOO\" \/>\n<meta property=\"product:condition\" content=\"new\" \/>\n<!-- \/ Yoast SEO Premium plugin. -->","yoast_head_json":{"title":"Mrs Mighetto, gnuggis falsk tatovering Ocean Kids - Babylove Norska","robots":{"index":"noindex","follow":"follow","max-snippet":"max-snippet:-1","max-image-preview":"max-image-preview:large","max-video-preview":"max-video-preview:-1"},"og_locale":"nb_NO","og_type":"article","og_title":"Mrs Mighetto, gnuggis falsk tatovering Ocean Kids","og_description":"Fantastiske midlertidige tatoveringer inspirert av havsmotiver for b\u00e5de de sm\u00e5 og voksne. P\u00e5f\u00f8res enkelt ved hjelp av vann. Tatoveringene er selvsagt trygge \u00e5 bruke, giftfrie og ikke-allergiframkallende. Holder omtrent 2-7 dager avhengig av hudtype og plassering. M\u00e5l: Varierer i st\u00f8rrelse. De minste er cirka 1 cm og de st\u00f8rste cirka 9 cm. Antall: 15 stk. [&hellip;]","og_url":"https:\/\/babylove.se\/no\/produkt\/mrs-mighetto-gnuggis-falsk-tatovering-ocean-kids\/","og_site_name":"Babylove Norska","article_modified_time":"2026-04-08T10:22:57+00:00","og_image":[{"width":500,"height":750,"url":"https:\/\/babylove.se\/no\/wp-content\/uploads\/sites\/3\/2025\/07\/611e46b63bea8.jpeg","type":"image\/jpeg"}],"twitter_card":"summary_large_image","twitter_misc":{"Price":"75,00&nbsp;&#107;&#114;","Availability":"Out of stock"},"schema":{"@context":"https:\/\/schema.org","@graph":[{"@type":"WebPage","@id":"https:\/\/babylove.se\/no\/produkt\/mrs-mighetto-gnuggis-falsk-tatovering-ocean-kids\/","url":"https:\/\/babylove.se\/no\/produkt\/mrs-mighetto-gnuggis-falsk-tatovering-ocean-kids\/","name":"Mrs Mighetto, gnuggis falsk tatovering Ocean Kids - Babylove Norska","isPartOf":{"@id":"https:\/\/babylove.se\/no\/#website"},"primaryImageOfPage":{"@id":"https:\/\/babylove.se\/no\/produkt\/mrs-mighetto-gnuggis-falsk-tatovering-ocean-kids\/#primaryimage"},"image":{"@id":"https:\/\/babylove.se\/no\/produkt\/mrs-mighetto-gnuggis-falsk-tatovering-ocean-kids\/#primaryimage"},"thumbnailUrl":"https:\/\/babylove.se\/no\/wp-content\/uploads\/sites\/3\/2025\/07\/611e46b63bea8.jpeg","datePublished":"2025-07-18T22:33:10+00:00","dateModified":"2026-04-08T10:22:57+00:00","breadcrumb":{"@id":"https:\/\/babylove.se\/no\/produkt\/mrs-mighetto-gnuggis-falsk-tatovering-ocean-kids\/#breadcrumb"},"inLanguage":"nb-NO","potentialAction":[{"@type":"ReadAction","target":["https:\/\/babylove.se\/no\/produkt\/mrs-mighetto-gnuggis-falsk-tatovering-ocean-kids\/"]}]},{"@type":"ImageObject","inLanguage":"nb-NO","@id":"https:\/\/babylove.se\/no\/produkt\/mrs-mighetto-gnuggis-falsk-tatovering-ocean-kids\/#primaryimage","url":"https:\/\/babylove.se\/no\/wp-content\/uploads\/sites\/3\/2025\/07\/611e46b63bea8.jpeg","contentUrl":"https:\/\/babylove.se\/no\/wp-content\/uploads\/sites\/3\/2025\/07\/611e46b63bea8.jpeg","width":500,"height":750},{"@type":"BreadcrumbList","@id":"https:\/\/babylove.se\/no\/produkt\/mrs-mighetto-gnuggis-falsk-tatovering-ocean-kids\/#breadcrumb","itemListElement":[{"@type":"ListItem","position":1,"name":"Hem","item":"https:\/\/babylove.se\/no\/"},{"@type":"ListItem","position":2,"name":"Butik","item":"https:\/\/babylove.se\/no\/butik\/"},{"@type":"ListItem","position":3,"name":"Mrs Mighetto, gnuggis falsk tatovering Ocean Kids"}]},{"@type":"WebSite","@id":"https:\/\/babylove.se\/no\/#website","url":"https:\/\/babylove.se\/no\/","name":"Babylove Norska","description":"","potentialAction":[{"@type":"SearchAction","target":{"@type":"EntryPoint","urlTemplate":"https:\/\/babylove.se\/no\/?s={search_term_string}"},"query-input":{"@type":"PropertyValueSpecification","valueRequired":true,"valueName":"search_term_string"}}],"inLanguage":"nb-NO"}]},"product_brand":"Mrs Mighetto","product_price_amount":"75.00","product_price_currency":"SEK","og_availability":"out of stock","product_availability":"out of stock","product_retailer_item_id":"PP-OK-OCEANKIDS-TATTOO","product_condition":"new"},"_links":{"self":[{"href":"https:\/\/babylove.se\/no\/wp-json\/wp\/v2\/product\/26833","targetHints":{"allow":["GET"]}}],"collection":[{"href":"https:\/\/babylove.se\/no\/wp-json\/wp\/v2\/product"}],"about":[{"href":"https:\/\/babylove.se\/no\/wp-json\/wp\/v2\/types\/product"}],"replies":[{"embeddable":true,"href":"https:\/\/babylove.se\/no\/wp-json\/wp\/v2\/comments?post=26833"}],"wp:featuredmedia":[{"embeddable":true,"href":"https:\/\/babylove.se\/no\/wp-json\/wp\/v2\/media\/26835"}],"wp:attachment":[{"href":"https:\/\/babylove.se\/no\/wp-json\/wp\/v2\/media?parent=26833"}],"wp:term":[{"taxonomy":"product_brand","embeddable":true,"href":"https:\/\/babylove.se\/no\/wp-json\/wp\/v2\/product_brand?post=26833"},{"taxonomy":"product_cat","embeddable":true,"href":"https:\/\/babylove.se\/no\/wp-json\/wp\/v2\/product_cat?post=26833"},{"taxonomy":"product_tag","embeddable":true,"href":"https:\/\/babylove.se\/no\/wp-json\/wp\/v2\/product_tag?post=26833"}],"curies":[{"name":"wp","href":"https:\/\/api.w.org\/{rel}","templated":true}]}}