{"id":26840,"date":"2025-07-18T23:33:10","date_gmt":"2025-07-18T22:33:10","guid":{"rendered":"https:\/\/babylove.se\/produkt\/mrs-mighetto-gnuggis-fake-tatuering-mr-simon-and-friends\/"},"modified":"2026-04-08T11:23:00","modified_gmt":"2026-04-08T10:23:00","slug":"mrs-mighetto-gnuggis-falsk-tatovering-mr-simon-and-friends","status":"publish","type":"product","link":"https:\/\/babylove.se\/no\/produkt\/mrs-mighetto-gnuggis-falsk-tatovering-mr-simon-and-friends\/","title":{"rendered":"Mrs Mighetto, gnuggis falsk tatovering Mr Simon and friends"},"content":{"rendered":"<p>Fantastiske midlertidige tatoveringer inspirert av havdyr og fugler for b\u00e5de de sm\u00e5 og voksne. P\u00e5f\u00f8res enkelt ved hjelp av vann. Tatoveringene er selvf\u00f8lgelig trygge \u00e5 bruke, giftfrie og ikke-allergiframkallende. Holder cirka 2-7 dager avhengig av hudtype og plassering. <\/p>\n<p><strong>M\u00e5l<\/strong>: Varierer i st\u00f8rrelse. De minste er cirka 2 cm og de st\u00f8rste cirka 9 cm. <\/p>\n<p><strong>Antall<\/strong>: 9 stk. <\/p>\n<p>Designer: <a href=\"https:\/\/babylove.se\/varumarken\/mrs-mighetto\">Mrs Mighetto<\/a> <\/p>\n<p><em>&#8220;<\/em><em>Vifting av vingene hvisker i den ellers lydfrie himmelen over det praktfulle fuglepalasset. Dets innbyggere flyr inn og ut, g\u00e5r om sin daglige virksomhet. Landets lov fungerer som den alltid har, p\u00e5 kommandoer av kvidring og fuglesang. I palasset sitter to dronninger som ogs\u00e5 er landets beslutningstakere, en kattugle og en spurv, begge ekstremt gamle og kloke.<\/em> <\/p>\n<p><em>I fuglenes land er du enten f\u00f8dt med vinger eller ganske enkelt som en fugl. Innbyggerne bor i t\u00e5rnrom eller h\u00f8yt oppe i trekronene. \u00c5 fly er den eneste m\u00e5ten \u00e5 komme seg rundt p\u00e5. Individuelle Minimighettos, f\u00f8dt uten vinger, bel\u00f8nnes i stedet med fortryllede gaver og arver en \u00e6reverdig oppgave i fuglepalasset.&#8221;<\/em> <\/p>\n<p><u>OBS! P\u00e5f\u00f8r ikke tatoveringene n\u00e6r \u00f8ynene, p\u00e5 sensitiv\/skadet hud eller ved allergi mot hudlim.<\/u><\/p>\n","protected":false},"excerpt":{"rendered":"<p>Fantastiske midlertidige tatoveringer inspirert av havdyr og fugler for b\u00e5de de sm\u00e5 og voksne. P\u00e5f\u00f8res enkelt ved hjelp av vann. Tatoveringene er selvf\u00f8lgelig trygge \u00e5 bruke, giftfrie og ikke-allergiframkallende. Holder cirka 2-7 dager avhengig av hudtype og plassering. M\u00e5l: Varierer i st\u00f8rrelse. De minste er cirka 2 cm og de st\u00f8rste cirka 9 cm. Antall: [&hellip;]<\/p>\n","protected":false},"featured_media":26842,"comment_status":"closed","ping_status":"closed","template":"","meta":{"_acf_changed":false},"product_brand":[974],"product_cat":[975],"product_tag":[1709],"class_list":{"0":"post-26840","1":"product","2":"type-product","3":"status-publish","4":"has-post-thumbnail","6":"product_brand-mrs-mighetto","7":"product_cat-mrs-mighetto","8":"product_tag-utforsalg","10":"first","11":"instock","12":"taxable","13":"shipping-taxable","14":"purchasable","15":"product-type-simple"},"acf":[],"yoast_head":"<!-- This site is optimized with the Yoast SEO Premium plugin v25.8 (Yoast SEO v27.2) - https:\/\/yoast.com\/product\/yoast-seo-premium-wordpress\/ -->\n<title>Mrs Mighetto, gnuggis falsk tatovering Mr Simon and friends - Babylove Norska<\/title>\n<meta name=\"robots\" content=\"noindex, follow, max-snippet:-1, max-image-preview:large, max-video-preview:-1\" \/>\n<meta property=\"og:locale\" content=\"nb_NO\" \/>\n<meta property=\"og:type\" content=\"article\" \/>\n<meta property=\"og:title\" content=\"Mrs Mighetto, gnuggis falsk tatovering Mr Simon and friends\" \/>\n<meta property=\"og:description\" content=\"Fantastiske midlertidige tatoveringer inspirert av havdyr og fugler for b\u00e5de de sm\u00e5 og voksne. P\u00e5f\u00f8res enkelt ved hjelp av vann. Tatoveringene er selvf\u00f8lgelig trygge \u00e5 bruke, giftfrie og ikke-allergiframkallende. Holder cirka 2-7 dager avhengig av hudtype og plassering. M\u00e5l: Varierer i st\u00f8rrelse. De minste er cirka 2 cm og de st\u00f8rste cirka 9 cm. Antall: [&hellip;]\" \/>\n<meta property=\"og:url\" content=\"https:\/\/babylove.se\/no\/produkt\/mrs-mighetto-gnuggis-falsk-tatovering-mr-simon-and-friends\/\" \/>\n<meta property=\"og:site_name\" content=\"Babylove Norska\" \/>\n<meta property=\"article:modified_time\" content=\"2026-04-08T10:23:00+00:00\" \/>\n<meta property=\"og:image\" content=\"https:\/\/babylove.se\/no\/wp-content\/uploads\/sites\/3\/2025\/07\/6130a46bb7a02.jpeg\" \/>\n\t<meta property=\"og:image:width\" content=\"500\" \/>\n\t<meta property=\"og:image:height\" content=\"750\" \/>\n\t<meta property=\"og:image:type\" content=\"image\/jpeg\" \/>\n<meta name=\"twitter:card\" content=\"summary_large_image\" \/>\n<meta name=\"twitter:label1\" content=\"Price\" \/>\n\t<meta name=\"twitter:data1\" content=\"75,00&nbsp;&#107;&#114;\" \/>\n\t<meta name=\"twitter:label2\" content=\"Availability\" \/>\n\t<meta name=\"twitter:data2\" content=\"In stock\" \/>\n<script type=\"application\/ld+json\" class=\"yoast-schema-graph\">{\"@context\":\"https:\/\/schema.org\",\"@graph\":[{\"@type\":\"WebPage\",\"@id\":\"https:\/\/babylove.se\/no\/produkt\/mrs-mighetto-gnuggis-falsk-tatovering-mr-simon-and-friends\/\",\"url\":\"https:\/\/babylove.se\/no\/produkt\/mrs-mighetto-gnuggis-falsk-tatovering-mr-simon-and-friends\/\",\"name\":\"Mrs Mighetto, gnuggis falsk tatovering Mr Simon and friends - Babylove Norska\",\"isPartOf\":{\"@id\":\"https:\/\/babylove.se\/no\/#website\"},\"primaryImageOfPage\":{\"@id\":\"https:\/\/babylove.se\/no\/produkt\/mrs-mighetto-gnuggis-falsk-tatovering-mr-simon-and-friends\/#primaryimage\"},\"image\":{\"@id\":\"https:\/\/babylove.se\/no\/produkt\/mrs-mighetto-gnuggis-falsk-tatovering-mr-simon-and-friends\/#primaryimage\"},\"thumbnailUrl\":\"https:\/\/babylove.se\/no\/wp-content\/uploads\/sites\/3\/2025\/07\/6130a46bb7a02.jpeg\",\"datePublished\":\"2025-07-18T22:33:10+00:00\",\"dateModified\":\"2026-04-08T10:23:00+00:00\",\"breadcrumb\":{\"@id\":\"https:\/\/babylove.se\/no\/produkt\/mrs-mighetto-gnuggis-falsk-tatovering-mr-simon-and-friends\/#breadcrumb\"},\"inLanguage\":\"nb-NO\",\"potentialAction\":[{\"@type\":\"ReadAction\",\"target\":[\"https:\/\/babylove.se\/no\/produkt\/mrs-mighetto-gnuggis-falsk-tatovering-mr-simon-and-friends\/\"]}]},{\"@type\":\"ImageObject\",\"inLanguage\":\"nb-NO\",\"@id\":\"https:\/\/babylove.se\/no\/produkt\/mrs-mighetto-gnuggis-falsk-tatovering-mr-simon-and-friends\/#primaryimage\",\"url\":\"https:\/\/babylove.se\/no\/wp-content\/uploads\/sites\/3\/2025\/07\/6130a46bb7a02.jpeg\",\"contentUrl\":\"https:\/\/babylove.se\/no\/wp-content\/uploads\/sites\/3\/2025\/07\/6130a46bb7a02.jpeg\",\"width\":500,\"height\":750},{\"@type\":\"BreadcrumbList\",\"@id\":\"https:\/\/babylove.se\/no\/produkt\/mrs-mighetto-gnuggis-falsk-tatovering-mr-simon-and-friends\/#breadcrumb\",\"itemListElement\":[{\"@type\":\"ListItem\",\"position\":1,\"name\":\"Hem\",\"item\":\"https:\/\/babylove.se\/no\/\"},{\"@type\":\"ListItem\",\"position\":2,\"name\":\"Butik\",\"item\":\"https:\/\/babylove.se\/no\/butik\/\"},{\"@type\":\"ListItem\",\"position\":3,\"name\":\"Mrs Mighetto, gnuggis falsk tatovering Mr Simon and friends\"}]},{\"@type\":\"WebSite\",\"@id\":\"https:\/\/babylove.se\/no\/#website\",\"url\":\"https:\/\/babylove.se\/no\/\",\"name\":\"Babylove Norska\",\"description\":\"\",\"potentialAction\":[{\"@type\":\"SearchAction\",\"target\":{\"@type\":\"EntryPoint\",\"urlTemplate\":\"https:\/\/babylove.se\/no\/?s={search_term_string}\"},\"query-input\":{\"@type\":\"PropertyValueSpecification\",\"valueRequired\":true,\"valueName\":\"search_term_string\"}}],\"inLanguage\":\"nb-NO\"}]}<\/script>\n<meta property=\"product:brand\" content=\"Mrs Mighetto\" \/>\n<meta property=\"product:price:amount\" content=\"75.00\" \/>\n<meta property=\"product:price:currency\" content=\"SEK\" \/>\n<meta property=\"og:availability\" content=\"instock\" \/>\n<meta property=\"product:availability\" content=\"instock\" \/>\n<meta property=\"product:retailer_item_id\" content=\"PP-LOB-SIMON-TATTOO\" \/>\n<meta property=\"product:condition\" content=\"new\" \/>\n<!-- \/ Yoast SEO Premium plugin. -->","yoast_head_json":{"title":"Mrs Mighetto, gnuggis falsk tatovering Mr Simon and friends - Babylove Norska","robots":{"index":"noindex","follow":"follow","max-snippet":"max-snippet:-1","max-image-preview":"max-image-preview:large","max-video-preview":"max-video-preview:-1"},"og_locale":"nb_NO","og_type":"article","og_title":"Mrs Mighetto, gnuggis falsk tatovering Mr Simon and friends","og_description":"Fantastiske midlertidige tatoveringer inspirert av havdyr og fugler for b\u00e5de de sm\u00e5 og voksne. P\u00e5f\u00f8res enkelt ved hjelp av vann. Tatoveringene er selvf\u00f8lgelig trygge \u00e5 bruke, giftfrie og ikke-allergiframkallende. Holder cirka 2-7 dager avhengig av hudtype og plassering. M\u00e5l: Varierer i st\u00f8rrelse. De minste er cirka 2 cm og de st\u00f8rste cirka 9 cm. Antall: [&hellip;]","og_url":"https:\/\/babylove.se\/no\/produkt\/mrs-mighetto-gnuggis-falsk-tatovering-mr-simon-and-friends\/","og_site_name":"Babylove Norska","article_modified_time":"2026-04-08T10:23:00+00:00","og_image":[{"width":500,"height":750,"url":"https:\/\/babylove.se\/no\/wp-content\/uploads\/sites\/3\/2025\/07\/6130a46bb7a02.jpeg","type":"image\/jpeg"}],"twitter_card":"summary_large_image","twitter_misc":{"Price":"75,00&nbsp;&#107;&#114;","Availability":"In stock"},"schema":{"@context":"https:\/\/schema.org","@graph":[{"@type":"WebPage","@id":"https:\/\/babylove.se\/no\/produkt\/mrs-mighetto-gnuggis-falsk-tatovering-mr-simon-and-friends\/","url":"https:\/\/babylove.se\/no\/produkt\/mrs-mighetto-gnuggis-falsk-tatovering-mr-simon-and-friends\/","name":"Mrs Mighetto, gnuggis falsk tatovering Mr Simon and friends - Babylove Norska","isPartOf":{"@id":"https:\/\/babylove.se\/no\/#website"},"primaryImageOfPage":{"@id":"https:\/\/babylove.se\/no\/produkt\/mrs-mighetto-gnuggis-falsk-tatovering-mr-simon-and-friends\/#primaryimage"},"image":{"@id":"https:\/\/babylove.se\/no\/produkt\/mrs-mighetto-gnuggis-falsk-tatovering-mr-simon-and-friends\/#primaryimage"},"thumbnailUrl":"https:\/\/babylove.se\/no\/wp-content\/uploads\/sites\/3\/2025\/07\/6130a46bb7a02.jpeg","datePublished":"2025-07-18T22:33:10+00:00","dateModified":"2026-04-08T10:23:00+00:00","breadcrumb":{"@id":"https:\/\/babylove.se\/no\/produkt\/mrs-mighetto-gnuggis-falsk-tatovering-mr-simon-and-friends\/#breadcrumb"},"inLanguage":"nb-NO","potentialAction":[{"@type":"ReadAction","target":["https:\/\/babylove.se\/no\/produkt\/mrs-mighetto-gnuggis-falsk-tatovering-mr-simon-and-friends\/"]}]},{"@type":"ImageObject","inLanguage":"nb-NO","@id":"https:\/\/babylove.se\/no\/produkt\/mrs-mighetto-gnuggis-falsk-tatovering-mr-simon-and-friends\/#primaryimage","url":"https:\/\/babylove.se\/no\/wp-content\/uploads\/sites\/3\/2025\/07\/6130a46bb7a02.jpeg","contentUrl":"https:\/\/babylove.se\/no\/wp-content\/uploads\/sites\/3\/2025\/07\/6130a46bb7a02.jpeg","width":500,"height":750},{"@type":"BreadcrumbList","@id":"https:\/\/babylove.se\/no\/produkt\/mrs-mighetto-gnuggis-falsk-tatovering-mr-simon-and-friends\/#breadcrumb","itemListElement":[{"@type":"ListItem","position":1,"name":"Hem","item":"https:\/\/babylove.se\/no\/"},{"@type":"ListItem","position":2,"name":"Butik","item":"https:\/\/babylove.se\/no\/butik\/"},{"@type":"ListItem","position":3,"name":"Mrs Mighetto, gnuggis falsk tatovering Mr Simon and friends"}]},{"@type":"WebSite","@id":"https:\/\/babylove.se\/no\/#website","url":"https:\/\/babylove.se\/no\/","name":"Babylove Norska","description":"","potentialAction":[{"@type":"SearchAction","target":{"@type":"EntryPoint","urlTemplate":"https:\/\/babylove.se\/no\/?s={search_term_string}"},"query-input":{"@type":"PropertyValueSpecification","valueRequired":true,"valueName":"search_term_string"}}],"inLanguage":"nb-NO"}]},"product_brand":"Mrs Mighetto","product_price_amount":"75.00","product_price_currency":"SEK","og_availability":"instock","product_availability":"instock","product_retailer_item_id":"PP-LOB-SIMON-TATTOO","product_condition":"new"},"_links":{"self":[{"href":"https:\/\/babylove.se\/no\/wp-json\/wp\/v2\/product\/26840","targetHints":{"allow":["GET"]}}],"collection":[{"href":"https:\/\/babylove.se\/no\/wp-json\/wp\/v2\/product"}],"about":[{"href":"https:\/\/babylove.se\/no\/wp-json\/wp\/v2\/types\/product"}],"replies":[{"embeddable":true,"href":"https:\/\/babylove.se\/no\/wp-json\/wp\/v2\/comments?post=26840"}],"wp:featuredmedia":[{"embeddable":true,"href":"https:\/\/babylove.se\/no\/wp-json\/wp\/v2\/media\/26842"}],"wp:attachment":[{"href":"https:\/\/babylove.se\/no\/wp-json\/wp\/v2\/media?parent=26840"}],"wp:term":[{"taxonomy":"product_brand","embeddable":true,"href":"https:\/\/babylove.se\/no\/wp-json\/wp\/v2\/product_brand?post=26840"},{"taxonomy":"product_cat","embeddable":true,"href":"https:\/\/babylove.se\/no\/wp-json\/wp\/v2\/product_cat?post=26840"},{"taxonomy":"product_tag","embeddable":true,"href":"https:\/\/babylove.se\/no\/wp-json\/wp\/v2\/product_tag?post=26840"}],"curies":[{"name":"wp","href":"https:\/\/api.w.org\/{rel}","templated":true}]}}