{"id":26872,"date":"2025-07-18T23:33:43","date_gmt":"2025-07-18T22:33:43","guid":{"rendered":"https:\/\/babylove.se\/produkt\/mrs-mighetto-paper-friends-oh-kids\/"},"modified":"2026-04-08T11:23:12","modified_gmt":"2026-04-08T10:23:12","slug":"mrs-mighetto-papir-venner-oh-barn","status":"publish","type":"product","link":"https:\/\/babylove.se\/no\/produkt\/mrs-mighetto-papir-venner-oh-barn\/","title":{"rendered":"Mrs Mighetto, Paper Friends \u00c5 Barn!"},"content":{"rendered":"<p>Oppmuntre barnet ditt til \u00e5 utforske sin kreativitet med dette fantastiske DIY papirsettet. Lag din egen vimpel, kake- eller veggdekorasjon. Figurene festes enkelt p\u00e5 veggen ved hjelp av festeputer. <\/p>\n<p><strong>Antall<\/strong>: 6 dobbeltsidige figurer. Totalt 3 ark. <\/p>\n<p><strong>Materiale<\/strong>: Papir <\/p>\n<p>Designer: <a href=\"https:\/\/babylove.se\/varumarken\/mrs-mighetto\">Mrs Mighetto<\/a> <\/p>\n<p>&#8220;<em>?Langsomt sveiper vinden forbi. Den har roet seg n\u00e5. Den tapre skaren havsbarn har sovnet, b\u00f8lgene har vugget dem til s\u00f8vns. En skare barn sammensatt av skjebnen som eksisterer bare takket v\u00e6re deres gaver. Den lille gruppen overlevde da bris ble storm og n\u00e5r dugg ble monsun. Der kraft var n\u00f8dvendig og magi var p\u00e5krevd.<br \/>\n<\/em> <\/p>\n<p><em>Noen kan puste fritt, i luft som vann. Andre kan trylle fram f\u00f8de. Noen kan kunsten \u00e5 helbrede, \u00e5 forst\u00e5, forandre og forvandle. En kan reise med lysets hastighet mens en annen kan stoppe tiden. Alle egenskaper som sammen utgj\u00f8r v\u00e5r arm\u00e9 av havsbarn, v\u00e5re nye helter bosatt p\u00e5 fart\u00f8yet S\/Y Ocean.<\/em><em>&#8220;<\/em><\/p>\n","protected":false},"excerpt":{"rendered":"<p>Oppmuntre barnet ditt til \u00e5 utforske sin kreativitet med dette fantastiske DIY papirsettet. Lag din egen vimpel, kake- eller veggdekorasjon. Figurene festes enkelt p\u00e5 veggen ved hjelp av festeputer. Antall: 6 dobbeltsidige figurer. Totalt 3 ark. Materiale: Papir Designer: Mrs Mighetto &#8220;?Langsomt sveiper vinden forbi. Den har roet seg n\u00e5. Den tapre skaren havsbarn har [&hellip;]<\/p>\n","protected":false},"featured_media":26874,"comment_status":"closed","ping_status":"closed","template":"","meta":{"_acf_changed":false},"product_brand":[974],"product_cat":[975],"product_tag":[],"class_list":{"0":"post-26872","1":"product","2":"type-product","3":"status-publish","4":"has-post-thumbnail","6":"product_brand-mrs-mighetto","7":"product_cat-mrs-mighetto","9":"first","10":"outofstock","11":"taxable","12":"shipping-taxable","13":"purchasable","14":"product-type-simple"},"acf":[],"yoast_head":"<!-- This site is optimized with the Yoast SEO Premium plugin v25.8 (Yoast SEO v27.2) - https:\/\/yoast.com\/product\/yoast-seo-premium-wordpress\/ -->\n<title>Mrs Mighetto, Paper Friends \u00c5 Barn! - Babylove Norska<\/title>\n<meta name=\"robots\" content=\"noindex, follow, max-snippet:-1, max-image-preview:large, max-video-preview:-1\" \/>\n<meta property=\"og:locale\" content=\"nb_NO\" \/>\n<meta property=\"og:type\" content=\"article\" \/>\n<meta property=\"og:title\" content=\"Mrs Mighetto, Paper Friends \u00c5 Barn!\" \/>\n<meta property=\"og:description\" content=\"Oppmuntre barnet ditt til \u00e5 utforske sin kreativitet med dette fantastiske DIY papirsettet. Lag din egen vimpel, kake- eller veggdekorasjon. Figurene festes enkelt p\u00e5 veggen ved hjelp av festeputer. Antall: 6 dobbeltsidige figurer. Totalt 3 ark. Materiale: Papir Designer: Mrs Mighetto &#8220;?Langsomt sveiper vinden forbi. Den har roet seg n\u00e5. Den tapre skaren havsbarn har [&hellip;]\" \/>\n<meta property=\"og:url\" content=\"https:\/\/babylove.se\/no\/produkt\/mrs-mighetto-papir-venner-oh-barn\/\" \/>\n<meta property=\"og:site_name\" content=\"Babylove Norska\" \/>\n<meta property=\"article:modified_time\" content=\"2026-04-08T10:23:12+00:00\" \/>\n<meta property=\"og:image\" content=\"https:\/\/babylove.se\/no\/wp-content\/uploads\/sites\/3\/2025\/07\/611f8a717fbe2.jpeg\" \/>\n\t<meta property=\"og:image:width\" content=\"500\" \/>\n\t<meta property=\"og:image:height\" content=\"750\" \/>\n\t<meta property=\"og:image:type\" content=\"image\/jpeg\" \/>\n<meta name=\"twitter:card\" content=\"summary_large_image\" \/>\n<meta name=\"twitter:label1\" content=\"Price\" \/>\n\t<meta name=\"twitter:data1\" content=\"225,00&nbsp;&#107;&#114;\" \/>\n\t<meta name=\"twitter:label2\" content=\"Availability\" \/>\n\t<meta name=\"twitter:data2\" content=\"Out of stock\" \/>\n<script type=\"application\/ld+json\" class=\"yoast-schema-graph\">{\"@context\":\"https:\/\/schema.org\",\"@graph\":[{\"@type\":\"WebPage\",\"@id\":\"https:\/\/babylove.se\/no\/produkt\/mrs-mighetto-papir-venner-oh-barn\/\",\"url\":\"https:\/\/babylove.se\/no\/produkt\/mrs-mighetto-papir-venner-oh-barn\/\",\"name\":\"Mrs Mighetto, Paper Friends \u00c5 Barn! - Babylove Norska\",\"isPartOf\":{\"@id\":\"https:\/\/babylove.se\/no\/#website\"},\"primaryImageOfPage\":{\"@id\":\"https:\/\/babylove.se\/no\/produkt\/mrs-mighetto-papir-venner-oh-barn\/#primaryimage\"},\"image\":{\"@id\":\"https:\/\/babylove.se\/no\/produkt\/mrs-mighetto-papir-venner-oh-barn\/#primaryimage\"},\"thumbnailUrl\":\"https:\/\/babylove.se\/no\/wp-content\/uploads\/sites\/3\/2025\/07\/611f8a717fbe2.jpeg\",\"datePublished\":\"2025-07-18T22:33:43+00:00\",\"dateModified\":\"2026-04-08T10:23:12+00:00\",\"breadcrumb\":{\"@id\":\"https:\/\/babylove.se\/no\/produkt\/mrs-mighetto-papir-venner-oh-barn\/#breadcrumb\"},\"inLanguage\":\"nb-NO\",\"potentialAction\":[{\"@type\":\"ReadAction\",\"target\":[\"https:\/\/babylove.se\/no\/produkt\/mrs-mighetto-papir-venner-oh-barn\/\"]}]},{\"@type\":\"ImageObject\",\"inLanguage\":\"nb-NO\",\"@id\":\"https:\/\/babylove.se\/no\/produkt\/mrs-mighetto-papir-venner-oh-barn\/#primaryimage\",\"url\":\"https:\/\/babylove.se\/no\/wp-content\/uploads\/sites\/3\/2025\/07\/611f8a717fbe2.jpeg\",\"contentUrl\":\"https:\/\/babylove.se\/no\/wp-content\/uploads\/sites\/3\/2025\/07\/611f8a717fbe2.jpeg\",\"width\":500,\"height\":750},{\"@type\":\"BreadcrumbList\",\"@id\":\"https:\/\/babylove.se\/no\/produkt\/mrs-mighetto-papir-venner-oh-barn\/#breadcrumb\",\"itemListElement\":[{\"@type\":\"ListItem\",\"position\":1,\"name\":\"Hem\",\"item\":\"https:\/\/babylove.se\/no\/\"},{\"@type\":\"ListItem\",\"position\":2,\"name\":\"Butik\",\"item\":\"https:\/\/babylove.se\/no\/butik\/\"},{\"@type\":\"ListItem\",\"position\":3,\"name\":\"Mrs Mighetto, Paper Friends \u00c5 Barn!\"}]},{\"@type\":\"WebSite\",\"@id\":\"https:\/\/babylove.se\/no\/#website\",\"url\":\"https:\/\/babylove.se\/no\/\",\"name\":\"Babylove Norska\",\"description\":\"\",\"potentialAction\":[{\"@type\":\"SearchAction\",\"target\":{\"@type\":\"EntryPoint\",\"urlTemplate\":\"https:\/\/babylove.se\/no\/?s={search_term_string}\"},\"query-input\":{\"@type\":\"PropertyValueSpecification\",\"valueRequired\":true,\"valueName\":\"search_term_string\"}}],\"inLanguage\":\"nb-NO\"}]}<\/script>\n<meta property=\"product:brand\" content=\"Mrs Mighetto\" \/>\n<meta property=\"product:price:amount\" content=\"225.00\" \/>\n<meta property=\"product:price:currency\" content=\"SEK\" \/>\n<meta property=\"og:availability\" content=\"out of stock\" \/>\n<meta property=\"product:availability\" content=\"out of stock\" \/>\n<meta property=\"product:retailer_item_id\" content=\"PP-OK-OHKIDS-PF\" \/>\n<meta property=\"product:condition\" content=\"new\" \/>\n<!-- \/ Yoast SEO Premium plugin. -->","yoast_head_json":{"title":"Mrs Mighetto, Paper Friends \u00c5 Barn! - Babylove Norska","robots":{"index":"noindex","follow":"follow","max-snippet":"max-snippet:-1","max-image-preview":"max-image-preview:large","max-video-preview":"max-video-preview:-1"},"og_locale":"nb_NO","og_type":"article","og_title":"Mrs Mighetto, Paper Friends \u00c5 Barn!","og_description":"Oppmuntre barnet ditt til \u00e5 utforske sin kreativitet med dette fantastiske DIY papirsettet. Lag din egen vimpel, kake- eller veggdekorasjon. Figurene festes enkelt p\u00e5 veggen ved hjelp av festeputer. Antall: 6 dobbeltsidige figurer. Totalt 3 ark. Materiale: Papir Designer: Mrs Mighetto &#8220;?Langsomt sveiper vinden forbi. Den har roet seg n\u00e5. Den tapre skaren havsbarn har [&hellip;]","og_url":"https:\/\/babylove.se\/no\/produkt\/mrs-mighetto-papir-venner-oh-barn\/","og_site_name":"Babylove Norska","article_modified_time":"2026-04-08T10:23:12+00:00","og_image":[{"width":500,"height":750,"url":"https:\/\/babylove.se\/no\/wp-content\/uploads\/sites\/3\/2025\/07\/611f8a717fbe2.jpeg","type":"image\/jpeg"}],"twitter_card":"summary_large_image","twitter_misc":{"Price":"225,00&nbsp;&#107;&#114;","Availability":"Out of stock"},"schema":{"@context":"https:\/\/schema.org","@graph":[{"@type":"WebPage","@id":"https:\/\/babylove.se\/no\/produkt\/mrs-mighetto-papir-venner-oh-barn\/","url":"https:\/\/babylove.se\/no\/produkt\/mrs-mighetto-papir-venner-oh-barn\/","name":"Mrs Mighetto, Paper Friends \u00c5 Barn! - Babylove Norska","isPartOf":{"@id":"https:\/\/babylove.se\/no\/#website"},"primaryImageOfPage":{"@id":"https:\/\/babylove.se\/no\/produkt\/mrs-mighetto-papir-venner-oh-barn\/#primaryimage"},"image":{"@id":"https:\/\/babylove.se\/no\/produkt\/mrs-mighetto-papir-venner-oh-barn\/#primaryimage"},"thumbnailUrl":"https:\/\/babylove.se\/no\/wp-content\/uploads\/sites\/3\/2025\/07\/611f8a717fbe2.jpeg","datePublished":"2025-07-18T22:33:43+00:00","dateModified":"2026-04-08T10:23:12+00:00","breadcrumb":{"@id":"https:\/\/babylove.se\/no\/produkt\/mrs-mighetto-papir-venner-oh-barn\/#breadcrumb"},"inLanguage":"nb-NO","potentialAction":[{"@type":"ReadAction","target":["https:\/\/babylove.se\/no\/produkt\/mrs-mighetto-papir-venner-oh-barn\/"]}]},{"@type":"ImageObject","inLanguage":"nb-NO","@id":"https:\/\/babylove.se\/no\/produkt\/mrs-mighetto-papir-venner-oh-barn\/#primaryimage","url":"https:\/\/babylove.se\/no\/wp-content\/uploads\/sites\/3\/2025\/07\/611f8a717fbe2.jpeg","contentUrl":"https:\/\/babylove.se\/no\/wp-content\/uploads\/sites\/3\/2025\/07\/611f8a717fbe2.jpeg","width":500,"height":750},{"@type":"BreadcrumbList","@id":"https:\/\/babylove.se\/no\/produkt\/mrs-mighetto-papir-venner-oh-barn\/#breadcrumb","itemListElement":[{"@type":"ListItem","position":1,"name":"Hem","item":"https:\/\/babylove.se\/no\/"},{"@type":"ListItem","position":2,"name":"Butik","item":"https:\/\/babylove.se\/no\/butik\/"},{"@type":"ListItem","position":3,"name":"Mrs Mighetto, Paper Friends \u00c5 Barn!"}]},{"@type":"WebSite","@id":"https:\/\/babylove.se\/no\/#website","url":"https:\/\/babylove.se\/no\/","name":"Babylove Norska","description":"","potentialAction":[{"@type":"SearchAction","target":{"@type":"EntryPoint","urlTemplate":"https:\/\/babylove.se\/no\/?s={search_term_string}"},"query-input":{"@type":"PropertyValueSpecification","valueRequired":true,"valueName":"search_term_string"}}],"inLanguage":"nb-NO"}]},"product_brand":"Mrs Mighetto","product_price_amount":"225.00","product_price_currency":"SEK","og_availability":"out of stock","product_availability":"out of stock","product_retailer_item_id":"PP-OK-OHKIDS-PF","product_condition":"new"},"_links":{"self":[{"href":"https:\/\/babylove.se\/no\/wp-json\/wp\/v2\/product\/26872","targetHints":{"allow":["GET"]}}],"collection":[{"href":"https:\/\/babylove.se\/no\/wp-json\/wp\/v2\/product"}],"about":[{"href":"https:\/\/babylove.se\/no\/wp-json\/wp\/v2\/types\/product"}],"replies":[{"embeddable":true,"href":"https:\/\/babylove.se\/no\/wp-json\/wp\/v2\/comments?post=26872"}],"wp:featuredmedia":[{"embeddable":true,"href":"https:\/\/babylove.se\/no\/wp-json\/wp\/v2\/media\/26874"}],"wp:attachment":[{"href":"https:\/\/babylove.se\/no\/wp-json\/wp\/v2\/media?parent=26872"}],"wp:term":[{"taxonomy":"product_brand","embeddable":true,"href":"https:\/\/babylove.se\/no\/wp-json\/wp\/v2\/product_brand?post=26872"},{"taxonomy":"product_cat","embeddable":true,"href":"https:\/\/babylove.se\/no\/wp-json\/wp\/v2\/product_cat?post=26872"},{"taxonomy":"product_tag","embeddable":true,"href":"https:\/\/babylove.se\/no\/wp-json\/wp\/v2\/product_tag?post=26872"}],"curies":[{"name":"wp","href":"https:\/\/api.w.org\/{rel}","templated":true}]}}