{"id":26892,"date":"2025-07-18T23:33:43","date_gmt":"2025-07-18T22:33:43","guid":{"rendered":"https:\/\/babylove.se\/produkt\/ledlampa-moln-gra\/"},"modified":"2026-04-08T11:23:23","modified_gmt":"2026-04-08T10:23:23","slug":"ledlampe-sky-gra","status":"publish","type":"product","link":"https:\/\/babylove.se\/no\/produkt\/ledlampe-sky-gra\/","title":{"rendered":"Ledlampe Sky hvit"},"content":{"rendered":"<p>En sv\u00e6rt vakker og stilren LED-lampe i form av en vakker sky. De sm\u00e5 lyskildene skaper et sv\u00e6rt behagelig lys i barnerommet som bidrar til at barnet ditt f\u00f8ler seg trygt. Lampen henger finest p\u00e5 veggen, eller kj\u00f8p en like dan eller noe annet fra samme serie, for \u00e5 skape et unikt barnerom.<\/p>\n<p>Batteridrevet, 3 x AA-batterier (f\u00f8lger ikke med) &#8211; Belysning: LED-lamper (Obs! ikke utskiftbare)<\/p>\n<p><strong>M\u00e5l<\/strong>: 54x 32 cm<\/p>\n<p><strong>Materiale<\/strong>: Metall<\/p>\n","protected":false},"excerpt":{"rendered":"<p>En sv\u00e6rt vakker og stilren LED-lampe i form av en vakker sky. De sm\u00e5 lyskildene skaper et sv\u00e6rt behagelig lys i barnerommet som bidrar til at barnet ditt f\u00f8ler seg trygt. Lampen henger finest p\u00e5 veggen, eller kj\u00f8p en like dan eller noe annet fra samme serie, for \u00e5 skape et unikt barnerom. Batteridrevet, 3 [&hellip;]<\/p>\n","protected":false},"featured_media":26894,"comment_status":"closed","ping_status":"open","template":"","meta":{"_acf_changed":false},"product_brand":[972],"product_cat":[973,31,179,37],"product_tag":[],"class_list":{"0":"post-26892","1":"product","2":"type-product","3":"status-publish","4":"has-post-thumbnail","6":"product_brand-atmosphera","7":"product_cat-atmosphera","8":"product_cat-lamper","9":"product_cat-nattlamper","10":"product_cat-vegglamper","12":"first","13":"outofstock","14":"taxable","15":"shipping-taxable","16":"purchasable","17":"product-type-simple"},"acf":[],"yoast_head":"<!-- This site is optimized with the Yoast SEO Premium plugin v25.8 (Yoast SEO v27.2) - https:\/\/yoast.com\/product\/yoast-seo-premium-wordpress\/ -->\n<title>Ledlampe Sky hvit - Babylove Norska<\/title>\n<meta name=\"robots\" content=\"noindex, follow, max-snippet:-1, max-image-preview:large, max-video-preview:-1\" \/>\n<meta property=\"og:locale\" content=\"nb_NO\" \/>\n<meta property=\"og:type\" content=\"article\" \/>\n<meta property=\"og:title\" content=\"Ledlampe Sky hvit\" \/>\n<meta property=\"og:description\" content=\"En sv\u00e6rt vakker og stilren LED-lampe i form av en vakker sky. De sm\u00e5 lyskildene skaper et sv\u00e6rt behagelig lys i barnerommet som bidrar til at barnet ditt f\u00f8ler seg trygt. Lampen henger finest p\u00e5 veggen, eller kj\u00f8p en like dan eller noe annet fra samme serie, for \u00e5 skape et unikt barnerom. Batteridrevet, 3 [&hellip;]\" \/>\n<meta property=\"og:url\" content=\"https:\/\/babylove.se\/no\/produkt\/ledlampe-sky-gra\/\" \/>\n<meta property=\"og:site_name\" content=\"Babylove Norska\" \/>\n<meta property=\"article:modified_time\" content=\"2026-04-08T10:23:23+00:00\" \/>\n<meta property=\"og:image\" content=\"https:\/\/babylove.se\/no\/wp-content\/uploads\/sites\/3\/2025\/07\/611f97ad85381.jpeg\" \/>\n\t<meta property=\"og:image:width\" content=\"750\" \/>\n\t<meta property=\"og:image:height\" content=\"750\" \/>\n\t<meta property=\"og:image:type\" content=\"image\/jpeg\" \/>\n<meta name=\"twitter:card\" content=\"summary_large_image\" \/>\n<meta name=\"twitter:label1\" content=\"Price\" \/>\n\t<meta name=\"twitter:data1\" content=\"169,00&nbsp;&#107;&#114;\" \/>\n\t<meta name=\"twitter:label2\" content=\"Availability\" \/>\n\t<meta name=\"twitter:data2\" content=\"Out of stock\" \/>\n<script type=\"application\/ld+json\" class=\"yoast-schema-graph\">{\"@context\":\"https:\/\/schema.org\",\"@graph\":[{\"@type\":\"WebPage\",\"@id\":\"https:\/\/babylove.se\/no\/produkt\/ledlampe-sky-gra\/\",\"url\":\"https:\/\/babylove.se\/no\/produkt\/ledlampe-sky-gra\/\",\"name\":\"Ledlampe Sky hvit - Babylove Norska\",\"isPartOf\":{\"@id\":\"https:\/\/babylove.se\/no\/#website\"},\"primaryImageOfPage\":{\"@id\":\"https:\/\/babylove.se\/no\/produkt\/ledlampe-sky-gra\/#primaryimage\"},\"image\":{\"@id\":\"https:\/\/babylove.se\/no\/produkt\/ledlampe-sky-gra\/#primaryimage\"},\"thumbnailUrl\":\"https:\/\/babylove.se\/no\/wp-content\/uploads\/sites\/3\/2025\/07\/611f97ad85381.jpeg\",\"datePublished\":\"2025-07-18T22:33:43+00:00\",\"dateModified\":\"2026-04-08T10:23:23+00:00\",\"breadcrumb\":{\"@id\":\"https:\/\/babylove.se\/no\/produkt\/ledlampe-sky-gra\/#breadcrumb\"},\"inLanguage\":\"nb-NO\",\"potentialAction\":[{\"@type\":\"ReadAction\",\"target\":[\"https:\/\/babylove.se\/no\/produkt\/ledlampe-sky-gra\/\"]}]},{\"@type\":\"ImageObject\",\"inLanguage\":\"nb-NO\",\"@id\":\"https:\/\/babylove.se\/no\/produkt\/ledlampe-sky-gra\/#primaryimage\",\"url\":\"https:\/\/babylove.se\/no\/wp-content\/uploads\/sites\/3\/2025\/07\/611f97ad85381.jpeg\",\"contentUrl\":\"https:\/\/babylove.se\/no\/wp-content\/uploads\/sites\/3\/2025\/07\/611f97ad85381.jpeg\",\"width\":750,\"height\":750},{\"@type\":\"BreadcrumbList\",\"@id\":\"https:\/\/babylove.se\/no\/produkt\/ledlampe-sky-gra\/#breadcrumb\",\"itemListElement\":[{\"@type\":\"ListItem\",\"position\":1,\"name\":\"Hem\",\"item\":\"https:\/\/babylove.se\/no\/\"},{\"@type\":\"ListItem\",\"position\":2,\"name\":\"Butik\",\"item\":\"https:\/\/babylove.se\/no\/butik\/\"},{\"@type\":\"ListItem\",\"position\":3,\"name\":\"Ledlampe Sky hvit\"}]},{\"@type\":\"WebSite\",\"@id\":\"https:\/\/babylove.se\/no\/#website\",\"url\":\"https:\/\/babylove.se\/no\/\",\"name\":\"Babylove Norska\",\"description\":\"\",\"potentialAction\":[{\"@type\":\"SearchAction\",\"target\":{\"@type\":\"EntryPoint\",\"urlTemplate\":\"https:\/\/babylove.se\/no\/?s={search_term_string}\"},\"query-input\":{\"@type\":\"PropertyValueSpecification\",\"valueRequired\":true,\"valueName\":\"search_term_string\"}}],\"inLanguage\":\"nb-NO\"}]}<\/script>\n<meta property=\"product:brand\" content=\"Atmosphera\" \/>\n<meta property=\"product:price:amount\" content=\"169.00\" \/>\n<meta property=\"product:price:currency\" content=\"SEK\" \/>\n<meta property=\"og:availability\" content=\"out of stock\" \/>\n<meta property=\"product:availability\" content=\"out of stock\" \/>\n<meta property=\"product:retailer_item_id\" content=\"127062\" \/>\n<meta property=\"product:condition\" content=\"new\" \/>\n<!-- \/ Yoast SEO Premium plugin. -->","yoast_head_json":{"title":"Ledlampe Sky hvit - Babylove Norska","robots":{"index":"noindex","follow":"follow","max-snippet":"max-snippet:-1","max-image-preview":"max-image-preview:large","max-video-preview":"max-video-preview:-1"},"og_locale":"nb_NO","og_type":"article","og_title":"Ledlampe Sky hvit","og_description":"En sv\u00e6rt vakker og stilren LED-lampe i form av en vakker sky. De sm\u00e5 lyskildene skaper et sv\u00e6rt behagelig lys i barnerommet som bidrar til at barnet ditt f\u00f8ler seg trygt. Lampen henger finest p\u00e5 veggen, eller kj\u00f8p en like dan eller noe annet fra samme serie, for \u00e5 skape et unikt barnerom. Batteridrevet, 3 [&hellip;]","og_url":"https:\/\/babylove.se\/no\/produkt\/ledlampe-sky-gra\/","og_site_name":"Babylove Norska","article_modified_time":"2026-04-08T10:23:23+00:00","og_image":[{"width":750,"height":750,"url":"https:\/\/babylove.se\/no\/wp-content\/uploads\/sites\/3\/2025\/07\/611f97ad85381.jpeg","type":"image\/jpeg"}],"twitter_card":"summary_large_image","twitter_misc":{"Price":"169,00&nbsp;&#107;&#114;","Availability":"Out of stock"},"schema":{"@context":"https:\/\/schema.org","@graph":[{"@type":"WebPage","@id":"https:\/\/babylove.se\/no\/produkt\/ledlampe-sky-gra\/","url":"https:\/\/babylove.se\/no\/produkt\/ledlampe-sky-gra\/","name":"Ledlampe Sky hvit - Babylove Norska","isPartOf":{"@id":"https:\/\/babylove.se\/no\/#website"},"primaryImageOfPage":{"@id":"https:\/\/babylove.se\/no\/produkt\/ledlampe-sky-gra\/#primaryimage"},"image":{"@id":"https:\/\/babylove.se\/no\/produkt\/ledlampe-sky-gra\/#primaryimage"},"thumbnailUrl":"https:\/\/babylove.se\/no\/wp-content\/uploads\/sites\/3\/2025\/07\/611f97ad85381.jpeg","datePublished":"2025-07-18T22:33:43+00:00","dateModified":"2026-04-08T10:23:23+00:00","breadcrumb":{"@id":"https:\/\/babylove.se\/no\/produkt\/ledlampe-sky-gra\/#breadcrumb"},"inLanguage":"nb-NO","potentialAction":[{"@type":"ReadAction","target":["https:\/\/babylove.se\/no\/produkt\/ledlampe-sky-gra\/"]}]},{"@type":"ImageObject","inLanguage":"nb-NO","@id":"https:\/\/babylove.se\/no\/produkt\/ledlampe-sky-gra\/#primaryimage","url":"https:\/\/babylove.se\/no\/wp-content\/uploads\/sites\/3\/2025\/07\/611f97ad85381.jpeg","contentUrl":"https:\/\/babylove.se\/no\/wp-content\/uploads\/sites\/3\/2025\/07\/611f97ad85381.jpeg","width":750,"height":750},{"@type":"BreadcrumbList","@id":"https:\/\/babylove.se\/no\/produkt\/ledlampe-sky-gra\/#breadcrumb","itemListElement":[{"@type":"ListItem","position":1,"name":"Hem","item":"https:\/\/babylove.se\/no\/"},{"@type":"ListItem","position":2,"name":"Butik","item":"https:\/\/babylove.se\/no\/butik\/"},{"@type":"ListItem","position":3,"name":"Ledlampe Sky hvit"}]},{"@type":"WebSite","@id":"https:\/\/babylove.se\/no\/#website","url":"https:\/\/babylove.se\/no\/","name":"Babylove Norska","description":"","potentialAction":[{"@type":"SearchAction","target":{"@type":"EntryPoint","urlTemplate":"https:\/\/babylove.se\/no\/?s={search_term_string}"},"query-input":{"@type":"PropertyValueSpecification","valueRequired":true,"valueName":"search_term_string"}}],"inLanguage":"nb-NO"}]},"product_brand":"Atmosphera","product_price_amount":"169.00","product_price_currency":"SEK","og_availability":"out of stock","product_availability":"out of stock","product_retailer_item_id":"127062","product_condition":"new"},"_links":{"self":[{"href":"https:\/\/babylove.se\/no\/wp-json\/wp\/v2\/product\/26892","targetHints":{"allow":["GET"]}}],"collection":[{"href":"https:\/\/babylove.se\/no\/wp-json\/wp\/v2\/product"}],"about":[{"href":"https:\/\/babylove.se\/no\/wp-json\/wp\/v2\/types\/product"}],"replies":[{"embeddable":true,"href":"https:\/\/babylove.se\/no\/wp-json\/wp\/v2\/comments?post=26892"}],"wp:featuredmedia":[{"embeddable":true,"href":"https:\/\/babylove.se\/no\/wp-json\/wp\/v2\/media\/26894"}],"wp:attachment":[{"href":"https:\/\/babylove.se\/no\/wp-json\/wp\/v2\/media?parent=26892"}],"wp:term":[{"taxonomy":"product_brand","embeddable":true,"href":"https:\/\/babylove.se\/no\/wp-json\/wp\/v2\/product_brand?post=26892"},{"taxonomy":"product_cat","embeddable":true,"href":"https:\/\/babylove.se\/no\/wp-json\/wp\/v2\/product_cat?post=26892"},{"taxonomy":"product_tag","embeddable":true,"href":"https:\/\/babylove.se\/no\/wp-json\/wp\/v2\/product_tag?post=26892"}],"curies":[{"name":"wp","href":"https:\/\/api.w.org\/{rel}","templated":true}]}}