{"id":26895,"date":"2025-07-18T23:33:43","date_gmt":"2025-07-18T22:33:43","guid":{"rendered":"https:\/\/babylove.se\/produkt\/hussang-alex-med-forvaringsladaextra-sang\/"},"modified":"2026-04-08T11:23:26","modified_gmt":"2026-04-08T10:23:26","slug":"hussang-alex-med-oppbevaringsskuff-ekstra-seng","status":"publish","type":"product","link":"https:\/\/babylove.se\/no\/produkt\/hussang-alex-med-oppbevaringsskuff-ekstra-seng\/","title":{"rendered":"Husseng Alex med oppbevaringsboks\/ekstraseng"},"content":{"rendered":"<p>Alex er v\u00e5r absolutte bestselger! <\/p>\n<p>Denne fantastiske husseng er helt h\u00e5ndlaget med stor lidenskap<em>, <\/em>av h\u00f8ykvalitets limtre.<br \/>\nLimtre har fordelen, sammenlignet med massivt tre, at de ikke sprekker og at det ikke finnes noen kvister som p\u00e5virker utseendet. <\/p>\n<p>En stabil og vakker seng av h\u00f8y kvalitet! <\/p>\n<p><strong>Ekstra tilvalg<\/strong>: <\/p>\n<ul>\n<li>Farge: velg mellom natur (ubehandlet), lakkert, hvit og gr\u00e5<\/li>\n<li>Oppbevaringsboks med sovefunksjon (ekstra ribbebunn medf\u00f8lger) (Madrassm\u00e5l til ekstraseng skal v\u00e6re 10 cm kortere enn sengens lengde og ha tykkelse p\u00e5 maks 9 cm. Til seng Alex 80&#215;160 = 1 stk madrass 80&#215;150)<\/li>\n<\/ul>\n<p>Madrass medf\u00f8lger ikke, men finnes \u00e5 kj\u00f8pe i v\u00e5rt store utvalg!<br \/>\nVi anbefaler en skummadrass med tykkelse p\u00e5 <em>10-12 cm<\/em><br \/>\nfor den \u00f8verste sengen og <em>maks 9 cm<\/em> for ekstrasengen. Hvis madrassen til ekstrasengen er tykkere enn 9 cm vil ekstrasengen ikke kunne rulles ut. <\/p>\n<p>Sengen kan f\u00e5s i flere m\u00e5l, se nedenfor for mer info. <\/p>\n<p><strong>Info:<\/strong> <\/p>\n<ul>\n<li>Oppbevaringsboks og ribbebunn medf\u00f8lger.<\/li>\n<li>Hvis funksjonen ekstraseng <em>ikke <\/em>velges medf\u00f8lger 1 st\u00f8rre oppbevaringsboks p\u00e5 senger opp til 160 cm og 2 oppbevaringsbokser p\u00e5 senger st\u00f8rre enn 160 cm.<\/li>\n<li>Hvis funksjonen ekstraseng velges medf\u00f8lger <u>alltid<\/u> 1 boks sammen med en ekstra ribbebunn uansett st\u00f8rrelse p\u00e5 sengen.<\/li>\n<li>M\u00e5lene er oppgitt i madrassst\u00f8rrelse. Legg til 9 cm p\u00e5 bredde+lengde for total dimensjon p\u00e5 sengens m\u00e5l.<\/li>\n<li>Inngang monteres p\u00e5 valgfri side<\/li>\n<li>H\u00f8yde p\u00e5 rekkverk er 25 cm. 5 cm mellom spiler.<\/li>\n<li>Avtagbar st\u00f8ttebrett er ca 1\/2 sengens lengde.<\/li>\n<li>Maksvekt. 100 kg<\/li>\n<\/ul>\n<p><strong>M\u00e5l:<\/strong> <\/p>\n<ul>\n<li>Bredde 60 cm &#8211; totalh\u00f8yde 135 cm<\/li>\n<li>Bredde 70 cm &#8211; totalh\u00f8yde 140 cm<\/li>\n<li>Bredde 80 cm &#8211; totalh\u00f8yde 145 cm<\/li>\n<li>Bredde 90 cm &#8211; totalh\u00f8yde 150 cm<\/li>\n<\/ul>\n<p><em>Dette er en seng tilvirket og tilpasset for barn. <em>Sengen leveres umontert og b\u00f8r settes sammen i rommet den skal brukes i.<\/em><\/em><\/p>\n","protected":false},"excerpt":{"rendered":"<p>Alex er v\u00e5r absolutte bestselger! Denne fantastiske husseng er helt h\u00e5ndlaget med stor lidenskap, av h\u00f8ykvalitets limtre. Limtre har fordelen, sammenlignet med massivt tre, at de ikke sprekker og at det ikke finnes noen kvister som p\u00e5virker utseendet. En stabil og vakker seng av h\u00f8y kvalitet! Ekstra tilvalg: Farge: velg mellom natur (ubehandlet), lakkert, hvit [&hellip;]<\/p>\n","protected":false},"featured_media":26897,"comment_status":"open","ping_status":"closed","template":"","meta":{"_acf_changed":false},"product_brand":[600],"product_cat":[602,217,269,601,40,1712],"product_tag":[1689],"class_list":{"0":"post-26895","1":"product","2":"type-product","3":"status-publish","4":"has-post-thumbnail","6":"product_brand-luletto","7":"product_cat-babylove-lul","8":"product_cat-sengesanger","9":"product_cat-juniorsenger","10":"product_cat-baby","11":"product_cat-soverom-barn","12":"product_cat-uttrekkbare-senger","13":"product_tag-bestillingsvaror","14":"pa_farg-gra","15":"pa_farg-vit","16":"pa_farg-lackad","17":"pa_farg-natur","18":"pa_forvaringslada-med-sovfunkt-ja","19":"pa_forvaringslada-med-sovfunkt-nej","20":"pa_storlek-100x200-cm","21":"pa_storlek-60x120-cm","22":"pa_storlek-70x140-cm","23":"pa_storlek-70x160-cm","24":"pa_storlek-80x140-cm","25":"pa_storlek-80x160-cm","26":"pa_storlek-80x180-cm","27":"pa_storlek-80x190-cm","28":"pa_storlek-90x160-cm","29":"pa_storlek-90x180-cm","30":"pa_storlek-90x190-cm","31":"pa_storlek-90x200-cm","33":"first","34":"instock","35":"taxable","36":"shipping-taxable","37":"purchasable","38":"product-type-variable"},"acf":[],"yoast_head":"<!-- This site is optimized with the Yoast SEO Premium plugin v25.8 (Yoast SEO v27.2) - https:\/\/yoast.com\/product\/yoast-seo-premium-wordpress\/ -->\n<title>Huss\u00e4ng Alex | Huss\u00e4ng till barnrummet | Babylove.se<\/title>\n<meta name=\"description\" content=\"Fantastisk Huss\u00e4ng i Tr\u00e4 i olika varianter ! - H\u00f6g Kvalitet - FRI Frakt \u00f6ver 999 kr - Snabba Leveranser - Betala med Klarna Faktura - V\u00e4lkommen!\" \/>\n<meta name=\"robots\" content=\"noindex, follow, max-snippet:-1, max-image-preview:large, max-video-preview:-1\" \/>\n<meta property=\"og:locale\" content=\"nb_NO\" \/>\n<meta property=\"og:type\" content=\"article\" \/>\n<meta property=\"og:title\" content=\"Husseng Alex med oppbevaringsboks\/ekstraseng\" \/>\n<meta property=\"og:description\" content=\"Fantastisk Huss\u00e4ng i Tr\u00e4 i olika varianter ! - H\u00f6g Kvalitet - FRI Frakt \u00f6ver 999 kr - Snabba Leveranser - Betala med Klarna Faktura - V\u00e4lkommen!\" \/>\n<meta property=\"og:url\" content=\"https:\/\/babylove.se\/no\/produkt\/hussang-alex-med-oppbevaringsskuff-ekstra-seng\/\" \/>\n<meta property=\"og:site_name\" content=\"Babylove Norska\" \/>\n<meta property=\"article:modified_time\" content=\"2026-04-08T10:23:26+00:00\" \/>\n<meta property=\"og:image\" content=\"https:\/\/babylove.se\/no\/wp-content\/uploads\/sites\/3\/2025\/07\/162964819760f71db81a35b.png\" \/>\n\t<meta property=\"og:image:width\" content=\"742\" \/>\n\t<meta property=\"og:image:height\" content=\"750\" \/>\n\t<meta property=\"og:image:type\" content=\"image\/png\" \/>\n<meta name=\"twitter:card\" content=\"summary_large_image\" \/>\n<meta name=\"twitter:label1\" content=\"Availability\" \/>\n\t<meta name=\"twitter:data1\" content=\"In stock\" \/>\n<script type=\"application\/ld+json\" class=\"yoast-schema-graph\">{\"@context\":\"https:\/\/schema.org\",\"@graph\":[{\"@type\":\"WebPage\",\"@id\":\"https:\/\/babylove.se\/no\/produkt\/hussang-alex-med-oppbevaringsskuff-ekstra-seng\/\",\"url\":\"https:\/\/babylove.se\/no\/produkt\/hussang-alex-med-oppbevaringsskuff-ekstra-seng\/\",\"name\":\"Huss\u00e4ng Alex | Huss\u00e4ng till barnrummet | Babylove.se\",\"isPartOf\":{\"@id\":\"https:\/\/babylove.se\/no\/#website\"},\"primaryImageOfPage\":{\"@id\":\"https:\/\/babylove.se\/no\/produkt\/hussang-alex-med-oppbevaringsskuff-ekstra-seng\/#primaryimage\"},\"image\":{\"@id\":\"https:\/\/babylove.se\/no\/produkt\/hussang-alex-med-oppbevaringsskuff-ekstra-seng\/#primaryimage\"},\"thumbnailUrl\":\"https:\/\/babylove.se\/no\/wp-content\/uploads\/sites\/3\/2025\/07\/162964819760f71db81a35b.png\",\"datePublished\":\"2025-07-18T22:33:43+00:00\",\"dateModified\":\"2026-04-08T10:23:26+00:00\",\"description\":\"Fantastisk Huss\u00e4ng i Tr\u00e4 i olika varianter ! - H\u00f6g Kvalitet - FRI Frakt \u00f6ver 999 kr - Snabba Leveranser - Betala med Klarna Faktura - V\u00e4lkommen!\",\"breadcrumb\":{\"@id\":\"https:\/\/babylove.se\/no\/produkt\/hussang-alex-med-oppbevaringsskuff-ekstra-seng\/#breadcrumb\"},\"inLanguage\":\"nb-NO\",\"potentialAction\":[{\"@type\":\"ReadAction\",\"target\":[\"https:\/\/babylove.se\/no\/produkt\/hussang-alex-med-oppbevaringsskuff-ekstra-seng\/\"]}]},{\"@type\":\"ImageObject\",\"inLanguage\":\"nb-NO\",\"@id\":\"https:\/\/babylove.se\/no\/produkt\/hussang-alex-med-oppbevaringsskuff-ekstra-seng\/#primaryimage\",\"url\":\"https:\/\/babylove.se\/no\/wp-content\/uploads\/sites\/3\/2025\/07\/162964819760f71db81a35b.png\",\"contentUrl\":\"https:\/\/babylove.se\/no\/wp-content\/uploads\/sites\/3\/2025\/07\/162964819760f71db81a35b.png\",\"width\":742,\"height\":750},{\"@type\":\"BreadcrumbList\",\"@id\":\"https:\/\/babylove.se\/no\/produkt\/hussang-alex-med-oppbevaringsskuff-ekstra-seng\/#breadcrumb\",\"itemListElement\":[{\"@type\":\"ListItem\",\"position\":1,\"name\":\"Hem\",\"item\":\"https:\/\/babylove.se\/no\/\"},{\"@type\":\"ListItem\",\"position\":2,\"name\":\"Butik\",\"item\":\"https:\/\/babylove.se\/no\/butik\/\"},{\"@type\":\"ListItem\",\"position\":3,\"name\":\"Husseng Alex med oppbevaringsboks\/ekstraseng\"}]},{\"@type\":\"WebSite\",\"@id\":\"https:\/\/babylove.se\/no\/#website\",\"url\":\"https:\/\/babylove.se\/no\/\",\"name\":\"Babylove Norska\",\"description\":\"\",\"potentialAction\":[{\"@type\":\"SearchAction\",\"target\":{\"@type\":\"EntryPoint\",\"urlTemplate\":\"https:\/\/babylove.se\/no\/?s={search_term_string}\"},\"query-input\":{\"@type\":\"PropertyValueSpecification\",\"valueRequired\":true,\"valueName\":\"search_term_string\"}}],\"inLanguage\":\"nb-NO\"}]}<\/script>\n<meta property=\"product:brand\" content=\"Luletto\" \/>\n<meta property=\"og:availability\" content=\"instock\" \/>\n<meta property=\"product:availability\" content=\"instock\" \/>\n<meta property=\"product:retailer_item_id\" content=\"60x120-cm-Natur-Nej\" \/>\n<meta property=\"product:condition\" content=\"new\" \/>\n<!-- \/ Yoast SEO Premium plugin. -->","yoast_head_json":{"title":"Huss\u00e4ng Alex | Huss\u00e4ng till barnrummet | Babylove.se","description":"Fantastisk Huss\u00e4ng i Tr\u00e4 i olika varianter ! - H\u00f6g Kvalitet - FRI Frakt \u00f6ver 999 kr - Snabba Leveranser - Betala med Klarna Faktura - V\u00e4lkommen!","robots":{"index":"noindex","follow":"follow","max-snippet":"max-snippet:-1","max-image-preview":"max-image-preview:large","max-video-preview":"max-video-preview:-1"},"og_locale":"nb_NO","og_type":"article","og_title":"Husseng Alex med oppbevaringsboks\/ekstraseng","og_description":"Fantastisk Huss\u00e4ng i Tr\u00e4 i olika varianter ! - H\u00f6g Kvalitet - FRI Frakt \u00f6ver 999 kr - Snabba Leveranser - Betala med Klarna Faktura - V\u00e4lkommen!","og_url":"https:\/\/babylove.se\/no\/produkt\/hussang-alex-med-oppbevaringsskuff-ekstra-seng\/","og_site_name":"Babylove Norska","article_modified_time":"2026-04-08T10:23:26+00:00","og_image":[{"width":742,"height":750,"url":"https:\/\/babylove.se\/no\/wp-content\/uploads\/sites\/3\/2025\/07\/162964819760f71db81a35b.png","type":"image\/png"}],"twitter_card":"summary_large_image","twitter_misc":{"Availability":"In stock"},"schema":{"@context":"https:\/\/schema.org","@graph":[{"@type":"WebPage","@id":"https:\/\/babylove.se\/no\/produkt\/hussang-alex-med-oppbevaringsskuff-ekstra-seng\/","url":"https:\/\/babylove.se\/no\/produkt\/hussang-alex-med-oppbevaringsskuff-ekstra-seng\/","name":"Huss\u00e4ng Alex | Huss\u00e4ng till barnrummet | Babylove.se","isPartOf":{"@id":"https:\/\/babylove.se\/no\/#website"},"primaryImageOfPage":{"@id":"https:\/\/babylove.se\/no\/produkt\/hussang-alex-med-oppbevaringsskuff-ekstra-seng\/#primaryimage"},"image":{"@id":"https:\/\/babylove.se\/no\/produkt\/hussang-alex-med-oppbevaringsskuff-ekstra-seng\/#primaryimage"},"thumbnailUrl":"https:\/\/babylove.se\/no\/wp-content\/uploads\/sites\/3\/2025\/07\/162964819760f71db81a35b.png","datePublished":"2025-07-18T22:33:43+00:00","dateModified":"2026-04-08T10:23:26+00:00","description":"Fantastisk Huss\u00e4ng i Tr\u00e4 i olika varianter ! - H\u00f6g Kvalitet - FRI Frakt \u00f6ver 999 kr - Snabba Leveranser - Betala med Klarna Faktura - V\u00e4lkommen!","breadcrumb":{"@id":"https:\/\/babylove.se\/no\/produkt\/hussang-alex-med-oppbevaringsskuff-ekstra-seng\/#breadcrumb"},"inLanguage":"nb-NO","potentialAction":[{"@type":"ReadAction","target":["https:\/\/babylove.se\/no\/produkt\/hussang-alex-med-oppbevaringsskuff-ekstra-seng\/"]}]},{"@type":"ImageObject","inLanguage":"nb-NO","@id":"https:\/\/babylove.se\/no\/produkt\/hussang-alex-med-oppbevaringsskuff-ekstra-seng\/#primaryimage","url":"https:\/\/babylove.se\/no\/wp-content\/uploads\/sites\/3\/2025\/07\/162964819760f71db81a35b.png","contentUrl":"https:\/\/babylove.se\/no\/wp-content\/uploads\/sites\/3\/2025\/07\/162964819760f71db81a35b.png","width":742,"height":750},{"@type":"BreadcrumbList","@id":"https:\/\/babylove.se\/no\/produkt\/hussang-alex-med-oppbevaringsskuff-ekstra-seng\/#breadcrumb","itemListElement":[{"@type":"ListItem","position":1,"name":"Hem","item":"https:\/\/babylove.se\/no\/"},{"@type":"ListItem","position":2,"name":"Butik","item":"https:\/\/babylove.se\/no\/butik\/"},{"@type":"ListItem","position":3,"name":"Husseng Alex med oppbevaringsboks\/ekstraseng"}]},{"@type":"WebSite","@id":"https:\/\/babylove.se\/no\/#website","url":"https:\/\/babylove.se\/no\/","name":"Babylove Norska","description":"","potentialAction":[{"@type":"SearchAction","target":{"@type":"EntryPoint","urlTemplate":"https:\/\/babylove.se\/no\/?s={search_term_string}"},"query-input":{"@type":"PropertyValueSpecification","valueRequired":true,"valueName":"search_term_string"}}],"inLanguage":"nb-NO"}]},"product_brand":"Luletto","og_availability":"instock","product_availability":"instock","product_retailer_item_id":"60x120-cm-Natur-Nej","product_condition":"new"},"_links":{"self":[{"href":"https:\/\/babylove.se\/no\/wp-json\/wp\/v2\/product\/26895","targetHints":{"allow":["GET"]}}],"collection":[{"href":"https:\/\/babylove.se\/no\/wp-json\/wp\/v2\/product"}],"about":[{"href":"https:\/\/babylove.se\/no\/wp-json\/wp\/v2\/types\/product"}],"replies":[{"embeddable":true,"href":"https:\/\/babylove.se\/no\/wp-json\/wp\/v2\/comments?post=26895"}],"wp:featuredmedia":[{"embeddable":true,"href":"https:\/\/babylove.se\/no\/wp-json\/wp\/v2\/media\/26897"}],"wp:attachment":[{"href":"https:\/\/babylove.se\/no\/wp-json\/wp\/v2\/media?parent=26895"}],"wp:term":[{"taxonomy":"product_brand","embeddable":true,"href":"https:\/\/babylove.se\/no\/wp-json\/wp\/v2\/product_brand?post=26895"},{"taxonomy":"product_cat","embeddable":true,"href":"https:\/\/babylove.se\/no\/wp-json\/wp\/v2\/product_cat?post=26895"},{"taxonomy":"product_tag","embeddable":true,"href":"https:\/\/babylove.se\/no\/wp-json\/wp\/v2\/product_tag?post=26895"}],"curies":[{"name":"wp","href":"https:\/\/api.w.org\/{rel}","templated":true}]}}