{"id":2731,"date":"2025-07-18T20:10:43","date_gmt":"2025-07-18T19:10:43","guid":{"rendered":"https:\/\/babylove.se\/produkt\/kopi-lillagunga-toddler-white-birch-black-ropes\/"},"modified":"2026-04-08T07:53:33","modified_gmt":"2026-04-08T06:53:33","slug":"kopi-lillagunga-toddler-white-birch-black-ropes","status":"publish","type":"product","link":"https:\/\/babylove.se\/no\/produkt\/kopi-lillagunga-toddler-white-birch-black-ropes\/","title":{"rendered":"Lillagunga sm\u00e5barn eik-svart"},"content":{"rendered":"<p><strong>Lillagunga toddler<\/strong> for sm\u00e5barn er flaggskipproduktet fra det Helsingfors-baserte selskapet.&nbsp;<\/p>\n<p>Det er en morsom og stilren huske for det aller minste familiemedlemmet, designet med omtanke og presisjon. Den h\u00e5ndlagde siteputen i dobbeltbrettet ekte skinn, finnes tilgjengelig i svart eller hvit, og kombinerer vakkert b\u00e5de med en huske i hvit som i natureik. Lillagunga Sm\u00e5barn er sikker og bygget for \u00e5 vare. Dessuten er den en meget vakker interi\u00f8rdetalj i barnerommet eller p\u00e5 uteplassen.<\/p>\n<p>Finnes i tre st\u00f8rrelser:&nbsp;<\/p>\n<p>-Takh\u00f8yde 2,0-2,8 meter,<\/p>\n<p>-Takh\u00f8yde 2,8-3,8 meter&nbsp;<\/p>\n<p>-Takh\u00f8yde 3,8-4,8 meter.&nbsp;<\/p>\n<p><strong>Material<\/strong>: Tre, oljebehandlet eik. Skinn, handsydd dobbeltbrettet ekte skinn. Rep, polypropen.&nbsp;<\/p>\n<p><strong>Vekt:<\/strong> nettovekt 1990 gram.<\/p>\n","protected":false},"excerpt":{"rendered":"<p>Lillagunga toddler for sm\u00e5barn er flaggskipproduktet fra det Helsingfors-baserte selskapet.&nbsp; Det er en morsom og stilren huske for det aller minste familiemedlemmet, designet med omtanke og presisjon. Den h\u00e5ndlagde siteputen i dobbeltbrettet ekte skinn, finnes tilgjengelig i svart eller hvit, og kombinerer vakkert b\u00e5de med en huske i hvit som i natureik. Lillagunga Sm\u00e5barn er [&hellip;]<\/p>\n","protected":false},"featured_media":2733,"comment_status":"closed","ping_status":"open","template":"","meta":{"_acf_changed":false},"product_brand":[157],"product_cat":[153],"product_tag":[],"class_list":{"0":"post-2731","1":"product","2":"type-product","3":"status-publish","4":"has-post-thumbnail","6":"product_brand-lillagunga","7":"product_cat-gungor","8":"pa_takhojd-20-28-meter","9":"pa_takhojd-28-38-meter","10":"pa_takhojd-38-48-meter","12":"first","13":"outofstock","14":"taxable","15":"shipping-taxable","16":"purchasable","17":"product-type-variable"},"acf":[],"yoast_head":"<!-- This site is optimized with the Yoast SEO Premium plugin v25.8 (Yoast SEO v27.2) - https:\/\/yoast.com\/product\/yoast-seo-premium-wordpress\/ -->\n<title>Lillagunga sm\u00e5barn eik-svart - Babylove Norska<\/title>\n<meta name=\"robots\" content=\"noindex, follow, max-snippet:-1, max-image-preview:large, max-video-preview:-1\" \/>\n<meta property=\"og:locale\" content=\"nb_NO\" \/>\n<meta property=\"og:type\" content=\"article\" \/>\n<meta property=\"og:title\" content=\"Lillagunga sm\u00e5barn eik-svart\" \/>\n<meta property=\"og:description\" content=\"Lillagunga toddler for sm\u00e5barn er flaggskipproduktet fra det Helsingfors-baserte selskapet.&nbsp; Det er en morsom og stilren huske for det aller minste familiemedlemmet, designet med omtanke og presisjon. Den h\u00e5ndlagde siteputen i dobbeltbrettet ekte skinn, finnes tilgjengelig i svart eller hvit, og kombinerer vakkert b\u00e5de med en huske i hvit som i natureik. Lillagunga Sm\u00e5barn er [&hellip;]\" \/>\n<meta property=\"og:url\" content=\"https:\/\/babylove.se\/no\/produkt\/kopi-lillagunga-toddler-white-birch-black-ropes\/\" \/>\n<meta property=\"og:site_name\" content=\"Babylove Norska\" \/>\n<meta property=\"article:modified_time\" content=\"2026-04-08T06:53:33+00:00\" \/>\n<meta property=\"og:image\" content=\"https:\/\/babylove.se\/no\/wp-content\/uploads\/sites\/3\/2025\/07\/58b7f7cf36a70.jpeg\" \/>\n\t<meta property=\"og:image:width\" content=\"501\" \/>\n\t<meta property=\"og:image:height\" content=\"750\" \/>\n\t<meta property=\"og:image:type\" content=\"image\/jpeg\" \/>\n<meta name=\"twitter:card\" content=\"summary_large_image\" \/>\n<meta name=\"twitter:label1\" content=\"Availability\" \/>\n\t<meta name=\"twitter:data1\" content=\"Out of stock\" \/>\n<script type=\"application\/ld+json\" class=\"yoast-schema-graph\">{\"@context\":\"https:\/\/schema.org\",\"@graph\":[{\"@type\":\"WebPage\",\"@id\":\"https:\/\/babylove.se\/no\/produkt\/kopi-lillagunga-toddler-white-birch-black-ropes\/\",\"url\":\"https:\/\/babylove.se\/no\/produkt\/kopi-lillagunga-toddler-white-birch-black-ropes\/\",\"name\":\"Lillagunga sm\u00e5barn eik-svart - Babylove Norska\",\"isPartOf\":{\"@id\":\"https:\/\/babylove.se\/no\/#website\"},\"primaryImageOfPage\":{\"@id\":\"https:\/\/babylove.se\/no\/produkt\/kopi-lillagunga-toddler-white-birch-black-ropes\/#primaryimage\"},\"image\":{\"@id\":\"https:\/\/babylove.se\/no\/produkt\/kopi-lillagunga-toddler-white-birch-black-ropes\/#primaryimage\"},\"thumbnailUrl\":\"https:\/\/babylove.se\/no\/wp-content\/uploads\/sites\/3\/2025\/07\/58b7f7cf36a70.jpeg\",\"datePublished\":\"2025-07-18T19:10:43+00:00\",\"dateModified\":\"2026-04-08T06:53:33+00:00\",\"breadcrumb\":{\"@id\":\"https:\/\/babylove.se\/no\/produkt\/kopi-lillagunga-toddler-white-birch-black-ropes\/#breadcrumb\"},\"inLanguage\":\"nb-NO\",\"potentialAction\":[{\"@type\":\"ReadAction\",\"target\":[\"https:\/\/babylove.se\/no\/produkt\/kopi-lillagunga-toddler-white-birch-black-ropes\/\"]}]},{\"@type\":\"ImageObject\",\"inLanguage\":\"nb-NO\",\"@id\":\"https:\/\/babylove.se\/no\/produkt\/kopi-lillagunga-toddler-white-birch-black-ropes\/#primaryimage\",\"url\":\"https:\/\/babylove.se\/no\/wp-content\/uploads\/sites\/3\/2025\/07\/58b7f7cf36a70.jpeg\",\"contentUrl\":\"https:\/\/babylove.se\/no\/wp-content\/uploads\/sites\/3\/2025\/07\/58b7f7cf36a70.jpeg\",\"width\":501,\"height\":750},{\"@type\":\"BreadcrumbList\",\"@id\":\"https:\/\/babylove.se\/no\/produkt\/kopi-lillagunga-toddler-white-birch-black-ropes\/#breadcrumb\",\"itemListElement\":[{\"@type\":\"ListItem\",\"position\":1,\"name\":\"Hem\",\"item\":\"https:\/\/babylove.se\/no\/\"},{\"@type\":\"ListItem\",\"position\":2,\"name\":\"Butik\",\"item\":\"https:\/\/babylove.se\/no\/butik\/\"},{\"@type\":\"ListItem\",\"position\":3,\"name\":\"Lillagunga sm\u00e5barn eik-svart\"}]},{\"@type\":\"WebSite\",\"@id\":\"https:\/\/babylove.se\/no\/#website\",\"url\":\"https:\/\/babylove.se\/no\/\",\"name\":\"Babylove Norska\",\"description\":\"\",\"potentialAction\":[{\"@type\":\"SearchAction\",\"target\":{\"@type\":\"EntryPoint\",\"urlTemplate\":\"https:\/\/babylove.se\/no\/?s={search_term_string}\"},\"query-input\":{\"@type\":\"PropertyValueSpecification\",\"valueRequired\":true,\"valueName\":\"search_term_string\"}}],\"inLanguage\":\"nb-NO\"}]}<\/script>\n<meta property=\"product:brand\" content=\"Lillagunga\" \/>\n<meta property=\"og:availability\" content=\"out of stock\" \/>\n<meta property=\"product:availability\" content=\"out of stock\" \/>\n<meta property=\"product:retailer_item_id\" content=\"Toddleroak2,0-2,8\" \/>\n<meta property=\"product:condition\" content=\"new\" \/>\n<!-- \/ Yoast SEO Premium plugin. -->","yoast_head_json":{"title":"Lillagunga sm\u00e5barn eik-svart - Babylove Norska","robots":{"index":"noindex","follow":"follow","max-snippet":"max-snippet:-1","max-image-preview":"max-image-preview:large","max-video-preview":"max-video-preview:-1"},"og_locale":"nb_NO","og_type":"article","og_title":"Lillagunga sm\u00e5barn eik-svart","og_description":"Lillagunga toddler for sm\u00e5barn er flaggskipproduktet fra det Helsingfors-baserte selskapet.&nbsp; Det er en morsom og stilren huske for det aller minste familiemedlemmet, designet med omtanke og presisjon. Den h\u00e5ndlagde siteputen i dobbeltbrettet ekte skinn, finnes tilgjengelig i svart eller hvit, og kombinerer vakkert b\u00e5de med en huske i hvit som i natureik. Lillagunga Sm\u00e5barn er [&hellip;]","og_url":"https:\/\/babylove.se\/no\/produkt\/kopi-lillagunga-toddler-white-birch-black-ropes\/","og_site_name":"Babylove Norska","article_modified_time":"2026-04-08T06:53:33+00:00","og_image":[{"width":501,"height":750,"url":"https:\/\/babylove.se\/no\/wp-content\/uploads\/sites\/3\/2025\/07\/58b7f7cf36a70.jpeg","type":"image\/jpeg"}],"twitter_card":"summary_large_image","twitter_misc":{"Availability":"Out of stock"},"schema":{"@context":"https:\/\/schema.org","@graph":[{"@type":"WebPage","@id":"https:\/\/babylove.se\/no\/produkt\/kopi-lillagunga-toddler-white-birch-black-ropes\/","url":"https:\/\/babylove.se\/no\/produkt\/kopi-lillagunga-toddler-white-birch-black-ropes\/","name":"Lillagunga sm\u00e5barn eik-svart - Babylove Norska","isPartOf":{"@id":"https:\/\/babylove.se\/no\/#website"},"primaryImageOfPage":{"@id":"https:\/\/babylove.se\/no\/produkt\/kopi-lillagunga-toddler-white-birch-black-ropes\/#primaryimage"},"image":{"@id":"https:\/\/babylove.se\/no\/produkt\/kopi-lillagunga-toddler-white-birch-black-ropes\/#primaryimage"},"thumbnailUrl":"https:\/\/babylove.se\/no\/wp-content\/uploads\/sites\/3\/2025\/07\/58b7f7cf36a70.jpeg","datePublished":"2025-07-18T19:10:43+00:00","dateModified":"2026-04-08T06:53:33+00:00","breadcrumb":{"@id":"https:\/\/babylove.se\/no\/produkt\/kopi-lillagunga-toddler-white-birch-black-ropes\/#breadcrumb"},"inLanguage":"nb-NO","potentialAction":[{"@type":"ReadAction","target":["https:\/\/babylove.se\/no\/produkt\/kopi-lillagunga-toddler-white-birch-black-ropes\/"]}]},{"@type":"ImageObject","inLanguage":"nb-NO","@id":"https:\/\/babylove.se\/no\/produkt\/kopi-lillagunga-toddler-white-birch-black-ropes\/#primaryimage","url":"https:\/\/babylove.se\/no\/wp-content\/uploads\/sites\/3\/2025\/07\/58b7f7cf36a70.jpeg","contentUrl":"https:\/\/babylove.se\/no\/wp-content\/uploads\/sites\/3\/2025\/07\/58b7f7cf36a70.jpeg","width":501,"height":750},{"@type":"BreadcrumbList","@id":"https:\/\/babylove.se\/no\/produkt\/kopi-lillagunga-toddler-white-birch-black-ropes\/#breadcrumb","itemListElement":[{"@type":"ListItem","position":1,"name":"Hem","item":"https:\/\/babylove.se\/no\/"},{"@type":"ListItem","position":2,"name":"Butik","item":"https:\/\/babylove.se\/no\/butik\/"},{"@type":"ListItem","position":3,"name":"Lillagunga sm\u00e5barn eik-svart"}]},{"@type":"WebSite","@id":"https:\/\/babylove.se\/no\/#website","url":"https:\/\/babylove.se\/no\/","name":"Babylove Norska","description":"","potentialAction":[{"@type":"SearchAction","target":{"@type":"EntryPoint","urlTemplate":"https:\/\/babylove.se\/no\/?s={search_term_string}"},"query-input":{"@type":"PropertyValueSpecification","valueRequired":true,"valueName":"search_term_string"}}],"inLanguage":"nb-NO"}]},"product_brand":"Lillagunga","og_availability":"out of stock","product_availability":"out of stock","product_retailer_item_id":"Toddleroak2,0-2,8","product_condition":"new"},"_links":{"self":[{"href":"https:\/\/babylove.se\/no\/wp-json\/wp\/v2\/product\/2731","targetHints":{"allow":["GET"]}}],"collection":[{"href":"https:\/\/babylove.se\/no\/wp-json\/wp\/v2\/product"}],"about":[{"href":"https:\/\/babylove.se\/no\/wp-json\/wp\/v2\/types\/product"}],"replies":[{"embeddable":true,"href":"https:\/\/babylove.se\/no\/wp-json\/wp\/v2\/comments?post=2731"}],"wp:featuredmedia":[{"embeddable":true,"href":"https:\/\/babylove.se\/no\/wp-json\/wp\/v2\/media\/2733"}],"wp:attachment":[{"href":"https:\/\/babylove.se\/no\/wp-json\/wp\/v2\/media?parent=2731"}],"wp:term":[{"taxonomy":"product_brand","embeddable":true,"href":"https:\/\/babylove.se\/no\/wp-json\/wp\/v2\/product_brand?post=2731"},{"taxonomy":"product_cat","embeddable":true,"href":"https:\/\/babylove.se\/no\/wp-json\/wp\/v2\/product_cat?post=2731"},{"taxonomy":"product_tag","embeddable":true,"href":"https:\/\/babylove.se\/no\/wp-json\/wp\/v2\/product_tag?post=2731"}],"curies":[{"name":"wp","href":"https:\/\/api.w.org\/{rel}","templated":true}]}}