{"id":27346,"date":"2025-07-18T23:40:28","date_gmt":"2025-07-18T22:40:28","guid":{"rendered":"https:\/\/babylove.se\/produkt\/hussang-sofia-med-forvaringsladaextrasang\/"},"modified":"2026-04-08T11:23:43","modified_gmt":"2026-04-08T10:23:43","slug":"husseng-sofia-med-oppbevaringsskuff-ekstraseng","status":"publish","type":"product","link":"https:\/\/babylove.se\/no\/produkt\/husseng-sofia-med-oppbevaringsskuff-ekstraseng\/","title":{"rendered":"Husseng Sofia med oppbevaringskasse\/ekstraseng"},"content":{"rendered":"<p>Her er v\u00e5r bed\u00e5rende seng, Sofia! <\/p>\n<p>Denne fantastiske husseng er helt h\u00e5ndlaget med stor lidenskap<em>, <\/em>av h\u00f8ykvalitets limtre. <\/p>\n<p>En stabil og vakker seng av h\u00f8y kvalitet! <\/p>\n<p><strong>Tilvalg<\/strong>: <\/p>\n<ul>\n<li>Farge: velg mellom natur (ubehandlet), lakkert, hvit og gr\u00e5<\/li>\n<li>Oppbevaringskasse med sovefunksjon (ekstra ribbbunn inkludert) (Madrassm\u00e5l til ekstraseng skal v\u00e6re 10 cm kortere enn sengens lengde og ha tykkelse p\u00e5 maks 9 cm. Til seng Sofia 80&#215;160 = 1 stk madrass 80&#215;150)<\/li>\n<\/ul>\n<p>Madrass er ikke inkludert, men finnes \u00e5 kj\u00f8pe i v\u00e5rt store utvalg!<br \/>\nVi anbefaler en skummadrass med tykkelse p\u00e5 <em>10-12 cm<\/em><br \/>\nfor den \u00f8verste sengen og <em>maks 9 cm<\/em> for ekstrasengen. Om madrassen til ekstrasengen er tykkere enn 9 cm vil ikke ekstrasengen kunne rulles ut. <\/p>\n<p><strong>Info:<\/strong> <\/p>\n<ul>\n<li>Oppbevaringskasse og ribbbunn inkludert.<\/li>\n<li>Om funksjonen ekstraseng <em>ikke <\/em>velges inkluderes 1 st\u00f8rre oppbevaringskasse p\u00e5 senger opp til 160 cm og 2 oppbevaringskasser p\u00e5 senger st\u00f8rre enn 160 cm.<\/li>\n<li>Om funksjonen ekstraseng velges inkluderes <u>alltid<\/u> 1 kasse sammen med en ekstra ribbbunn uavhengig av st\u00f8rrelse p\u00e5 sengen.<\/li>\n<li>M\u00e5lene er oppgitt i madrassst\u00f8rrelse. Legg til 9 cm p\u00e5 bredde+lengde for total dimensjon p\u00e5 sengens m\u00e5l.<\/li>\n<li>Inngang monteres p\u00e5 valgfri side.<\/li>\n<li>H\u00f8yde p\u00e5 st\u00f8ttebrettet er 25 cm, 16 cm mellom st\u00f8ttebrettet og sengrammen.<\/li>\n<li>St\u00f8ttebrettet er ca 1\/2 av sengens lengde.<\/li>\n<li>Maksvekt. 100 kg<\/li>\n<\/ul>\n<p><strong>M\u00e5l:<\/strong> <\/p>\n<ul>\n<li>Bredde 60 cm &#8211; totalh\u00f8yde 135 cm<\/li>\n<li>Bredde 70 cm &#8211; totalh\u00f8yde 140 cm<\/li>\n<li>Bredde 80 cm &#8211; totalh\u00f8yde 145 cm<\/li>\n<li>Bredde 90 cm &#8211; totalh\u00f8yde 150 cm<\/li>\n<\/ul>\n<p>Sengene kommer fra v\u00e5r fabrikk i Europa som har h\u00f8ye kvalitetskrav og kontrollerer hvert trinn fra det at t\u00f8mmeret kommer inn i fabrikken til at et ferdig produkt forlater. Farge, lakk og lim er vannbasert, milj\u00f8vennlig og produsert innenfor Europa . <\/p>\n<p>&nbsp; <\/p>\n<p><em>Dette er en seng produsert og tilpasset for barn.<\/em><br \/>\n<em>Sengen leveres umontert og b\u00f8r settes sammen i rommet den skal brukes i.<\/em><\/p>\n","protected":false},"excerpt":{"rendered":"<p>Her er v\u00e5r bed\u00e5rende seng, Sofia! Denne fantastiske husseng er helt h\u00e5ndlaget med stor lidenskap, av h\u00f8ykvalitets limtre. En stabil og vakker seng av h\u00f8y kvalitet! Tilvalg: Farge: velg mellom natur (ubehandlet), lakkert, hvit og gr\u00e5 Oppbevaringskasse med sovefunksjon (ekstra ribbbunn inkludert) (Madrassm\u00e5l til ekstraseng skal v\u00e6re 10 cm kortere enn sengens lengde og ha [&hellip;]<\/p>\n","protected":false},"featured_media":27348,"comment_status":"open","ping_status":"closed","template":"","meta":{"_acf_changed":false},"product_brand":[600],"product_cat":[602,217,601,1712],"product_tag":[1689],"class_list":{"0":"post-27346","1":"product","2":"type-product","3":"status-publish","4":"has-post-thumbnail","6":"product_brand-luletto","7":"product_cat-babylove-lul","8":"product_cat-sengesanger","9":"product_cat-baby","10":"product_cat-uttrekkbare-senger","11":"product_tag-bestillingsvaror","12":"pa_farg-gra","13":"pa_farg-vit","14":"pa_farg-lackad","15":"pa_farg-natur","16":"pa_forvaringslada-med-sovfunkt-ja","17":"pa_forvaringslada-med-sovfunkt-nej","18":"pa_storlek-60x120-cm","19":"pa_storlek-70x140-cm","20":"pa_storlek-80x140-cm","21":"pa_storlek-80x160-cm","22":"pa_storlek-80x180-cm","23":"pa_storlek-80x190-cm","24":"pa_storlek-90x160-cm","25":"pa_storlek-90x180-cm","26":"pa_storlek-90x190-cm","27":"pa_storlek-90x200-cm","29":"first","30":"instock","31":"taxable","32":"shipping-taxable","33":"purchasable","34":"product-type-variable"},"acf":[],"yoast_head":"<!-- This site is optimized with the Yoast SEO Premium plugin v25.8 (Yoast SEO v27.2) - https:\/\/yoast.com\/product\/yoast-seo-premium-wordpress\/ -->\n<title>Husseng Sofia med oppbevaringskasse\/ekstraseng - Babylove Norska<\/title>\n<meta name=\"robots\" content=\"noindex, follow, max-snippet:-1, max-image-preview:large, max-video-preview:-1\" \/>\n<meta property=\"og:locale\" content=\"nb_NO\" \/>\n<meta property=\"og:type\" content=\"article\" \/>\n<meta property=\"og:title\" content=\"Husseng Sofia med oppbevaringskasse\/ekstraseng\" \/>\n<meta property=\"og:description\" content=\"Her er v\u00e5r bed\u00e5rende seng, Sofia! Denne fantastiske husseng er helt h\u00e5ndlaget med stor lidenskap, av h\u00f8ykvalitets limtre. En stabil og vakker seng av h\u00f8y kvalitet! Tilvalg: Farge: velg mellom natur (ubehandlet), lakkert, hvit og gr\u00e5 Oppbevaringskasse med sovefunksjon (ekstra ribbbunn inkludert) (Madrassm\u00e5l til ekstraseng skal v\u00e6re 10 cm kortere enn sengens lengde og ha [&hellip;]\" \/>\n<meta property=\"og:url\" content=\"https:\/\/babylove.se\/no\/produkt\/husseng-sofia-med-oppbevaringsskuff-ekstraseng\/\" \/>\n<meta property=\"og:site_name\" content=\"Babylove Norska\" \/>\n<meta property=\"article:modified_time\" content=\"2026-04-08T10:23:43+00:00\" \/>\n<meta property=\"og:image\" content=\"https:\/\/babylove.se\/no\/wp-content\/uploads\/sites\/3\/2025\/07\/6124f359ba31c.jpeg\" \/>\n\t<meta property=\"og:image:width\" content=\"750\" \/>\n\t<meta property=\"og:image:height\" content=\"750\" \/>\n\t<meta property=\"og:image:type\" content=\"image\/jpeg\" \/>\n<meta name=\"twitter:card\" content=\"summary_large_image\" \/>\n<meta name=\"twitter:label1\" content=\"Availability\" \/>\n\t<meta name=\"twitter:data1\" content=\"In stock\" \/>\n<script type=\"application\/ld+json\" class=\"yoast-schema-graph\">{\"@context\":\"https:\/\/schema.org\",\"@graph\":[{\"@type\":\"WebPage\",\"@id\":\"https:\/\/babylove.se\/no\/produkt\/husseng-sofia-med-oppbevaringsskuff-ekstraseng\/\",\"url\":\"https:\/\/babylove.se\/no\/produkt\/husseng-sofia-med-oppbevaringsskuff-ekstraseng\/\",\"name\":\"Husseng Sofia med oppbevaringskasse\/ekstraseng - Babylove Norska\",\"isPartOf\":{\"@id\":\"https:\/\/babylove.se\/no\/#website\"},\"primaryImageOfPage\":{\"@id\":\"https:\/\/babylove.se\/no\/produkt\/husseng-sofia-med-oppbevaringsskuff-ekstraseng\/#primaryimage\"},\"image\":{\"@id\":\"https:\/\/babylove.se\/no\/produkt\/husseng-sofia-med-oppbevaringsskuff-ekstraseng\/#primaryimage\"},\"thumbnailUrl\":\"https:\/\/babylove.se\/no\/wp-content\/uploads\/sites\/3\/2025\/07\/6124f359ba31c.jpeg\",\"datePublished\":\"2025-07-18T22:40:28+00:00\",\"dateModified\":\"2026-04-08T10:23:43+00:00\",\"breadcrumb\":{\"@id\":\"https:\/\/babylove.se\/no\/produkt\/husseng-sofia-med-oppbevaringsskuff-ekstraseng\/#breadcrumb\"},\"inLanguage\":\"nb-NO\",\"potentialAction\":[{\"@type\":\"ReadAction\",\"target\":[\"https:\/\/babylove.se\/no\/produkt\/husseng-sofia-med-oppbevaringsskuff-ekstraseng\/\"]}]},{\"@type\":\"ImageObject\",\"inLanguage\":\"nb-NO\",\"@id\":\"https:\/\/babylove.se\/no\/produkt\/husseng-sofia-med-oppbevaringsskuff-ekstraseng\/#primaryimage\",\"url\":\"https:\/\/babylove.se\/no\/wp-content\/uploads\/sites\/3\/2025\/07\/6124f359ba31c.jpeg\",\"contentUrl\":\"https:\/\/babylove.se\/no\/wp-content\/uploads\/sites\/3\/2025\/07\/6124f359ba31c.jpeg\",\"width\":750,\"height\":750},{\"@type\":\"BreadcrumbList\",\"@id\":\"https:\/\/babylove.se\/no\/produkt\/husseng-sofia-med-oppbevaringsskuff-ekstraseng\/#breadcrumb\",\"itemListElement\":[{\"@type\":\"ListItem\",\"position\":1,\"name\":\"Hem\",\"item\":\"https:\/\/babylove.se\/no\/\"},{\"@type\":\"ListItem\",\"position\":2,\"name\":\"Butik\",\"item\":\"https:\/\/babylove.se\/no\/butik\/\"},{\"@type\":\"ListItem\",\"position\":3,\"name\":\"Husseng Sofia med oppbevaringskasse\/ekstraseng\"}]},{\"@type\":\"WebSite\",\"@id\":\"https:\/\/babylove.se\/no\/#website\",\"url\":\"https:\/\/babylove.se\/no\/\",\"name\":\"Babylove Norska\",\"description\":\"\",\"potentialAction\":[{\"@type\":\"SearchAction\",\"target\":{\"@type\":\"EntryPoint\",\"urlTemplate\":\"https:\/\/babylove.se\/no\/?s={search_term_string}\"},\"query-input\":{\"@type\":\"PropertyValueSpecification\",\"valueRequired\":true,\"valueName\":\"search_term_string\"}}],\"inLanguage\":\"nb-NO\"}]}<\/script>\n<meta property=\"product:brand\" content=\"Luletto\" \/>\n<meta property=\"og:availability\" content=\"instock\" \/>\n<meta property=\"product:availability\" content=\"instock\" \/>\n<meta property=\"product:retailer_item_id\" content=\"Natur-Sofia-60x120-cm-L\u00e5da\" \/>\n<meta property=\"product:condition\" content=\"new\" \/>\n<!-- \/ Yoast SEO Premium plugin. -->","yoast_head_json":{"title":"Husseng Sofia med oppbevaringskasse\/ekstraseng - Babylove Norska","robots":{"index":"noindex","follow":"follow","max-snippet":"max-snippet:-1","max-image-preview":"max-image-preview:large","max-video-preview":"max-video-preview:-1"},"og_locale":"nb_NO","og_type":"article","og_title":"Husseng Sofia med oppbevaringskasse\/ekstraseng","og_description":"Her er v\u00e5r bed\u00e5rende seng, Sofia! Denne fantastiske husseng er helt h\u00e5ndlaget med stor lidenskap, av h\u00f8ykvalitets limtre. En stabil og vakker seng av h\u00f8y kvalitet! Tilvalg: Farge: velg mellom natur (ubehandlet), lakkert, hvit og gr\u00e5 Oppbevaringskasse med sovefunksjon (ekstra ribbbunn inkludert) (Madrassm\u00e5l til ekstraseng skal v\u00e6re 10 cm kortere enn sengens lengde og ha [&hellip;]","og_url":"https:\/\/babylove.se\/no\/produkt\/husseng-sofia-med-oppbevaringsskuff-ekstraseng\/","og_site_name":"Babylove Norska","article_modified_time":"2026-04-08T10:23:43+00:00","og_image":[{"width":750,"height":750,"url":"https:\/\/babylove.se\/no\/wp-content\/uploads\/sites\/3\/2025\/07\/6124f359ba31c.jpeg","type":"image\/jpeg"}],"twitter_card":"summary_large_image","twitter_misc":{"Availability":"In stock"},"schema":{"@context":"https:\/\/schema.org","@graph":[{"@type":"WebPage","@id":"https:\/\/babylove.se\/no\/produkt\/husseng-sofia-med-oppbevaringsskuff-ekstraseng\/","url":"https:\/\/babylove.se\/no\/produkt\/husseng-sofia-med-oppbevaringsskuff-ekstraseng\/","name":"Husseng Sofia med oppbevaringskasse\/ekstraseng - Babylove Norska","isPartOf":{"@id":"https:\/\/babylove.se\/no\/#website"},"primaryImageOfPage":{"@id":"https:\/\/babylove.se\/no\/produkt\/husseng-sofia-med-oppbevaringsskuff-ekstraseng\/#primaryimage"},"image":{"@id":"https:\/\/babylove.se\/no\/produkt\/husseng-sofia-med-oppbevaringsskuff-ekstraseng\/#primaryimage"},"thumbnailUrl":"https:\/\/babylove.se\/no\/wp-content\/uploads\/sites\/3\/2025\/07\/6124f359ba31c.jpeg","datePublished":"2025-07-18T22:40:28+00:00","dateModified":"2026-04-08T10:23:43+00:00","breadcrumb":{"@id":"https:\/\/babylove.se\/no\/produkt\/husseng-sofia-med-oppbevaringsskuff-ekstraseng\/#breadcrumb"},"inLanguage":"nb-NO","potentialAction":[{"@type":"ReadAction","target":["https:\/\/babylove.se\/no\/produkt\/husseng-sofia-med-oppbevaringsskuff-ekstraseng\/"]}]},{"@type":"ImageObject","inLanguage":"nb-NO","@id":"https:\/\/babylove.se\/no\/produkt\/husseng-sofia-med-oppbevaringsskuff-ekstraseng\/#primaryimage","url":"https:\/\/babylove.se\/no\/wp-content\/uploads\/sites\/3\/2025\/07\/6124f359ba31c.jpeg","contentUrl":"https:\/\/babylove.se\/no\/wp-content\/uploads\/sites\/3\/2025\/07\/6124f359ba31c.jpeg","width":750,"height":750},{"@type":"BreadcrumbList","@id":"https:\/\/babylove.se\/no\/produkt\/husseng-sofia-med-oppbevaringsskuff-ekstraseng\/#breadcrumb","itemListElement":[{"@type":"ListItem","position":1,"name":"Hem","item":"https:\/\/babylove.se\/no\/"},{"@type":"ListItem","position":2,"name":"Butik","item":"https:\/\/babylove.se\/no\/butik\/"},{"@type":"ListItem","position":3,"name":"Husseng Sofia med oppbevaringskasse\/ekstraseng"}]},{"@type":"WebSite","@id":"https:\/\/babylove.se\/no\/#website","url":"https:\/\/babylove.se\/no\/","name":"Babylove Norska","description":"","potentialAction":[{"@type":"SearchAction","target":{"@type":"EntryPoint","urlTemplate":"https:\/\/babylove.se\/no\/?s={search_term_string}"},"query-input":{"@type":"PropertyValueSpecification","valueRequired":true,"valueName":"search_term_string"}}],"inLanguage":"nb-NO"}]},"product_brand":"Luletto","og_availability":"instock","product_availability":"instock","product_retailer_item_id":"Natur-Sofia-60x120-cm-L\u00e5da","product_condition":"new"},"_links":{"self":[{"href":"https:\/\/babylove.se\/no\/wp-json\/wp\/v2\/product\/27346","targetHints":{"allow":["GET"]}}],"collection":[{"href":"https:\/\/babylove.se\/no\/wp-json\/wp\/v2\/product"}],"about":[{"href":"https:\/\/babylove.se\/no\/wp-json\/wp\/v2\/types\/product"}],"replies":[{"embeddable":true,"href":"https:\/\/babylove.se\/no\/wp-json\/wp\/v2\/comments?post=27346"}],"wp:featuredmedia":[{"embeddable":true,"href":"https:\/\/babylove.se\/no\/wp-json\/wp\/v2\/media\/27348"}],"wp:attachment":[{"href":"https:\/\/babylove.se\/no\/wp-json\/wp\/v2\/media?parent=27346"}],"wp:term":[{"taxonomy":"product_brand","embeddable":true,"href":"https:\/\/babylove.se\/no\/wp-json\/wp\/v2\/product_brand?post=27346"},{"taxonomy":"product_cat","embeddable":true,"href":"https:\/\/babylove.se\/no\/wp-json\/wp\/v2\/product_cat?post=27346"},{"taxonomy":"product_tag","embeddable":true,"href":"https:\/\/babylove.se\/no\/wp-json\/wp\/v2\/product_tag?post=27346"}],"curies":[{"name":"wp","href":"https:\/\/api.w.org\/{rel}","templated":true}]}}