{"id":27432,"date":"2025-07-18T23:41:30","date_gmt":"2025-07-18T22:41:30","guid":{"rendered":"https:\/\/babylove.se\/produkt\/hussang-bianca-duo-med-forvaringsladaextrasang\/"},"modified":"2026-04-08T11:23:46","modified_gmt":"2026-04-08T10:23:46","slug":"hussang-bianca-duo-med-oppbevaringsskuff-ekstraseng","status":"publish","type":"product","link":"https:\/\/babylove.se\/no\/produkt\/hussang-bianca-duo-med-oppbevaringsskuff-ekstraseng\/","title":{"rendered":"Husseng Bianca duo med oppbevaringsboks\/ekstraseng"},"content":{"rendered":"<p>Bianca duo er v\u00e5r storselger Bianca sin tvillings\u00f8ster!<br \/>\nDet som skiller dem er spilene. <\/p>\n<p>Denne fantastiske husseng er helt h\u00e5ndlaget med stor lidenskap<em>, <\/em>av h\u00f8ykvalitets limltre.<br \/>\nLimltre har fordelen, sammenlignet med massivt tre, at de ikke sprekker og at det ikke finnes noen kvister som p\u00e5virker utseendet. <\/p>\n<p>En stabil og vakker seng av h\u00f8y kvalitet! <\/p>\n<p><strong>Tilvalg<\/strong>: <\/p>\n<ul>\n<li>Farge: velg mellom natur (ubehandlet), lakket, hvit og gr\u00e5<\/li>\n<li>Oppbevaringsboks med sovefunksjon (ekstra ribbbunn f\u00f8lger med) (Madrassm\u00e5l til ekstraseng skal v\u00e6re 10 cm kortere enn sengens lengde og ha tykkelse p\u00e5 maks 9 cm. Til seng Bianca duo 80&#215;160 = 1 stk madrass 80&#215;150)<\/li>\n<\/ul>\n<p>Madrass f\u00f8lger ikke med, men finnes \u00e5 kj\u00f8pe i v\u00e5rt store utvalg!<br \/>\nVi anbefaler en skummadrass med tykkelse p\u00e5 <em>10-12 cm<\/em><br \/>\nfor den \u00f8verste sengen og <em>maks 9 cm<\/em> for ekstrasengen. Hvis madrassen til ekstrasengen er tykkere enn 9 cm vil ikke ekstrasengen kunne rulles ut. <\/p>\n<p>Sengen kan f\u00e5s i flere m\u00e5l, se nedenfor for mer info. <\/p>\n<p><strong>Info:<\/strong> <\/p>\n<ul>\n<li>Oppbevaringsboks og ribbbunn f\u00f8lger med.<\/li>\n<li>Hvis funksjonen ekstraseng <em>ikke <\/em>velges f\u00f8lger 1 st\u00f8rre oppbevaringsboks med p\u00e5 senger opp til 160 cm og 2 oppbevaringsbokser p\u00e5 senger st\u00f8rre enn 190 cm.<\/li>\n<li>Hvis funksjonen ekstraseng velges f\u00f8lger <u>alltid<\/u> 1 boks med sammen med en ekstra ribbbunn uansett st\u00f8rrelse p\u00e5 sengen.<\/li>\n<li>M\u00e5lene er oppgitt i madrassst\u00f8rrelse. Legg til 9 cm p\u00e5 bredde+lengde for total dimensjon p\u00e5 sengens m\u00e5l.<\/li>\n<li>H\u00f8yde p\u00e5 rekkverk er 30 cm. 5 cm mellom spilene.<\/li>\n<li>Avtakbare st\u00f8ttebrett er ca 2\/3 av sengens lengde.<\/li>\n<li>Maksvekt. 100 kg.<\/li>\n<\/ul>\n<p><strong>M\u00e5l:<\/strong> <\/p>\n<ul>\n<li>Bredde 60 cm &#8211; totalh\u00f8yde 135 cm<\/li>\n<li>Bredde 70 cm &#8211; totalh\u00f8yde 140 cm<\/li>\n<li>Bredde 80 cm &#8211; totalh\u00f8yde 145 cm<\/li>\n<li>Bredde 90 cm &#8211; totalh\u00f8yde 150 cm<\/li>\n<\/ul>\n<p><em>Dette er en seng produsert og tilpasset for barn. Sengen leveres umontert og b\u00f8r settes sammen i rommet den skal brukes i.<\/em><\/p>\n","protected":false},"excerpt":{"rendered":"<p>Bianca duo er v\u00e5r storselger Bianca sin tvillings\u00f8ster! Det som skiller dem er spilene. Denne fantastiske husseng er helt h\u00e5ndlaget med stor lidenskap, av h\u00f8ykvalitets limltre. Limltre har fordelen, sammenlignet med massivt tre, at de ikke sprekker og at det ikke finnes noen kvister som p\u00e5virker utseendet. En stabil og vakker seng av h\u00f8y kvalitet! [&hellip;]<\/p>\n","protected":false},"featured_media":27434,"comment_status":"open","ping_status":"closed","template":"","meta":{"_acf_changed":false},"product_brand":[600],"product_cat":[602,217,269,601,40,1712],"product_tag":[1689],"class_list":{"0":"post-27432","1":"product","2":"type-product","3":"status-publish","4":"has-post-thumbnail","6":"product_brand-luletto","7":"product_cat-babylove-lul","8":"product_cat-sengesanger","9":"product_cat-juniorsenger","10":"product_cat-baby","11":"product_cat-soverom-barn","12":"product_cat-uttrekkbare-senger","13":"product_tag-bestillingsvaror","14":"pa_extrasang-ja","15":"pa_extrasang-nej","16":"pa_farg-gra","17":"pa_farg-vit","18":"pa_farg-lackad","19":"pa_farg-naturfargad","20":"pa_storlek-70x140-hojd-130-cm","21":"pa_storlek-70x160-hojd-130-cm","22":"pa_storlek-80x140-hojd-135-cm","23":"pa_storlek-80x160-hojd-135-cm","24":"pa_storlek-80x180-hojd-135-cm","25":"pa_storlek-90x160-hojd-140-cm","26":"pa_storlek-90x180-hojd-140-cm","27":"pa_storlek-90x190-hojd-140-cm","28":"pa_storlek-90x200-hojd-140-cm","30":"first","31":"instock","32":"taxable","33":"shipping-taxable","34":"purchasable","35":"product-type-variable"},"acf":[],"yoast_head":"<!-- This site is optimized with the Yoast SEO Premium plugin v25.8 (Yoast SEO v27.2) - https:\/\/yoast.com\/product\/yoast-seo-premium-wordpress\/ -->\n<title>Huss\u00e4ng Bianca | Huss\u00e4ng till barnrummet | Babylove.se<\/title>\n<meta name=\"description\" content=\"Fantastisk Huss\u00e4ng i Tr\u00e4 i olika varianter ! - H\u00f6g Kvalitet - FRI Frakt \u00f6ver 999 kr - Snabba Leveranser - Betala med Klarna Faktura - V\u00e4lkommen!\" \/>\n<meta name=\"robots\" content=\"noindex, follow, max-snippet:-1, max-image-preview:large, max-video-preview:-1\" \/>\n<meta property=\"og:locale\" content=\"nb_NO\" \/>\n<meta property=\"og:type\" content=\"article\" \/>\n<meta property=\"og:title\" content=\"Husseng Bianca duo med oppbevaringsboks\/ekstraseng\" \/>\n<meta property=\"og:description\" content=\"Fantastisk Huss\u00e4ng i Tr\u00e4 i olika varianter ! - H\u00f6g Kvalitet - FRI Frakt \u00f6ver 999 kr - Snabba Leveranser - Betala med Klarna Faktura - V\u00e4lkommen!\" \/>\n<meta property=\"og:url\" content=\"https:\/\/babylove.se\/no\/produkt\/hussang-bianca-duo-med-oppbevaringsskuff-ekstraseng\/\" \/>\n<meta property=\"og:site_name\" content=\"Babylove Norska\" \/>\n<meta property=\"article:modified_time\" content=\"2026-04-08T10:23:46+00:00\" \/>\n<meta property=\"og:image\" content=\"https:\/\/babylove.se\/no\/wp-content\/uploads\/sites\/3\/2025\/07\/162981184460ef414bc17de.jpeg\" \/>\n\t<meta property=\"og:image:width\" content=\"750\" \/>\n\t<meta property=\"og:image:height\" content=\"750\" \/>\n\t<meta property=\"og:image:type\" content=\"image\/jpeg\" \/>\n<meta name=\"twitter:card\" content=\"summary_large_image\" \/>\n<meta name=\"twitter:label1\" content=\"Availability\" \/>\n\t<meta name=\"twitter:data1\" content=\"In stock\" \/>\n<script type=\"application\/ld+json\" class=\"yoast-schema-graph\">{\"@context\":\"https:\/\/schema.org\",\"@graph\":[{\"@type\":\"WebPage\",\"@id\":\"https:\/\/babylove.se\/no\/produkt\/hussang-bianca-duo-med-oppbevaringsskuff-ekstraseng\/\",\"url\":\"https:\/\/babylove.se\/no\/produkt\/hussang-bianca-duo-med-oppbevaringsskuff-ekstraseng\/\",\"name\":\"Huss\u00e4ng Bianca | Huss\u00e4ng till barnrummet | Babylove.se\",\"isPartOf\":{\"@id\":\"https:\/\/babylove.se\/no\/#website\"},\"primaryImageOfPage\":{\"@id\":\"https:\/\/babylove.se\/no\/produkt\/hussang-bianca-duo-med-oppbevaringsskuff-ekstraseng\/#primaryimage\"},\"image\":{\"@id\":\"https:\/\/babylove.se\/no\/produkt\/hussang-bianca-duo-med-oppbevaringsskuff-ekstraseng\/#primaryimage\"},\"thumbnailUrl\":\"https:\/\/babylove.se\/no\/wp-content\/uploads\/sites\/3\/2025\/07\/162981184460ef414bc17de.jpeg\",\"datePublished\":\"2025-07-18T22:41:30+00:00\",\"dateModified\":\"2026-04-08T10:23:46+00:00\",\"description\":\"Fantastisk Huss\u00e4ng i Tr\u00e4 i olika varianter ! - H\u00f6g Kvalitet - FRI Frakt \u00f6ver 999 kr - Snabba Leveranser - Betala med Klarna Faktura - V\u00e4lkommen!\",\"breadcrumb\":{\"@id\":\"https:\/\/babylove.se\/no\/produkt\/hussang-bianca-duo-med-oppbevaringsskuff-ekstraseng\/#breadcrumb\"},\"inLanguage\":\"nb-NO\",\"potentialAction\":[{\"@type\":\"ReadAction\",\"target\":[\"https:\/\/babylove.se\/no\/produkt\/hussang-bianca-duo-med-oppbevaringsskuff-ekstraseng\/\"]}]},{\"@type\":\"ImageObject\",\"inLanguage\":\"nb-NO\",\"@id\":\"https:\/\/babylove.se\/no\/produkt\/hussang-bianca-duo-med-oppbevaringsskuff-ekstraseng\/#primaryimage\",\"url\":\"https:\/\/babylove.se\/no\/wp-content\/uploads\/sites\/3\/2025\/07\/162981184460ef414bc17de.jpeg\",\"contentUrl\":\"https:\/\/babylove.se\/no\/wp-content\/uploads\/sites\/3\/2025\/07\/162981184460ef414bc17de.jpeg\",\"width\":750,\"height\":750},{\"@type\":\"BreadcrumbList\",\"@id\":\"https:\/\/babylove.se\/no\/produkt\/hussang-bianca-duo-med-oppbevaringsskuff-ekstraseng\/#breadcrumb\",\"itemListElement\":[{\"@type\":\"ListItem\",\"position\":1,\"name\":\"Hem\",\"item\":\"https:\/\/babylove.se\/no\/\"},{\"@type\":\"ListItem\",\"position\":2,\"name\":\"Butik\",\"item\":\"https:\/\/babylove.se\/no\/butik\/\"},{\"@type\":\"ListItem\",\"position\":3,\"name\":\"Husseng Bianca duo med oppbevaringsboks\/ekstraseng\"}]},{\"@type\":\"WebSite\",\"@id\":\"https:\/\/babylove.se\/no\/#website\",\"url\":\"https:\/\/babylove.se\/no\/\",\"name\":\"Babylove Norska\",\"description\":\"\",\"potentialAction\":[{\"@type\":\"SearchAction\",\"target\":{\"@type\":\"EntryPoint\",\"urlTemplate\":\"https:\/\/babylove.se\/no\/?s={search_term_string}\"},\"query-input\":{\"@type\":\"PropertyValueSpecification\",\"valueRequired\":true,\"valueName\":\"search_term_string\"}}],\"inLanguage\":\"nb-NO\"}]}<\/script>\n<meta property=\"product:brand\" content=\"Luletto\" \/>\n<meta property=\"og:availability\" content=\"instock\" \/>\n<meta property=\"product:availability\" content=\"instock\" \/>\n<meta property=\"product:retailer_item_id\" content=\"Bianca-Duo-Naturf\u00e4rgad-70x140-Inget\" \/>\n<meta property=\"product:condition\" content=\"new\" \/>\n<!-- \/ Yoast SEO Premium plugin. -->","yoast_head_json":{"title":"Huss\u00e4ng Bianca | Huss\u00e4ng till barnrummet | Babylove.se","description":"Fantastisk Huss\u00e4ng i Tr\u00e4 i olika varianter ! - H\u00f6g Kvalitet - FRI Frakt \u00f6ver 999 kr - Snabba Leveranser - Betala med Klarna Faktura - V\u00e4lkommen!","robots":{"index":"noindex","follow":"follow","max-snippet":"max-snippet:-1","max-image-preview":"max-image-preview:large","max-video-preview":"max-video-preview:-1"},"og_locale":"nb_NO","og_type":"article","og_title":"Husseng Bianca duo med oppbevaringsboks\/ekstraseng","og_description":"Fantastisk Huss\u00e4ng i Tr\u00e4 i olika varianter ! - H\u00f6g Kvalitet - FRI Frakt \u00f6ver 999 kr - Snabba Leveranser - Betala med Klarna Faktura - V\u00e4lkommen!","og_url":"https:\/\/babylove.se\/no\/produkt\/hussang-bianca-duo-med-oppbevaringsskuff-ekstraseng\/","og_site_name":"Babylove Norska","article_modified_time":"2026-04-08T10:23:46+00:00","og_image":[{"width":750,"height":750,"url":"https:\/\/babylove.se\/no\/wp-content\/uploads\/sites\/3\/2025\/07\/162981184460ef414bc17de.jpeg","type":"image\/jpeg"}],"twitter_card":"summary_large_image","twitter_misc":{"Availability":"In stock"},"schema":{"@context":"https:\/\/schema.org","@graph":[{"@type":"WebPage","@id":"https:\/\/babylove.se\/no\/produkt\/hussang-bianca-duo-med-oppbevaringsskuff-ekstraseng\/","url":"https:\/\/babylove.se\/no\/produkt\/hussang-bianca-duo-med-oppbevaringsskuff-ekstraseng\/","name":"Huss\u00e4ng Bianca | Huss\u00e4ng till barnrummet | Babylove.se","isPartOf":{"@id":"https:\/\/babylove.se\/no\/#website"},"primaryImageOfPage":{"@id":"https:\/\/babylove.se\/no\/produkt\/hussang-bianca-duo-med-oppbevaringsskuff-ekstraseng\/#primaryimage"},"image":{"@id":"https:\/\/babylove.se\/no\/produkt\/hussang-bianca-duo-med-oppbevaringsskuff-ekstraseng\/#primaryimage"},"thumbnailUrl":"https:\/\/babylove.se\/no\/wp-content\/uploads\/sites\/3\/2025\/07\/162981184460ef414bc17de.jpeg","datePublished":"2025-07-18T22:41:30+00:00","dateModified":"2026-04-08T10:23:46+00:00","description":"Fantastisk Huss\u00e4ng i Tr\u00e4 i olika varianter ! - H\u00f6g Kvalitet - FRI Frakt \u00f6ver 999 kr - Snabba Leveranser - Betala med Klarna Faktura - V\u00e4lkommen!","breadcrumb":{"@id":"https:\/\/babylove.se\/no\/produkt\/hussang-bianca-duo-med-oppbevaringsskuff-ekstraseng\/#breadcrumb"},"inLanguage":"nb-NO","potentialAction":[{"@type":"ReadAction","target":["https:\/\/babylove.se\/no\/produkt\/hussang-bianca-duo-med-oppbevaringsskuff-ekstraseng\/"]}]},{"@type":"ImageObject","inLanguage":"nb-NO","@id":"https:\/\/babylove.se\/no\/produkt\/hussang-bianca-duo-med-oppbevaringsskuff-ekstraseng\/#primaryimage","url":"https:\/\/babylove.se\/no\/wp-content\/uploads\/sites\/3\/2025\/07\/162981184460ef414bc17de.jpeg","contentUrl":"https:\/\/babylove.se\/no\/wp-content\/uploads\/sites\/3\/2025\/07\/162981184460ef414bc17de.jpeg","width":750,"height":750},{"@type":"BreadcrumbList","@id":"https:\/\/babylove.se\/no\/produkt\/hussang-bianca-duo-med-oppbevaringsskuff-ekstraseng\/#breadcrumb","itemListElement":[{"@type":"ListItem","position":1,"name":"Hem","item":"https:\/\/babylove.se\/no\/"},{"@type":"ListItem","position":2,"name":"Butik","item":"https:\/\/babylove.se\/no\/butik\/"},{"@type":"ListItem","position":3,"name":"Husseng Bianca duo med oppbevaringsboks\/ekstraseng"}]},{"@type":"WebSite","@id":"https:\/\/babylove.se\/no\/#website","url":"https:\/\/babylove.se\/no\/","name":"Babylove Norska","description":"","potentialAction":[{"@type":"SearchAction","target":{"@type":"EntryPoint","urlTemplate":"https:\/\/babylove.se\/no\/?s={search_term_string}"},"query-input":{"@type":"PropertyValueSpecification","valueRequired":true,"valueName":"search_term_string"}}],"inLanguage":"nb-NO"}]},"product_brand":"Luletto","og_availability":"instock","product_availability":"instock","product_retailer_item_id":"Bianca-Duo-Naturf\u00e4rgad-70x140-Inget","product_condition":"new"},"_links":{"self":[{"href":"https:\/\/babylove.se\/no\/wp-json\/wp\/v2\/product\/27432","targetHints":{"allow":["GET"]}}],"collection":[{"href":"https:\/\/babylove.se\/no\/wp-json\/wp\/v2\/product"}],"about":[{"href":"https:\/\/babylove.se\/no\/wp-json\/wp\/v2\/types\/product"}],"replies":[{"embeddable":true,"href":"https:\/\/babylove.se\/no\/wp-json\/wp\/v2\/comments?post=27432"}],"wp:featuredmedia":[{"embeddable":true,"href":"https:\/\/babylove.se\/no\/wp-json\/wp\/v2\/media\/27434"}],"wp:attachment":[{"href":"https:\/\/babylove.se\/no\/wp-json\/wp\/v2\/media?parent=27432"}],"wp:term":[{"taxonomy":"product_brand","embeddable":true,"href":"https:\/\/babylove.se\/no\/wp-json\/wp\/v2\/product_brand?post=27432"},{"taxonomy":"product_cat","embeddable":true,"href":"https:\/\/babylove.se\/no\/wp-json\/wp\/v2\/product_cat?post=27432"},{"taxonomy":"product_tag","embeddable":true,"href":"https:\/\/babylove.se\/no\/wp-json\/wp\/v2\/product_tag?post=27432"}],"curies":[{"name":"wp","href":"https:\/\/api.w.org\/{rel}","templated":true}]}}