{"id":2762,"date":"2025-07-18T20:10:58","date_gmt":"2025-07-18T19:10:58","guid":{"rendered":"https:\/\/babylove.se\/produkt\/sebra-forvaringskorg-farm-bla\/"},"modified":"2026-04-08T07:53:52","modified_gmt":"2026-04-08T06:53:52","slug":"sebra-oppbevaringskurv-farm-bla","status":"publish","type":"product","link":"https:\/\/babylove.se\/no\/produkt\/sebra-oppbevaringskurv-farm-bla\/","title":{"rendered":"Sebra oppbevaringskurv farm bl\u00e5"},"content":{"rendered":"<p>En meget fin og dekorativ oppbevaringskurv med praktiske h\u00e5ndtak i l\u00e6r. Oppbevaringskurven passer perfekt til \u00e5 oppbevare leker, kosedyr, kl\u00e6r, dukker eller egentlig hva som helst som trenger en smart oppbevaringsplass. Denne oppbevaringskurven er laget i \u00f8kologisk bomull med solide h\u00e5ndtak i l\u00e6r.&nbsp;<\/p>\n<p><strong>M\u00e5l<\/strong>: Diameter 35 cm og h\u00f8yde 31 cm.&nbsp;<\/p>\n<p><strong>Materiale<\/strong>: 100 % \u00d8ko-bomull og l\u00e6r.&nbsp;<\/p>\n<p><strong>Farge<\/strong>: Bl\u00e5 (finnes ogs\u00e5 i lys rosa)<\/p>\n<p>Designer: <a href=\"https:\/\/babylove.se\/varumarken\/sebra\"><u>Sebra<\/u><\/a><\/p>\n","protected":false},"excerpt":{"rendered":"<p>En meget fin og dekorativ oppbevaringskurv med praktiske h\u00e5ndtak i l\u00e6r. Oppbevaringskurven passer perfekt til \u00e5 oppbevare leker, kosedyr, kl\u00e6r, dukker eller egentlig hva som helst som trenger en smart oppbevaringsplass. Denne oppbevaringskurven er laget i \u00f8kologisk bomull med solide h\u00e5ndtak i l\u00e6r.&nbsp; M\u00e5l: Diameter 35 cm og h\u00f8yde 31 cm.&nbsp; Materiale: 100 % \u00d8ko-bomull [&hellip;]<\/p>\n","protected":false},"featured_media":2764,"comment_status":"closed","ping_status":"open","template":"","meta":{"_acf_changed":false},"product_brand":[160],"product_cat":[26,43,161],"product_tag":[1689],"class_list":{"0":"post-2762","1":"product","2":"type-product","3":"status-publish","4":"has-post-thumbnail","6":"product_brand-sebra","7":"product_cat-kjop-produkter-som-ikke-bare-er-for-gutter","8":"product_cat-oppbevaringskurver","9":"product_cat-sebra","10":"product_tag-bestillingsvaror","12":"first","13":"outofstock","14":"taxable","15":"shipping-taxable","16":"purchasable","17":"product-type-simple"},"acf":[],"yoast_head":"<!-- This site is optimized with the Yoast SEO Premium plugin v25.8 (Yoast SEO v27.2) - https:\/\/yoast.com\/product\/yoast-seo-premium-wordpress\/ -->\n<title>Sebra oppbevaringskurv farm bl\u00e5 - Babylove Norska<\/title>\n<meta name=\"description\" content=\"En mycket fin och dekorativ f\u00f6rvaringskorg med praktiska handtag i l\u00e4der . Tillverkad i ekologisk bomull - skickas inom 24 timmar !\" \/>\n<meta name=\"robots\" content=\"noindex, follow, max-snippet:-1, max-image-preview:large, max-video-preview:-1\" \/>\n<meta property=\"og:locale\" content=\"nb_NO\" \/>\n<meta property=\"og:type\" content=\"article\" \/>\n<meta property=\"og:title\" content=\"Sebra oppbevaringskurv farm bl\u00e5\" \/>\n<meta property=\"og:description\" content=\"En mycket fin och dekorativ f\u00f6rvaringskorg med praktiska handtag i l\u00e4der . Tillverkad i ekologisk bomull - skickas inom 24 timmar !\" \/>\n<meta property=\"og:url\" content=\"https:\/\/babylove.se\/no\/produkt\/sebra-oppbevaringskurv-farm-bla\/\" \/>\n<meta property=\"og:site_name\" content=\"Babylove Norska\" \/>\n<meta property=\"article:modified_time\" content=\"2026-04-08T06:53:52+00:00\" \/>\n<meta property=\"og:image\" content=\"https:\/\/babylove.se\/no\/wp-content\/uploads\/sites\/3\/2025\/07\/58bfd22de62dd.jpeg\" \/>\n\t<meta property=\"og:image:width\" content=\"750\" \/>\n\t<meta property=\"og:image:height\" content=\"598\" \/>\n\t<meta property=\"og:image:type\" content=\"image\/jpeg\" \/>\n<meta name=\"twitter:card\" content=\"summary_large_image\" \/>\n<meta name=\"twitter:label1\" content=\"Price\" \/>\n\t<meta name=\"twitter:data1\" content=\"399,00&nbsp;&#107;&#114;\" \/>\n\t<meta name=\"twitter:label2\" content=\"Availability\" \/>\n\t<meta name=\"twitter:data2\" content=\"Out of stock\" \/>\n<script type=\"application\/ld+json\" class=\"yoast-schema-graph\">{\"@context\":\"https:\/\/schema.org\",\"@graph\":[{\"@type\":\"WebPage\",\"@id\":\"https:\/\/babylove.se\/no\/produkt\/sebra-oppbevaringskurv-farm-bla\/\",\"url\":\"https:\/\/babylove.se\/no\/produkt\/sebra-oppbevaringskurv-farm-bla\/\",\"name\":\"Sebra oppbevaringskurv farm bl\u00e5 - Babylove Norska\",\"isPartOf\":{\"@id\":\"https:\/\/babylove.se\/no\/#website\"},\"primaryImageOfPage\":{\"@id\":\"https:\/\/babylove.se\/no\/produkt\/sebra-oppbevaringskurv-farm-bla\/#primaryimage\"},\"image\":{\"@id\":\"https:\/\/babylove.se\/no\/produkt\/sebra-oppbevaringskurv-farm-bla\/#primaryimage\"},\"thumbnailUrl\":\"https:\/\/babylove.se\/no\/wp-content\/uploads\/sites\/3\/2025\/07\/58bfd22de62dd.jpeg\",\"datePublished\":\"2025-07-18T19:10:58+00:00\",\"dateModified\":\"2026-04-08T06:53:52+00:00\",\"description\":\"En mycket fin och dekorativ f\u00f6rvaringskorg med praktiska handtag i l\u00e4der . Tillverkad i ekologisk bomull - skickas inom 24 timmar !\",\"breadcrumb\":{\"@id\":\"https:\/\/babylove.se\/no\/produkt\/sebra-oppbevaringskurv-farm-bla\/#breadcrumb\"},\"inLanguage\":\"nb-NO\",\"potentialAction\":[{\"@type\":\"ReadAction\",\"target\":[\"https:\/\/babylove.se\/no\/produkt\/sebra-oppbevaringskurv-farm-bla\/\"]}]},{\"@type\":\"ImageObject\",\"inLanguage\":\"nb-NO\",\"@id\":\"https:\/\/babylove.se\/no\/produkt\/sebra-oppbevaringskurv-farm-bla\/#primaryimage\",\"url\":\"https:\/\/babylove.se\/no\/wp-content\/uploads\/sites\/3\/2025\/07\/58bfd22de62dd.jpeg\",\"contentUrl\":\"https:\/\/babylove.se\/no\/wp-content\/uploads\/sites\/3\/2025\/07\/58bfd22de62dd.jpeg\",\"width\":750,\"height\":598},{\"@type\":\"BreadcrumbList\",\"@id\":\"https:\/\/babylove.se\/no\/produkt\/sebra-oppbevaringskurv-farm-bla\/#breadcrumb\",\"itemListElement\":[{\"@type\":\"ListItem\",\"position\":1,\"name\":\"Hem\",\"item\":\"https:\/\/babylove.se\/no\/\"},{\"@type\":\"ListItem\",\"position\":2,\"name\":\"Butik\",\"item\":\"https:\/\/babylove.se\/no\/butik\/\"},{\"@type\":\"ListItem\",\"position\":3,\"name\":\"Sebra oppbevaringskurv farm bl\u00e5\"}]},{\"@type\":\"WebSite\",\"@id\":\"https:\/\/babylove.se\/no\/#website\",\"url\":\"https:\/\/babylove.se\/no\/\",\"name\":\"Babylove Norska\",\"description\":\"\",\"potentialAction\":[{\"@type\":\"SearchAction\",\"target\":{\"@type\":\"EntryPoint\",\"urlTemplate\":\"https:\/\/babylove.se\/no\/?s={search_term_string}\"},\"query-input\":{\"@type\":\"PropertyValueSpecification\",\"valueRequired\":true,\"valueName\":\"search_term_string\"}}],\"inLanguage\":\"nb-NO\"}]}<\/script>\n<meta property=\"product:brand\" content=\"Sebra\" \/>\n<meta property=\"product:price:amount\" content=\"399.00\" \/>\n<meta property=\"product:price:currency\" content=\"SEK\" \/>\n<meta property=\"og:availability\" content=\"out of stock\" \/>\n<meta property=\"product:availability\" content=\"out of stock\" \/>\n<meta property=\"product:retailer_item_id\" content=\"1030\" \/>\n<meta property=\"product:condition\" content=\"new\" \/>\n<!-- \/ Yoast SEO Premium plugin. -->","yoast_head_json":{"title":"Sebra oppbevaringskurv farm bl\u00e5 - Babylove Norska","description":"En mycket fin och dekorativ f\u00f6rvaringskorg med praktiska handtag i l\u00e4der . Tillverkad i ekologisk bomull - skickas inom 24 timmar !","robots":{"index":"noindex","follow":"follow","max-snippet":"max-snippet:-1","max-image-preview":"max-image-preview:large","max-video-preview":"max-video-preview:-1"},"og_locale":"nb_NO","og_type":"article","og_title":"Sebra oppbevaringskurv farm bl\u00e5","og_description":"En mycket fin och dekorativ f\u00f6rvaringskorg med praktiska handtag i l\u00e4der . Tillverkad i ekologisk bomull - skickas inom 24 timmar !","og_url":"https:\/\/babylove.se\/no\/produkt\/sebra-oppbevaringskurv-farm-bla\/","og_site_name":"Babylove Norska","article_modified_time":"2026-04-08T06:53:52+00:00","og_image":[{"width":750,"height":598,"url":"https:\/\/babylove.se\/no\/wp-content\/uploads\/sites\/3\/2025\/07\/58bfd22de62dd.jpeg","type":"image\/jpeg"}],"twitter_card":"summary_large_image","twitter_misc":{"Price":"399,00&nbsp;&#107;&#114;","Availability":"Out of stock"},"schema":{"@context":"https:\/\/schema.org","@graph":[{"@type":"WebPage","@id":"https:\/\/babylove.se\/no\/produkt\/sebra-oppbevaringskurv-farm-bla\/","url":"https:\/\/babylove.se\/no\/produkt\/sebra-oppbevaringskurv-farm-bla\/","name":"Sebra oppbevaringskurv farm bl\u00e5 - Babylove Norska","isPartOf":{"@id":"https:\/\/babylove.se\/no\/#website"},"primaryImageOfPage":{"@id":"https:\/\/babylove.se\/no\/produkt\/sebra-oppbevaringskurv-farm-bla\/#primaryimage"},"image":{"@id":"https:\/\/babylove.se\/no\/produkt\/sebra-oppbevaringskurv-farm-bla\/#primaryimage"},"thumbnailUrl":"https:\/\/babylove.se\/no\/wp-content\/uploads\/sites\/3\/2025\/07\/58bfd22de62dd.jpeg","datePublished":"2025-07-18T19:10:58+00:00","dateModified":"2026-04-08T06:53:52+00:00","description":"En mycket fin och dekorativ f\u00f6rvaringskorg med praktiska handtag i l\u00e4der . Tillverkad i ekologisk bomull - skickas inom 24 timmar !","breadcrumb":{"@id":"https:\/\/babylove.se\/no\/produkt\/sebra-oppbevaringskurv-farm-bla\/#breadcrumb"},"inLanguage":"nb-NO","potentialAction":[{"@type":"ReadAction","target":["https:\/\/babylove.se\/no\/produkt\/sebra-oppbevaringskurv-farm-bla\/"]}]},{"@type":"ImageObject","inLanguage":"nb-NO","@id":"https:\/\/babylove.se\/no\/produkt\/sebra-oppbevaringskurv-farm-bla\/#primaryimage","url":"https:\/\/babylove.se\/no\/wp-content\/uploads\/sites\/3\/2025\/07\/58bfd22de62dd.jpeg","contentUrl":"https:\/\/babylove.se\/no\/wp-content\/uploads\/sites\/3\/2025\/07\/58bfd22de62dd.jpeg","width":750,"height":598},{"@type":"BreadcrumbList","@id":"https:\/\/babylove.se\/no\/produkt\/sebra-oppbevaringskurv-farm-bla\/#breadcrumb","itemListElement":[{"@type":"ListItem","position":1,"name":"Hem","item":"https:\/\/babylove.se\/no\/"},{"@type":"ListItem","position":2,"name":"Butik","item":"https:\/\/babylove.se\/no\/butik\/"},{"@type":"ListItem","position":3,"name":"Sebra oppbevaringskurv farm bl\u00e5"}]},{"@type":"WebSite","@id":"https:\/\/babylove.se\/no\/#website","url":"https:\/\/babylove.se\/no\/","name":"Babylove Norska","description":"","potentialAction":[{"@type":"SearchAction","target":{"@type":"EntryPoint","urlTemplate":"https:\/\/babylove.se\/no\/?s={search_term_string}"},"query-input":{"@type":"PropertyValueSpecification","valueRequired":true,"valueName":"search_term_string"}}],"inLanguage":"nb-NO"}]},"product_brand":"Sebra","product_price_amount":"399.00","product_price_currency":"SEK","og_availability":"out of stock","product_availability":"out of stock","product_retailer_item_id":"1030","product_condition":"new"},"_links":{"self":[{"href":"https:\/\/babylove.se\/no\/wp-json\/wp\/v2\/product\/2762","targetHints":{"allow":["GET"]}}],"collection":[{"href":"https:\/\/babylove.se\/no\/wp-json\/wp\/v2\/product"}],"about":[{"href":"https:\/\/babylove.se\/no\/wp-json\/wp\/v2\/types\/product"}],"replies":[{"embeddable":true,"href":"https:\/\/babylove.se\/no\/wp-json\/wp\/v2\/comments?post=2762"}],"wp:featuredmedia":[{"embeddable":true,"href":"https:\/\/babylove.se\/no\/wp-json\/wp\/v2\/media\/2764"}],"wp:attachment":[{"href":"https:\/\/babylove.se\/no\/wp-json\/wp\/v2\/media?parent=2762"}],"wp:term":[{"taxonomy":"product_brand","embeddable":true,"href":"https:\/\/babylove.se\/no\/wp-json\/wp\/v2\/product_brand?post=2762"},{"taxonomy":"product_cat","embeddable":true,"href":"https:\/\/babylove.se\/no\/wp-json\/wp\/v2\/product_cat?post=2762"},{"taxonomy":"product_tag","embeddable":true,"href":"https:\/\/babylove.se\/no\/wp-json\/wp\/v2\/product_tag?post=2762"}],"curies":[{"name":"wp","href":"https:\/\/api.w.org\/{rel}","templated":true}]}}